{"id":70297,"date":"2026-02-16T14:40:14","date_gmt":"2026-02-16T14:40:14","guid":{"rendered":"https:\/\/desimper.es\/?page_id=70297"},"modified":"2026-02-16T14:42:25","modified_gmt":"2026-02-16T14:42:25","slug":"nuestra-hisotria","status":"publish","type":"page","link":"https:\/\/desimper.es\/ca\/nuestra-hisotria\/","title":{"rendered":"Nuestra hisotria"},"content":{"rendered":"<div data-elementor-type=\"wp-page\" data-elementor-id=\"70297\" class=\"elementor elementor-70297\" data-elementor-post-type=\"page\">\n\t\t\t\t\t\t<section class=\"elementor-section elementor-top-section elementor-element elementor-element-3277c41 elementor-section-boxed elementor-section-height-default elementor-section-height-default\" data-id=\"3277c41\" data-element_type=\"section\" data-e-type=\"section\">\n\t\t\t\t\t\t<div class=\"elementor-container elementor-column-gap-default\">\n\t\t\t\t\t<div class=\"elementor-column elementor-col-100 elementor-top-column elementor-element elementor-element-08fdf58\" data-id=\"08fdf58\" data-element_type=\"column\" data-e-type=\"column\">\n\t\t\t<div class=\"elementor-widget-wrap elementor-element-populated\">\n\t\t\t\t\t\t<div class=\"elementor-element elementor-element-3214389 elementor-widget elementor-widget-heading\" data-id=\"3214389\" data-element_type=\"widget\" data-e-type=\"widget\" data-widget_type=\"heading.default\">\n\t\t\t\t<div class=\"elementor-widget-container\">\n\t\t\t\t\t<h2 class=\"elementor-heading-title elementor-size-default\">Nuestra historia<\/h2>\t\t\t\t<\/div>\n\t\t\t\t<\/div>\n\t\t\t\t\t<\/div>\n\t\t<\/div>\n\t\t\t\t\t<\/div>\n\t\t<\/section>\n\t\t\t\t<section class=\"elementor-section elementor-top-section elementor-element elementor-element-d753706 elementor-section-boxed elementor-section-height-default elementor-section-height-default\" data-id=\"d753706\" data-element_type=\"section\" data-e-type=\"section\">\n\t\t\t\t\t\t<div class=\"elementor-container elementor-column-gap-default\">\n\t\t\t\t\t<div class=\"elementor-column elementor-col-100 elementor-top-column elementor-element elementor-element-c5e0e84\" data-id=\"c5e0e84\" data-element_type=\"column\" data-e-type=\"column\">\n\t\t\t<div class=\"elementor-widget-wrap elementor-element-populated\">\n\t\t\t\t\t\t<div class=\"elementor-element elementor-element-c131451 elementor-widget elementor-widget-text-editor\" data-id=\"c131451\" data-element_type=\"widget\" data-e-type=\"widget\" data-widget_type=\"text-editor.default\">\n\t\t\t\t<div class=\"elementor-widget-container\">\n\t\t\t\t\t\t\t\t\t<p>Era el Boom Tur\u00edstico de los a\u00f1os 60, y Jorge Rein\u00e9s, hijo de una familia de agricultores de Campanet, compagina su trabajo de taxista con la venta de detergentes por los comercios de la zona.\u00a0<\/p><p>En 1976 adquireix la totalitat d'una petita empresa de fabricaci\u00f3 de detergents. Els inicis van ser durs, es va comen\u00e7ar comprant desgreixador en grans quantitats i en un petit magatzem s'omplien manualment ampolles d'un litre.<\/p><p>Poco a poco se fueron fabricando nuevos productos. Jorge ten\u00eda el apoyo de toda su familia, que le regalaban su tiempo libre para que su nueva empresa prosperara.\u00a0\u00a0<\/p><p>Jorge ten\u00eda claro que sus detergentes ten\u00edan que ser siempre de alta calidad, pero de entre todos, sin duda, fue el Desengrasante Desimper el que enamor\u00f3 a sus clientes, marcando as\u00ed el rumbo de la empresa.\u00a0<\/p><p>En la d\u00e9cada de los 80 se empieza la venta a mayoristas y cadenas de supermercados que cada vez concentran m\u00e1s el mercado. Los productos Desimper son muy conocidos y se introducen f\u00e1cilmente en la gran distribuci\u00f3n con una gama paralela de productos de limpieza en formatos de gran consumo.<\/p><p>En el a\u00f1o 1983 poco quedaba de aquel peque\u00f1o local donde se inici\u00f3 todo el negocio. La fabricaci\u00f3n se traslada a un local mas grande, ubicado tambi\u00e9n en Campanet.<\/p><p>En 1986 Catalina, la hija de Jorge, aprende de la mano de su padre a dirigir el negocio familiar y en 1988 toma el relevo tras\u00a0 fallecer Jorge.\u00a0\u00a0<\/p>\t\t\t\t\t\t\t\t<\/div>\n\t\t\t\t<\/div>\n\t\t\t\t\t<\/div>\n\t\t<\/div>\n\t\t\t\t\t<\/div>\n\t\t<\/section>\n\t\t\t\t<section class=\"elementor-section elementor-top-section elementor-element elementor-element-92f04ca elementor-section-boxed elementor-section-height-default elementor-section-height-default\" data-id=\"92f04ca\" data-element_type=\"section\" data-e-type=\"section\">\n\t\t\t\t\t\t<div class=\"elementor-container elementor-column-gap-default\">\n\t\t\t\t\t<div class=\"elementor-column elementor-col-100 elementor-top-column elementor-element elementor-element-c436252\" data-id=\"c436252\" data-element_type=\"column\" data-e-type=\"column\">\n\t\t\t<div class=\"elementor-widget-wrap elementor-element-populated\">\n\t\t\t\t\t\t<div class=\"elementor-element elementor-element-88474aa elementor-widget elementor-widget-text-editor\" data-id=\"88474aa\" data-element_type=\"widget\" data-e-type=\"widget\" data-widget_type=\"text-editor.default\">\n\t\t\t\t<div class=\"elementor-widget-container\">\n\t\t\t\t\t\t\t\t\t<p>Desde entonces y con el apoyo de su familia, Catalina apost\u00f3 por la tecnolog\u00eda, la investigaci\u00f3n y el deseo de encontrar soluciones brillantes para los clientes igual que lo hizo su padre, y es en al a\u00f1o 2002 cuando Desimper pasa a formar parte de Ecoquimic, la mayor f\u00e1brica de productos qu\u00edmicos y cosm\u00e9ticos de Baleares. Es as\u00ed como crece la familia de productos Desimper, naciendo nuevos productos en el laboratorio I+D+i de Ecoquimic.<\/p><p>La consolidaci\u00f3n conseguida en los \u00faltimos a\u00f1os en el mercado Balear, anima a afrontar con la nueva imagen del futuro con ilusi\u00f3n.<\/p>\t\t\t\t\t\t\t\t<\/div>\n\t\t\t\t<\/div>\n\t\t\t\t\t<\/div>\n\t\t<\/div>\n\t\t\t\t\t<\/div>\n\t\t<\/section>\n\t\t\t\t<section class=\"elementor-section elementor-top-section elementor-element elementor-element-67d25c3 elementor-section-boxed elementor-section-height-default elementor-section-height-default\" data-id=\"67d25c3\" data-element_type=\"section\" data-e-type=\"section\">\n\t\t\t\t\t\t<div class=\"elementor-container elementor-column-gap-default\">\n\t\t\t\t\t<div class=\"elementor-column elementor-col-33 elementor-top-column elementor-element elementor-element-7936095\" data-id=\"7936095\" data-element_type=\"column\" data-e-type=\"column\">\n\t\t\t<div class=\"elementor-widget-wrap elementor-element-populated\">\n\t\t\t\t\t\t<div class=\"elementor-element elementor-element-b6bf709 elementor-widget elementor-widget-image\" data-id=\"b6bf709\" data-element_type=\"widget\" data-e-type=\"widget\" data-widget_type=\"image.default\">\n\t\t\t\t<div class=\"elementor-widget-container\">\n\t\t\t\t\t\t\t\t\t\t\t\t\t\t\t<img fetchpriority=\"high\" decoding=\"async\" width=\"1024\" height=\"768\" src=\"https:\/\/i0.wp.com\/desimper.es\/wp-content\/uploads\/2026\/02\/1976.png?fit=1024%2C768&amp;ssl=1\" class=\"attachment-large size-large wp-image-70300\" alt=\"Fabrica en el 1976\" srcset=\"https:\/\/i0.wp.com\/desimper.es\/wp-content\/uploads\/2026\/02\/1976.png?w=2048&amp;ssl=1 2048w, https:\/\/i0.wp.com\/desimper.es\/wp-content\/uploads\/2026\/02\/1976.png?resize=300%2C225&amp;ssl=1 300w, https:\/\/i0.wp.com\/desimper.es\/wp-content\/uploads\/2026\/02\/1976.png?resize=1024%2C768&amp;ssl=1 1024w, https:\/\/i0.wp.com\/desimper.es\/wp-content\/uploads\/2026\/02\/1976.png?resize=768%2C576&amp;ssl=1 768w, https:\/\/i0.wp.com\/desimper.es\/wp-content\/uploads\/2026\/02\/1976.png?resize=1536%2C1152&amp;ssl=1 1536w, https:\/\/i0.wp.com\/desimper.es\/wp-content\/uploads\/2026\/02\/1976.png?resize=24%2C18&amp;ssl=1 24w, https:\/\/i0.wp.com\/desimper.es\/wp-content\/uploads\/2026\/02\/1976.png?resize=36%2C27&amp;ssl=1 36w, https:\/\/i0.wp.com\/desimper.es\/wp-content\/uploads\/2026\/02\/1976.png?resize=48%2C36&amp;ssl=1 48w, https:\/\/i0.wp.com\/desimper.es\/wp-content\/uploads\/2026\/02\/1976.png?resize=600%2C450&amp;ssl=1 600w\" sizes=\"(max-width: 1024px) 100vw, 1024px\" \/>\t\t\t\t\t\t\t\t\t\t\t\t\t\t\t<\/div>\n\t\t\t\t<\/div>\n\t\t\t\t\t<\/div>\n\t\t<\/div>\n\t\t\t\t<div class=\"elementor-column elementor-col-33 elementor-top-column elementor-element elementor-element-9e126a4\" data-id=\"9e126a4\" data-element_type=\"column\" data-e-type=\"column\">\n\t\t\t<div class=\"elementor-widget-wrap elementor-element-populated\">\n\t\t\t\t\t\t<div class=\"elementor-element elementor-element-cac66c3 elementor-widget elementor-widget-image\" data-id=\"cac66c3\" data-element_type=\"widget\" data-e-type=\"widget\" data-widget_type=\"image.default\">\n\t\t\t\t<div class=\"elementor-widget-container\">\n\t\t\t\t\t\t\t\t\t\t\t\t\t\t\t<img decoding=\"async\" width=\"1024\" height=\"768\" src=\"https:\/\/i0.wp.com\/desimper.es\/wp-content\/uploads\/2026\/02\/IMG_4140.jpg?fit=1024%2C768&amp;ssl=1\" class=\"attachment-large size-large wp-image-70301\" alt=\"\" srcset=\"https:\/\/i0.wp.com\/desimper.es\/wp-content\/uploads\/2026\/02\/IMG_4140.jpg?w=2560&amp;ssl=1 2560w, https:\/\/i0.wp.com\/desimper.es\/wp-content\/uploads\/2026\/02\/IMG_4140.jpg?resize=300%2C225&amp;ssl=1 300w, https:\/\/i0.wp.com\/desimper.es\/wp-content\/uploads\/2026\/02\/IMG_4140.jpg?resize=1024%2C768&amp;ssl=1 1024w, https:\/\/i0.wp.com\/desimper.es\/wp-content\/uploads\/2026\/02\/IMG_4140.jpg?resize=768%2C576&amp;ssl=1 768w, https:\/\/i0.wp.com\/desimper.es\/wp-content\/uploads\/2026\/02\/IMG_4140.jpg?resize=1536%2C1152&amp;ssl=1 1536w, https:\/\/i0.wp.com\/desimper.es\/wp-content\/uploads\/2026\/02\/IMG_4140.jpg?resize=2048%2C1536&amp;ssl=1 2048w, https:\/\/i0.wp.com\/desimper.es\/wp-content\/uploads\/2026\/02\/IMG_4140.jpg?resize=24%2C18&amp;ssl=1 24w, https:\/\/i0.wp.com\/desimper.es\/wp-content\/uploads\/2026\/02\/IMG_4140.jpg?resize=36%2C27&amp;ssl=1 36w, https:\/\/i0.wp.com\/desimper.es\/wp-content\/uploads\/2026\/02\/IMG_4140.jpg?resize=48%2C36&amp;ssl=1 48w, https:\/\/i0.wp.com\/desimper.es\/wp-content\/uploads\/2026\/02\/IMG_4140.jpg?resize=600%2C450&amp;ssl=1 600w\" sizes=\"(max-width: 1024px) 100vw, 1024px\" \/>\t\t\t\t\t\t\t\t\t\t\t\t\t\t\t<\/div>\n\t\t\t\t<\/div>\n\t\t\t\t\t<\/div>\n\t\t<\/div>\n\t\t\t\t<div class=\"elementor-column elementor-col-33 elementor-top-column elementor-element elementor-element-893fd64\" data-id=\"893fd64\" data-element_type=\"column\" data-e-type=\"column\">\n\t\t\t<div class=\"elementor-widget-wrap elementor-element-populated\">\n\t\t\t\t\t\t<div class=\"elementor-element elementor-element-d73ccf8 elementor-widget elementor-widget-image\" data-id=\"d73ccf8\" data-element_type=\"widget\" data-e-type=\"widget\" data-widget_type=\"image.default\">\n\t\t\t\t<div class=\"elementor-widget-container\">\n\t\t\t\t\t\t\t\t\t\t\t\t\t\t\t<img decoding=\"async\" width=\"1024\" height=\"770\" src=\"https:\/\/i0.wp.com\/desimper.es\/wp-content\/uploads\/2026\/02\/Fabrica-1976-scaled.png?fit=1024%2C770&amp;ssl=1\" class=\"attachment-large size-large wp-image-70303\" alt=\"\" srcset=\"https:\/\/i0.wp.com\/desimper.es\/wp-content\/uploads\/2026\/02\/Fabrica-1976-scaled.png?w=2560&amp;ssl=1 2560w, https:\/\/i0.wp.com\/desimper.es\/wp-content\/uploads\/2026\/02\/Fabrica-1976-scaled.png?resize=300%2C226&amp;ssl=1 300w, https:\/\/i0.wp.com\/desimper.es\/wp-content\/uploads\/2026\/02\/Fabrica-1976-scaled.png?resize=1024%2C770&amp;ssl=1 1024w, https:\/\/i0.wp.com\/desimper.es\/wp-content\/uploads\/2026\/02\/Fabrica-1976-scaled.png?resize=768%2C578&amp;ssl=1 768w, https:\/\/i0.wp.com\/desimper.es\/wp-content\/uploads\/2026\/02\/Fabrica-1976-scaled.png?resize=1536%2C1155&amp;ssl=1 1536w, https:\/\/i0.wp.com\/desimper.es\/wp-content\/uploads\/2026\/02\/Fabrica-1976-scaled.png?resize=2048%2C1540&amp;ssl=1 2048w, https:\/\/i0.wp.com\/desimper.es\/wp-content\/uploads\/2026\/02\/Fabrica-1976-scaled.png?resize=24%2C18&amp;ssl=1 24w, https:\/\/i0.wp.com\/desimper.es\/wp-content\/uploads\/2026\/02\/Fabrica-1976-scaled.png?resize=36%2C27&amp;ssl=1 36w, https:\/\/i0.wp.com\/desimper.es\/wp-content\/uploads\/2026\/02\/Fabrica-1976-scaled.png?resize=48%2C36&amp;ssl=1 48w, https:\/\/i0.wp.com\/desimper.es\/wp-content\/uploads\/2026\/02\/Fabrica-1976-scaled.png?resize=600%2C451&amp;ssl=1 600w\" sizes=\"(max-width: 1024px) 100vw, 1024px\" \/>\t\t\t\t\t\t\t\t\t\t\t\t\t\t\t<\/div>\n\t\t\t\t<\/div>\n\t\t\t\t\t<\/div>\n\t\t<\/div>\n\t\t\t\t\t<\/div>\n\t\t<\/section>\n\t\t\t\t<\/div>","protected":false},"excerpt":{"rendered":"<p>Nuestra historia Era el Boom Tur\u00edstico de los a\u00f1os 60, y Jorge Rein\u00e9s, hijo de una familia de agricultores de Campanet, compagina su trabajo de taxista con la venta de detergentes por los comercios de la zona.\u00a0 En 1976 adquiere la totalidad de una peque\u00f1a empresa de fabricaci\u00f3n de detergentes. Los inicios fueron duros, se&#8230;<\/p>","protected":false},"author":37,"featured_media":0,"parent":0,"menu_order":0,"comment_status":"closed","ping_status":"closed","template":"","meta":{"_crdt_document":"","_kad_post_transparent":"","_kad_post_title":"","_kad_post_layout":"","_kad_post_sidebar_id":"","_kad_post_content_style":"","_kad_post_vertical_padding":"","_kad_post_feature":"","_kad_post_feature_position":"","_kad_post_header":false,"_kad_post_footer":false,"_kad_post_classname":"","_joinchat":[],"footnotes":""},"class_list":["post-70297","page","type-page","status-publish","hentry"],"jetpack-related-posts":[{"id":3051,"url":"https:\/\/desimper.es\/ca\/","url_meta":{"origin":70297,"position":0},"title":"P\u00e1gina de inicio","author":"Laura Celis","date":"maig 2, 2023","format":false,"excerpt":"*Env\u00edo gratis a partir de 40\u20ac**Descarga en PDF el Cat\u00e1logo Desimper 2025 Descubre nuestros packs ahorro \u00bfPor qu\u00e9 Desimper ? \u00bfPor qu\u00e9 comprar en web ? Incre\u00efble i complet pack per comprovar l'alta qualitat dels productes que oferten , a un preu imbatible. Producte local 100% i a peu de\u2026","rel":"","context":"Entrada similar","block_context":{"text":"Entrada similar","link":""},"img":{"alt_text":"Portada primavera","src":"https:\/\/i0.wp.com\/desimper.es\/wp-content\/uploads\/2026\/03\/Portada-textil-pc-2048x615.png?resize=350%2C200&ssl=1","width":350,"height":200,"srcset":"https:\/\/i0.wp.com\/desimper.es\/wp-content\/uploads\/2026\/03\/Portada-textil-pc-2048x615.png?resize=350%2C200&ssl=1 1x, https:\/\/i0.wp.com\/desimper.es\/wp-content\/uploads\/2026\/03\/Portada-textil-pc-2048x615.png?resize=525%2C300&ssl=1 1.5x, https:\/\/i0.wp.com\/desimper.es\/wp-content\/uploads\/2026\/03\/Portada-textil-pc-2048x615.png?resize=700%2C400&ssl=1 2x, https:\/\/i0.wp.com\/desimper.es\/wp-content\/uploads\/2026\/03\/Portada-textil-pc-2048x615.png?resize=1050%2C600&ssl=1 3x, https:\/\/i0.wp.com\/desimper.es\/wp-content\/uploads\/2026\/03\/Portada-textil-pc-2048x615.png?resize=1400%2C800&ssl=1 4x"},"classes":[]},{"id":3653,"url":"https:\/\/desimper.es\/ca\/politica-de-privacidad\/","url_meta":{"origin":70297,"position":1},"title":"Pol\u00edtica de Privacidad","author":"Carlos Rebassa","date":"juny 19, 2023","format":false,"excerpt":"Pol\u00edtica de Privacidad 1. DATOS DEL RESPONSABLE DEL TRATAMIENTORaz\u00f3n Social: ECOQUIMIC BALEAR S.L. (en adelante, la \u201cEmpresa\u201d o el \u201cResponsable\u201d).CIF: B07791445Domicilio: Gerrers 30D - Pol. Ind. Marratx\u00ed - 07141 - Marratx\u00ed - ILLES BALEARSTel\u00e9fono: 971 60 50 90Email para comunicaciones en materia de Protecci\u00f3n de datos: administracion@ecoquimic.com1.1. Normativa aplicableNuestra Pol\u00edtica\u2026","rel":"","context":"Entrada similar","block_context":{"text":"Entrada similar","link":""},"img":{"alt_text":"","src":"","width":0,"height":0},"classes":[]},{"id":3659,"url":"https:\/\/desimper.es\/ca\/aviso-legal\/","url_meta":{"origin":70297,"position":2},"title":"Aviso legal","author":"Carlos Rebassa","date":"juny 19, 2023","format":false,"excerpt":"Aviso legal LEY DE LOS SERVICIOS DE LA SOCIEDAD DE LA INFORMACI\u00d3N (LSSI)Ecoquimic Balear, S.L., responsable del sitio web, en adelante RESPONSABLE, pone a disposici\u00f3n de los usuarios el presente documento, con el que pretende dar cumplimiento a las obligaciones dispuestas en la Ley 34\/2002, de 11 de julio, de\u2026","rel":"","context":"Entrada similar","block_context":{"text":"Entrada similar","link":""},"img":{"alt_text":"","src":"","width":0,"height":0},"classes":[]}],"jetpack_sharing_enabled":true,"_links":{"self":[{"href":"https:\/\/desimper.es\/ca\/wp-json\/wp\/v2\/pages\/70297","targetHints":{"allow":["GET"]}}],"collection":[{"href":"https:\/\/desimper.es\/ca\/wp-json\/wp\/v2\/pages"}],"about":[{"href":"https:\/\/desimper.es\/ca\/wp-json\/wp\/v2\/types\/page"}],"author":[{"embeddable":true,"href":"https:\/\/desimper.es\/ca\/wp-json\/wp\/v2\/users\/37"}],"replies":[{"embeddable":true,"href":"https:\/\/desimper.es\/ca\/wp-json\/wp\/v2\/comments?post=70297"}],"version-history":[{"count":7,"href":"https:\/\/desimper.es\/ca\/wp-json\/wp\/v2\/pages\/70297\/revisions"}],"predecessor-version":[{"id":70309,"href":"https:\/\/desimper.es\/ca\/wp-json\/wp\/v2\/pages\/70297\/revisions\/70309"}],"wp:attachment":[{"href":"https:\/\/desimper.es\/ca\/wp-json\/wp\/v2\/media?parent=70297"}],"curies":[{"name":"wp","href":"https:\/\/api.w.org\/{rel}","templated":true}]}}