{"id":1419,"date":"2020-08-31T19:32:37","date_gmt":"2020-08-31T19:32:37","guid":{"rendered":"https:\/\/equipodesimper.com\/?post_type=product&#038;p=1419"},"modified":"2026-02-05T11:24:07","modified_gmt":"2026-02-05T11:24:07","slug":"hidroalcoholico-liquido","status":"publish","type":"product","link":"https:\/\/desimper.es\/ca\/tienda\/bano\/hidroalcoholico-liquido\/","title":{"rendered":"GELBAC HIDROALCOH\u00d2LIC 1L"},"content":{"rendered":"<p><strong>Botella 1 litre hidroalcoh\u00f2lic<\/strong> per a  tota mena de<strong>\u00a0superf\u00edcies<\/strong>\u00a0rentables, especialment indicat per a totes aquelles de contacte habitual com a taules, portes, empunyadures\u2026<br \/>\nProducte de r\u00e0pida evaporaci\u00f3 que no deixa residu.<br \/>\nAplicaci\u00f3 per a superf\u00edcies: Aplicar una petita quantitat de producte sobre la superf\u00edcie que es vulgui netejar. Fregar suaument fins que el producte s'hagi evaporat completament.<\/p>\n<p>Eye Irrit. 2: H319 \u2013 Provoca irritaci\u00f3 ocular greu. Flam. Liq. 2: H225 \u2013 L\u00edquid i vapors molt inflamables. STOT ES 3: H336 \u2013 Pot provocar somnol\u00e8ncia o vertigen.<br \/>\nP210 Mantenir allunyat de la calor, de superf\u00edcies calentes, d'espurnes, de flames obertes i de qualsevol altra font d'ignici\u00f3. No fumar. P305+P351+P338 EN CAS DE CONTACTE AMB ELS ULLS: Esbandir amb aigua acuradament durant diversos minuts. Llevar les lents de contacte quan siguin presents i pugui fer-se amb facilitat. Prosseguir amb la rentada. P403+P233 Emmagatzemar en un lloc ben ventilat. Mantenir el recipient tancat herm\u00e8ticament. P403+P235 Emmagatzemar en un lloc ben ventilat. Mantenir en lloc fresc. P501 Eliminar el contingut\/el recipient d'acord amb la normativa sobre residus perillosos o envasos i residus d'envasos respectivament.<br \/>\nSubst\u00e0ncies que contribueixen a la classificaci\u00f3: Propan-2-*ol<br \/>\nCont\u00e9: Perfum<br \/>\nMantenir fora de l'abast dels nens. No Ingerir.  En cas d'accident consultar al Servei M\u00e8dic d'Informaci\u00f3 Toxicol\u00f2gica, tel\u00e8fon 91 562 04 20.<br \/>\nUN1993 Ingerir.  En cas d'accident consultar al Servei M\u00e8dic d'Informaci\u00f3 Toxicol\u00f2gica, tel\u00e8fon 91 562 04 20.<\/p>\n<p><a href=\"https:\/\/desimper.es\/wp-content\/uploads\/2020\/08\/LI_PF0040_GELBAC.pdf\">LI_PF0040_GELBAC<\/a><\/p>","protected":false},"excerpt":{"rendered":"<p><strong>Botella 1 litre hidroalcoh\u00f2lic<\/strong> \u00a0tot tipus de<strong>\u00a0superf\u00edcies<\/strong>\u00a0rentables, especialment indicat per a totes aquelles de contacte habitual com a taules, portes, empunyadures\u2026<\/p>","protected":false},"featured_media":70166,"comment_status":"open","ping_status":"closed","template":"","meta":{"_crdt_document":"","_kad_post_transparent":"","_kad_post_title":"","_kad_post_layout":"","_kad_post_sidebar_id":"","_kad_post_content_style":"","_kad_post_vertical_padding":"","_kad_post_feature":"","_kad_post_feature_position":"","_kad_post_header":false,"_kad_post_footer":false,"_kad_post_classname":"","_joinchat":[]},"product_brand":[],"product_cat":[89,88,42,70],"product_tag":[41],"class_list":{"0":"post-1419","1":"product","2":"type-product","3":"status-publish","4":"has-post-thumbnail","6":"product_cat-bano","7":"product_cat-cocina","8":"product_cat-desinfectantes","9":"product_cat-superficies","10":"product_tag-desinfectantes-hidroalcoholicos","12":"first","13":"instock","14":"taxable","15":"shipping-taxable","16":"purchasable","17":"product-type-simple","18":"entry","19":"content-bg","20":"loop-entry"},"jetpack-related-posts":[{"id":1417,"url":"https:\/\/desimper.es\/ca\/tienda\/bano\/desinfectante-hidroalcoholico-gel-limpieza-de-manos-y-superficies\/","url_meta":{"origin":1419,"position":0},"title":"GELBAC HIDROALCOH\u00d2LIC 5L","author":"Laura Celis","date":"agost 31, 2020","format":false,"excerpt":"Garrafa 5 litros hidroalcoh\u00f3lico para\u00a0todo tipo de\u00a0superficies\u00a0lavables, especialmente indicado para todas aquellas de contacto habitual como mesas, puertas, empu\u00f1aduras...","rel":"","context":"Entrada similar","block_context":{"text":"Entrada similar","link":""},"img":{"alt_text":"","src":"https:\/\/i0.wp.com\/desimper.es\/wp-content\/uploads\/2020\/08\/81.png?fit=700%2C700&ssl=1&resize=350%2C200","width":350,"height":200,"srcset":"https:\/\/i0.wp.com\/desimper.es\/wp-content\/uploads\/2020\/08\/81.png?fit=700%2C700&ssl=1&resize=350%2C200 1x, https:\/\/i0.wp.com\/desimper.es\/wp-content\/uploads\/2020\/08\/81.png?fit=700%2C700&ssl=1&resize=525%2C300 1.5x, https:\/\/i0.wp.com\/desimper.es\/wp-content\/uploads\/2020\/08\/81.png?fit=700%2C700&ssl=1&resize=700%2C400 2x"},"classes":[]},{"id":1943,"url":"https:\/\/desimper.es\/ca\/tienda\/bano\/antical-ecologico-con-vinagre-2\/","url_meta":{"origin":1419,"position":1},"title":"VINAGRE DE NETEJA Multiusos i Ecol\u00f2gic 5L","author":"AndreuSerra","date":"abril 28, 2021","format":false,"excerpt":"Producto formulado para la limpieza y desincrustaci\u00f3n de cualquier superficie, de los dep\u00f3sitos de cal m\u00e1s dif\u00edciles, restos de jab\u00f3n, manchas de \u00f3xido y muchas otras. Antical con vinagre ECOL\u00d3GICO.","rel":"","context":"Amb 1 comentari","block_context":{"text":"Amb 1 comentari","link":"https:\/\/desimper.es\/ca\/tienda\/bano\/antical-ecologico-con-vinagre-2\/#comments"},"img":{"alt_text":"","src":"https:\/\/i0.wp.com\/desimper.es\/wp-content\/uploads\/2021\/04\/36.png?fit=700%2C700&ssl=1&resize=350%2C200","width":350,"height":200,"srcset":"https:\/\/i0.wp.com\/desimper.es\/wp-content\/uploads\/2021\/04\/36.png?fit=700%2C700&ssl=1&resize=350%2C200 1x, https:\/\/i0.wp.com\/desimper.es\/wp-content\/uploads\/2021\/04\/36.png?fit=700%2C700&ssl=1&resize=525%2C300 1.5x, https:\/\/i0.wp.com\/desimper.es\/wp-content\/uploads\/2021\/04\/36.png?fit=700%2C700&ssl=1&resize=700%2C400 2x"},"classes":[]},{"id":4236,"url":"https:\/\/desimper.es\/ca\/tienda\/bano\/vinagre-de-limpieza-1l\/","url_meta":{"origin":1419,"position":2},"title":"VINAGRE DE NETEJA 1L","author":"lauracelisb","date":"juliol 27, 2023","format":false,"excerpt":"Producto formulado para la limpieza y desincrustaci\u00f3n de cualquier superficie, de los dep\u00f3sitos de cal m\u00e1s dif\u00edciles, restos de jab\u00f3n, manchas de \u00f3xido y muchas otras. Antical con vinagre ECOL\u00d3GICO.","rel":"","context":"Entrada similar","block_context":{"text":"Entrada similar","link":""},"img":{"alt_text":"","src":"https:\/\/i0.wp.com\/desimper.es\/wp-content\/uploads\/2023\/07\/38.png?fit=700%2C700&ssl=1&resize=350%2C200","width":350,"height":200,"srcset":"https:\/\/i0.wp.com\/desimper.es\/wp-content\/uploads\/2023\/07\/38.png?fit=700%2C700&ssl=1&resize=350%2C200 1x, https:\/\/i0.wp.com\/desimper.es\/wp-content\/uploads\/2023\/07\/38.png?fit=700%2C700&ssl=1&resize=525%2C300 1.5x, https:\/\/i0.wp.com\/desimper.es\/wp-content\/uploads\/2023\/07\/38.png?fit=700%2C700&ssl=1&resize=700%2C400 2x"},"classes":[]},{"id":586,"url":"https:\/\/desimper.es\/ca\/tienda\/bano\/antical-desimper\/","url_meta":{"origin":1419,"position":3},"title":"ANTICAL\u00c7 DESIMPER 500ML","author":"Laura Celis","date":"juliol 7, 2020","format":false,"excerpt":"Producto formulado para la limpieza y desincrustaci\u00f3n de los dep\u00f3sitos de cal m\u00e1s dif\u00edciles, restos de jab\u00f3n, manchas de \u00f3xido y muchas otras. Probar previamente en una peque\u00f1a zona no visible de la superficie a limpiar. Posteriormente pulverizar directamente, extender y dejar actuar durante un minuto. Aclarar abundantemente con agua.","rel":"","context":"Entrada similar","block_context":{"text":"Entrada similar","link":""},"img":{"alt_text":"Antical Desimper","src":"https:\/\/i0.wp.com\/desimper.es\/wp-content\/uploads\/2020\/07\/9.png?fit=700%2C700&ssl=1&resize=350%2C200","width":350,"height":200,"srcset":"https:\/\/i0.wp.com\/desimper.es\/wp-content\/uploads\/2020\/07\/9.png?fit=700%2C700&ssl=1&resize=350%2C200 1x, https:\/\/i0.wp.com\/desimper.es\/wp-content\/uploads\/2020\/07\/9.png?fit=700%2C700&ssl=1&resize=525%2C300 1.5x, https:\/\/i0.wp.com\/desimper.es\/wp-content\/uploads\/2020\/07\/9.png?fit=700%2C700&ssl=1&resize=700%2C400 2x"},"classes":[]},{"id":1939,"url":"https:\/\/desimper.es\/ca\/tienda\/bano\/fregasuelos-con-bioalcohol-apple-2\/","url_meta":{"origin":1419,"position":4},"title":"L\u00cdQUID DE FREGAR APPLE 5L","author":"AndreuSerra","date":"abril 28, 2021","format":false,"excerpt":"Producto l\u00edquido, limpiador de superficies incluso si est\u00e1n enceradas.\u00a0No ataca ni matiza dichas superficies,\u00a0destacando su brillo original. Act\u00faa frente a las suciedades y manchas de aceite.\u00a0Suavemente perfumado deja un agradable aroma residual. Contiene alcohol, que facilita la limpieza de las superficies.","rel":"","context":"Entrada similar","block_context":{"text":"Entrada similar","link":""},"img":{"alt_text":"","src":"https:\/\/i0.wp.com\/desimper.es\/wp-content\/uploads\/2021\/04\/15.png?fit=700%2C700&ssl=1&resize=350%2C200","width":350,"height":200,"srcset":"https:\/\/i0.wp.com\/desimper.es\/wp-content\/uploads\/2021\/04\/15.png?fit=700%2C700&ssl=1&resize=350%2C200 1x, https:\/\/i0.wp.com\/desimper.es\/wp-content\/uploads\/2021\/04\/15.png?fit=700%2C700&ssl=1&resize=525%2C300 1.5x, https:\/\/i0.wp.com\/desimper.es\/wp-content\/uploads\/2021\/04\/15.png?fit=700%2C700&ssl=1&resize=700%2C400 2x"},"classes":[]},{"id":2073,"url":"https:\/\/desimper.es\/ca\/tienda\/bano\/fregasuelos-con-bioalcohol-fresh-3\/","url_meta":{"origin":1419,"position":5},"title":"L\u00cdQUID DE FREGAR FREGAFRESH 5L","author":"Carmen Bard\u00f3n Blanco","date":"juny 22, 2021","format":false,"excerpt":"Producto l\u00edquido, limpiador de superficies incluso las que est\u00e1n\u00a0enceradas.\u00a0No ataca ni matiza dichas superficies,\u00a0destacando su brillo\u00a0original. Act\u00faa frente a las suciedades y manchas de aceite.\u00a0Suavemente perfumado deja un agradable aroma residual. Contiene alcohol, que facilita la limpie LIMPIEZA \u00a0de las superficies.","rel":"","context":"Amb 1 comentari","block_context":{"text":"Amb 1 comentari","link":"https:\/\/desimper.es\/ca\/tienda\/bano\/fregasuelos-con-bioalcohol-fresh-3\/#comments"},"img":{"alt_text":"","src":"https:\/\/i0.wp.com\/desimper.es\/wp-content\/uploads\/2021\/06\/192.png?fit=700%2C700&ssl=1&resize=350%2C200","width":350,"height":200,"srcset":"https:\/\/i0.wp.com\/desimper.es\/wp-content\/uploads\/2021\/06\/192.png?fit=700%2C700&ssl=1&resize=350%2C200 1x, https:\/\/i0.wp.com\/desimper.es\/wp-content\/uploads\/2021\/06\/192.png?fit=700%2C700&ssl=1&resize=525%2C300 1.5x, https:\/\/i0.wp.com\/desimper.es\/wp-content\/uploads\/2021\/06\/192.png?fit=700%2C700&ssl=1&resize=700%2C400 2x"},"classes":[]}],"jetpack_sharing_enabled":true,"_links":{"self":[{"href":"https:\/\/desimper.es\/ca\/wp-json\/wp\/v2\/product\/1419","targetHints":{"allow":["GET"]}}],"collection":[{"href":"https:\/\/desimper.es\/ca\/wp-json\/wp\/v2\/product"}],"about":[{"href":"https:\/\/desimper.es\/ca\/wp-json\/wp\/v2\/types\/product"}],"replies":[{"embeddable":true,"href":"https:\/\/desimper.es\/ca\/wp-json\/wp\/v2\/comments?post=1419"}],"version-history":[{"count":9,"href":"https:\/\/desimper.es\/ca\/wp-json\/wp\/v2\/product\/1419\/revisions"}],"predecessor-version":[{"id":70167,"href":"https:\/\/desimper.es\/ca\/wp-json\/wp\/v2\/product\/1419\/revisions\/70167"}],"wp:featuredmedia":[{"embeddable":true,"href":"https:\/\/desimper.es\/ca\/wp-json\/wp\/v2\/media\/70166"}],"wp:attachment":[{"href":"https:\/\/desimper.es\/ca\/wp-json\/wp\/v2\/media?parent=1419"}],"wp:term":[{"taxonomy":"product_brand","embeddable":true,"href":"https:\/\/desimper.es\/ca\/wp-json\/wp\/v2\/product_brand?post=1419"},{"taxonomy":"product_cat","embeddable":true,"href":"https:\/\/desimper.es\/ca\/wp-json\/wp\/v2\/product_cat?post=1419"},{"taxonomy":"product_tag","embeddable":true,"href":"https:\/\/desimper.es\/ca\/wp-json\/wp\/v2\/product_tag?post=1419"}],"curies":[{"name":"wp","href":"https:\/\/api.w.org\/{rel}","templated":true}]}}