{"id":1913,"date":"2021-04-28T17:51:08","date_gmt":"2021-04-28T15:51:08","guid":{"rendered":"https:\/\/equipodesimper.com\/?post_type=product&#038;p=1913"},"modified":"2026-02-23T15:38:40","modified_gmt":"2026-02-23T15:38:40","slug":"cloro-granulado-accion-rapida","status":"publish","type":"product","link":"https:\/\/desimper.es\/ca\/tienda\/piscinas\/cloro-granulado-accion-rapida\/","title":{"rendered":"CLOR GRANULAT ACCI\u00d3 R\u00c0PIDA"},"content":{"rendered":"","protected":false},"excerpt":{"rendered":"","protected":false},"featured_media":70223,"comment_status":"open","ping_status":"closed","template":"","meta":{"_crdt_document":"","_kad_post_transparent":"","_kad_post_title":"","_kad_post_layout":"","_kad_post_sidebar_id":"","_kad_post_content_style":"","_kad_post_vertical_padding":"","_kad_post_feature":"","_kad_post_feature_position":"","_kad_post_header":false,"_kad_post_footer":false,"_kad_post_classname":"","_joinchat":[]},"product_brand":[],"product_cat":[67],"product_tag":[37],"class_list":{"0":"post-1913","1":"product","2":"type-product","3":"status-publish","4":"has-post-thumbnail","6":"product_cat-piscinas","7":"product_tag-cloro-accion-rapida-granulado-piscina","9":"first","10":"instock","11":"taxable","12":"shipping-taxable","13":"purchasable","14":"product-type-simple","15":"entry","16":"content-bg","17":"loop-entry"},"jetpack-related-posts":[{"id":6228,"url":"https:\/\/desimper.es\/ca\/tienda\/piscinas\/cloro-granulado\/","url_meta":{"origin":1913,"position":0},"title":"CLOR GRANULAT","author":"Laura Celis","date":"abril 11, 2024","format":false,"excerpt":"Compost org\u00e0nic de dissoluci\u00f3 r\u00e0pida, altament estabilitzat i amb un contingut del 60% en clor \u00fatil, per al tractament d'aigua en piscines.","rel":"","context":"Entrada similar","block_context":{"text":"Entrada similar","link":""},"img":{"alt_text":"","src":"https:\/\/i0.wp.com\/desimper.es\/wp-content\/uploads\/2024\/04\/CLORO-GRANULADO_1.png?fit=1200%2C1200&ssl=1&resize=350%2C200","width":350,"height":200,"srcset":"https:\/\/i0.wp.com\/desimper.es\/wp-content\/uploads\/2024\/04\/CLORO-GRANULADO_1.png?fit=1200%2C1200&ssl=1&resize=350%2C200 1x, https:\/\/i0.wp.com\/desimper.es\/wp-content\/uploads\/2024\/04\/CLORO-GRANULADO_1.png?fit=1200%2C1200&ssl=1&resize=525%2C300 1.5x, https:\/\/i0.wp.com\/desimper.es\/wp-content\/uploads\/2024\/04\/CLORO-GRANULADO_1.png?fit=1200%2C1200&ssl=1&resize=700%2C400 2x, https:\/\/i0.wp.com\/desimper.es\/wp-content\/uploads\/2024\/04\/CLORO-GRANULADO_1.png?fit=1200%2C1200&ssl=1&resize=1050%2C600 3x"},"classes":[]},{"id":6216,"url":"https:\/\/desimper.es\/ca\/tienda\/piscinas\/cloro-en-tabletas\/","url_meta":{"origin":1913,"position":1},"title":"CLOR EN TAULETES","author":"Laura Celis","date":"abril 11, 2024","format":false,"excerpt":"Nuestras tabletas de cloro de 200g, son una soluci\u00f3n completa para el mantenimiento y la desinfecci\u00f3n de piscinas. Con una potente f\u00f3rmula 5 en 1, ofrecen una limpieza integral y eficaz para mantener tu piscina en \u00f3ptimas condiciones.","rel":"","context":"Entrada similar","block_context":{"text":"Entrada similar","link":""},"img":{"alt_text":"Cloro en tabletas","src":"https:\/\/i0.wp.com\/desimper.es\/wp-content\/uploads\/2024\/04\/CLORO-TABLETA-5_1.png?fit=1200%2C1200&ssl=1&resize=350%2C200","width":350,"height":200,"srcset":"https:\/\/i0.wp.com\/desimper.es\/wp-content\/uploads\/2024\/04\/CLORO-TABLETA-5_1.png?fit=1200%2C1200&ssl=1&resize=350%2C200 1x, https:\/\/i0.wp.com\/desimper.es\/wp-content\/uploads\/2024\/04\/CLORO-TABLETA-5_1.png?fit=1200%2C1200&ssl=1&resize=525%2C300 1.5x, https:\/\/i0.wp.com\/desimper.es\/wp-content\/uploads\/2024\/04\/CLORO-TABLETA-5_1.png?fit=1200%2C1200&ssl=1&resize=700%2C400 2x, https:\/\/i0.wp.com\/desimper.es\/wp-content\/uploads\/2024\/04\/CLORO-TABLETA-5_1.png?fit=1200%2C1200&ssl=1&resize=1050%2C600 3x"},"classes":[]},{"id":1929,"url":"https:\/\/desimper.es\/ca\/tienda\/bano\/limpiador-desinfectante-clorado-uso-general-2\/","url_meta":{"origin":1913,"position":2},"title":"NETEJADOR CLORAT \u2013 \u00das general 5L","author":"AndreuSerra","date":"abril 28, 2021","format":false,"excerpt":"Eficaz limpiador l\u00edquido, concentrado, para la limpieza e higienizaci\u00f3n de pavimentos. Act\u00faa frente a residuos de jab\u00f3n y espuma seca, en duchas y ba\u00f1os y tambi\u00e9n, se puede utilizar en la limpieza del interior de inodoros y lavabos. La viscosidad del producto puede verse reducida con el paso del tiempo.\u2026","rel":"","context":"Entrada similar","block_context":{"text":"Entrada similar","link":""},"img":{"alt_text":"","src":"https:\/\/i0.wp.com\/desimper.es\/wp-content\/uploads\/2021\/04\/49.png?fit=700%2C700&ssl=1&resize=350%2C200","width":350,"height":200,"srcset":"https:\/\/i0.wp.com\/desimper.es\/wp-content\/uploads\/2021\/04\/49.png?fit=700%2C700&ssl=1&resize=350%2C200 1x, https:\/\/i0.wp.com\/desimper.es\/wp-content\/uploads\/2021\/04\/49.png?fit=700%2C700&ssl=1&resize=525%2C300 1.5x, https:\/\/i0.wp.com\/desimper.es\/wp-content\/uploads\/2021\/04\/49.png?fit=700%2C700&ssl=1&resize=700%2C400 2x"},"classes":[]},{"id":4232,"url":"https:\/\/desimper.es\/ca\/tienda\/bano\/fregasuelos-aloe-vera-1l\/","url_meta":{"origin":1913,"position":3},"title":"L\u00cdQUID DE FREGAR ALOE VERA 1L","author":"lauracelisb","date":"juliol 27, 2023","format":false,"excerpt":"Producte d'aspecte l\u00edquid refor\u00e7at amb tensioactius per a optimitzar el seu poder netejador i desgreixador. Actiu detergent en tota mena de superf\u00edcies rentables. Afegir 3-4 taps sobre mitja galleda d'aigua i aplicar amb pal de fregar. No necessita aclarit.","rel":"","context":"Entrada similar","block_context":{"text":"Entrada similar","link":""},"img":{"alt_text":"Fregasuelos con Aloe Vera 1L","src":"https:\/\/i0.wp.com\/desimper.es\/wp-content\/uploads\/2023\/07\/28.png?fit=700%2C700&ssl=1&resize=350%2C200","width":350,"height":200,"srcset":"https:\/\/i0.wp.com\/desimper.es\/wp-content\/uploads\/2023\/07\/28.png?fit=700%2C700&ssl=1&resize=350%2C200 1x, https:\/\/i0.wp.com\/desimper.es\/wp-content\/uploads\/2023\/07\/28.png?fit=700%2C700&ssl=1&resize=525%2C300 1.5x, https:\/\/i0.wp.com\/desimper.es\/wp-content\/uploads\/2023\/07\/28.png?fit=700%2C700&ssl=1&resize=700%2C400 2x"},"classes":[]},{"id":4278,"url":"https:\/\/desimper.es\/ca\/tienda\/bano\/fregasuelos-aloe-vera\/","url_meta":{"origin":1913,"position":4},"title":"L\u00cdQUID DE FREGAR ALOE VERA 5L","author":"lauracelisb","date":"agost 1, 2023","format":false,"excerpt":"Producte d'aspecte l\u00edquid refor\u00e7at amb tensioactius per a optimitzar el seu poder netejador i desgreixador. Actiu detergent en tota mena de superf\u00edcies rentables. Afegir 3-4 taps sobre mitja galleda d'aigua i aplicar amb pal de fregar. No necessita aclarit.","rel":"","context":"Entrada similar","block_context":{"text":"Entrada similar","link":""},"img":{"alt_text":"Fregasuelos con Aloe Vera 5L","src":"https:\/\/i0.wp.com\/desimper.es\/wp-content\/uploads\/2023\/08\/26.png?fit=700%2C700&ssl=1&resize=350%2C200","width":350,"height":200,"srcset":"https:\/\/i0.wp.com\/desimper.es\/wp-content\/uploads\/2023\/08\/26.png?fit=700%2C700&ssl=1&resize=350%2C200 1x, https:\/\/i0.wp.com\/desimper.es\/wp-content\/uploads\/2023\/08\/26.png?fit=700%2C700&ssl=1&resize=525%2C300 1.5x, https:\/\/i0.wp.com\/desimper.es\/wp-content\/uploads\/2023\/08\/26.png?fit=700%2C700&ssl=1&resize=700%2C400 2x"},"classes":[]},{"id":4244,"url":"https:\/\/desimper.es\/ca\/tienda\/textil\/suavizante-con-encapsulado-persistente-500ml\/","url_meta":{"origin":1913,"position":5},"title":"SUAVITZANT CONCENTRAT 500ml","author":"lauracelisb","date":"juliol 27, 2023","format":false,"excerpt":"Suavizante para la ropa con c\u00e1psulas de perfume. Las c\u00e1psulas de perfume permiten que la ropa\u00a0desprenda lentamente\u00a0su caracter\u00edstico\u00a0perfume\u00a0con la fricci\u00f3n normal del uso de la ropa.","rel":"","context":"Entrada similar","block_context":{"text":"Entrada similar","link":""},"img":{"alt_text":"Detergente concentrado Desimper","src":"https:\/\/i0.wp.com\/desimper.es\/wp-content\/uploads\/2023\/07\/19.png?fit=700%2C700&ssl=1&resize=350%2C200","width":350,"height":200,"srcset":"https:\/\/i0.wp.com\/desimper.es\/wp-content\/uploads\/2023\/07\/19.png?fit=700%2C700&ssl=1&resize=350%2C200 1x, https:\/\/i0.wp.com\/desimper.es\/wp-content\/uploads\/2023\/07\/19.png?fit=700%2C700&ssl=1&resize=525%2C300 1.5x, https:\/\/i0.wp.com\/desimper.es\/wp-content\/uploads\/2023\/07\/19.png?fit=700%2C700&ssl=1&resize=700%2C400 2x"},"classes":[]}],"jetpack_sharing_enabled":true,"_links":{"self":[{"href":"https:\/\/desimper.es\/ca\/wp-json\/wp\/v2\/product\/1913","targetHints":{"allow":["GET"]}}],"collection":[{"href":"https:\/\/desimper.es\/ca\/wp-json\/wp\/v2\/product"}],"about":[{"href":"https:\/\/desimper.es\/ca\/wp-json\/wp\/v2\/types\/product"}],"replies":[{"embeddable":true,"href":"https:\/\/desimper.es\/ca\/wp-json\/wp\/v2\/comments?post=1913"}],"version-history":[{"count":1,"href":"https:\/\/desimper.es\/ca\/wp-json\/wp\/v2\/product\/1913\/revisions"}],"predecessor-version":[{"id":70237,"href":"https:\/\/desimper.es\/ca\/wp-json\/wp\/v2\/product\/1913\/revisions\/70237"}],"wp:featuredmedia":[{"embeddable":true,"href":"https:\/\/desimper.es\/ca\/wp-json\/wp\/v2\/media\/70223"}],"wp:attachment":[{"href":"https:\/\/desimper.es\/ca\/wp-json\/wp\/v2\/media?parent=1913"}],"wp:term":[{"taxonomy":"product_brand","embeddable":true,"href":"https:\/\/desimper.es\/ca\/wp-json\/wp\/v2\/product_brand?post=1913"},{"taxonomy":"product_cat","embeddable":true,"href":"https:\/\/desimper.es\/ca\/wp-json\/wp\/v2\/product_cat?post=1913"},{"taxonomy":"product_tag","embeddable":true,"href":"https:\/\/desimper.es\/ca\/wp-json\/wp\/v2\/product_tag?post=1913"}],"curies":[{"name":"wp","href":"https:\/\/api.w.org\/{rel}","templated":true}]}}