{"id":1929,"date":"2021-04-28T17:51:09","date_gmt":"2021-04-28T17:51:09","guid":{"rendered":"https:\/\/equipodesimper.com\/?post_type=product&#038;p=1929"},"modified":"2026-02-05T14:53:23","modified_gmt":"2026-02-05T14:53:23","slug":"limpiador-desinfectante-clorado-uso-general-2","status":"publish","type":"product","link":"https:\/\/desimper.es\/ca\/tienda\/bano\/limpiador-desinfectante-clorado-uso-general-2\/","title":{"rendered":"NETEJADOR CLORAT \u2013 \u00das general 5L"},"content":{"rendered":"<p>P264: Rentar-se a consci\u00e8ncia despr\u00e9s de la manipulaci\u00f3 P273: Evitar el seu alliberament al medi ambient P280: Portar guants\/prenguis\/portes mala sort\/m\u00e0scara de protecci\u00f3 P302+P352: EN CAS DE CONTACTE AMB LA PELL: Rentar amb abundant aigua P305+P351+P338: EN CAS DE CONTACTE AMB ELS ULLS: Esbandir amb aigua acuradament durant diversos minuts. Llevar les lents de contacte quan siguin presents i pugui fer-se amb facilitat. Prosseguir amb la rentada P310: Cridar immediatament a un CENTRE DE TOXICOLOG\u013aA\/m\u00e8dic P391: Recollir l'abocament P501: Eliminar el contingut\/el recipient d'acord amb la normativa sobre residus perillosos o envasos i residus d'envasos respectivament.<\/p>\n<p><a href=\"https:\/\/desimper.es\/wp-content\/uploads\/2021\/04\/LI_PF0005_CLORADO.pdf\">LI_PF0005_CLORADO<\/a><\/p>","protected":false},"excerpt":{"rendered":"<p>Efica\u00e7 netejador l\u00edquid, concentrat, per a la neteja i higienitzaci\u00f3 de paviments. Actua enfront de residus de sab\u00f3 i escuma seca, en dutxes i banys i tamb\u00e9, es pot utilitzar en la neteja de l'interior de v\u00e0ters i lavabos.<\/p>\n<p>La viscositat del producte pot veure's redu\u00efda amb el pas del temps.<\/p>\n<p>INSTRUCCIONS D'\u00daS: Pot ser usat pur per a l'eliminaci\u00f3 de taques rebels i higienitzaci\u00f3 de v\u00e0ters i banys.<\/p>","protected":false},"featured_media":70229,"comment_status":"open","ping_status":"closed","template":"","meta":{"_crdt_document":"","_kad_post_transparent":"","_kad_post_title":"","_kad_post_layout":"","_kad_post_sidebar_id":"","_kad_post_content_style":"","_kad_post_vertical_padding":"","_kad_post_feature":"","_kad_post_feature_position":"","_kad_post_header":false,"_kad_post_footer":false,"_kad_post_classname":"","_joinchat":[]},"product_brand":[],"product_cat":[89,88,70],"product_tag":[95],"class_list":{"0":"post-1929","1":"product","2":"type-product","3":"status-publish","4":"has-post-thumbnail","6":"product_cat-bano","7":"product_cat-cocina","8":"product_cat-superficies","9":"product_tag-garrafa-clorado-superficies","11":"first","12":"instock","13":"taxable","14":"shipping-taxable","15":"purchasable","16":"product-type-simple","17":"entry","18":"content-bg","19":"loop-entry"},"jetpack-related-posts":[{"id":4251,"url":"https:\/\/desimper.es\/ca\/tienda\/piscinas\/limpiajuntas\/","url_meta":{"origin":1929,"position":0},"title":"NETEJAJUNTES 5L","author":"lauracelisb","date":"juliol 27, 2023","format":false,"excerpt":"Producte l\u00edquid fortament \u00e0cid i concentrat, usat per a eliminar taques d'\u00f2xid i cal\u00e7 en juntes i rajoles. Especial per a piscines i final d'obra.","rel":"","context":"Entrada similar","block_context":{"text":"Entrada similar","link":""},"img":{"alt_text":"","src":"https:\/\/i0.wp.com\/desimper.es\/wp-content\/uploads\/2023\/07\/69.png?fit=700%2C700&ssl=1&resize=350%2C200","width":350,"height":200,"srcset":"https:\/\/i0.wp.com\/desimper.es\/wp-content\/uploads\/2023\/07\/69.png?fit=700%2C700&ssl=1&resize=350%2C200 1x, https:\/\/i0.wp.com\/desimper.es\/wp-content\/uploads\/2023\/07\/69.png?fit=700%2C700&ssl=1&resize=525%2C300 1.5x, https:\/\/i0.wp.com\/desimper.es\/wp-content\/uploads\/2023\/07\/69.png?fit=700%2C700&ssl=1&resize=700%2C400 2x"},"classes":[]},{"id":745,"url":"https:\/\/desimper.es\/ca\/tienda\/piscinas\/aminorador-ph\/","url_meta":{"origin":1929,"position":1},"title":"MINORADOR PH 5L","author":"Laura Celis","date":"juliol 16, 2020","format":false,"excerpt":"Minorador de pH, utilitzar per a regular el pH de la piscina entre 7,2 i 8,0. \u00c9s indispensable, per a un \u00f2ptim tractament de l'aigua i per a evitar les mol\u00e8sties que pot produir en la pell dels banyistes, un desequilibri del pH.","rel":"","context":"Entrada similar","block_context":{"text":"Entrada similar","link":""},"img":{"alt_text":"","src":"https:\/\/i0.wp.com\/desimper.es\/wp-content\/uploads\/2020\/07\/75.png?fit=700%2C700&ssl=1&resize=350%2C200","width":350,"height":200,"srcset":"https:\/\/i0.wp.com\/desimper.es\/wp-content\/uploads\/2020\/07\/75.png?fit=700%2C700&ssl=1&resize=350%2C200 1x, https:\/\/i0.wp.com\/desimper.es\/wp-content\/uploads\/2020\/07\/75.png?fit=700%2C700&ssl=1&resize=525%2C300 1.5x, https:\/\/i0.wp.com\/desimper.es\/wp-content\/uploads\/2020\/07\/75.png?fit=700%2C700&ssl=1&resize=700%2C400 2x"},"classes":[]},{"id":748,"url":"https:\/\/desimper.es\/ca\/tienda\/piscinas\/algicida\/","url_meta":{"origin":1929,"position":2},"title":"STOP ALGA PLUS","author":"Laura Celis","date":"juliol 16, 2020","format":false,"excerpt":"Poderoso algicida para el agua de las piscinas, complemento ideal para el tratamiento con cloro s\u00f3lido o l\u00edquido. Evita la formaci\u00f3n de algas y paredes de las piscinas manteniendo tanto las paredes como fondos, sin riesgo de resbalar. Mantiene el agua de la piscina perfectamente limpia y transparente. No ataca\u2026","rel":"","context":"Entrada similar","block_context":{"text":"Entrada similar","link":""},"img":{"alt_text":"","src":"https:\/\/i0.wp.com\/desimper.es\/wp-content\/uploads\/2020\/07\/STOP-ALGA-PLUS_.png?fit=1200%2C1200&ssl=1&resize=350%2C200","width":350,"height":200,"srcset":"https:\/\/i0.wp.com\/desimper.es\/wp-content\/uploads\/2020\/07\/STOP-ALGA-PLUS_.png?fit=1200%2C1200&ssl=1&resize=350%2C200 1x, https:\/\/i0.wp.com\/desimper.es\/wp-content\/uploads\/2020\/07\/STOP-ALGA-PLUS_.png?fit=1200%2C1200&ssl=1&resize=525%2C300 1.5x, https:\/\/i0.wp.com\/desimper.es\/wp-content\/uploads\/2020\/07\/STOP-ALGA-PLUS_.png?fit=1200%2C1200&ssl=1&resize=700%2C400 2x, https:\/\/i0.wp.com\/desimper.es\/wp-content\/uploads\/2020\/07\/STOP-ALGA-PLUS_.png?fit=1200%2C1200&ssl=1&resize=1050%2C600 3x"},"classes":[]},{"id":1417,"url":"https:\/\/desimper.es\/ca\/tienda\/bano\/desinfectante-hidroalcoholico-gel-limpieza-de-manos-y-superficies\/","url_meta":{"origin":1929,"position":3},"title":"GELBAC HIDROALCOH\u00d2LIC 5L","author":"Laura Celis","date":"agost 31, 2020","format":false,"excerpt":"Garrafa 5 litros hidroalcoh\u00f3lico para\u00a0todo tipo de\u00a0superficies\u00a0lavables, especialmente indicado para todas aquellas de contacto habitual como mesas, puertas, empu\u00f1aduras...","rel":"","context":"Entrada similar","block_context":{"text":"Entrada similar","link":""},"img":{"alt_text":"","src":"https:\/\/i0.wp.com\/desimper.es\/wp-content\/uploads\/2020\/08\/81.png?fit=700%2C700&ssl=1&resize=350%2C200","width":350,"height":200,"srcset":"https:\/\/i0.wp.com\/desimper.es\/wp-content\/uploads\/2020\/08\/81.png?fit=700%2C700&ssl=1&resize=350%2C200 1x, https:\/\/i0.wp.com\/desimper.es\/wp-content\/uploads\/2020\/08\/81.png?fit=700%2C700&ssl=1&resize=525%2C300 1.5x, https:\/\/i0.wp.com\/desimper.es\/wp-content\/uploads\/2020\/08\/81.png?fit=700%2C700&ssl=1&resize=700%2C400 2x"},"classes":[]},{"id":1419,"url":"https:\/\/desimper.es\/ca\/tienda\/bano\/hidroalcoholico-liquido\/","url_meta":{"origin":1929,"position":4},"title":"GELBAC HIDROALCOH\u00d2LIC 1L","author":"Laura Celis","date":"agost 31, 2020","format":false,"excerpt":"Botella 1 litro hidroalcoh\u00f3lico \u00a0todo tipo de\u00a0superficies\u00a0lavables, especialmente indicado para todas aquellas de contacto habitual como mesas, puertas, empu\u00f1aduras...","rel":"","context":"Entrada similar","block_context":{"text":"Entrada similar","link":""},"img":{"alt_text":"","src":"https:\/\/i0.wp.com\/desimper.es\/wp-content\/uploads\/2020\/08\/83.png?fit=700%2C700&ssl=1&resize=350%2C200","width":350,"height":200,"srcset":"https:\/\/i0.wp.com\/desimper.es\/wp-content\/uploads\/2020\/08\/83.png?fit=700%2C700&ssl=1&resize=350%2C200 1x, https:\/\/i0.wp.com\/desimper.es\/wp-content\/uploads\/2020\/08\/83.png?fit=700%2C700&ssl=1&resize=525%2C300 1.5x, https:\/\/i0.wp.com\/desimper.es\/wp-content\/uploads\/2020\/08\/83.png?fit=700%2C700&ssl=1&resize=700%2C400 2x"},"classes":[]},{"id":755,"url":"https:\/\/desimper.es\/ca\/tienda\/piscinas\/limpiabordes2\/","url_meta":{"origin":1929,"position":5},"title":"NETEJA VORES 5 L","author":"Laura Celis","date":"juliol 16, 2020","format":false,"excerpt":"Netejador especial per a l'eliminaci\u00f3 dels c\u00e8rcols de greixos i brut\u00edcia en les vores, parets i zones annexes a les piscines que ho requereixin.","rel":"","context":"Entrada similar","block_context":{"text":"Entrada similar","link":""},"img":{"alt_text":"","src":"https:\/\/i0.wp.com\/desimper.es\/wp-content\/uploads\/2020\/07\/71.png?fit=700%2C700&ssl=1&resize=350%2C200","width":350,"height":200,"srcset":"https:\/\/i0.wp.com\/desimper.es\/wp-content\/uploads\/2020\/07\/71.png?fit=700%2C700&ssl=1&resize=350%2C200 1x, https:\/\/i0.wp.com\/desimper.es\/wp-content\/uploads\/2020\/07\/71.png?fit=700%2C700&ssl=1&resize=525%2C300 1.5x, https:\/\/i0.wp.com\/desimper.es\/wp-content\/uploads\/2020\/07\/71.png?fit=700%2C700&ssl=1&resize=700%2C400 2x"},"classes":[]}],"jetpack_sharing_enabled":true,"_links":{"self":[{"href":"https:\/\/desimper.es\/ca\/wp-json\/wp\/v2\/product\/1929","targetHints":{"allow":["GET"]}}],"collection":[{"href":"https:\/\/desimper.es\/ca\/wp-json\/wp\/v2\/product"}],"about":[{"href":"https:\/\/desimper.es\/ca\/wp-json\/wp\/v2\/types\/product"}],"replies":[{"embeddable":true,"href":"https:\/\/desimper.es\/ca\/wp-json\/wp\/v2\/comments?post=1929"}],"version-history":[{"count":3,"href":"https:\/\/desimper.es\/ca\/wp-json\/wp\/v2\/product\/1929\/revisions"}],"predecessor-version":[{"id":6348,"href":"https:\/\/desimper.es\/ca\/wp-json\/wp\/v2\/product\/1929\/revisions\/6348"}],"wp:featuredmedia":[{"embeddable":true,"href":"https:\/\/desimper.es\/ca\/wp-json\/wp\/v2\/media\/70229"}],"wp:attachment":[{"href":"https:\/\/desimper.es\/ca\/wp-json\/wp\/v2\/media?parent=1929"}],"wp:term":[{"taxonomy":"product_brand","embeddable":true,"href":"https:\/\/desimper.es\/ca\/wp-json\/wp\/v2\/product_brand?post=1929"},{"taxonomy":"product_cat","embeddable":true,"href":"https:\/\/desimper.es\/ca\/wp-json\/wp\/v2\/product_cat?post=1929"},{"taxonomy":"product_tag","embeddable":true,"href":"https:\/\/desimper.es\/ca\/wp-json\/wp\/v2\/product_tag?post=1929"}],"curies":[{"name":"wp","href":"https:\/\/api.w.org\/{rel}","templated":true}]}}