{"id":1939,"date":"2021-04-28T17:51:10","date_gmt":"2021-04-28T17:51:10","guid":{"rendered":"https:\/\/equipodesimper.com\/?post_type=product&#038;p=1939"},"modified":"2026-03-04T09:40:22","modified_gmt":"2026-03-04T09:40:22","slug":"fregasuelos-con-bioalcohol-apple-2","status":"publish","type":"product","link":"https:\/\/desimper.es\/ca\/tienda\/bano\/fregasuelos-con-bioalcohol-apple-2\/","title":{"rendered":"L\u00cdQUID DE FREGAR APPLE 5L"},"content":{"rendered":"<div id=\"tab-product-attribute-MyOwnTab\" class=\"ui-tabs-panel ui-widget-content ui-corner-bottom\" role=\"tabpanel\" aria-labelledby=\"ui-id-2\" aria-hidden=\"false\">\n<div class=\"attribute\">Fregasuelos l\u00edquido\u00a0limpiador de superficies incluso las enceradas. No ataca ni matiza dichas superficies, destacando su brillo original. Act\u00faa frente a las suciedades y manchas de aceite. Suavemente perfumado deja un agradable aroma residual.<br \/>\nProducto vers\u00e1til, puede ser usado en m\u00e1quina\u00a0 fregadora o manualmente por pulverizaci\u00f3n. En sustratos muy manchados se recomienda dosificaciones en agua de 1:8 a 1:70. Para limpieza de mantenimiento las dosis oscilan entre 1:50 a 1:70.<br \/>\nEye Irrit. 2: Provoca irritaci\u00f3n ocular grave<br \/>\nSi se necesita consejo m\u00e9dico, tener a mano el envase o la etiqueta. Mantener fuera del alcance de los ni\u00f1os. Lavarse concienzudamente tras la manipulaci\u00f3n. Llevar guantes\/prendas\/gafas\/m\u00e1scara de protecci\u00f3n. EN CASO DE CONTACTO CON LOS OJOS: Aclarar cuidadosamente con agua durante varios minutos. Quitar las lentes de contacto, si lleva y resulta f\u00e1cil. Seguir aclarando. Si persiste la irritaci\u00f3n ocular: Consultar a un m\u00e9dico. Elim\u00ednese el contenido y\/o su recipiente mediante el sistema de recogida selectiva habilitado en su municipio.<br \/>\nContiene Mezcla de: 5-cloro-2-metil-2H-isotiazol-3-ona [EC no. 247-500-7], 2-metil-2H-isotiazol-3-ona [EC no. 220-239-6] (3:1). Puede provocar una reacci\u00f3n al\u00e9rgica.<br \/>\nContiene: Tensioactivos no i\u00f3nicos (% (p\/p) &lt; 5), Perfume; Agentes conservantes: Mezcla de: 5-cloro-2-metil-2H-isotiazol-3-ona [EC no. 247-500-7], 2-metil-2H-isotiazol-3-ona [EC no. 220-239-6] (3:1) (METHYLCHLOROISOTHIAZOLINONE \/ METHYLISOTHIAZOLINONE).<\/div>\n<div><a href=\"https:\/\/desimper.es\/wp-content\/uploads\/2021\/04\/LI_PF0277_FREGASUELOSMANZANA.pdf\">LI_PF0277_FREGASUELOSMANZANA<\/a><\/div>\n<\/div>\n","protected":false},"excerpt":{"rendered":"<p>Producte l\u00edquid, netejador de superf\u00edcies fins i tot les que estan encerades. No ataca ni matisa aquestes superf\u00edcies,\u00a0<strong>destacant la seva lluentor original.<\/strong><br \/>\nActua enfront de les brut\u00edcies i taques d'oli. Suaument perfumat deixa una agradable aroma residual.<br \/>\n<strong>Cont\u00e9 alcohol<\/strong>, que facilita la neteja de les superf\u00edcies.<\/p>","protected":false},"featured_media":70099,"comment_status":"open","ping_status":"closed","template":"","meta":{"_crdt_document":"","_kad_post_transparent":"default","_kad_post_title":"","_kad_post_layout":"default","_kad_post_sidebar_id":"","_kad_post_content_style":"default","_kad_post_vertical_padding":"default","_kad_post_feature":"","_kad_post_feature_position":"","_kad_post_header":false,"_kad_post_footer":false,"_kad_post_classname":"","_joinchat":[]},"product_brand":[],"product_cat":[89,88,70],"product_tag":[56],"class_list":{"0":"post-1939","1":"product","2":"type-product","3":"status-publish","4":"has-post-thumbnail","6":"product_cat-bano","7":"product_cat-cocina","8":"product_cat-superficies","9":"product_tag-garrafa-fregasuelos-manzana-bioalcochol-superficies","11":"first","12":"instock","13":"taxable","14":"shipping-taxable","15":"purchasable","16":"product-type-simple","17":"entry","18":"content-bg","19":"loop-entry"},"jetpack-related-posts":[{"id":2073,"url":"https:\/\/desimper.es\/ca\/tienda\/bano\/fregasuelos-con-bioalcohol-fresh-3\/","url_meta":{"origin":1939,"position":0},"title":"L\u00cdQUID DE FREGAR FREGAFRESH 5L","author":"Carmen Bard\u00f3n Blanco","date":"juny 22, 2021","format":false,"excerpt":"Producto l\u00edquido, limpiador de superficies incluso las que est\u00e1n\u00a0enceradas.\u00a0No ataca ni matiza dichas superficies,\u00a0destacando su brillo\u00a0original. Act\u00faa frente a las suciedades y manchas de aceite.\u00a0Suavemente perfumado deja un agradable aroma residual. Contiene alcohol, que facilita la limpie LIMPIEZA \u00a0de las superficies.","rel":"","context":"Amb 1 comentari","block_context":{"text":"Amb 1 comentari","link":"https:\/\/desimper.es\/ca\/tienda\/bano\/fregasuelos-con-bioalcohol-fresh-3\/#comments"},"img":{"alt_text":"","src":"https:\/\/i0.wp.com\/desimper.es\/wp-content\/uploads\/2021\/06\/192.png?fit=700%2C700&ssl=1&resize=350%2C200","width":350,"height":200,"srcset":"https:\/\/i0.wp.com\/desimper.es\/wp-content\/uploads\/2021\/06\/192.png?fit=700%2C700&ssl=1&resize=350%2C200 1x, https:\/\/i0.wp.com\/desimper.es\/wp-content\/uploads\/2021\/06\/192.png?fit=700%2C700&ssl=1&resize=525%2C300 1.5x, https:\/\/i0.wp.com\/desimper.es\/wp-content\/uploads\/2021\/06\/192.png?fit=700%2C700&ssl=1&resize=700%2C400 2x"},"classes":[]},{"id":4230,"url":"https:\/\/desimper.es\/ca\/tienda\/bano\/fregasuelos-fregafresh\/","url_meta":{"origin":1939,"position":1},"title":"L\u00cdQUID DE FREGAR FREGAFRESH 1L","author":"lauracelisb","date":"juliol 27, 2023","format":false,"excerpt":"Producto l\u00edquido, limpiador de superficies incluso las que est\u00e1n\u00a0enceradas.\u00a0No ataca ni matiza dichas superficies,\u00a0destacando su brillo\u00a0original. Act\u00faa frente a las suciedades y manchas de aceite.\u00a0Suavemente perfumado deja un agradable aroma residual. Contiene alcohol, que facilita la limpie LIMPIEZA \u00a0de las superficies.","rel":"","context":"Entrada similar","block_context":{"text":"Entrada similar","link":""},"img":{"alt_text":"Fregasuelos fregafresh 1L","src":"https:\/\/i0.wp.com\/desimper.es\/wp-content\/uploads\/2023\/07\/24.png?fit=700%2C700&ssl=1&resize=350%2C200","width":350,"height":200,"srcset":"https:\/\/i0.wp.com\/desimper.es\/wp-content\/uploads\/2023\/07\/24.png?fit=700%2C700&ssl=1&resize=350%2C200 1x, https:\/\/i0.wp.com\/desimper.es\/wp-content\/uploads\/2023\/07\/24.png?fit=700%2C700&ssl=1&resize=525%2C300 1.5x, https:\/\/i0.wp.com\/desimper.es\/wp-content\/uploads\/2023\/07\/24.png?fit=700%2C700&ssl=1&resize=700%2C400 2x"},"classes":[]},{"id":4232,"url":"https:\/\/desimper.es\/ca\/tienda\/bano\/fregasuelos-aloe-vera-1l\/","url_meta":{"origin":1939,"position":2},"title":"L\u00cdQUID DE FREGAR ALOE VERA 1L","author":"lauracelisb","date":"juliol 27, 2023","format":false,"excerpt":"Producte d'aspecte l\u00edquid refor\u00e7at amb tensioactius per a optimitzar el seu poder netejador i desgreixador. Actiu detergent en tota mena de superf\u00edcies rentables. Afegir 3-4 taps sobre mitja galleda d'aigua i aplicar amb pal de fregar. No necessita aclarit.","rel":"","context":"Entrada similar","block_context":{"text":"Entrada similar","link":""},"img":{"alt_text":"Fregasuelos con Aloe Vera 1L","src":"https:\/\/i0.wp.com\/desimper.es\/wp-content\/uploads\/2023\/07\/28.png?fit=700%2C700&ssl=1&resize=350%2C200","width":350,"height":200,"srcset":"https:\/\/i0.wp.com\/desimper.es\/wp-content\/uploads\/2023\/07\/28.png?fit=700%2C700&ssl=1&resize=350%2C200 1x, https:\/\/i0.wp.com\/desimper.es\/wp-content\/uploads\/2023\/07\/28.png?fit=700%2C700&ssl=1&resize=525%2C300 1.5x, https:\/\/i0.wp.com\/desimper.es\/wp-content\/uploads\/2023\/07\/28.png?fit=700%2C700&ssl=1&resize=700%2C400 2x"},"classes":[]},{"id":4278,"url":"https:\/\/desimper.es\/ca\/tienda\/bano\/fregasuelos-aloe-vera\/","url_meta":{"origin":1939,"position":3},"title":"L\u00cdQUID DE FREGAR ALOE VERA 5L","author":"lauracelisb","date":"agost 1, 2023","format":false,"excerpt":"Producte d'aspecte l\u00edquid refor\u00e7at amb tensioactius per a optimitzar el seu poder netejador i desgreixador. Actiu detergent en tota mena de superf\u00edcies rentables. Afegir 3-4 taps sobre mitja galleda d'aigua i aplicar amb pal de fregar. No necessita aclarit.","rel":"","context":"Entrada similar","block_context":{"text":"Entrada similar","link":""},"img":{"alt_text":"Fregasuelos con Aloe Vera 5L","src":"https:\/\/i0.wp.com\/desimper.es\/wp-content\/uploads\/2023\/08\/26.png?fit=700%2C700&ssl=1&resize=350%2C200","width":350,"height":200,"srcset":"https:\/\/i0.wp.com\/desimper.es\/wp-content\/uploads\/2023\/08\/26.png?fit=700%2C700&ssl=1&resize=350%2C200 1x, https:\/\/i0.wp.com\/desimper.es\/wp-content\/uploads\/2023\/08\/26.png?fit=700%2C700&ssl=1&resize=525%2C300 1.5x, https:\/\/i0.wp.com\/desimper.es\/wp-content\/uploads\/2023\/08\/26.png?fit=700%2C700&ssl=1&resize=700%2C400 2x"},"classes":[]},{"id":4247,"url":"https:\/\/desimper.es\/ca\/tienda\/bano\/fregasuelos-con-bioalcohol-fresh\/","url_meta":{"origin":1939,"position":4},"title":"L\u00cdQUID DE FREGAR AMB BIOALCOHOL FRESH 5L","author":"lauracelisb","date":"juliol 27, 2023","format":false,"excerpt":"Producte formulat per a la neteja de tota mena de superf\u00edcies. Deixa un fresc i agradable aroma residual.","rel":"","context":"Entrada similar","block_context":{"text":"Entrada similar","link":""},"img":{"alt_text":"","src":"https:\/\/i0.wp.com\/desimper.es\/wp-content\/uploads\/2023\/07\/30.png?fit=700%2C700&ssl=1&resize=350%2C200","width":350,"height":200,"srcset":"https:\/\/i0.wp.com\/desimper.es\/wp-content\/uploads\/2023\/07\/30.png?fit=700%2C700&ssl=1&resize=350%2C200 1x, https:\/\/i0.wp.com\/desimper.es\/wp-content\/uploads\/2023\/07\/30.png?fit=700%2C700&ssl=1&resize=525%2C300 1.5x, https:\/\/i0.wp.com\/desimper.es\/wp-content\/uploads\/2023\/07\/30.png?fit=700%2C700&ssl=1&resize=700%2C400 2x"},"classes":[]},{"id":586,"url":"https:\/\/desimper.es\/ca\/tienda\/bano\/antical-desimper\/","url_meta":{"origin":1939,"position":5},"title":"ANTICAL\u00c7 DESIMPER 500ML","author":"Laura Celis","date":"juliol 7, 2020","format":false,"excerpt":"Producto formulado para la limpieza y desincrustaci\u00f3n de los dep\u00f3sitos de cal m\u00e1s dif\u00edciles, restos de jab\u00f3n, manchas de \u00f3xido y muchas otras. Probar previamente en una peque\u00f1a zona no visible de la superficie a limpiar. Posteriormente pulverizar directamente, extender y dejar actuar durante un minuto. Aclarar abundantemente con agua.","rel":"","context":"Entrada similar","block_context":{"text":"Entrada similar","link":""},"img":{"alt_text":"Antical Desimper","src":"https:\/\/i0.wp.com\/desimper.es\/wp-content\/uploads\/2020\/07\/9.png?fit=700%2C700&ssl=1&resize=350%2C200","width":350,"height":200,"srcset":"https:\/\/i0.wp.com\/desimper.es\/wp-content\/uploads\/2020\/07\/9.png?fit=700%2C700&ssl=1&resize=350%2C200 1x, https:\/\/i0.wp.com\/desimper.es\/wp-content\/uploads\/2020\/07\/9.png?fit=700%2C700&ssl=1&resize=525%2C300 1.5x, https:\/\/i0.wp.com\/desimper.es\/wp-content\/uploads\/2020\/07\/9.png?fit=700%2C700&ssl=1&resize=700%2C400 2x"},"classes":[]}],"jetpack_sharing_enabled":true,"_links":{"self":[{"href":"https:\/\/desimper.es\/ca\/wp-json\/wp\/v2\/product\/1939","targetHints":{"allow":["GET"]}}],"collection":[{"href":"https:\/\/desimper.es\/ca\/wp-json\/wp\/v2\/product"}],"about":[{"href":"https:\/\/desimper.es\/ca\/wp-json\/wp\/v2\/types\/product"}],"replies":[{"embeddable":true,"href":"https:\/\/desimper.es\/ca\/wp-json\/wp\/v2\/comments?post=1939"}],"version-history":[{"count":1,"href":"https:\/\/desimper.es\/ca\/wp-json\/wp\/v2\/product\/1939\/revisions"}],"predecessor-version":[{"id":70502,"href":"https:\/\/desimper.es\/ca\/wp-json\/wp\/v2\/product\/1939\/revisions\/70502"}],"wp:featuredmedia":[{"embeddable":true,"href":"https:\/\/desimper.es\/ca\/wp-json\/wp\/v2\/media\/70099"}],"wp:attachment":[{"href":"https:\/\/desimper.es\/ca\/wp-json\/wp\/v2\/media?parent=1939"}],"wp:term":[{"taxonomy":"product_brand","embeddable":true,"href":"https:\/\/desimper.es\/ca\/wp-json\/wp\/v2\/product_brand?post=1939"},{"taxonomy":"product_cat","embeddable":true,"href":"https:\/\/desimper.es\/ca\/wp-json\/wp\/v2\/product_cat?post=1939"},{"taxonomy":"product_tag","embeddable":true,"href":"https:\/\/desimper.es\/ca\/wp-json\/wp\/v2\/product_tag?post=1939"}],"curies":[{"name":"wp","href":"https:\/\/api.w.org\/{rel}","templated":true}]}}