{"id":1943,"date":"2021-04-28T17:51:10","date_gmt":"2021-04-28T17:51:10","guid":{"rendered":"https:\/\/equipodesimper.com\/?post_type=product&#038;p=1943"},"modified":"2026-02-05T13:21:58","modified_gmt":"2026-02-05T13:21:58","slug":"antical-ecologico-con-vinagre-2","status":"publish","type":"product","link":"https:\/\/desimper.es\/ca\/tienda\/bano\/antical-ecologico-con-vinagre-2\/","title":{"rendered":"VINAGRE DE NETEJA Multiusos i Ecol\u00f2gic 5L"},"content":{"rendered":"<div id=\"tab-product-attribute-MyOwnTab\" class=\"ui-tabs-panel ui-widget-content ui-corner-bottom\" role=\"tabpanel\" aria-labelledby=\"ui-id-2\" aria-hidden=\"false\">\n<div class=\"attribute\">Producte formulat per a la neteja i desincrustaci\u00f3 de qualsevol superf\u00edcie, dels dip\u00f2sits de <strong>cal m\u00e1s dif\u00edciles,<\/strong> <strong>restes de sab\u00f3, taques d'\u00f2xid <\/strong>i moltes altres.<br \/>\nantical\u00e7 amb vinagre <strong>ECOL\u00d2GIC.<\/strong><br \/>\nProvar pr\u00e8viament en una petita zona no visible de la superf\u00edcie a netejar. Posteriorment polvoritzar directament, estendre i deixar actuar durant un minut. Aclarir abundantment amb aigua.Skin Irrit. 2: H315 \u2013 Provoca irritaci\u00f3 cut\u00e0nia. Eye Dam. 1: H318 \u2013 Provoca lesions oculars greus.<br \/>\nP101 Si es necessita consell m\u00e8dic, tenir a m\u00e0 l'env\u00e0s o l'etiqueta. P102 Mantenir fora de l'abast dels nens. P264 Rentar-se a consci\u00e8ncia despr\u00e9s de la manipulaci\u00f3. P280 Portar guants\/prenguis\/portes mala sort\/m\u00e0scara de protecci\u00f3. P302+P352 EN CAS DE CONTACTE AMB LA PELL: Rentar amb abundant aigua. P305+P351+P338 EN CAS DE CONTACTE AMB ELS ULLS: Esbandir amb aigua acuradament durant diversos minuts. Llevar les lents de contacte quan siguin presents i pugui fer-se amb facilitat. Prosseguir amb la rentada. P310 Cridar immediatament a un CENTRE DE TOXICOLOG\u013aA\/m\u00e8dic. P501 Eliminar el contingut\/el recipient mitjan\u00e7ant el sistema de recollida selectiva habilitat en el seu municipi.<br \/>\nSubst\u00e0ncies que contribueixen a la classificaci\u00f3: Alcohols, C12-13- ramificats i lineals, etoxilados (&gt; 5 \u2013 &lt; 15 EO); \u00c0cid f\u00f2rmic.<\/div>\n<div><a href=\"https:\/\/desimper.es\/wp-content\/uploads\/2023\/07\/LI_PF0408_VINAGRELIMPIEZA.pdf\">LI_PF0408_VINAGRELIMPIEZA<\/a><\/div>\n<\/div>","protected":false},"excerpt":{"rendered":"<p>Producte formulat per a la neteja i desincrustaci\u00f3 de qualsevol superf\u00edcie, dels dip\u00f2sits de cal\u00e7 m\u00e9s dif\u00edcils, restes de sab\u00f3, taques d'\u00f2xid i moltes altres.<br \/>\nAntical\u00e7 amb vinagre ECOL\u00d2GIC.<\/p>","protected":false},"featured_media":70206,"comment_status":"open","ping_status":"closed","template":"","meta":{"_crdt_document":"","_kad_post_transparent":"","_kad_post_title":"","_kad_post_layout":"","_kad_post_sidebar_id":"","_kad_post_content_style":"","_kad_post_vertical_padding":"","_kad_post_feature":"","_kad_post_feature_position":"","_kad_post_header":false,"_kad_post_footer":false,"_kad_post_classname":"","_joinchat":[]},"product_brand":[],"product_cat":[89,88,70],"product_tag":[47],"class_list":{"0":"post-1943","1":"product","2":"type-product","3":"status-publish","4":"has-post-thumbnail","6":"product_cat-bano","7":"product_cat-cocina","8":"product_cat-superficies","9":"product_tag-garrafa-antical-vinagre-ecologico-superficies","11":"first","12":"instock","13":"taxable","14":"shipping-taxable","15":"purchasable","16":"product-type-simple","17":"entry","18":"content-bg","19":"loop-entry"},"jetpack-related-posts":[{"id":4236,"url":"https:\/\/desimper.es\/ca\/tienda\/bano\/vinagre-de-limpieza-1l\/","url_meta":{"origin":1943,"position":0},"title":"VINAGRE DE NETEJA 1L","author":"lauracelisb","date":"juliol 27, 2023","format":false,"excerpt":"Producto formulado para la limpieza y desincrustaci\u00f3n de cualquier superficie, de los dep\u00f3sitos de cal m\u00e1s dif\u00edciles, restos de jab\u00f3n, manchas de \u00f3xido y muchas otras. Antical con vinagre ECOL\u00d3GICO.","rel":"","context":"Entrada similar","block_context":{"text":"Entrada similar","link":""},"img":{"alt_text":"","src":"https:\/\/i0.wp.com\/desimper.es\/wp-content\/uploads\/2023\/07\/38.png?fit=700%2C700&ssl=1&resize=350%2C200","width":350,"height":200,"srcset":"https:\/\/i0.wp.com\/desimper.es\/wp-content\/uploads\/2023\/07\/38.png?fit=700%2C700&ssl=1&resize=350%2C200 1x, https:\/\/i0.wp.com\/desimper.es\/wp-content\/uploads\/2023\/07\/38.png?fit=700%2C700&ssl=1&resize=525%2C300 1.5x, https:\/\/i0.wp.com\/desimper.es\/wp-content\/uploads\/2023\/07\/38.png?fit=700%2C700&ssl=1&resize=700%2C400 2x"},"classes":[]},{"id":586,"url":"https:\/\/desimper.es\/ca\/tienda\/bano\/antical-desimper\/","url_meta":{"origin":1943,"position":1},"title":"ANTICAL\u00c7 DESIMPER 500ML","author":"Laura Celis","date":"juliol 7, 2020","format":false,"excerpt":"Producto formulado para la limpieza y desincrustaci\u00f3n de los dep\u00f3sitos de cal m\u00e1s dif\u00edciles, restos de jab\u00f3n, manchas de \u00f3xido y muchas otras. Probar previamente en una peque\u00f1a zona no visible de la superficie a limpiar. Posteriormente pulverizar directamente, extender y dejar actuar durante un minuto. Aclarar abundantemente con agua.","rel":"","context":"Entrada similar","block_context":{"text":"Entrada similar","link":""},"img":{"alt_text":"Antical Desimper","src":"https:\/\/i0.wp.com\/desimper.es\/wp-content\/uploads\/2020\/07\/9.png?fit=700%2C700&ssl=1&resize=350%2C200","width":350,"height":200,"srcset":"https:\/\/i0.wp.com\/desimper.es\/wp-content\/uploads\/2020\/07\/9.png?fit=700%2C700&ssl=1&resize=350%2C200 1x, https:\/\/i0.wp.com\/desimper.es\/wp-content\/uploads\/2020\/07\/9.png?fit=700%2C700&ssl=1&resize=525%2C300 1.5x, https:\/\/i0.wp.com\/desimper.es\/wp-content\/uploads\/2020\/07\/9.png?fit=700%2C700&ssl=1&resize=700%2C400 2x"},"classes":[]},{"id":4249,"url":"https:\/\/desimper.es\/ca\/tienda\/bano\/antical\/","url_meta":{"origin":1943,"position":2},"title":"ANTICAL\u00c7","author":"lauracelisb","date":"juliol 27, 2023","format":false,"excerpt":"Producto formulado para la limpieza y desincrustaci\u00f3n de los dep\u00f3sitos de cal m\u00e1s dif\u00edciles, restos de jab\u00f3n, manchas de \u00f3xido y muchas otras. Probar previamente en una peque\u00f1a zona no visible de la superficie a limpiar. Posteriormente pulverizar directamente, extender y dejar actuar durante un minuto. Aclarar abundantemente con agua.","rel":"","context":"Amb 1 comentari","block_context":{"text":"Amb 1 comentari","link":"https:\/\/desimper.es\/ca\/tienda\/bano\/antical\/#comments"},"img":{"alt_text":"","src":"https:\/\/i0.wp.com\/desimper.es\/wp-content\/uploads\/2023\/07\/32.png?fit=700%2C700&ssl=1&resize=350%2C200","width":350,"height":200,"srcset":"https:\/\/i0.wp.com\/desimper.es\/wp-content\/uploads\/2023\/07\/32.png?fit=700%2C700&ssl=1&resize=350%2C200 1x, https:\/\/i0.wp.com\/desimper.es\/wp-content\/uploads\/2023\/07\/32.png?fit=700%2C700&ssl=1&resize=525%2C300 1.5x, https:\/\/i0.wp.com\/desimper.es\/wp-content\/uploads\/2023\/07\/32.png?fit=700%2C700&ssl=1&resize=700%2C400 2x"},"classes":[]},{"id":1945,"url":"https:\/\/desimper.es\/ca\/tienda\/bano\/desincrustante-desimper-inodoros-2\/","url_meta":{"origin":1943,"position":3},"title":"DESINCRUSTANT DESIMPER WC 1L","author":"AndreuSerra","date":"abril 28, 2021","format":false,"excerpt":"Producto formulado para la limpieza, desodorizaci\u00f3n, desincrustado y abrillantado de inodoros. Proporciona un agradable olor a limpio. Para la desincrustaci\u00f3n y limpieza de inodoros y\u00a0 urinarios. Para un correcto uso, verter el producto sin disoluci\u00f3n alguna en la parte superior del inodoro. Dejar actuar y posteriormente aclarar con el agua\u2026","rel":"","context":"Entrada similar","block_context":{"text":"Entrada similar","link":""},"img":{"alt_text":"","src":"https:\/\/i0.wp.com\/desimper.es\/wp-content\/uploads\/2021\/04\/44.png?fit=700%2C700&ssl=1&resize=350%2C200","width":350,"height":200,"srcset":"https:\/\/i0.wp.com\/desimper.es\/wp-content\/uploads\/2021\/04\/44.png?fit=700%2C700&ssl=1&resize=350%2C200 1x, https:\/\/i0.wp.com\/desimper.es\/wp-content\/uploads\/2021\/04\/44.png?fit=700%2C700&ssl=1&resize=525%2C300 1.5x, https:\/\/i0.wp.com\/desimper.es\/wp-content\/uploads\/2021\/04\/44.png?fit=700%2C700&ssl=1&resize=700%2C400 2x"},"classes":[]},{"id":4292,"url":"https:\/\/desimper.es\/ca\/tienda\/bano\/multiusos-banos\/","url_meta":{"origin":1943,"position":4},"title":"MULTIUSOS BANY 1L","author":"lauracelisb","date":"agost 2, 2023","format":false,"excerpt":"Producto formulado para la limpieza y desincrustaci\u00f3n de restos de jab\u00f3n, manchas de \u00f3xido.","rel":"","context":"Entrada similar","block_context":{"text":"Entrada similar","link":""},"img":{"alt_text":"Multiusos ba\u00f1o","src":"https:\/\/i0.wp.com\/desimper.es\/wp-content\/uploads\/2023\/08\/46.png?fit=700%2C700&ssl=1&resize=350%2C200","width":350,"height":200,"srcset":"https:\/\/i0.wp.com\/desimper.es\/wp-content\/uploads\/2023\/08\/46.png?fit=700%2C700&ssl=1&resize=350%2C200 1x, https:\/\/i0.wp.com\/desimper.es\/wp-content\/uploads\/2023\/08\/46.png?fit=700%2C700&ssl=1&resize=525%2C300 1.5x, https:\/\/i0.wp.com\/desimper.es\/wp-content\/uploads\/2023\/08\/46.png?fit=700%2C700&ssl=1&resize=700%2C400 2x"},"classes":[]},{"id":1929,"url":"https:\/\/desimper.es\/ca\/tienda\/bano\/limpiador-desinfectante-clorado-uso-general-2\/","url_meta":{"origin":1943,"position":5},"title":"NETEJADOR CLORAT \u2013 \u00das general 5L","author":"AndreuSerra","date":"abril 28, 2021","format":false,"excerpt":"Eficaz limpiador l\u00edquido, concentrado, para la limpieza e higienizaci\u00f3n de pavimentos. Act\u00faa frente a residuos de jab\u00f3n y espuma seca, en duchas y ba\u00f1os y tambi\u00e9n, se puede utilizar en la limpieza del interior de inodoros y lavabos. La viscosidad del producto puede verse reducida con el paso del tiempo.\u2026","rel":"","context":"Entrada similar","block_context":{"text":"Entrada similar","link":""},"img":{"alt_text":"","src":"https:\/\/i0.wp.com\/desimper.es\/wp-content\/uploads\/2021\/04\/49.png?fit=700%2C700&ssl=1&resize=350%2C200","width":350,"height":200,"srcset":"https:\/\/i0.wp.com\/desimper.es\/wp-content\/uploads\/2021\/04\/49.png?fit=700%2C700&ssl=1&resize=350%2C200 1x, https:\/\/i0.wp.com\/desimper.es\/wp-content\/uploads\/2021\/04\/49.png?fit=700%2C700&ssl=1&resize=525%2C300 1.5x, https:\/\/i0.wp.com\/desimper.es\/wp-content\/uploads\/2021\/04\/49.png?fit=700%2C700&ssl=1&resize=700%2C400 2x"},"classes":[]}],"jetpack_sharing_enabled":true,"_links":{"self":[{"href":"https:\/\/desimper.es\/ca\/wp-json\/wp\/v2\/product\/1943","targetHints":{"allow":["GET"]}}],"collection":[{"href":"https:\/\/desimper.es\/ca\/wp-json\/wp\/v2\/product"}],"about":[{"href":"https:\/\/desimper.es\/ca\/wp-json\/wp\/v2\/types\/product"}],"replies":[{"embeddable":true,"href":"https:\/\/desimper.es\/ca\/wp-json\/wp\/v2\/comments?post=1943"}],"version-history":[{"count":1,"href":"https:\/\/desimper.es\/ca\/wp-json\/wp\/v2\/product\/1943\/revisions"}],"predecessor-version":[{"id":70208,"href":"https:\/\/desimper.es\/ca\/wp-json\/wp\/v2\/product\/1943\/revisions\/70208"}],"wp:featuredmedia":[{"embeddable":true,"href":"https:\/\/desimper.es\/ca\/wp-json\/wp\/v2\/media\/70206"}],"wp:attachment":[{"href":"https:\/\/desimper.es\/ca\/wp-json\/wp\/v2\/media?parent=1943"}],"wp:term":[{"taxonomy":"product_brand","embeddable":true,"href":"https:\/\/desimper.es\/ca\/wp-json\/wp\/v2\/product_brand?post=1943"},{"taxonomy":"product_cat","embeddable":true,"href":"https:\/\/desimper.es\/ca\/wp-json\/wp\/v2\/product_cat?post=1943"},{"taxonomy":"product_tag","embeddable":true,"href":"https:\/\/desimper.es\/ca\/wp-json\/wp\/v2\/product_tag?post=1943"}],"curies":[{"name":"wp","href":"https:\/\/api.w.org\/{rel}","templated":true}]}}