{"id":2073,"date":"2021-06-22T16:19:46","date_gmt":"2021-06-22T16:19:46","guid":{"rendered":"https:\/\/equipodesimper.com\/?post_type=product&#038;p=2073"},"modified":"2026-03-04T09:39:38","modified_gmt":"2026-03-04T09:39:38","slug":"fregasuelos-con-bioalcohol-fresh-3","status":"publish","type":"product","link":"https:\/\/desimper.es\/ca\/tienda\/bano\/fregasuelos-con-bioalcohol-fresh-3\/","title":{"rendered":"L\u00cdQUID DE FREGAR FREGAFRESH 5L"},"content":{"rendered":"\t\t<div data-elementor-type=\"product-post\" data-elementor-id=\"2073\" class=\"elementor elementor-2073\" data-elementor-post-type=\"product\">\n\t\t\t\t\t\t<section class=\"elementor-section elementor-top-section elementor-element elementor-element-38209975 elementor-section-boxed elementor-section-height-default elementor-section-height-default\" data-id=\"38209975\" data-element_type=\"section\" data-e-type=\"section\">\n\t\t\t\t\t\t<div class=\"elementor-container elementor-column-gap-default\">\n\t\t\t\t\t<div class=\"elementor-column elementor-col-100 elementor-top-column elementor-element elementor-element-217b7be5\" data-id=\"217b7be5\" data-element_type=\"column\" data-e-type=\"column\">\n\t\t\t<div class=\"elementor-widget-wrap elementor-element-populated\">\n\t\t\t\t\t\t<div class=\"elementor-element elementor-element-2ea75bdf elementor-widget elementor-widget-text-editor\" data-id=\"2ea75bdf\" data-element_type=\"widget\" data-e-type=\"widget\" data-widget_type=\"text-editor.default\">\n\t\t\t\t<div class=\"elementor-widget-container\">\n\t\t\t\t\t\t\t\t\t<div id=\"tab-product-attribute-MyOwnTab\" class=\"ui-tabs-panel ui-widget-content ui-corner-bottom\" role=\"tabpanel\" aria-labelledby=\"ui-id-2\" aria-hidden=\"false\"><div class=\"attribute\">Producto l\u00edquido, limpiador de superficies incluso de las que est\u00e1n\u00a0enceradas. No ataca ni matiza dichas superficies, destacando su brillo original. Act\u00faa frente a las suciedades y manchas de aceite. Suavemente perfumado deja un agradable aroma residual.<br \/>Producto vers\u00e1til, puede ser usado en m\u00e1quina fregadora o manualmente por pulverizaci\u00f3n. En substratos muy manchados se recomienda dosificaciones en agua de 1:8 a 1:70. Para limpieza de mantenimiento las dosis oscilan entre 1:50 a 1:70.<br \/>Eye Dam. 1: H318 &#8211; Provoca lesiones oculares graves.<br \/>P101 Si se necesita consejo m\u00e9dico, tener a mano el envase o la etiqueta. P102 Mantener fuera del alcance de los ni\u00f1os. P280 Llevar guantes\/prendas\/gafas\/m\u00e1scara de protecci\u00f3n. P305+P351+P338 EN CASO DE CONTACTO CON LOS OJOS: Enjuagar con agua cuidadosamente durante varios minutos. Quitar las lentes de contacto cuando est\u00e9n presentes y pueda hacerse con facilidad. Proseguir con el lavado. P310 Llamar inmediatamente a un CENTRO DE TOXICOLOG\u013aA\/m\u00e9dico. P501 Eliminar el contenido\/el recipiente mediante el sistema de recogida selectiva habilitado en su municipio.<br \/>EUH208 Contiene d-limoneno, Mezcla de: 5-cloro-2-metil-2H-isotiazol-3-ona [EC no. 247-500-7], 2-metil-2H-isotiazol-3-ona [EC no. 220-239-6] (3:1). Puede provocar una reacci\u00f3n al\u00e9rgica.<br \/>Sustancias que contribuyen a la clasificaci\u00f3n: Alcoholes, C12-13- ramificados y lineales, etoxilados (&gt; 5 &#8211; &lt; 15 EO).<\/div><div><a href=\"https:\/\/desimper.es\/wp-content\/uploads\/2023\/07\/LI_PF0682_FREGASUELOSFREGAFRESH.pdf\">LI_PF0682_FREGASUELOSFREGAFRESH<\/a><\/div><\/div>\t\t\t\t\t\t\t\t<\/div>\n\t\t\t\t<\/div>\n\t\t\t\t\t<\/div>\n\t\t<\/div>\n\t\t\t\t\t<\/div>\n\t\t<\/section>\n\t\t\t\t<\/div>\n\t\t","protected":false},"excerpt":{"rendered":"<p>Producte l\u00edquid, netejador de superf\u00edcies fins i tot les que estan encerades. No ataca ni matisa aquestes superf\u00edcies,\u00a0<strong>destacant la seva lluentor\u00a0<\/strong>original.<br \/>\nActua enfront de les brut\u00edcies i taques d'oli. Suaument perfumat deixa una agradable aroma residual.<br \/>\n<strong>Cont\u00e9 alcohol<\/strong> , que facilita la <strong>NETEJA<\/strong> <b>\u00a0<\/b>de les superf\u00edcies.<\/p>","protected":false},"featured_media":2591,"comment_status":"open","ping_status":"closed","template":"","meta":{"_crdt_document":"","_kad_post_transparent":"default","_kad_post_title":"","_kad_post_layout":"default","_kad_post_sidebar_id":"","_kad_post_content_style":"default","_kad_post_vertical_padding":"default","_kad_post_feature":"","_kad_post_feature_position":"","_kad_post_header":false,"_kad_post_footer":false,"_kad_post_classname":"","_joinchat":[]},"product_brand":[],"product_cat":[89,88,42,70],"product_tag":[55],"class_list":{"0":"post-2073","1":"product","2":"type-product","3":"status-publish","4":"has-post-thumbnail","6":"product_cat-bano","7":"product_cat-cocina","8":"product_cat-desinfectantes","9":"product_cat-superficies","10":"product_tag-garrafa-fregasuelos-bioalcohol-superficies","12":"first","13":"instock","14":"taxable","15":"shipping-taxable","16":"purchasable","17":"product-type-simple","18":"entry","19":"content-bg","20":"loop-entry"},"jetpack-related-posts":[{"id":1939,"url":"https:\/\/desimper.es\/ca\/tienda\/bano\/fregasuelos-con-bioalcohol-apple-2\/","url_meta":{"origin":2073,"position":0},"title":"L\u00cdQUID DE FREGAR APPLE 5L","author":"AndreuSerra","date":"abril 28, 2021","format":false,"excerpt":"Producto l\u00edquido, limpiador de superficies incluso si est\u00e1n enceradas.\u00a0No ataca ni matiza dichas superficies,\u00a0destacando su brillo original. Act\u00faa frente a las suciedades y manchas de aceite.\u00a0Suavemente perfumado deja un agradable aroma residual. Contiene alcohol, que facilita la limpieza de las superficies.","rel":"","context":"Entrada similar","block_context":{"text":"Entrada similar","link":""},"img":{"alt_text":"","src":"https:\/\/i0.wp.com\/desimper.es\/wp-content\/uploads\/2021\/04\/15.png?fit=700%2C700&ssl=1&resize=350%2C200","width":350,"height":200,"srcset":"https:\/\/i0.wp.com\/desimper.es\/wp-content\/uploads\/2021\/04\/15.png?fit=700%2C700&ssl=1&resize=350%2C200 1x, https:\/\/i0.wp.com\/desimper.es\/wp-content\/uploads\/2021\/04\/15.png?fit=700%2C700&ssl=1&resize=525%2C300 1.5x, https:\/\/i0.wp.com\/desimper.es\/wp-content\/uploads\/2021\/04\/15.png?fit=700%2C700&ssl=1&resize=700%2C400 2x"},"classes":[]},{"id":586,"url":"https:\/\/desimper.es\/ca\/tienda\/bano\/antical-desimper\/","url_meta":{"origin":2073,"position":1},"title":"ANTICAL\u00c7 DESIMPER 500ML","author":"Laura Celis","date":"juliol 7, 2020","format":false,"excerpt":"Producto formulado para la limpieza y desincrustaci\u00f3n de los dep\u00f3sitos de cal m\u00e1s dif\u00edciles, restos de jab\u00f3n, manchas de \u00f3xido y muchas otras. Probar previamente en una peque\u00f1a zona no visible de la superficie a limpiar. Posteriormente pulverizar directamente, extender y dejar actuar durante un minuto. Aclarar abundantemente con agua.","rel":"","context":"Entrada similar","block_context":{"text":"Entrada similar","link":""},"img":{"alt_text":"Antical Desimper","src":"https:\/\/i0.wp.com\/desimper.es\/wp-content\/uploads\/2020\/07\/9.png?fit=700%2C700&ssl=1&resize=350%2C200","width":350,"height":200,"srcset":"https:\/\/i0.wp.com\/desimper.es\/wp-content\/uploads\/2020\/07\/9.png?fit=700%2C700&ssl=1&resize=350%2C200 1x, https:\/\/i0.wp.com\/desimper.es\/wp-content\/uploads\/2020\/07\/9.png?fit=700%2C700&ssl=1&resize=525%2C300 1.5x, https:\/\/i0.wp.com\/desimper.es\/wp-content\/uploads\/2020\/07\/9.png?fit=700%2C700&ssl=1&resize=700%2C400 2x"},"classes":[]},{"id":4236,"url":"https:\/\/desimper.es\/ca\/tienda\/bano\/vinagre-de-limpieza-1l\/","url_meta":{"origin":2073,"position":2},"title":"VINAGRE DE NETEJA 1L","author":"lauracelisb","date":"juliol 27, 2023","format":false,"excerpt":"Producto formulado para la limpieza y desincrustaci\u00f3n de cualquier superficie, de los dep\u00f3sitos de cal m\u00e1s dif\u00edciles, restos de jab\u00f3n, manchas de \u00f3xido y muchas otras. Antical con vinagre ECOL\u00d3GICO.","rel":"","context":"Entrada similar","block_context":{"text":"Entrada similar","link":""},"img":{"alt_text":"","src":"https:\/\/i0.wp.com\/desimper.es\/wp-content\/uploads\/2023\/07\/38.png?fit=700%2C700&ssl=1&resize=350%2C200","width":350,"height":200,"srcset":"https:\/\/i0.wp.com\/desimper.es\/wp-content\/uploads\/2023\/07\/38.png?fit=700%2C700&ssl=1&resize=350%2C200 1x, https:\/\/i0.wp.com\/desimper.es\/wp-content\/uploads\/2023\/07\/38.png?fit=700%2C700&ssl=1&resize=525%2C300 1.5x, https:\/\/i0.wp.com\/desimper.es\/wp-content\/uploads\/2023\/07\/38.png?fit=700%2C700&ssl=1&resize=700%2C400 2x"},"classes":[]},{"id":4249,"url":"https:\/\/desimper.es\/ca\/tienda\/bano\/antical\/","url_meta":{"origin":2073,"position":3},"title":"ANTICAL\u00c7","author":"lauracelisb","date":"juliol 27, 2023","format":false,"excerpt":"Producto formulado para la limpieza y desincrustaci\u00f3n de los dep\u00f3sitos de cal m\u00e1s dif\u00edciles, restos de jab\u00f3n, manchas de \u00f3xido y muchas otras. Probar previamente en una peque\u00f1a zona no visible de la superficie a limpiar. Posteriormente pulverizar directamente, extender y dejar actuar durante un minuto. Aclarar abundantemente con agua.","rel":"","context":"Amb 1 comentari","block_context":{"text":"Amb 1 comentari","link":"https:\/\/desimper.es\/ca\/tienda\/bano\/antical\/#comments"},"img":{"alt_text":"","src":"https:\/\/i0.wp.com\/desimper.es\/wp-content\/uploads\/2023\/07\/32.png?fit=700%2C700&ssl=1&resize=350%2C200","width":350,"height":200,"srcset":"https:\/\/i0.wp.com\/desimper.es\/wp-content\/uploads\/2023\/07\/32.png?fit=700%2C700&ssl=1&resize=350%2C200 1x, https:\/\/i0.wp.com\/desimper.es\/wp-content\/uploads\/2023\/07\/32.png?fit=700%2C700&ssl=1&resize=525%2C300 1.5x, https:\/\/i0.wp.com\/desimper.es\/wp-content\/uploads\/2023\/07\/32.png?fit=700%2C700&ssl=1&resize=700%2C400 2x"},"classes":[]},{"id":1943,"url":"https:\/\/desimper.es\/ca\/tienda\/bano\/antical-ecologico-con-vinagre-2\/","url_meta":{"origin":2073,"position":4},"title":"VINAGRE DE NETEJA Multiusos i Ecol\u00f2gic 5L","author":"AndreuSerra","date":"abril 28, 2021","format":false,"excerpt":"Producto formulado para la limpieza y desincrustaci\u00f3n de cualquier superficie, de los dep\u00f3sitos de cal m\u00e1s dif\u00edciles, restos de jab\u00f3n, manchas de \u00f3xido y muchas otras. Antical con vinagre ECOL\u00d3GICO.","rel":"","context":"Amb 1 comentari","block_context":{"text":"Amb 1 comentari","link":"https:\/\/desimper.es\/ca\/tienda\/bano\/antical-ecologico-con-vinagre-2\/#comments"},"img":{"alt_text":"","src":"https:\/\/i0.wp.com\/desimper.es\/wp-content\/uploads\/2021\/04\/36.png?fit=700%2C700&ssl=1&resize=350%2C200","width":350,"height":200,"srcset":"https:\/\/i0.wp.com\/desimper.es\/wp-content\/uploads\/2021\/04\/36.png?fit=700%2C700&ssl=1&resize=350%2C200 1x, https:\/\/i0.wp.com\/desimper.es\/wp-content\/uploads\/2021\/04\/36.png?fit=700%2C700&ssl=1&resize=525%2C300 1.5x, https:\/\/i0.wp.com\/desimper.es\/wp-content\/uploads\/2021\/04\/36.png?fit=700%2C700&ssl=1&resize=700%2C400 2x"},"classes":[]},{"id":2087,"url":"https:\/\/desimper.es\/ca\/tienda\/textil\/detergente-textil-con-oxigeno-activo\/","url_meta":{"origin":2073,"position":5},"title":"DETERGENT T\u00c8XTIL AMB OXIGEN ACTIU 5L","author":"Carmen Bard\u00f3n Blanco","date":"juny 22, 2021","format":false,"excerpt":"Detergente textil oxigenado, perfecto para eliminar todo tipo de manchas oxidantes (sangre, caf\u00e9, chocolate,...) y limpieza\u00a0de la ropa, tanto blanca como de color.\u00a0Delicado con las prendas. Constituye un reforzante y activador, que ayuda al detergente a eliminar las manchas en las prendas m\u00e1s delicadas.","rel":"","context":"Entrada similar","block_context":{"text":"Entrada similar","link":""},"img":{"alt_text":"Detergente textil con oxigeno activo","src":"https:\/\/i0.wp.com\/desimper.es\/wp-content\/uploads\/2021\/06\/57-1.png?fit=700%2C700&ssl=1&resize=350%2C200","width":350,"height":200,"srcset":"https:\/\/i0.wp.com\/desimper.es\/wp-content\/uploads\/2021\/06\/57-1.png?fit=700%2C700&ssl=1&resize=350%2C200 1x, https:\/\/i0.wp.com\/desimper.es\/wp-content\/uploads\/2021\/06\/57-1.png?fit=700%2C700&ssl=1&resize=525%2C300 1.5x, https:\/\/i0.wp.com\/desimper.es\/wp-content\/uploads\/2021\/06\/57-1.png?fit=700%2C700&ssl=1&resize=700%2C400 2x"},"classes":[]}],"jetpack_sharing_enabled":true,"_links":{"self":[{"href":"https:\/\/desimper.es\/ca\/wp-json\/wp\/v2\/product\/2073","targetHints":{"allow":["GET"]}}],"collection":[{"href":"https:\/\/desimper.es\/ca\/wp-json\/wp\/v2\/product"}],"about":[{"href":"https:\/\/desimper.es\/ca\/wp-json\/wp\/v2\/types\/product"}],"replies":[{"embeddable":true,"href":"https:\/\/desimper.es\/ca\/wp-json\/wp\/v2\/comments?post=2073"}],"version-history":[{"count":5,"href":"https:\/\/desimper.es\/ca\/wp-json\/wp\/v2\/product\/2073\/revisions"}],"predecessor-version":[{"id":70418,"href":"https:\/\/desimper.es\/ca\/wp-json\/wp\/v2\/product\/2073\/revisions\/70418"}],"wp:featuredmedia":[{"embeddable":true,"href":"https:\/\/desimper.es\/ca\/wp-json\/wp\/v2\/media\/2591"}],"wp:attachment":[{"href":"https:\/\/desimper.es\/ca\/wp-json\/wp\/v2\/media?parent=2073"}],"wp:term":[{"taxonomy":"product_brand","embeddable":true,"href":"https:\/\/desimper.es\/ca\/wp-json\/wp\/v2\/product_brand?post=2073"},{"taxonomy":"product_cat","embeddable":true,"href":"https:\/\/desimper.es\/ca\/wp-json\/wp\/v2\/product_cat?post=2073"},{"taxonomy":"product_tag","embeddable":true,"href":"https:\/\/desimper.es\/ca\/wp-json\/wp\/v2\/product_tag?post=2073"}],"curies":[{"name":"wp","href":"https:\/\/api.w.org\/{rel}","templated":true}]}}