{"id":2087,"date":"2021-06-22T16:19:47","date_gmt":"2021-06-22T16:19:47","guid":{"rendered":"https:\/\/equipodesimper.com\/?post_type=product&#038;p=2087"},"modified":"2026-02-23T15:40:13","modified_gmt":"2026-02-23T15:40:13","slug":"detergente-textil-con-oxigeno-activo","status":"publish","type":"product","link":"https:\/\/desimper.es\/ca\/tienda\/textil\/detergente-textil-con-oxigeno-activo\/","title":{"rendered":"DETERGENT T\u00c8XTIL AMB OXIGEN ACTIU 5L"},"content":{"rendered":"<div id=\"tab-product-attribute-MyOwnTab\" class=\"ui-tabs-panel ui-widget-content ui-corner-bottom\" role=\"tabpanel\" aria-labelledby=\"ui-id-2\" aria-hidden=\"false\">\n<div class=\"attribute\">Detergent t\u00e8xtil l\u00edquid per a l'eliminaci\u00f3 de taques i neteja de roba, tant blanca com de color. Constitueix un refor\u00e7ant i activador, que ajuda el detergent a eliminar les taques en les peces m\u00e9s delicades.<br \/>\nEye Dam. 1: Provoca lesions oculars greus Aquatic Acute 1: Molt t\u00f2xic per als organismes aqu\u00e0tics<br \/>\nSi es necessita consell m\u00e8dic, tenir a m\u00e0 l'env\u00e0s o l'etiqueta. Mantenir fora de l'abast dels nens. Evitar el seu alliberament al medi ambient. Portar guants\/prenguis\/portes mala sort\/m\u00e0scara de protecci\u00f3. EN CAS DE CONTACTE AMB ELS ULLS: Aclarir acuradament amb aigua durant diversos minuts. Llevar les lents de contacte, si porta i resulta f\u00e0cil. Continuar aclarint. Cridar immediatament a un CENTRE D'INFORMACI\u00d3 TOXICOL\u00d2GICA o a un metge. Recollir l'abocament. Elimini's el contingut i\/o el seu recipient mitjan\u00e7ant el sistema de recollida selectiva habilitat en el seu municipi.<br \/>\nSubst\u00e0ncies que contribueixen a la classificaci\u00f3: Alcohols, C12-14, etoxilados (7 EO); Per\u00f2xid d'hidrogen<br \/>\nCont\u00e9: Blanquejants oxigenats (5 &lt;= % (p\/p) &lt; 15), Tensioactius no i\u00f2nics (15 &lt;= % (p\/p) &lt; 30), Perfum; Frag\u00e0ncies al\u00b7lerg\u00f2genes: d-limoneno (D-LIMONENE).<br \/>\nMantenir fora de l'abast dels nens. No Ingerir.  En cas d'accident consultar al Servei M\u00e8dic d'informaci\u00f3 Toxicol\u00f2gica, tel\u00e8fon 91 562 04 20.<\/div>\n<div><a href=\"https:\/\/desimper.es\/wp-content\/uploads\/2021\/06\/LI_PF0512_DETERGENTEOXIGENADO.pdf\">LI_PF0512_DETERGENTEOXIGENADO<\/a><\/div>\n<div><\/div>\n<\/div>","protected":false},"excerpt":{"rendered":"<p>Detergent t\u00e8xtil oxigenat, perfecte per a eliminar tot tipus de taques oxidants (sang, caf\u00e8, xocolata,\u2026) i neteja<strong>\u00a0de la roba, tant blanca com de color.<\/strong>\u00a0Delicat amb les peces.<br \/>\nConstitueix un refor\u00e7ant i activador, que ajuda al detergent a eliminar les taques en les peces m\u00e9s delicades.<\/p>","protected":false},"featured_media":70415,"comment_status":"open","ping_status":"closed","template":"","meta":{"_crdt_document":"","_kad_post_transparent":"","_kad_post_title":"","_kad_post_layout":"","_kad_post_sidebar_id":"","_kad_post_content_style":"","_kad_post_vertical_padding":"","_kad_post_feature":"","_kad_post_feature_position":"","_kad_post_header":false,"_kad_post_footer":false,"_kad_post_classname":"","_joinchat":[]},"product_brand":[],"product_cat":[71],"product_tag":[53],"class_list":{"0":"post-2087","1":"product","2":"type-product","3":"status-publish","4":"has-post-thumbnail","6":"product_cat-textil","7":"product_tag-garrafa-detergente-textil","9":"first","10":"instock","11":"taxable","12":"shipping-taxable","13":"purchasable","14":"product-type-simple","15":"entry","16":"content-bg","17":"loop-entry"},"jetpack-related-posts":[{"id":1957,"url":"https:\/\/desimper.es\/ca\/tienda\/textil\/detergente-textil-ropa-blanca-y-de-color\/","url_meta":{"origin":2087,"position":0},"title":"DETERGENT ROBA BLANCA I DE COLOR 5L","author":"AndreuSerra","date":"abril 28, 2021","format":false,"excerpt":"Garrafa de 5 litros de Detergente l\u00edquido especialmente formulado para el lavado de ropa de alta eficacia sobre manchas de origen biol\u00f3gico, sangre, leche, huevos, salsas,\u00a0etc. Puede combinarse durante la fase de blanqueo con cualquier oxidante, dando a los tejidos una elevada blancura y logrando un desmanchando perfecto. Su mezcla\u2026","rel":"","context":"Entrada similar","block_context":{"text":"Entrada similar","link":""},"img":{"alt_text":"","src":"https:\/\/i0.wp.com\/desimper.es\/wp-content\/uploads\/2021\/04\/59.png?fit=700%2C700&ssl=1&resize=350%2C200","width":350,"height":200,"srcset":"https:\/\/i0.wp.com\/desimper.es\/wp-content\/uploads\/2021\/04\/59.png?fit=700%2C700&ssl=1&resize=350%2C200 1x, https:\/\/i0.wp.com\/desimper.es\/wp-content\/uploads\/2021\/04\/59.png?fit=700%2C700&ssl=1&resize=525%2C300 1.5x, https:\/\/i0.wp.com\/desimper.es\/wp-content\/uploads\/2021\/04\/59.png?fit=700%2C700&ssl=1&resize=700%2C400 2x"},"classes":[]},{"id":42960,"url":"https:\/\/desimper.es\/ca\/tienda\/textil\/detergente-concentrado-3l\/","url_meta":{"origin":2087,"position":1},"title":"DETERGENTE CONCENTRADO 3L","author":"Laura Celis","date":"agost 28, 2025","format":false,"excerpt":"Botella de 3 litros de Detergente l\u00edquido especialmente formulado para el lavado de ropa de alta eficacia sobre manchas de origen biol\u00f3gico, sangre, leche, huevos, salsas,\u00a0etc. Puede combinarse durante la fase de blanqueo con cualquier oxidante, dando a los tejidos una elevada blancura y logrando un desmanchando perfecto. Su mezcla\u2026","rel":"","context":"Entrada similar","block_context":{"text":"Entrada similar","link":""},"img":{"alt_text":"Detergente Concentrado 3L","src":"https:\/\/i0.wp.com\/desimper.es\/wp-content\/uploads\/2025\/08\/DetergenteConcentrado_3L.png?fit=700%2C700&ssl=1&resize=350%2C200","width":350,"height":200,"srcset":"https:\/\/i0.wp.com\/desimper.es\/wp-content\/uploads\/2025\/08\/DetergenteConcentrado_3L.png?fit=700%2C700&ssl=1&resize=350%2C200 1x, https:\/\/i0.wp.com\/desimper.es\/wp-content\/uploads\/2025\/08\/DetergenteConcentrado_3L.png?fit=700%2C700&ssl=1&resize=525%2C300 1.5x, https:\/\/i0.wp.com\/desimper.es\/wp-content\/uploads\/2025\/08\/DetergenteConcentrado_3L.png?fit=700%2C700&ssl=1&resize=700%2C400 2x"},"classes":[]},{"id":4242,"url":"https:\/\/desimper.es\/ca\/tienda\/textil\/detergente-ropa-blanca-y-color-500ml\/","url_meta":{"origin":2087,"position":2},"title":"DETERGENT CONCENTRAT 500ml","author":"lauracelisb","date":"juliol 27, 2023","format":false,"excerpt":"Detergente l\u00edquido especialmente formulado para el lavado de ropa de alta eficacia sobre manchas de origen biol\u00f3gico, sangre, leche, huevos, salsas,\u00a0etc. Puede combinarse durante la fase de blanqueo con cualquier oxidante, dando a los tejidos una elevada blancura y logrando un desmanchando perfecto. Su mezcla sin\u00e9rgica de componentes no posee\u2026","rel":"","context":"Entrada similar","block_context":{"text":"Entrada similar","link":""},"img":{"alt_text":"","src":"https:\/\/i0.wp.com\/desimper.es\/wp-content\/uploads\/2023\/07\/17.png?fit=700%2C700&ssl=1&resize=350%2C200","width":350,"height":200,"srcset":"https:\/\/i0.wp.com\/desimper.es\/wp-content\/uploads\/2023\/07\/17.png?fit=700%2C700&ssl=1&resize=350%2C200 1x, https:\/\/i0.wp.com\/desimper.es\/wp-content\/uploads\/2023\/07\/17.png?fit=700%2C700&ssl=1&resize=525%2C300 1.5x, https:\/\/i0.wp.com\/desimper.es\/wp-content\/uploads\/2023\/07\/17.png?fit=700%2C700&ssl=1&resize=700%2C400 2x"},"classes":[]},{"id":42992,"url":"https:\/\/desimper.es\/ca\/tienda\/packs-ahorro\/pack-textil-esencial\/","url_meta":{"origin":2087,"position":3},"title":"PACK TEXTIL ESENCIAL","author":"Laura Celis","date":"agost 28, 2025","format":false,"excerpt":"Cuida tu ropa como se merece! Incluye potentes quitamanchas, detergentes con ox\u00edgeno activo y un suavizante encapsulado de larga duraci\u00f3n. Ideal para mantener tus prendas limpias, frescas y como nuevas. *Env\u00edo gratis en Mallorca","rel":"","context":"Entrada similar","block_context":{"text":"Entrada similar","link":""},"img":{"alt_text":"Pack Esencial","src":"https:\/\/i0.wp.com\/desimper.es\/wp-content\/uploads\/2025\/08\/PACK-textil-scaled.png?fit=1200%2C1200&ssl=1&resize=350%2C200","width":350,"height":200,"srcset":"https:\/\/i0.wp.com\/desimper.es\/wp-content\/uploads\/2025\/08\/PACK-textil-scaled.png?fit=1200%2C1200&ssl=1&resize=350%2C200 1x, https:\/\/i0.wp.com\/desimper.es\/wp-content\/uploads\/2025\/08\/PACK-textil-scaled.png?fit=1200%2C1200&ssl=1&resize=525%2C300 1.5x, https:\/\/i0.wp.com\/desimper.es\/wp-content\/uploads\/2025\/08\/PACK-textil-scaled.png?fit=1200%2C1200&ssl=1&resize=700%2C400 2x, https:\/\/i0.wp.com\/desimper.es\/wp-content\/uploads\/2025\/08\/PACK-textil-scaled.png?fit=1200%2C1200&ssl=1&resize=1050%2C600 3x"},"classes":[]},{"id":4249,"url":"https:\/\/desimper.es\/ca\/tienda\/bano\/antical\/","url_meta":{"origin":2087,"position":4},"title":"ANTICAL\u00c7","author":"lauracelisb","date":"juliol 27, 2023","format":false,"excerpt":"Producto formulado para la limpieza y desincrustaci\u00f3n de los dep\u00f3sitos de cal m\u00e1s dif\u00edciles, restos de jab\u00f3n, manchas de \u00f3xido y muchas otras. Probar previamente en una peque\u00f1a zona no visible de la superficie a limpiar. Posteriormente pulverizar directamente, extender y dejar actuar durante un minuto. Aclarar abundantemente con agua.","rel":"","context":"Amb 1 comentari","block_context":{"text":"Amb 1 comentari","link":"https:\/\/desimper.es\/ca\/tienda\/bano\/antical\/#comments"},"img":{"alt_text":"","src":"https:\/\/i0.wp.com\/desimper.es\/wp-content\/uploads\/2023\/07\/32.png?fit=700%2C700&ssl=1&resize=350%2C200","width":350,"height":200,"srcset":"https:\/\/i0.wp.com\/desimper.es\/wp-content\/uploads\/2023\/07\/32.png?fit=700%2C700&ssl=1&resize=350%2C200 1x, https:\/\/i0.wp.com\/desimper.es\/wp-content\/uploads\/2023\/07\/32.png?fit=700%2C700&ssl=1&resize=525%2C300 1.5x, https:\/\/i0.wp.com\/desimper.es\/wp-content\/uploads\/2023\/07\/32.png?fit=700%2C700&ssl=1&resize=700%2C400 2x"},"classes":[]},{"id":1939,"url":"https:\/\/desimper.es\/ca\/tienda\/bano\/fregasuelos-con-bioalcohol-apple-2\/","url_meta":{"origin":2087,"position":5},"title":"L\u00cdQUID DE FREGAR APPLE 5L","author":"AndreuSerra","date":"abril 28, 2021","format":false,"excerpt":"Producto l\u00edquido, limpiador de superficies incluso si est\u00e1n enceradas.\u00a0No ataca ni matiza dichas superficies,\u00a0destacando su brillo original. Act\u00faa frente a las suciedades y manchas de aceite.\u00a0Suavemente perfumado deja un agradable aroma residual. Contiene alcohol, que facilita la limpieza de las superficies.","rel":"","context":"Entrada similar","block_context":{"text":"Entrada similar","link":""},"img":{"alt_text":"","src":"https:\/\/i0.wp.com\/desimper.es\/wp-content\/uploads\/2021\/04\/15.png?fit=700%2C700&ssl=1&resize=350%2C200","width":350,"height":200,"srcset":"https:\/\/i0.wp.com\/desimper.es\/wp-content\/uploads\/2021\/04\/15.png?fit=700%2C700&ssl=1&resize=350%2C200 1x, https:\/\/i0.wp.com\/desimper.es\/wp-content\/uploads\/2021\/04\/15.png?fit=700%2C700&ssl=1&resize=525%2C300 1.5x, https:\/\/i0.wp.com\/desimper.es\/wp-content\/uploads\/2021\/04\/15.png?fit=700%2C700&ssl=1&resize=700%2C400 2x"},"classes":[]}],"jetpack_sharing_enabled":true,"_links":{"self":[{"href":"https:\/\/desimper.es\/ca\/wp-json\/wp\/v2\/product\/2087","targetHints":{"allow":["GET"]}}],"collection":[{"href":"https:\/\/desimper.es\/ca\/wp-json\/wp\/v2\/product"}],"about":[{"href":"https:\/\/desimper.es\/ca\/wp-json\/wp\/v2\/types\/product"}],"replies":[{"embeddable":true,"href":"https:\/\/desimper.es\/ca\/wp-json\/wp\/v2\/comments?post=2087"}],"version-history":[{"count":2,"href":"https:\/\/desimper.es\/ca\/wp-json\/wp\/v2\/product\/2087\/revisions"}],"predecessor-version":[{"id":70186,"href":"https:\/\/desimper.es\/ca\/wp-json\/wp\/v2\/product\/2087\/revisions\/70186"}],"wp:featuredmedia":[{"embeddable":true,"href":"https:\/\/desimper.es\/ca\/wp-json\/wp\/v2\/media\/70415"}],"wp:attachment":[{"href":"https:\/\/desimper.es\/ca\/wp-json\/wp\/v2\/media?parent=2087"}],"wp:term":[{"taxonomy":"product_brand","embeddable":true,"href":"https:\/\/desimper.es\/ca\/wp-json\/wp\/v2\/product_brand?post=2087"},{"taxonomy":"product_cat","embeddable":true,"href":"https:\/\/desimper.es\/ca\/wp-json\/wp\/v2\/product_cat?post=2087"},{"taxonomy":"product_tag","embeddable":true,"href":"https:\/\/desimper.es\/ca\/wp-json\/wp\/v2\/product_tag?post=2087"}],"curies":[{"name":"wp","href":"https:\/\/api.w.org\/{rel}","templated":true}]}}