{"id":2619,"date":"2023-03-20T17:24:25","date_gmt":"2023-03-20T17:24:25","guid":{"rendered":"http:\/\/desimper.live-website.com\/?post_type=product&#038;p=2619"},"modified":"2026-03-04T09:41:15","modified_gmt":"2026-03-04T09:41:15","slug":"lavavajillas-dermoprotector-desimper-4","status":"publish","type":"product","link":"https:\/\/desimper.es\/ca\/tienda\/cocina\/lavavajillas-dermoprotector-desimper-4\/","title":{"rendered":"RENTAVAIXELLA MANUAL DESIMPER 5L"},"content":{"rendered":"<div id=\"tab-product-attribute-MyOwnTab\" class=\"ui-tabs-panel ui-widget-content ui-corner-bottom\" role=\"tabpanel\" aria-labelledby=\"ui-id-2\" aria-hidden=\"false\">\n<div class=\"attribute\">\n<p>Lavavajillas para lavar a mano. Tiene una gran duraci\u00f3n porque\u00a0est\u00e1 muy concentrado.\u00a0No contiene ni disolventes ni abrasivos, por lo que es\u00a0<strong>delicado\u00a0<\/strong>con las ollas, sartenes, cer\u00e1micas, cristales,&#8230;\u00a0Permite altas diluciones y\u00a0<strong>gran econom\u00eda.\u00a0<\/strong>Eficaz contra todo tipo de suciedades org\u00e1nicas e inorg\u00e1nicas.\u00a0Contiene amidas que\u00a0<strong>protegen la piel.\u00a0<\/strong>No afecta a las pinturas.<\/p>\n<p>Eye Irrit. 2: H319 &#8211; Provoca irritaci\u00f3n ocular grave.<br \/>\nP264 Lavarse concienzudamente tras la manipulaci\u00f3n. P280 Llevar guantes\/prendas\/gafas\/m\u00e1scara de protecci\u00f3n. P305+P351+P338 EN CASO DE CONTACTO CON LOS OJOS: Enjuagar con agua cuidadosamente durante varios minutos. Quitar las lentes de contacto cuando est\u00e9n presentes y pueda hacerse con facilidad. Proseguir con el lavado. P337+P313 Si persiste la irritaci\u00f3n ocular: Consultar a un m\u00e9dico.<br \/>\nEUH208 Contiene Mezcla de: 5-cloro-2-metil-2H-isotiazol-3-ona [EC no. 247-500-7], 2-metil-2H-isotiazol-3-ona [EC no. 220-239-6] (3:1). Puede provocar una reacci\u00f3n al\u00e9rgica.<br \/>\nContiene: Tensioactivos ani\u00f3nicos (% (p\/p) &lt; 5), Tensioactivos anfot\u00e9ricos (% (p\/p) &lt; 5), Perfume; Agentes conservantes: 2-metil-2H-isotiazol-3-ona (METHYLISOTHIAZOLINONE), Mezcla de: 5-cloro-2-metil-2H-isotiazol-3-ona [EC no. 247-500-7], 2-metil-2H-isotiazol-3-ona [EC no. 220-239-6] (3:1).<\/p>\n<p><a href=\"https:\/\/desimper.es\/wp-content\/uploads\/2023\/03\/LI_PF0387_LAVAVAJILLASMANUAL.pdf\">LI_PF0387_LAVAVAJILLASMANUAL<\/a><\/p>\n<\/div>\n<\/div>\n","protected":false},"excerpt":{"rendered":"<p>Rentavaixella per a rentar a m\u00e0. T\u00e9 una gran durada perqu\u00e8 est\u00e0\u00a0<strong>molt concentrat.<\/strong><br \/>\nNo cont\u00e9 ni dissolvents ni abrasius, per la qual cosa \u00e9s\u00a0<strong>delicat\u00a0<\/strong>amb les olles, paelles, cer\u00e0miques, cristalls,\u2026<br \/>\nPermet altes dilucions i\u00a0<strong>gran economia.<\/strong><br \/>\nEfica\u00e7 contra tota mena de brut\u00edcies org\u00e0niques i inorg\u00e0niques.<br \/>\n<strong>Cont\u00e9 amides que protegeixen la pell.<\/strong><br \/>\nNo afecta a les pintures.<\/p>","protected":false},"featured_media":70174,"comment_status":"open","ping_status":"closed","template":"","meta":{"_crdt_document":"","_kad_post_transparent":"default","_kad_post_title":"","_kad_post_layout":"default","_kad_post_sidebar_id":"","_kad_post_content_style":"default","_kad_post_vertical_padding":"default","_kad_post_feature":"","_kad_post_feature_position":"","_kad_post_header":false,"_kad_post_footer":false,"_kad_post_classname":"","_joinchat":[]},"product_brand":[],"product_cat":[88],"product_tag":[34],"class_list":{"0":"post-2619","1":"product","2":"type-product","3":"status-publish","4":"has-post-thumbnail","6":"product_cat-cocina","7":"product_tag-botella-lavavajillas-manual-superficies","9":"first","10":"instock","11":"taxable","12":"shipping-taxable","13":"purchasable","14":"product-type-simple","15":"entry","16":"content-bg","17":"loop-entry"},"jetpack-related-posts":[{"id":2069,"url":"https:\/\/desimper.es\/ca\/tienda\/cocina\/lavavajillas-dermoprotector-desimper-3\/","url_meta":{"origin":2619,"position":0},"title":"RENTAVAIXELLA MANUAL DESIMPER 1L","author":"Carmen Bard\u00f3n Blanco","date":"juny 22, 2021","format":false,"excerpt":"Lavavajillas para lavar a mano. Tiene una gran duraci\u00f3n porque\u00a0est\u00e1\u00a0muy concentrado. No contiene ni disolventes ni abrasivos, por lo que es\u00a0delicado\u00a0con las ollas, sartenes, cer\u00e1micas, cristales,... Permite altas diluciones y\u00a0gran econom\u00eda. Eficaz contra todo tipo de suciedades org\u00e1nicas e inorg\u00e1nicas. Contiene amidas que protegen la piel. No afecta a las\u2026","rel":"","context":"Entrada similar","block_context":{"text":"Entrada similar","link":""},"img":{"alt_text":"","src":"https:\/\/i0.wp.com\/desimper.es\/wp-content\/uploads\/2021\/06\/13.png?fit=700%2C700&ssl=1&resize=350%2C200","width":350,"height":200,"srcset":"https:\/\/i0.wp.com\/desimper.es\/wp-content\/uploads\/2021\/06\/13.png?fit=700%2C700&ssl=1&resize=350%2C200 1x, https:\/\/i0.wp.com\/desimper.es\/wp-content\/uploads\/2021\/06\/13.png?fit=700%2C700&ssl=1&resize=525%2C300 1.5x, https:\/\/i0.wp.com\/desimper.es\/wp-content\/uploads\/2021\/06\/13.png?fit=700%2C700&ssl=1&resize=700%2C400 2x"},"classes":[]},{"id":4292,"url":"https:\/\/desimper.es\/ca\/tienda\/bano\/multiusos-banos\/","url_meta":{"origin":2619,"position":1},"title":"MULTIUSOS BANY 1L","author":"lauracelisb","date":"agost 2, 2023","format":false,"excerpt":"Producto formulado para la limpieza y desincrustaci\u00f3n de restos de jab\u00f3n, manchas de \u00f3xido.","rel":"","context":"Entrada similar","block_context":{"text":"Entrada similar","link":""},"img":{"alt_text":"Multiusos ba\u00f1o","src":"https:\/\/i0.wp.com\/desimper.es\/wp-content\/uploads\/2023\/08\/46.png?fit=700%2C700&ssl=1&resize=350%2C200","width":350,"height":200,"srcset":"https:\/\/i0.wp.com\/desimper.es\/wp-content\/uploads\/2023\/08\/46.png?fit=700%2C700&ssl=1&resize=350%2C200 1x, https:\/\/i0.wp.com\/desimper.es\/wp-content\/uploads\/2023\/08\/46.png?fit=700%2C700&ssl=1&resize=525%2C300 1.5x, https:\/\/i0.wp.com\/desimper.es\/wp-content\/uploads\/2023\/08\/46.png?fit=700%2C700&ssl=1&resize=700%2C400 2x"},"classes":[]},{"id":4240,"url":"https:\/\/desimper.es\/ca\/tienda\/bano\/limpiador-uso-general-1l\/","url_meta":{"origin":2619,"position":2},"title":"NETEJADOR GENERAL MULTI\u00daS 1L","author":"lauracelisb","date":"juliol 27, 2023","format":false,"excerpt":"Limpiador de uso general. L\u00edquido reforzado con tensioactivos para optimizar su poder\u00a0limpiador y desengrasante, tambi\u00e9n se puede usar como\u00a0antivaho en azulejos y mamparas de ducha. Su\u00a0pH neutro\u00a0hace que sea un excelente limpiador general para todo tipo de materiales y suelos. Detergente ideal para todo tipo de superficies lavables en medio\u2026","rel":"","context":"Entrada similar","block_context":{"text":"Entrada similar","link":""},"img":{"alt_text":"Limpiador General Multiusos","src":"https:\/\/i0.wp.com\/desimper.es\/wp-content\/uploads\/2023\/07\/53-1.png?fit=1200%2C1200&ssl=1&resize=350%2C200","width":350,"height":200,"srcset":"https:\/\/i0.wp.com\/desimper.es\/wp-content\/uploads\/2023\/07\/53-1.png?fit=1200%2C1200&ssl=1&resize=350%2C200 1x, https:\/\/i0.wp.com\/desimper.es\/wp-content\/uploads\/2023\/07\/53-1.png?fit=1200%2C1200&ssl=1&resize=525%2C300 1.5x, https:\/\/i0.wp.com\/desimper.es\/wp-content\/uploads\/2023\/07\/53-1.png?fit=1200%2C1200&ssl=1&resize=700%2C400 2x, https:\/\/i0.wp.com\/desimper.es\/wp-content\/uploads\/2023\/07\/53-1.png?fit=1200%2C1200&ssl=1&resize=1050%2C600 3x"},"classes":[]},{"id":1925,"url":"https:\/\/desimper.es\/ca\/tienda\/bano\/higienizante-uso-general-2\/","url_meta":{"origin":2619,"position":3},"title":"NETEJADOR GENERAL MULTI\u00daS 5L","author":"AndreuSerra","date":"abril 28, 2021","format":false,"excerpt":"Limpiador de uso general. L\u00edquido reforzado con tensioactivos para optimizar su poder\u00a0limpiador y desengrasante, tambi\u00e9n se puede usar como\u00a0antivaho en azulejos y mamparas de ducha. Su\u00a0pH neutro\u00a0hace que sea un excelente limpiador general para todo tipo de materiales y suelos. Detergente ideal para todo tipo de superficies lavables en medio\u2026","rel":"","context":"Entrada similar","block_context":{"text":"Entrada similar","link":""},"img":{"alt_text":"","src":"https:\/\/i0.wp.com\/desimper.es\/wp-content\/uploads\/2021\/04\/46.png?fit=700%2C700&ssl=1&resize=350%2C200","width":350,"height":200,"srcset":"https:\/\/i0.wp.com\/desimper.es\/wp-content\/uploads\/2021\/04\/46.png?fit=700%2C700&ssl=1&resize=350%2C200 1x, https:\/\/i0.wp.com\/desimper.es\/wp-content\/uploads\/2021\/04\/46.png?fit=700%2C700&ssl=1&resize=525%2C300 1.5x, https:\/\/i0.wp.com\/desimper.es\/wp-content\/uploads\/2021\/04\/46.png?fit=700%2C700&ssl=1&resize=700%2C400 2x"},"classes":[]},{"id":1939,"url":"https:\/\/desimper.es\/ca\/tienda\/bano\/fregasuelos-con-bioalcohol-apple-2\/","url_meta":{"origin":2619,"position":4},"title":"L\u00cdQUID DE FREGAR APPLE 5L","author":"AndreuSerra","date":"abril 28, 2021","format":false,"excerpt":"Producto l\u00edquido, limpiador de superficies incluso si est\u00e1n enceradas.\u00a0No ataca ni matiza dichas superficies,\u00a0destacando su brillo original. Act\u00faa frente a las suciedades y manchas de aceite.\u00a0Suavemente perfumado deja un agradable aroma residual. Contiene alcohol, que facilita la limpieza de las superficies.","rel":"","context":"Entrada similar","block_context":{"text":"Entrada similar","link":""},"img":{"alt_text":"","src":"https:\/\/i0.wp.com\/desimper.es\/wp-content\/uploads\/2021\/04\/15.png?fit=700%2C700&ssl=1&resize=350%2C200","width":350,"height":200,"srcset":"https:\/\/i0.wp.com\/desimper.es\/wp-content\/uploads\/2021\/04\/15.png?fit=700%2C700&ssl=1&resize=350%2C200 1x, https:\/\/i0.wp.com\/desimper.es\/wp-content\/uploads\/2021\/04\/15.png?fit=700%2C700&ssl=1&resize=525%2C300 1.5x, https:\/\/i0.wp.com\/desimper.es\/wp-content\/uploads\/2021\/04\/15.png?fit=700%2C700&ssl=1&resize=700%2C400 2x"},"classes":[]},{"id":1417,"url":"https:\/\/desimper.es\/ca\/tienda\/bano\/desinfectante-hidroalcoholico-gel-limpieza-de-manos-y-superficies\/","url_meta":{"origin":2619,"position":5},"title":"GELBAC HIDROALCOH\u00d2LIC 5L","author":"Laura Celis","date":"agost 31, 2020","format":false,"excerpt":"Garrafa 5 litros hidroalcoh\u00f3lico para\u00a0todo tipo de\u00a0superficies\u00a0lavables, especialmente indicado para todas aquellas de contacto habitual como mesas, puertas, empu\u00f1aduras...","rel":"","context":"Entrada similar","block_context":{"text":"Entrada similar","link":""},"img":{"alt_text":"","src":"https:\/\/i0.wp.com\/desimper.es\/wp-content\/uploads\/2020\/08\/81.png?fit=700%2C700&ssl=1&resize=350%2C200","width":350,"height":200,"srcset":"https:\/\/i0.wp.com\/desimper.es\/wp-content\/uploads\/2020\/08\/81.png?fit=700%2C700&ssl=1&resize=350%2C200 1x, https:\/\/i0.wp.com\/desimper.es\/wp-content\/uploads\/2020\/08\/81.png?fit=700%2C700&ssl=1&resize=525%2C300 1.5x, https:\/\/i0.wp.com\/desimper.es\/wp-content\/uploads\/2020\/08\/81.png?fit=700%2C700&ssl=1&resize=700%2C400 2x"},"classes":[]}],"jetpack_sharing_enabled":true,"_links":{"self":[{"href":"https:\/\/desimper.es\/ca\/wp-json\/wp\/v2\/product\/2619","targetHints":{"allow":["GET"]}}],"collection":[{"href":"https:\/\/desimper.es\/ca\/wp-json\/wp\/v2\/product"}],"about":[{"href":"https:\/\/desimper.es\/ca\/wp-json\/wp\/v2\/types\/product"}],"replies":[{"embeddable":true,"href":"https:\/\/desimper.es\/ca\/wp-json\/wp\/v2\/comments?post=2619"}],"version-history":[{"count":2,"href":"https:\/\/desimper.es\/ca\/wp-json\/wp\/v2\/product\/2619\/revisions"}],"predecessor-version":[{"id":70176,"href":"https:\/\/desimper.es\/ca\/wp-json\/wp\/v2\/product\/2619\/revisions\/70176"}],"wp:featuredmedia":[{"embeddable":true,"href":"https:\/\/desimper.es\/ca\/wp-json\/wp\/v2\/media\/70174"}],"wp:attachment":[{"href":"https:\/\/desimper.es\/ca\/wp-json\/wp\/v2\/media?parent=2619"}],"wp:term":[{"taxonomy":"product_brand","embeddable":true,"href":"https:\/\/desimper.es\/ca\/wp-json\/wp\/v2\/product_brand?post=2619"},{"taxonomy":"product_cat","embeddable":true,"href":"https:\/\/desimper.es\/ca\/wp-json\/wp\/v2\/product_cat?post=2619"},{"taxonomy":"product_tag","embeddable":true,"href":"https:\/\/desimper.es\/ca\/wp-json\/wp\/v2\/product_tag?post=2619"}],"curies":[{"name":"wp","href":"https:\/\/api.w.org\/{rel}","templated":true}]}}