{"id":2935,"date":"2023-04-20T09:48:26","date_gmt":"2023-04-20T09:48:26","guid":{"rendered":"http:\/\/desimper.live-website.com\/?post_type=product&#038;p=2935"},"modified":"2026-02-23T15:41:11","modified_gmt":"2026-02-23T15:41:11","slug":"pasta-desmanchante","status":"publish","type":"product","link":"https:\/\/desimper.es\/ca\/tienda\/textil\/pasta-desmanchante\/","title":{"rendered":"PASTA BLANCA LLEVATAQUES"},"content":{"rendered":"<p>Pastura llevataques, producte d'elevat contingut actiu que en ser aplicat sobre taques rebels i persistents queden eliminades.<\/p>\n<p><a href=\"https:\/\/desimper.es\/wp-content\/uploads\/2023\/04\/LI_PF0642_PASTADESMANCHANTE.pdf\">LI_PF0642_PASTADESMANCHANTE<\/a><\/p>","protected":false},"excerpt":{"rendered":"<p>Pastura llevataques, producte d'elevat contingut actiu que en ser aplicat sobre taques rebels i persistents queden eliminades.<\/p>","protected":false},"featured_media":70416,"comment_status":"open","ping_status":"closed","template":"","meta":{"_crdt_document":"","_kad_post_transparent":"","_kad_post_title":"","_kad_post_layout":"","_kad_post_sidebar_id":"","_kad_post_content_style":"","_kad_post_vertical_padding":"","_kad_post_feature":"","_kad_post_feature_position":"","_kad_post_header":false,"_kad_post_footer":false,"_kad_post_classname":"","_joinchat":[]},"product_brand":[],"product_cat":[71],"product_tag":[96],"class_list":{"0":"post-2935","1":"product","2":"type-product","3":"status-publish","4":"has-post-thumbnail","6":"product_cat-textil","7":"product_tag-antimanchas","9":"first","10":"instock","11":"taxable","12":"shipping-taxable","13":"purchasable","14":"product-type-simple","15":"entry","16":"content-bg","17":"loop-entry"},"jetpack-related-posts":[{"id":42992,"url":"https:\/\/desimper.es\/ca\/tienda\/packs-ahorro\/pack-textil-esencial\/","url_meta":{"origin":2935,"position":0},"title":"PACK TEXTIL ESENCIAL","author":"Laura Celis","date":"agost 28, 2025","format":false,"excerpt":"Cuida tu ropa como se merece! Incluye potentes quitamanchas, detergentes con ox\u00edgeno activo y un suavizante encapsulado de larga duraci\u00f3n. Ideal para mantener tus prendas limpias, frescas y como nuevas. *Env\u00edo gratis en Mallorca","rel":"","context":"Entrada similar","block_context":{"text":"Entrada similar","link":""},"img":{"alt_text":"Pack Esencial","src":"https:\/\/i0.wp.com\/desimper.es\/wp-content\/uploads\/2025\/08\/PACK-textil-scaled.png?fit=1200%2C1200&ssl=1&resize=350%2C200","width":350,"height":200,"srcset":"https:\/\/i0.wp.com\/desimper.es\/wp-content\/uploads\/2025\/08\/PACK-textil-scaled.png?fit=1200%2C1200&ssl=1&resize=350%2C200 1x, https:\/\/i0.wp.com\/desimper.es\/wp-content\/uploads\/2025\/08\/PACK-textil-scaled.png?fit=1200%2C1200&ssl=1&resize=525%2C300 1.5x, https:\/\/i0.wp.com\/desimper.es\/wp-content\/uploads\/2025\/08\/PACK-textil-scaled.png?fit=1200%2C1200&ssl=1&resize=700%2C400 2x, https:\/\/i0.wp.com\/desimper.es\/wp-content\/uploads\/2025\/08\/PACK-textil-scaled.png?fit=1200%2C1200&ssl=1&resize=1050%2C600 3x"},"classes":[]},{"id":564,"url":"https:\/\/desimper.es\/ca\/tienda\/textil\/suavizante-con-capsulas-de-perfume\/","url_meta":{"origin":2935,"position":1},"title":"LLEVATAQUES GRASSES 1L","author":"Laura Celis","date":"juliol 7, 2020","format":false,"excerpt":"Llevataques per a la roba que actua contra efica\u00e7ment contra les taques d'olis i grasses, SENSE LLEGIU, que penetra en els teixits eliminant qualsevol taques tant en roba blanca com en roba de color. Elimina les taques fins i tot amb aigua freda i en cicles curts i sense fregar!","rel":"","context":"Entrada similar","block_context":{"text":"Entrada similar","link":""},"img":{"alt_text":"","src":"https:\/\/i0.wp.com\/desimper.es\/wp-content\/uploads\/2020\/07\/65.png?fit=700%2C700&ssl=1&resize=350%2C200","width":350,"height":200,"srcset":"https:\/\/i0.wp.com\/desimper.es\/wp-content\/uploads\/2020\/07\/65.png?fit=700%2C700&ssl=1&resize=350%2C200 1x, https:\/\/i0.wp.com\/desimper.es\/wp-content\/uploads\/2020\/07\/65.png?fit=700%2C700&ssl=1&resize=525%2C300 1.5x, https:\/\/i0.wp.com\/desimper.es\/wp-content\/uploads\/2020\/07\/65.png?fit=700%2C700&ssl=1&resize=700%2C400 2x"},"classes":[]},{"id":575,"url":"https:\/\/desimper.es\/ca\/tienda\/cocina\/triple-desengrasante-desimper-2\/","url_meta":{"origin":2935,"position":2},"title":"TRIPLE DESGREIXADOR DESIMPER 1L","author":"Laura Celis","date":"juliol 7, 2020","format":false,"excerpt":"Producto id\u00f3neo para la\u00a0limpieza de grasas, aceites requemados y suciedades persistentes. Su elevada concentraci\u00f3n y viscosidad permite que el producto se adhiera sobre la suciedad y el desengrase sea m\u00e1s efectivo. Permite uso en fr\u00edo,\u00a0saponificando de inmediato aceites y grasas animales y vegetales.","rel":"","context":"Amb 1 comentari","block_context":{"text":"Amb 1 comentari","link":"https:\/\/desimper.es\/ca\/tienda\/cocina\/triple-desengrasante-desimper-2\/#comments"},"img":{"alt_text":"Triple desengrasante Desimper","src":"https:\/\/i0.wp.com\/desimper.es\/wp-content\/uploads\/2020\/07\/94.png?fit=700%2C700&ssl=1&resize=350%2C200","width":350,"height":200,"srcset":"https:\/\/i0.wp.com\/desimper.es\/wp-content\/uploads\/2020\/07\/94.png?fit=700%2C700&ssl=1&resize=350%2C200 1x, https:\/\/i0.wp.com\/desimper.es\/wp-content\/uploads\/2020\/07\/94.png?fit=700%2C700&ssl=1&resize=525%2C300 1.5x, https:\/\/i0.wp.com\/desimper.es\/wp-content\/uploads\/2020\/07\/94.png?fit=700%2C700&ssl=1&resize=700%2C400 2x"},"classes":[]},{"id":2555,"url":"https:\/\/desimper.es\/ca\/tienda\/cocina\/triple-desengrasante-desimper-copia\/","url_meta":{"origin":2935,"position":3},"title":"TRIPLE DESGREIXADOR DESIMPER 5L","author":"Laura Celis","date":"febrer 14, 2023","format":false,"excerpt":"Producto id\u00f3neo para la\u00a0limpieza de grasas, aceites requemados y suciedades persistentes. Su elevada concentraci\u00f3n y viscosidad permite que el producto se adhiera sobre la suciedad y el desengrase sea m\u00e1s efectivo. Permite uso en fr\u00edo,\u00a0saponificando de inmediato aceites y grasas animales y vegetales.","rel":"","context":"Entrada similar","block_context":{"text":"Entrada similar","link":""},"img":{"alt_text":"","src":"https:\/\/i0.wp.com\/desimper.es\/wp-content\/uploads\/2023\/02\/7.png?fit=700%2C700&ssl=1&resize=350%2C200","width":350,"height":200,"srcset":"https:\/\/i0.wp.com\/desimper.es\/wp-content\/uploads\/2023\/02\/7.png?fit=700%2C700&ssl=1&resize=350%2C200 1x, https:\/\/i0.wp.com\/desimper.es\/wp-content\/uploads\/2023\/02\/7.png?fit=700%2C700&ssl=1&resize=525%2C300 1.5x, https:\/\/i0.wp.com\/desimper.es\/wp-content\/uploads\/2023\/02\/7.png?fit=700%2C700&ssl=1&resize=700%2C400 2x"},"classes":[]},{"id":1929,"url":"https:\/\/desimper.es\/ca\/tienda\/bano\/limpiador-desinfectante-clorado-uso-general-2\/","url_meta":{"origin":2935,"position":4},"title":"NETEJADOR CLORAT \u2013 \u00das general 5L","author":"AndreuSerra","date":"abril 28, 2021","format":false,"excerpt":"Eficaz limpiador l\u00edquido, concentrado, para la limpieza e higienizaci\u00f3n de pavimentos. Act\u00faa frente a residuos de jab\u00f3n y espuma seca, en duchas y ba\u00f1os y tambi\u00e9n, se puede utilizar en la limpieza del interior de inodoros y lavabos. La viscosidad del producto puede verse reducida con el paso del tiempo.\u2026","rel":"","context":"Entrada similar","block_context":{"text":"Entrada similar","link":""},"img":{"alt_text":"","src":"https:\/\/i0.wp.com\/desimper.es\/wp-content\/uploads\/2021\/04\/49.png?fit=700%2C700&ssl=1&resize=350%2C200","width":350,"height":200,"srcset":"https:\/\/i0.wp.com\/desimper.es\/wp-content\/uploads\/2021\/04\/49.png?fit=700%2C700&ssl=1&resize=350%2C200 1x, https:\/\/i0.wp.com\/desimper.es\/wp-content\/uploads\/2021\/04\/49.png?fit=700%2C700&ssl=1&resize=525%2C300 1.5x, https:\/\/i0.wp.com\/desimper.es\/wp-content\/uploads\/2021\/04\/49.png?fit=700%2C700&ssl=1&resize=700%2C400 2x"},"classes":[]},{"id":2087,"url":"https:\/\/desimper.es\/ca\/tienda\/textil\/detergente-textil-con-oxigeno-activo\/","url_meta":{"origin":2935,"position":5},"title":"DETERGENT T\u00c8XTIL AMB OXIGEN ACTIU 5L","author":"Carmen Bard\u00f3n Blanco","date":"juny 22, 2021","format":false,"excerpt":"Detergente textil oxigenado, perfecto para eliminar todo tipo de manchas oxidantes (sangre, caf\u00e9, chocolate,...) y limpieza\u00a0de la ropa, tanto blanca como de color.\u00a0Delicado con las prendas. Constituye un reforzante y activador, que ayuda al detergente a eliminar las manchas en las prendas m\u00e1s delicadas.","rel":"","context":"Entrada similar","block_context":{"text":"Entrada similar","link":""},"img":{"alt_text":"Detergente textil con oxigeno activo","src":"https:\/\/i0.wp.com\/desimper.es\/wp-content\/uploads\/2021\/06\/57-1.png?fit=700%2C700&ssl=1&resize=350%2C200","width":350,"height":200,"srcset":"https:\/\/i0.wp.com\/desimper.es\/wp-content\/uploads\/2021\/06\/57-1.png?fit=700%2C700&ssl=1&resize=350%2C200 1x, https:\/\/i0.wp.com\/desimper.es\/wp-content\/uploads\/2021\/06\/57-1.png?fit=700%2C700&ssl=1&resize=525%2C300 1.5x, https:\/\/i0.wp.com\/desimper.es\/wp-content\/uploads\/2021\/06\/57-1.png?fit=700%2C700&ssl=1&resize=700%2C400 2x"},"classes":[]}],"jetpack_sharing_enabled":true,"_links":{"self":[{"href":"https:\/\/desimper.es\/ca\/wp-json\/wp\/v2\/product\/2935","targetHints":{"allow":["GET"]}}],"collection":[{"href":"https:\/\/desimper.es\/ca\/wp-json\/wp\/v2\/product"}],"about":[{"href":"https:\/\/desimper.es\/ca\/wp-json\/wp\/v2\/types\/product"}],"replies":[{"embeddable":true,"href":"https:\/\/desimper.es\/ca\/wp-json\/wp\/v2\/comments?post=2935"}],"version-history":[{"count":2,"href":"https:\/\/desimper.es\/ca\/wp-json\/wp\/v2\/product\/2935\/revisions"}],"predecessor-version":[{"id":17329,"href":"https:\/\/desimper.es\/ca\/wp-json\/wp\/v2\/product\/2935\/revisions\/17329"}],"wp:featuredmedia":[{"embeddable":true,"href":"https:\/\/desimper.es\/ca\/wp-json\/wp\/v2\/media\/70416"}],"wp:attachment":[{"href":"https:\/\/desimper.es\/ca\/wp-json\/wp\/v2\/media?parent=2935"}],"wp:term":[{"taxonomy":"product_brand","embeddable":true,"href":"https:\/\/desimper.es\/ca\/wp-json\/wp\/v2\/product_brand?post=2935"},{"taxonomy":"product_cat","embeddable":true,"href":"https:\/\/desimper.es\/ca\/wp-json\/wp\/v2\/product_cat?post=2935"},{"taxonomy":"product_tag","embeddable":true,"href":"https:\/\/desimper.es\/ca\/wp-json\/wp\/v2\/product_tag?post=2935"}],"curies":[{"name":"wp","href":"https:\/\/api.w.org\/{rel}","templated":true}]}}