{"id":41885,"date":"2025-08-20T15:59:12","date_gmt":"2025-08-20T15:59:12","guid":{"rendered":"https:\/\/desimper.es\/?post_type=product&#038;p=41885"},"modified":"2026-02-23T15:26:31","modified_gmt":"2026-02-23T15:26:31","slug":"pack-duos","status":"publish","type":"product","link":"https:\/\/desimper.es\/ca\/tienda\/packs-ahorro\/pack-duos\/","title":{"rendered":"PACK DUO"},"content":{"rendered":"<p>El pack inclou:<br \/>\n1ud. Limpiador General Multiusos 5L<br \/>\n1ud. Limpiador General Multiusos 1L<br \/>\n1ud. Antical 5L<br \/>\n1ud. Antical 500ml<br \/>\n1ud Vinagre de Limpieza 5L<br \/>\n1ud Vinagre de Limpieza 1L<br \/>\n1ud. Triple Desengrasante 5L<br \/>\n1ud. Triple Desengrasante 1L<br \/>\n1ud. Friegasuelos Fresh 5L<br \/>\n1ud. Friegasuelos Fresh 1L<\/p>","protected":false},"excerpt":{"rendered":"<p>Con este pack tienes todo lo que necesitas para mantener tu casa impecable y reluciente:<br \/>\nLimpia, recarga y ahorra! Todo lo esencial para limpiar, desinfectar y mantener tu espacio impecable en un solo pack.<\/p>\n<p>*Env\u00edo gratis en Mallorca<\/p>","protected":false},"featured_media":70410,"comment_status":"closed","ping_status":"closed","template":"","meta":{"_crdt_document":"","_kad_post_transparent":"","_kad_post_title":"","_kad_post_layout":"","_kad_post_sidebar_id":"","_kad_post_content_style":"","_kad_post_vertical_padding":"","_kad_post_feature":"","_kad_post_feature_position":"","_kad_post_header":false,"_kad_post_footer":false,"_kad_post_classname":"","_joinchat":[]},"product_brand":[],"product_cat":[66],"product_tag":[],"class_list":{"0":"post-41885","1":"product","2":"type-product","3":"status-publish","4":"has-post-thumbnail","6":"product_cat-packs-ahorro","8":"first","9":"instock","10":"taxable","11":"shipping-taxable","12":"purchasable","13":"product-type-simple","14":"entry","15":"content-bg","16":"loop-entry"},"jetpack-related-posts":[{"id":42992,"url":"https:\/\/desimper.es\/ca\/tienda\/packs-ahorro\/pack-textil-esencial\/","url_meta":{"origin":41885,"position":0},"title":"PACK TEXTIL ESENCIAL","author":"Laura Celis","date":"agost 28, 2025","format":false,"excerpt":"Cuida tu ropa como se merece! Incluye potentes quitamanchas, detergentes con ox\u00edgeno activo y un suavizante encapsulado de larga duraci\u00f3n. Ideal para mantener tus prendas limpias, frescas y como nuevas. *Env\u00edo gratis en Mallorca","rel":"","context":"Entrada similar","block_context":{"text":"Entrada similar","link":""},"img":{"alt_text":"Pack Esencial","src":"https:\/\/i0.wp.com\/desimper.es\/wp-content\/uploads\/2025\/08\/PACK-textil-scaled.png?fit=1200%2C1200&ssl=1&resize=350%2C200","width":350,"height":200,"srcset":"https:\/\/i0.wp.com\/desimper.es\/wp-content\/uploads\/2025\/08\/PACK-textil-scaled.png?fit=1200%2C1200&ssl=1&resize=350%2C200 1x, https:\/\/i0.wp.com\/desimper.es\/wp-content\/uploads\/2025\/08\/PACK-textil-scaled.png?fit=1200%2C1200&ssl=1&resize=525%2C300 1.5x, https:\/\/i0.wp.com\/desimper.es\/wp-content\/uploads\/2025\/08\/PACK-textil-scaled.png?fit=1200%2C1200&ssl=1&resize=700%2C400 2x, https:\/\/i0.wp.com\/desimper.es\/wp-content\/uploads\/2025\/08\/PACK-textil-scaled.png?fit=1200%2C1200&ssl=1&resize=1050%2C600 3x"},"classes":[]},{"id":1943,"url":"https:\/\/desimper.es\/ca\/tienda\/bano\/antical-ecologico-con-vinagre-2\/","url_meta":{"origin":41885,"position":1},"title":"VINAGRE DE NETEJA Multiusos i Ecol\u00f2gic 5L","author":"AndreuSerra","date":"abril 28, 2021","format":false,"excerpt":"Producto formulado para la limpieza y desincrustaci\u00f3n de cualquier superficie, de los dep\u00f3sitos de cal m\u00e1s dif\u00edciles, restos de jab\u00f3n, manchas de \u00f3xido y muchas otras. Antical con vinagre ECOL\u00d3GICO.","rel":"","context":"Amb 1 comentari","block_context":{"text":"Amb 1 comentari","link":"https:\/\/desimper.es\/ca\/tienda\/bano\/antical-ecologico-con-vinagre-2\/#comments"},"img":{"alt_text":"","src":"https:\/\/i0.wp.com\/desimper.es\/wp-content\/uploads\/2021\/04\/36.png?fit=700%2C700&ssl=1&resize=350%2C200","width":350,"height":200,"srcset":"https:\/\/i0.wp.com\/desimper.es\/wp-content\/uploads\/2021\/04\/36.png?fit=700%2C700&ssl=1&resize=350%2C200 1x, https:\/\/i0.wp.com\/desimper.es\/wp-content\/uploads\/2021\/04\/36.png?fit=700%2C700&ssl=1&resize=525%2C300 1.5x, https:\/\/i0.wp.com\/desimper.es\/wp-content\/uploads\/2021\/04\/36.png?fit=700%2C700&ssl=1&resize=700%2C400 2x"},"classes":[]},{"id":4240,"url":"https:\/\/desimper.es\/ca\/tienda\/bano\/limpiador-uso-general-1l\/","url_meta":{"origin":41885,"position":2},"title":"NETEJADOR GENERAL MULTI\u00daS 1L","author":"lauracelisb","date":"juliol 27, 2023","format":false,"excerpt":"Limpiador de uso general. L\u00edquido reforzado con tensioactivos para optimizar su poder\u00a0limpiador y desengrasante, tambi\u00e9n se puede usar como\u00a0antivaho en azulejos y mamparas de ducha. Su\u00a0pH neutro\u00a0hace que sea un excelente limpiador general para todo tipo de materiales y suelos. Detergente ideal para todo tipo de superficies lavables en medio\u2026","rel":"","context":"Entrada similar","block_context":{"text":"Entrada similar","link":""},"img":{"alt_text":"Limpiador General Multiusos","src":"https:\/\/i0.wp.com\/desimper.es\/wp-content\/uploads\/2023\/07\/53-1.png?fit=1200%2C1200&ssl=1&resize=350%2C200","width":350,"height":200,"srcset":"https:\/\/i0.wp.com\/desimper.es\/wp-content\/uploads\/2023\/07\/53-1.png?fit=1200%2C1200&ssl=1&resize=350%2C200 1x, https:\/\/i0.wp.com\/desimper.es\/wp-content\/uploads\/2023\/07\/53-1.png?fit=1200%2C1200&ssl=1&resize=525%2C300 1.5x, https:\/\/i0.wp.com\/desimper.es\/wp-content\/uploads\/2023\/07\/53-1.png?fit=1200%2C1200&ssl=1&resize=700%2C400 2x, https:\/\/i0.wp.com\/desimper.es\/wp-content\/uploads\/2023\/07\/53-1.png?fit=1200%2C1200&ssl=1&resize=1050%2C600 3x"},"classes":[]},{"id":4236,"url":"https:\/\/desimper.es\/ca\/tienda\/bano\/vinagre-de-limpieza-1l\/","url_meta":{"origin":41885,"position":3},"title":"VINAGRE DE NETEJA 1L","author":"lauracelisb","date":"juliol 27, 2023","format":false,"excerpt":"Producto formulado para la limpieza y desincrustaci\u00f3n de cualquier superficie, de los dep\u00f3sitos de cal m\u00e1s dif\u00edciles, restos de jab\u00f3n, manchas de \u00f3xido y muchas otras. Antical con vinagre ECOL\u00d3GICO.","rel":"","context":"Entrada similar","block_context":{"text":"Entrada similar","link":""},"img":{"alt_text":"","src":"https:\/\/i0.wp.com\/desimper.es\/wp-content\/uploads\/2023\/07\/38.png?fit=700%2C700&ssl=1&resize=350%2C200","width":350,"height":200,"srcset":"https:\/\/i0.wp.com\/desimper.es\/wp-content\/uploads\/2023\/07\/38.png?fit=700%2C700&ssl=1&resize=350%2C200 1x, https:\/\/i0.wp.com\/desimper.es\/wp-content\/uploads\/2023\/07\/38.png?fit=700%2C700&ssl=1&resize=525%2C300 1.5x, https:\/\/i0.wp.com\/desimper.es\/wp-content\/uploads\/2023\/07\/38.png?fit=700%2C700&ssl=1&resize=700%2C400 2x"},"classes":[]},{"id":1925,"url":"https:\/\/desimper.es\/ca\/tienda\/bano\/higienizante-uso-general-2\/","url_meta":{"origin":41885,"position":4},"title":"NETEJADOR GENERAL MULTI\u00daS 5L","author":"AndreuSerra","date":"abril 28, 2021","format":false,"excerpt":"Limpiador de uso general. L\u00edquido reforzado con tensioactivos para optimizar su poder\u00a0limpiador y desengrasante, tambi\u00e9n se puede usar como\u00a0antivaho en azulejos y mamparas de ducha. Su\u00a0pH neutro\u00a0hace que sea un excelente limpiador general para todo tipo de materiales y suelos. Detergente ideal para todo tipo de superficies lavables en medio\u2026","rel":"","context":"Entrada similar","block_context":{"text":"Entrada similar","link":""},"img":{"alt_text":"","src":"https:\/\/i0.wp.com\/desimper.es\/wp-content\/uploads\/2021\/04\/46.png?fit=700%2C700&ssl=1&resize=350%2C200","width":350,"height":200,"srcset":"https:\/\/i0.wp.com\/desimper.es\/wp-content\/uploads\/2021\/04\/46.png?fit=700%2C700&ssl=1&resize=350%2C200 1x, https:\/\/i0.wp.com\/desimper.es\/wp-content\/uploads\/2021\/04\/46.png?fit=700%2C700&ssl=1&resize=525%2C300 1.5x, https:\/\/i0.wp.com\/desimper.es\/wp-content\/uploads\/2021\/04\/46.png?fit=700%2C700&ssl=1&resize=700%2C400 2x"},"classes":[]},{"id":5964,"url":"https:\/\/desimper.es\/ca\/tienda\/superficies\/limpiador-multisuperficies\/","url_meta":{"origin":41885,"position":5},"title":"NETEJADOR MULTISUPERF\u00cdCIES 1L\/Polvoritzador","author":"lauracelisb","date":"gener 12, 2024","format":false,"excerpt":"Producte multiusos, per a neteja de cristalls, miralls i tot tipus de superf\u00edcies rentables. Recomanat per a la neteja habitual de superf\u00edcies amb brut\u00edcia lleugera. Posseeix una gran capacitat acte assecant, a m\u00e9s d'una agradable aroma a maduixa.","rel":"","context":"Entrada similar","block_context":{"text":"Entrada similar","link":""},"img":{"alt_text":"","src":"https:\/\/i0.wp.com\/desimper.es\/wp-content\/uploads\/2024\/01\/limpiador-superficies-1L_2.png?fit=1200%2C1200&ssl=1&resize=350%2C200","width":350,"height":200,"srcset":"https:\/\/i0.wp.com\/desimper.es\/wp-content\/uploads\/2024\/01\/limpiador-superficies-1L_2.png?fit=1200%2C1200&ssl=1&resize=350%2C200 1x, https:\/\/i0.wp.com\/desimper.es\/wp-content\/uploads\/2024\/01\/limpiador-superficies-1L_2.png?fit=1200%2C1200&ssl=1&resize=525%2C300 1.5x, https:\/\/i0.wp.com\/desimper.es\/wp-content\/uploads\/2024\/01\/limpiador-superficies-1L_2.png?fit=1200%2C1200&ssl=1&resize=700%2C400 2x, https:\/\/i0.wp.com\/desimper.es\/wp-content\/uploads\/2024\/01\/limpiador-superficies-1L_2.png?fit=1200%2C1200&ssl=1&resize=1050%2C600 3x"},"classes":[]}],"jetpack_sharing_enabled":true,"_links":{"self":[{"href":"https:\/\/desimper.es\/ca\/wp-json\/wp\/v2\/product\/41885","targetHints":{"allow":["GET"]}}],"collection":[{"href":"https:\/\/desimper.es\/ca\/wp-json\/wp\/v2\/product"}],"about":[{"href":"https:\/\/desimper.es\/ca\/wp-json\/wp\/v2\/types\/product"}],"replies":[{"embeddable":true,"href":"https:\/\/desimper.es\/ca\/wp-json\/wp\/v2\/comments?post=41885"}],"version-history":[{"count":6,"href":"https:\/\/desimper.es\/ca\/wp-json\/wp\/v2\/product\/41885\/revisions"}],"predecessor-version":[{"id":42984,"href":"https:\/\/desimper.es\/ca\/wp-json\/wp\/v2\/product\/41885\/revisions\/42984"}],"wp:featuredmedia":[{"embeddable":true,"href":"https:\/\/desimper.es\/ca\/wp-json\/wp\/v2\/media\/70410"}],"wp:attachment":[{"href":"https:\/\/desimper.es\/ca\/wp-json\/wp\/v2\/media?parent=41885"}],"wp:term":[{"taxonomy":"product_brand","embeddable":true,"href":"https:\/\/desimper.es\/ca\/wp-json\/wp\/v2\/product_brand?post=41885"},{"taxonomy":"product_cat","embeddable":true,"href":"https:\/\/desimper.es\/ca\/wp-json\/wp\/v2\/product_cat?post=41885"},{"taxonomy":"product_tag","embeddable":true,"href":"https:\/\/desimper.es\/ca\/wp-json\/wp\/v2\/product_tag?post=41885"}],"curies":[{"name":"wp","href":"https:\/\/api.w.org\/{rel}","templated":true}]}}