{"id":4240,"date":"2023-07-27T09:43:26","date_gmt":"2023-07-27T09:43:26","guid":{"rendered":"https:\/\/desimper.es\/?post_type=product&#038;p=4240"},"modified":"2026-03-26T11:34:58","modified_gmt":"2026-03-26T11:34:58","slug":"limpiador-uso-general-1l","status":"publish","type":"product","link":"https:\/\/desimper.es\/ca\/tienda\/bano\/limpiador-uso-general-1l\/","title":{"rendered":"NETEJADOR GENERAL MULTI\u00daS 1L"},"content":{"rendered":"<p>Limpiador de uso general. L\u00edquido reforzado con tensioactivos para optimizar su poder limpiador y desengrasante, tambi\u00e9n se puede usar como antivaho en azulejos y mamparas de ducha. Su <strong>pH neutro<\/strong>\u00a0hace que sea un excelente limpiador general para todo tipo de materiales y suelos.\u00a0Detergente ideal para todo tipo de superficies lavables en medio acuoso, dejando un\u00a0<strong>agradable aroma residual<\/strong>.<br \/>\nSe emplea b\u00e1sicamente en el desengrasado y limpieza de encimeras, azulejos y suelos de cocina, ba\u00f1os, etc. De utilizaci\u00f3n manual, verter en el recipiente de fregado aproximadamente del 5% al 8% en agua. Por su poder higienizante el producto sin diluir es apto para poner en las escobillas del WC.<br \/>\nEye Irrit. 2: H319 &#8211; Provoca irritaci\u00f3n ocular grave.<br \/>\nP101 Si se necesita consejo m\u00e9dico, tener a mano el envase o la etiqueta. P102 Mantener fuera del alcance de los ni\u00f1os. P264 Lavarse concienzudamente tras la manipulaci\u00f3n. P280 Llevar guantes\/prendas\/gafas\/m\u00e1scara de protecci\u00f3n. P305+P351+P338 EN CASO DE CONTACTO CON LOS OJOS: Enjuagar con agua cuidadosamente durante varios minutos. Quitar las lentes de contacto cuando est\u00e9n presentes y pueda hacerse con facilidad. Proseguir con el lavado. P337+P313 Si persiste la irritaci\u00f3n ocular: Consultar a un m\u00e9dico. P501 Eliminar el contenido\/el recipiente mediante el sistema de recogida selectiva habilitado en su municipio.<br \/>\nEUH208 Contiene Glutaral, Mezcla de: 5-cloro-2-metil-2H-isotiazol-3-ona [EC no. 247-500-7], 2-metil-2H-isotiazol-3-ona [EC no. 220-239-6] (3:1). Puede provocar una reacci\u00f3n al\u00e9rgica.<br \/>\nContiene: Tensioactivos no i\u00f3nicos (% (p\/p) &lt; 5), Tensioactivos ani\u00f3nicos (% (p\/p) &lt; 5), Perfume; Agentes conservantes: 2-metil-2H-isotiazol-3-ona.<\/p>\n<p><a href=\"https:\/\/desimper.es\/wp-content\/uploads\/2023\/07\/LI_PF0458_LIMPIADORGENERAL.pdf\">LI_PF0458_LIMPIADORGENERAL<\/a><\/p>\n","protected":false},"excerpt":{"rendered":"<p>Netejador d'\u00fas general.<br \/>\nL\u00edquid refor\u00e7at amb tensioactius per a optimitzar el seu poder\u00a0<strong>netejador i desgreixador<\/strong>, tamb\u00e9 es pot fer servir com a\u00a0<strong>a antibaf en taulells i mampares de dutxa.<\/strong>.<br \/>\nEl seu\u00a0<strong>pH neutre<\/strong>\u00a0fa que sigui un excel\u00b7lent netejador general per a tota mena de materials i s\u00f2ls.<br \/>\nDetergent ideal per a tota mena de superf\u00edcies rentables al mig aqu\u00f3s, deixant un\u00a0<strong>agradable aroma a l\u2019ambient.<\/strong>.<\/p>","protected":false},"featured_media":70549,"comment_status":"open","ping_status":"closed","template":"","meta":{"_crdt_document":"","_kad_post_transparent":"default","_kad_post_title":"","_kad_post_layout":"default","_kad_post_sidebar_id":"","_kad_post_content_style":"default","_kad_post_vertical_padding":"default","_kad_post_feature":"","_kad_post_feature_position":"","_kad_post_header":false,"_kad_post_footer":false,"_kad_post_classname":"","_joinchat":[]},"product_brand":[],"product_cat":[89,88,70],"product_tag":[],"class_list":{"0":"post-4240","1":"product","2":"type-product","3":"status-publish","4":"has-post-thumbnail","6":"product_cat-bano","7":"product_cat-cocina","8":"product_cat-superficies","10":"first","11":"instock","12":"taxable","13":"shipping-taxable","14":"purchasable","15":"product-type-simple","16":"entry","17":"content-bg","18":"loop-entry"},"jetpack-related-posts":[{"id":1925,"url":"https:\/\/desimper.es\/ca\/tienda\/bano\/higienizante-uso-general-2\/","url_meta":{"origin":4240,"position":0},"title":"NETEJADOR GENERAL MULTI\u00daS 5L","author":"AndreuSerra","date":"abril 28, 2021","format":false,"excerpt":"Limpiador de uso general. L\u00edquido reforzado con tensioactivos para optimizar su poder\u00a0limpiador y desengrasante, tambi\u00e9n se puede usar como\u00a0antivaho en azulejos y mamparas de ducha. Su\u00a0pH neutro\u00a0hace que sea un excelente limpiador general para todo tipo de materiales y suelos. Detergente ideal para todo tipo de superficies lavables en medio\u2026","rel":"","context":"Entrada similar","block_context":{"text":"Entrada similar","link":""},"img":{"alt_text":"","src":"https:\/\/i0.wp.com\/desimper.es\/wp-content\/uploads\/2021\/04\/46.png?fit=700%2C700&ssl=1&resize=350%2C200","width":350,"height":200,"srcset":"https:\/\/i0.wp.com\/desimper.es\/wp-content\/uploads\/2021\/04\/46.png?fit=700%2C700&ssl=1&resize=350%2C200 1x, https:\/\/i0.wp.com\/desimper.es\/wp-content\/uploads\/2021\/04\/46.png?fit=700%2C700&ssl=1&resize=525%2C300 1.5x, https:\/\/i0.wp.com\/desimper.es\/wp-content\/uploads\/2021\/04\/46.png?fit=700%2C700&ssl=1&resize=700%2C400 2x"},"classes":[]},{"id":41885,"url":"https:\/\/desimper.es\/ca\/tienda\/packs-ahorro\/pack-duos\/","url_meta":{"origin":4240,"position":1},"title":"PACK DUO","author":"Laura Celis","date":"agost 20, 2025","format":false,"excerpt":"Con este pack tienes todo lo que necesitas para mantener tu casa impecable y reluciente: Limpia, recarga y ahorra! Todo lo esencial para limpiar, desinfectar y mantener tu espacio impecable en un solo pack. *Env\u00edo gratis en Mallorca","rel":"","context":"Entrada similar","block_context":{"text":"Entrada similar","link":""},"img":{"alt_text":"Pack Duo","src":"https:\/\/i0.wp.com\/desimper.es\/wp-content\/uploads\/2025\/08\/pack-duo-scaled.png?fit=1200%2C1200&ssl=1&resize=350%2C200","width":350,"height":200,"srcset":"https:\/\/i0.wp.com\/desimper.es\/wp-content\/uploads\/2025\/08\/pack-duo-scaled.png?fit=1200%2C1200&ssl=1&resize=350%2C200 1x, https:\/\/i0.wp.com\/desimper.es\/wp-content\/uploads\/2025\/08\/pack-duo-scaled.png?fit=1200%2C1200&ssl=1&resize=525%2C300 1.5x, https:\/\/i0.wp.com\/desimper.es\/wp-content\/uploads\/2025\/08\/pack-duo-scaled.png?fit=1200%2C1200&ssl=1&resize=700%2C400 2x, https:\/\/i0.wp.com\/desimper.es\/wp-content\/uploads\/2025\/08\/pack-duo-scaled.png?fit=1200%2C1200&ssl=1&resize=1050%2C600 3x"},"classes":[]},{"id":4232,"url":"https:\/\/desimper.es\/ca\/tienda\/bano\/fregasuelos-aloe-vera-1l\/","url_meta":{"origin":4240,"position":2},"title":"L\u00cdQUID DE FREGAR ALOE VERA 1L","author":"lauracelisb","date":"juliol 27, 2023","format":false,"excerpt":"Producte d'aspecte l\u00edquid refor\u00e7at amb tensioactius per a optimitzar el seu poder netejador i desgreixador. Actiu detergent en tota mena de superf\u00edcies rentables. Afegir 3-4 taps sobre mitja galleda d'aigua i aplicar amb pal de fregar. No necessita aclarit.","rel":"","context":"Entrada similar","block_context":{"text":"Entrada similar","link":""},"img":{"alt_text":"Fregasuelos con Aloe Vera 1L","src":"https:\/\/i0.wp.com\/desimper.es\/wp-content\/uploads\/2023\/07\/28.png?fit=700%2C700&ssl=1&resize=350%2C200","width":350,"height":200,"srcset":"https:\/\/i0.wp.com\/desimper.es\/wp-content\/uploads\/2023\/07\/28.png?fit=700%2C700&ssl=1&resize=350%2C200 1x, https:\/\/i0.wp.com\/desimper.es\/wp-content\/uploads\/2023\/07\/28.png?fit=700%2C700&ssl=1&resize=525%2C300 1.5x, https:\/\/i0.wp.com\/desimper.es\/wp-content\/uploads\/2023\/07\/28.png?fit=700%2C700&ssl=1&resize=700%2C400 2x"},"classes":[]},{"id":1929,"url":"https:\/\/desimper.es\/ca\/tienda\/bano\/limpiador-desinfectante-clorado-uso-general-2\/","url_meta":{"origin":4240,"position":3},"title":"NETEJADOR CLORAT \u2013 \u00das general 5L","author":"AndreuSerra","date":"abril 28, 2021","format":false,"excerpt":"Eficaz limpiador l\u00edquido, concentrado, para la limpieza e higienizaci\u00f3n de pavimentos. Act\u00faa frente a residuos de jab\u00f3n y espuma seca, en duchas y ba\u00f1os y tambi\u00e9n, se puede utilizar en la limpieza del interior de inodoros y lavabos. La viscosidad del producto puede verse reducida con el paso del tiempo.\u2026","rel":"","context":"Entrada similar","block_context":{"text":"Entrada similar","link":""},"img":{"alt_text":"","src":"https:\/\/i0.wp.com\/desimper.es\/wp-content\/uploads\/2021\/04\/49.png?fit=700%2C700&ssl=1&resize=350%2C200","width":350,"height":200,"srcset":"https:\/\/i0.wp.com\/desimper.es\/wp-content\/uploads\/2021\/04\/49.png?fit=700%2C700&ssl=1&resize=350%2C200 1x, https:\/\/i0.wp.com\/desimper.es\/wp-content\/uploads\/2021\/04\/49.png?fit=700%2C700&ssl=1&resize=525%2C300 1.5x, https:\/\/i0.wp.com\/desimper.es\/wp-content\/uploads\/2021\/04\/49.png?fit=700%2C700&ssl=1&resize=700%2C400 2x"},"classes":[]},{"id":4278,"url":"https:\/\/desimper.es\/ca\/tienda\/bano\/fregasuelos-aloe-vera\/","url_meta":{"origin":4240,"position":4},"title":"L\u00cdQUID DE FREGAR ALOE VERA 5L","author":"lauracelisb","date":"agost 1, 2023","format":false,"excerpt":"Producte d'aspecte l\u00edquid refor\u00e7at amb tensioactius per a optimitzar el seu poder netejador i desgreixador. Actiu detergent en tota mena de superf\u00edcies rentables. Afegir 3-4 taps sobre mitja galleda d'aigua i aplicar amb pal de fregar. No necessita aclarit.","rel":"","context":"Entrada similar","block_context":{"text":"Entrada similar","link":""},"img":{"alt_text":"Fregasuelos con Aloe Vera 5L","src":"https:\/\/i0.wp.com\/desimper.es\/wp-content\/uploads\/2023\/08\/26.png?fit=700%2C700&ssl=1&resize=350%2C200","width":350,"height":200,"srcset":"https:\/\/i0.wp.com\/desimper.es\/wp-content\/uploads\/2023\/08\/26.png?fit=700%2C700&ssl=1&resize=350%2C200 1x, https:\/\/i0.wp.com\/desimper.es\/wp-content\/uploads\/2023\/08\/26.png?fit=700%2C700&ssl=1&resize=525%2C300 1.5x, https:\/\/i0.wp.com\/desimper.es\/wp-content\/uploads\/2023\/08\/26.png?fit=700%2C700&ssl=1&resize=700%2C400 2x"},"classes":[]},{"id":5964,"url":"https:\/\/desimper.es\/ca\/tienda\/superficies\/limpiador-multisuperficies\/","url_meta":{"origin":4240,"position":5},"title":"NETEJADOR MULTISUPERF\u00cdCIES 1L\/Polvoritzador","author":"lauracelisb","date":"gener 12, 2024","format":false,"excerpt":"Producte multiusos, per a neteja de cristalls, miralls i tot tipus de superf\u00edcies rentables. Recomanat per a la neteja habitual de superf\u00edcies amb brut\u00edcia lleugera. Posseeix una gran capacitat acte assecant, a m\u00e9s d'una agradable aroma a maduixa.","rel":"","context":"Entrada similar","block_context":{"text":"Entrada similar","link":""},"img":{"alt_text":"","src":"https:\/\/i0.wp.com\/desimper.es\/wp-content\/uploads\/2024\/01\/limpiador-superficies-1L_2.png?fit=1200%2C1200&ssl=1&resize=350%2C200","width":350,"height":200,"srcset":"https:\/\/i0.wp.com\/desimper.es\/wp-content\/uploads\/2024\/01\/limpiador-superficies-1L_2.png?fit=1200%2C1200&ssl=1&resize=350%2C200 1x, https:\/\/i0.wp.com\/desimper.es\/wp-content\/uploads\/2024\/01\/limpiador-superficies-1L_2.png?fit=1200%2C1200&ssl=1&resize=525%2C300 1.5x, https:\/\/i0.wp.com\/desimper.es\/wp-content\/uploads\/2024\/01\/limpiador-superficies-1L_2.png?fit=1200%2C1200&ssl=1&resize=700%2C400 2x, https:\/\/i0.wp.com\/desimper.es\/wp-content\/uploads\/2024\/01\/limpiador-superficies-1L_2.png?fit=1200%2C1200&ssl=1&resize=1050%2C600 3x"},"classes":[]}],"jetpack_sharing_enabled":true,"_links":{"self":[{"href":"https:\/\/desimper.es\/ca\/wp-json\/wp\/v2\/product\/4240","targetHints":{"allow":["GET"]}}],"collection":[{"href":"https:\/\/desimper.es\/ca\/wp-json\/wp\/v2\/product"}],"about":[{"href":"https:\/\/desimper.es\/ca\/wp-json\/wp\/v2\/types\/product"}],"replies":[{"embeddable":true,"href":"https:\/\/desimper.es\/ca\/wp-json\/wp\/v2\/comments?post=4240"}],"version-history":[{"count":2,"href":"https:\/\/desimper.es\/ca\/wp-json\/wp\/v2\/product\/4240\/revisions"}],"predecessor-version":[{"id":28318,"href":"https:\/\/desimper.es\/ca\/wp-json\/wp\/v2\/product\/4240\/revisions\/28318"}],"wp:featuredmedia":[{"embeddable":true,"href":"https:\/\/desimper.es\/ca\/wp-json\/wp\/v2\/media\/70549"}],"wp:attachment":[{"href":"https:\/\/desimper.es\/ca\/wp-json\/wp\/v2\/media?parent=4240"}],"wp:term":[{"taxonomy":"product_brand","embeddable":true,"href":"https:\/\/desimper.es\/ca\/wp-json\/wp\/v2\/product_brand?post=4240"},{"taxonomy":"product_cat","embeddable":true,"href":"https:\/\/desimper.es\/ca\/wp-json\/wp\/v2\/product_cat?post=4240"},{"taxonomy":"product_tag","embeddable":true,"href":"https:\/\/desimper.es\/ca\/wp-json\/wp\/v2\/product_tag?post=4240"}],"curies":[{"name":"wp","href":"https:\/\/api.w.org\/{rel}","templated":true}]}}