{"id":4242,"date":"2023-07-27T10:12:30","date_gmt":"2023-07-27T10:12:30","guid":{"rendered":"https:\/\/desimper.es\/?post_type=product&#038;p=4242"},"modified":"2026-02-05T11:42:28","modified_gmt":"2026-02-05T11:42:28","slug":"detergente-ropa-blanca-y-color-500ml","status":"publish","type":"product","link":"https:\/\/desimper.es\/ca\/tienda\/textil\/detergente-ropa-blanca-y-color-500ml\/","title":{"rendered":"DETERGENT CONCENTRAT 500ml"},"content":{"rendered":"<p><strong>Detergente textil<\/strong> l\u00edquido especialmente formulado para el lavado de ropa de alta eficacia sobre manchas de origen biol\u00f3gico, sangre, leche, huevos, salsas, etc. Puede combinarse durante la fase de blanqueo con cualquier oxidante, dando a los tejidos una elevada blancura y logrando un desmanchando perfecto. Su mezcla sin\u00e9rgica de componentes no posee las restricciones habituales de los productos l\u00edquidos, siendo eficaz a todas las temperaturas, incluso en fr\u00edo.<\/p>\n<p>Eye Dam. 1: H318 &#8211; Provoca lesiones oculares graves. Skin Irrit. 2: H315 &#8211; Provoca irritaci\u00f3n cut\u00e1nea.<br \/>\nP264 Lavarse concienzudamente tras la manipulaci\u00f3n. P280 Llevar guantes\/prendas\/gafas\/m\u00e1scara de protecci\u00f3n. P302+P352 EN CASO DE CONTACTO CON LA PIEL: Lavar con abundante agua. P305+P351+P338 EN CASO DE CONTACTO CON LOS OJOS: Enjuagar con agua cuidadosamente durante varios minutos. Quitar las lentes de contacto cuando est\u00e9n presentes y pueda hacerse con facilidad. Proseguir con el lavado. P310 Llamar inmediatamente a un CENTRO DE TOXICOLOG\u013aA\/m\u00e9dico. P332+P313 En caso de irritaci\u00f3n cut\u00e1nea: Consultar a un m\u00e9dico.<br \/>\nEUH208 Contiene Mezcla de: 5-cloro-2-metil-2H-isotiazol-3-ona [EC no. 247-500-7], 2-metil-2H-isotiazol-3-ona [EC no. 220-239-6] (3:1). Puede provocar una reacci\u00f3n al\u00e9rgica.<br \/>\nSustancias que contribuyen a la clasificaci\u00f3n: Alcoholes, C12-14, etoxilados (7 EO).<\/p>\n<p><a href=\"https:\/\/desimper.es\/wp-content\/uploads\/2023\/07\/LI_PF0685_DETERGENTEECONOMICO.pdf\">LI_PF0685_DETERGENTEECONOMICO<\/a><\/p>\n","protected":false},"excerpt":{"rendered":"<p>Detergent l\u00edquid especialment formulat per a la rentada de roba d' <strong>alta efic\u00e0cia sobre taques d'origen biol\u00f2gic, sang, llet, ous, salses, etc.\u00a0<\/strong>etc.<br \/>\nPot combinar-se durant la fase de blanqueig amb qualsevol oxidant, donant als teixits una elevada blancor i aconseguint una eliminaci\u00f3 de taques perfecte.<br \/>\nLa seva mescla sin\u00e8rgica de components no posseeix les restriccions habituals dels productes l\u00edquids, sent\u00a0<strong>efica\u00e7 a totes les temperatures, fins i tot en fred.\u00a0<\/strong><\/p>","protected":false},"featured_media":70189,"comment_status":"open","ping_status":"closed","template":"","meta":{"_crdt_document":"","_kad_post_transparent":"","_kad_post_title":"","_kad_post_layout":"","_kad_post_sidebar_id":"","_kad_post_content_style":"","_kad_post_vertical_padding":"","_kad_post_feature":"","_kad_post_feature_position":"","_kad_post_header":false,"_kad_post_footer":false,"_kad_post_classname":"","_joinchat":[]},"product_brand":[],"product_cat":[71],"product_tag":[],"class_list":{"0":"post-4242","1":"product","2":"type-product","3":"status-publish","4":"has-post-thumbnail","6":"product_cat-textil","8":"first","9":"instock","10":"taxable","11":"shipping-taxable","12":"purchasable","13":"product-type-simple","14":"entry","15":"content-bg","16":"loop-entry"},"jetpack-related-posts":[{"id":42960,"url":"https:\/\/desimper.es\/ca\/tienda\/textil\/detergente-concentrado-3l\/","url_meta":{"origin":4242,"position":0},"title":"DETERGENTE CONCENTRADO 3L","author":"Laura Celis","date":"agost 28, 2025","format":false,"excerpt":"Botella de 3 litros de Detergente l\u00edquido especialmente formulado para el lavado de ropa de alta eficacia sobre manchas de origen biol\u00f3gico, sangre, leche, huevos, salsas,\u00a0etc. Puede combinarse durante la fase de blanqueo con cualquier oxidante, dando a los tejidos una elevada blancura y logrando un desmanchando perfecto. Su mezcla\u2026","rel":"","context":"Entrada similar","block_context":{"text":"Entrada similar","link":""},"img":{"alt_text":"Detergente Concentrado 3L","src":"https:\/\/i0.wp.com\/desimper.es\/wp-content\/uploads\/2025\/08\/DetergenteConcentrado_3L.png?fit=700%2C700&ssl=1&resize=350%2C200","width":350,"height":200,"srcset":"https:\/\/i0.wp.com\/desimper.es\/wp-content\/uploads\/2025\/08\/DetergenteConcentrado_3L.png?fit=700%2C700&ssl=1&resize=350%2C200 1x, https:\/\/i0.wp.com\/desimper.es\/wp-content\/uploads\/2025\/08\/DetergenteConcentrado_3L.png?fit=700%2C700&ssl=1&resize=525%2C300 1.5x, https:\/\/i0.wp.com\/desimper.es\/wp-content\/uploads\/2025\/08\/DetergenteConcentrado_3L.png?fit=700%2C700&ssl=1&resize=700%2C400 2x"},"classes":[]},{"id":1957,"url":"https:\/\/desimper.es\/ca\/tienda\/textil\/detergente-textil-ropa-blanca-y-de-color\/","url_meta":{"origin":4242,"position":1},"title":"DETERGENT ROBA BLANCA I DE COLOR 5L","author":"AndreuSerra","date":"abril 28, 2021","format":false,"excerpt":"Garrafa de 5 litros de Detergente l\u00edquido especialmente formulado para el lavado de ropa de alta eficacia sobre manchas de origen biol\u00f3gico, sangre, leche, huevos, salsas,\u00a0etc. Puede combinarse durante la fase de blanqueo con cualquier oxidante, dando a los tejidos una elevada blancura y logrando un desmanchando perfecto. Su mezcla\u2026","rel":"","context":"Entrada similar","block_context":{"text":"Entrada similar","link":""},"img":{"alt_text":"","src":"https:\/\/i0.wp.com\/desimper.es\/wp-content\/uploads\/2021\/04\/59.png?fit=700%2C700&ssl=1&resize=350%2C200","width":350,"height":200,"srcset":"https:\/\/i0.wp.com\/desimper.es\/wp-content\/uploads\/2021\/04\/59.png?fit=700%2C700&ssl=1&resize=350%2C200 1x, https:\/\/i0.wp.com\/desimper.es\/wp-content\/uploads\/2021\/04\/59.png?fit=700%2C700&ssl=1&resize=525%2C300 1.5x, https:\/\/i0.wp.com\/desimper.es\/wp-content\/uploads\/2021\/04\/59.png?fit=700%2C700&ssl=1&resize=700%2C400 2x"},"classes":[]},{"id":4240,"url":"https:\/\/desimper.es\/ca\/tienda\/bano\/limpiador-uso-general-1l\/","url_meta":{"origin":4242,"position":2},"title":"NETEJADOR GENERAL MULTI\u00daS 1L","author":"lauracelisb","date":"juliol 27, 2023","format":false,"excerpt":"Limpiador de uso general. L\u00edquido reforzado con tensioactivos para optimizar su poder\u00a0limpiador y desengrasante, tambi\u00e9n se puede usar como\u00a0antivaho en azulejos y mamparas de ducha. Su\u00a0pH neutro\u00a0hace que sea un excelente limpiador general para todo tipo de materiales y suelos. Detergente ideal para todo tipo de superficies lavables en medio\u2026","rel":"","context":"Entrada similar","block_context":{"text":"Entrada similar","link":""},"img":{"alt_text":"Limpiador General Multiusos","src":"https:\/\/i0.wp.com\/desimper.es\/wp-content\/uploads\/2023\/07\/53-1.png?fit=1200%2C1200&ssl=1&resize=350%2C200","width":350,"height":200,"srcset":"https:\/\/i0.wp.com\/desimper.es\/wp-content\/uploads\/2023\/07\/53-1.png?fit=1200%2C1200&ssl=1&resize=350%2C200 1x, https:\/\/i0.wp.com\/desimper.es\/wp-content\/uploads\/2023\/07\/53-1.png?fit=1200%2C1200&ssl=1&resize=525%2C300 1.5x, https:\/\/i0.wp.com\/desimper.es\/wp-content\/uploads\/2023\/07\/53-1.png?fit=1200%2C1200&ssl=1&resize=700%2C400 2x, https:\/\/i0.wp.com\/desimper.es\/wp-content\/uploads\/2023\/07\/53-1.png?fit=1200%2C1200&ssl=1&resize=1050%2C600 3x"},"classes":[]},{"id":1925,"url":"https:\/\/desimper.es\/ca\/tienda\/bano\/higienizante-uso-general-2\/","url_meta":{"origin":4242,"position":3},"title":"NETEJADOR GENERAL MULTI\u00daS 5L","author":"AndreuSerra","date":"abril 28, 2021","format":false,"excerpt":"Limpiador de uso general. L\u00edquido reforzado con tensioactivos para optimizar su poder\u00a0limpiador y desengrasante, tambi\u00e9n se puede usar como\u00a0antivaho en azulejos y mamparas de ducha. Su\u00a0pH neutro\u00a0hace que sea un excelente limpiador general para todo tipo de materiales y suelos. Detergente ideal para todo tipo de superficies lavables en medio\u2026","rel":"","context":"Entrada similar","block_context":{"text":"Entrada similar","link":""},"img":{"alt_text":"","src":"https:\/\/i0.wp.com\/desimper.es\/wp-content\/uploads\/2021\/04\/46.png?fit=700%2C700&ssl=1&resize=350%2C200","width":350,"height":200,"srcset":"https:\/\/i0.wp.com\/desimper.es\/wp-content\/uploads\/2021\/04\/46.png?fit=700%2C700&ssl=1&resize=350%2C200 1x, https:\/\/i0.wp.com\/desimper.es\/wp-content\/uploads\/2021\/04\/46.png?fit=700%2C700&ssl=1&resize=525%2C300 1.5x, https:\/\/i0.wp.com\/desimper.es\/wp-content\/uploads\/2021\/04\/46.png?fit=700%2C700&ssl=1&resize=700%2C400 2x"},"classes":[]},{"id":2087,"url":"https:\/\/desimper.es\/ca\/tienda\/textil\/detergente-textil-con-oxigeno-activo\/","url_meta":{"origin":4242,"position":4},"title":"DETERGENT T\u00c8XTIL AMB OXIGEN ACTIU 5L","author":"Carmen Bard\u00f3n Blanco","date":"juny 22, 2021","format":false,"excerpt":"Detergente textil oxigenado, perfecto para eliminar todo tipo de manchas oxidantes (sangre, caf\u00e9, chocolate,...) y limpieza\u00a0de la ropa, tanto blanca como de color.\u00a0Delicado con las prendas. Constituye un reforzante y activador, que ayuda al detergente a eliminar las manchas en las prendas m\u00e1s delicadas.","rel":"","context":"Entrada similar","block_context":{"text":"Entrada similar","link":""},"img":{"alt_text":"Detergente textil con oxigeno activo","src":"https:\/\/i0.wp.com\/desimper.es\/wp-content\/uploads\/2021\/06\/57-1.png?fit=700%2C700&ssl=1&resize=350%2C200","width":350,"height":200,"srcset":"https:\/\/i0.wp.com\/desimper.es\/wp-content\/uploads\/2021\/06\/57-1.png?fit=700%2C700&ssl=1&resize=350%2C200 1x, https:\/\/i0.wp.com\/desimper.es\/wp-content\/uploads\/2021\/06\/57-1.png?fit=700%2C700&ssl=1&resize=525%2C300 1.5x, https:\/\/i0.wp.com\/desimper.es\/wp-content\/uploads\/2021\/06\/57-1.png?fit=700%2C700&ssl=1&resize=700%2C400 2x"},"classes":[]},{"id":4251,"url":"https:\/\/desimper.es\/ca\/tienda\/piscinas\/limpiajuntas\/","url_meta":{"origin":4242,"position":5},"title":"NETEJAJUNTES 5L","author":"lauracelisb","date":"juliol 27, 2023","format":false,"excerpt":"Producte l\u00edquid fortament \u00e0cid i concentrat, usat per a eliminar taques d'\u00f2xid i cal\u00e7 en juntes i rajoles. Especial per a piscines i final d'obra.","rel":"","context":"Entrada similar","block_context":{"text":"Entrada similar","link":""},"img":{"alt_text":"","src":"https:\/\/i0.wp.com\/desimper.es\/wp-content\/uploads\/2023\/07\/69.png?fit=700%2C700&ssl=1&resize=350%2C200","width":350,"height":200,"srcset":"https:\/\/i0.wp.com\/desimper.es\/wp-content\/uploads\/2023\/07\/69.png?fit=700%2C700&ssl=1&resize=350%2C200 1x, https:\/\/i0.wp.com\/desimper.es\/wp-content\/uploads\/2023\/07\/69.png?fit=700%2C700&ssl=1&resize=525%2C300 1.5x, https:\/\/i0.wp.com\/desimper.es\/wp-content\/uploads\/2023\/07\/69.png?fit=700%2C700&ssl=1&resize=700%2C400 2x"},"classes":[]}],"jetpack_sharing_enabled":true,"_links":{"self":[{"href":"https:\/\/desimper.es\/ca\/wp-json\/wp\/v2\/product\/4242","targetHints":{"allow":["GET"]}}],"collection":[{"href":"https:\/\/desimper.es\/ca\/wp-json\/wp\/v2\/product"}],"about":[{"href":"https:\/\/desimper.es\/ca\/wp-json\/wp\/v2\/types\/product"}],"replies":[{"embeddable":true,"href":"https:\/\/desimper.es\/ca\/wp-json\/wp\/v2\/comments?post=4242"}],"version-history":[{"count":1,"href":"https:\/\/desimper.es\/ca\/wp-json\/wp\/v2\/product\/4242\/revisions"}],"predecessor-version":[{"id":17305,"href":"https:\/\/desimper.es\/ca\/wp-json\/wp\/v2\/product\/4242\/revisions\/17305"}],"wp:featuredmedia":[{"embeddable":true,"href":"https:\/\/desimper.es\/ca\/wp-json\/wp\/v2\/media\/70189"}],"wp:attachment":[{"href":"https:\/\/desimper.es\/ca\/wp-json\/wp\/v2\/media?parent=4242"}],"wp:term":[{"taxonomy":"product_brand","embeddable":true,"href":"https:\/\/desimper.es\/ca\/wp-json\/wp\/v2\/product_brand?post=4242"},{"taxonomy":"product_cat","embeddable":true,"href":"https:\/\/desimper.es\/ca\/wp-json\/wp\/v2\/product_cat?post=4242"},{"taxonomy":"product_tag","embeddable":true,"href":"https:\/\/desimper.es\/ca\/wp-json\/wp\/v2\/product_tag?post=4242"}],"curies":[{"name":"wp","href":"https:\/\/api.w.org\/{rel}","templated":true}]}}