{"id":4244,"date":"2023-07-27T10:13:09","date_gmt":"2023-07-27T10:13:09","guid":{"rendered":"https:\/\/desimper.es\/?post_type=product&#038;p=4244"},"modified":"2026-02-05T11:57:26","modified_gmt":"2026-02-05T11:57:26","slug":"suavizante-con-encapsulado-persistente-500ml","status":"publish","type":"product","link":"https:\/\/desimper.es\/ca\/tienda\/textil\/suavizante-con-encapsulado-persistente-500ml\/","title":{"rendered":"SUAVITZANT CONCENTRAT 500ml"},"content":{"rendered":"<p>Suavizante para la ropa con c\u00e1psulas de perfume.\u00a0Las c\u00e1psulas de perfume permiten que la ropa desprenda lentamente su caracter\u00edstico perfume con la fricci\u00f3n normal del uso de la ropa.<\/p>\n<p>EUH208 Contiene Mezcla de: 5-cloro-2-metil-2H-isotiazol-3-ona [EC no. 247-500-7], 2-metil-2H-isotiazol-3-ona [EC no. 220-239-6] (3:1). Puede provocar una reacci\u00f3n al\u00e9rgica. EUH210 Puede solicitarse la ficha de datos de seguridad.<br \/>\nContiene: Tensioactivos cati\u00f3nicos (% (p\/p) &lt; 5), Perfume; Agentes conservantes: Mezcla de: 5-cloro-2-metil-2H-isotiazol-3-ona [EC no. 247-500-7], 2-metil-2H-isotiazol-3-ona [EC no. 220-239-6] (3:1) (METHYLCHLOROISOTHIAZOLINONE \/ METHYLISOTHIAZOLINONE).<br \/>\nFragancias alerg\u00e9nicas: 2-(4-terc-butilbencil) propionaldeh\u00eddo (BUTYLPHENYL METHYLPROPIONAL), a-hexilcinamaldeh\u00eddo (HEXYL CINNAMAL), Citronelol (CITRONELLOL).<\/p>\n<p><a href=\"https:\/\/desimper.es\/wp-content\/uploads\/2023\/07\/LI_PF0645_SUAVIZANTEPERFUMADO.pdf\">LI_PF0645_SUAVIZANTEPERFUMADO<\/a><\/p>\n","protected":false},"excerpt":{"rendered":"<p>Suavitzant per a la roba amb c\u00e0psules de perfum.<br \/>\nLes c\u00e0psules de perfum permeten que la roba\u00a0<strong>desprengui lentament\u00a0<\/strong>el seu caracter\u00edstic\u00a0<strong>perfum<\/strong>\u00a0amb la fricci\u00f3 normal de l'\u00fas de la roba.<\/p>\n<div class=\"ep-gadget epgadget-externalvideo\"><\/div>","protected":false},"featured_media":28312,"comment_status":"open","ping_status":"closed","template":"","meta":{"_crdt_document":"","_kad_post_transparent":"","_kad_post_title":"","_kad_post_layout":"","_kad_post_sidebar_id":"","_kad_post_content_style":"","_kad_post_vertical_padding":"","_kad_post_feature":"","_kad_post_feature_position":"","_kad_post_header":false,"_kad_post_footer":false,"_kad_post_classname":"","_joinchat":[]},"product_brand":[],"product_cat":[71],"product_tag":[],"class_list":{"0":"post-4244","1":"product","2":"type-product","3":"status-publish","4":"has-post-thumbnail","6":"product_cat-textil","8":"first","9":"instock","10":"taxable","11":"shipping-taxable","12":"purchasable","13":"product-type-simple","14":"entry","15":"content-bg","16":"loop-entry"},"jetpack-related-posts":[{"id":1953,"url":"https:\/\/desimper.es\/ca\/tienda\/textil\/suavizante-con-capsulas-de-perfume-2\/","url_meta":{"origin":4244,"position":0},"title":"SUAVITZANT ENCAPSULAT PERSISTENT","author":"AndreuSerra","date":"abril 28, 2021","format":false,"excerpt":"Suavizante para la ropa con c\u00e1psulas de perfume. Las c\u00e1psulas de perfume permiten que la ropa\u00a0desprenda lentamente\u00a0su caracter\u00edstico\u00a0perfume\u00a0con la fricci\u00f3n normal del uso de la ropa.","rel":"","context":"Entrada similar","block_context":{"text":"Entrada similar","link":""},"img":{"alt_text":"","src":"https:\/\/i0.wp.com\/desimper.es\/wp-content\/uploads\/2021\/04\/63.png?fit=700%2C700&ssl=1&resize=350%2C200","width":350,"height":200,"srcset":"https:\/\/i0.wp.com\/desimper.es\/wp-content\/uploads\/2021\/04\/63.png?fit=700%2C700&ssl=1&resize=350%2C200 1x, https:\/\/i0.wp.com\/desimper.es\/wp-content\/uploads\/2021\/04\/63.png?fit=700%2C700&ssl=1&resize=525%2C300 1.5x, https:\/\/i0.wp.com\/desimper.es\/wp-content\/uploads\/2021\/04\/63.png?fit=700%2C700&ssl=1&resize=700%2C400 2x"},"classes":[]},{"id":42969,"url":"https:\/\/desimper.es\/ca\/tienda\/textil\/suavizante-concentrado-3l\/","url_meta":{"origin":4244,"position":1},"title":"SUAVIZANTE CONCENTRADO 3L","author":"Laura Celis","date":"agost 28, 2025","format":false,"excerpt":"Suavizante para la ropa con c\u00e1psulas de perfume. Las c\u00e1psulas de perfume permiten que la ropa\u00a0desprenda lentamente\u00a0su caracter\u00edstico\u00a0perfume con la fricci\u00f3n normal del uso de la ropa.","rel":"","context":"Entrada similar","block_context":{"text":"Entrada similar","link":""},"img":{"alt_text":"Suavizante Concentrado 3L","src":"https:\/\/i0.wp.com\/desimper.es\/wp-content\/uploads\/2025\/08\/suavizanteConcentrado_3L.png?fit=700%2C700&ssl=1&resize=350%2C200","width":350,"height":200,"srcset":"https:\/\/i0.wp.com\/desimper.es\/wp-content\/uploads\/2025\/08\/suavizanteConcentrado_3L.png?fit=700%2C700&ssl=1&resize=350%2C200 1x, https:\/\/i0.wp.com\/desimper.es\/wp-content\/uploads\/2025\/08\/suavizanteConcentrado_3L.png?fit=700%2C700&ssl=1&resize=525%2C300 1.5x, https:\/\/i0.wp.com\/desimper.es\/wp-content\/uploads\/2025\/08\/suavizanteConcentrado_3L.png?fit=700%2C700&ssl=1&resize=700%2C400 2x"},"classes":[]},{"id":2085,"url":"https:\/\/desimper.es\/ca\/tienda\/textil\/suavizante-encapsulado-persistente\/","url_meta":{"origin":4244,"position":2},"title":"SUAVITZANT CONCENTRAT 5L","author":"Carmen Bard\u00f3n Blanco","date":"juny 22, 2021","format":false,"excerpt":"Suavizante para la ropa con c\u00e1psulas de perfume. Las c\u00e1psulas de perfume permiten que la ropa\u00a0desprenda lentamente\u00a0su caracter\u00edstico\u00a0perfume\u00a0con la fricci\u00f3n normal del uso de la ropa.","rel":"","context":"Entrada similar","block_context":{"text":"Entrada similar","link":""},"img":{"alt_text":"","src":"https:\/\/i0.wp.com\/desimper.es\/wp-content\/uploads\/2021\/06\/61.png?fit=700%2C700&ssl=1&resize=350%2C200","width":350,"height":200,"srcset":"https:\/\/i0.wp.com\/desimper.es\/wp-content\/uploads\/2021\/06\/61.png?fit=700%2C700&ssl=1&resize=350%2C200 1x, https:\/\/i0.wp.com\/desimper.es\/wp-content\/uploads\/2021\/06\/61.png?fit=700%2C700&ssl=1&resize=525%2C300 1.5x, https:\/\/i0.wp.com\/desimper.es\/wp-content\/uploads\/2021\/06\/61.png?fit=700%2C700&ssl=1&resize=700%2C400 2x"},"classes":[]},{"id":2069,"url":"https:\/\/desimper.es\/ca\/tienda\/cocina\/lavavajillas-dermoprotector-desimper-3\/","url_meta":{"origin":4244,"position":3},"title":"RENTAVAIXELLA MANUAL DESIMPER 1L","author":"Carmen Bard\u00f3n Blanco","date":"juny 22, 2021","format":false,"excerpt":"Lavavajillas para lavar a mano. Tiene una gran duraci\u00f3n porque\u00a0est\u00e1\u00a0muy concentrado. No contiene ni disolventes ni abrasivos, por lo que es\u00a0delicado\u00a0con las ollas, sartenes, cer\u00e1micas, cristales,... Permite altas diluciones y\u00a0gran econom\u00eda. Eficaz contra todo tipo de suciedades org\u00e1nicas e inorg\u00e1nicas. Contiene amidas que protegen la piel. No afecta a las\u2026","rel":"","context":"Entrada similar","block_context":{"text":"Entrada similar","link":""},"img":{"alt_text":"","src":"https:\/\/i0.wp.com\/desimper.es\/wp-content\/uploads\/2021\/06\/13.png?fit=700%2C700&ssl=1&resize=350%2C200","width":350,"height":200,"srcset":"https:\/\/i0.wp.com\/desimper.es\/wp-content\/uploads\/2021\/06\/13.png?fit=700%2C700&ssl=1&resize=350%2C200 1x, https:\/\/i0.wp.com\/desimper.es\/wp-content\/uploads\/2021\/06\/13.png?fit=700%2C700&ssl=1&resize=525%2C300 1.5x, https:\/\/i0.wp.com\/desimper.es\/wp-content\/uploads\/2021\/06\/13.png?fit=700%2C700&ssl=1&resize=700%2C400 2x"},"classes":[]},{"id":2619,"url":"https:\/\/desimper.es\/ca\/tienda\/cocina\/lavavajillas-dermoprotector-desimper-4\/","url_meta":{"origin":4244,"position":4},"title":"RENTAVAIXELLA MANUAL DESIMPER 5L","author":"Laura Celis","date":"mar\u00e7 20, 2023","format":false,"excerpt":"Lavavajillas para lavar a mano. Tiene una gran duraci\u00f3n porque\u00a0est\u00e1\u00a0muy concentrado. No contiene ni disolventes ni abrasivos, por lo que es\u00a0delicado\u00a0con las ollas, sartenes, cer\u00e1micas, cristales,... Permite altas diluciones y\u00a0gran econom\u00eda. Eficaz contra todo tipo de suciedades org\u00e1nicas e inorg\u00e1nicas. Contiene amidas que protegen la piel. No afecta a las\u2026","rel":"","context":"Entrada similar","block_context":{"text":"Entrada similar","link":""},"img":{"alt_text":"Lavavajillas manual 5L","src":"https:\/\/i0.wp.com\/desimper.es\/wp-content\/uploads\/2023\/03\/11.png?fit=700%2C700&ssl=1&resize=350%2C200","width":350,"height":200,"srcset":"https:\/\/i0.wp.com\/desimper.es\/wp-content\/uploads\/2023\/03\/11.png?fit=700%2C700&ssl=1&resize=350%2C200 1x, https:\/\/i0.wp.com\/desimper.es\/wp-content\/uploads\/2023\/03\/11.png?fit=700%2C700&ssl=1&resize=525%2C300 1.5x, https:\/\/i0.wp.com\/desimper.es\/wp-content\/uploads\/2023\/03\/11.png?fit=700%2C700&ssl=1&resize=700%2C400 2x"},"classes":[]},{"id":1939,"url":"https:\/\/desimper.es\/ca\/tienda\/bano\/fregasuelos-con-bioalcohol-apple-2\/","url_meta":{"origin":4244,"position":5},"title":"L\u00cdQUID DE FREGAR APPLE 5L","author":"AndreuSerra","date":"abril 28, 2021","format":false,"excerpt":"Producto l\u00edquido, limpiador de superficies incluso si est\u00e1n enceradas.\u00a0No ataca ni matiza dichas superficies,\u00a0destacando su brillo original. Act\u00faa frente a las suciedades y manchas de aceite.\u00a0Suavemente perfumado deja un agradable aroma residual. Contiene alcohol, que facilita la limpieza de las superficies.","rel":"","context":"Entrada similar","block_context":{"text":"Entrada similar","link":""},"img":{"alt_text":"","src":"https:\/\/i0.wp.com\/desimper.es\/wp-content\/uploads\/2021\/04\/15.png?fit=700%2C700&ssl=1&resize=350%2C200","width":350,"height":200,"srcset":"https:\/\/i0.wp.com\/desimper.es\/wp-content\/uploads\/2021\/04\/15.png?fit=700%2C700&ssl=1&resize=350%2C200 1x, https:\/\/i0.wp.com\/desimper.es\/wp-content\/uploads\/2021\/04\/15.png?fit=700%2C700&ssl=1&resize=525%2C300 1.5x, https:\/\/i0.wp.com\/desimper.es\/wp-content\/uploads\/2021\/04\/15.png?fit=700%2C700&ssl=1&resize=700%2C400 2x"},"classes":[]}],"jetpack_sharing_enabled":true,"_links":{"self":[{"href":"https:\/\/desimper.es\/ca\/wp-json\/wp\/v2\/product\/4244","targetHints":{"allow":["GET"]}}],"collection":[{"href":"https:\/\/desimper.es\/ca\/wp-json\/wp\/v2\/product"}],"about":[{"href":"https:\/\/desimper.es\/ca\/wp-json\/wp\/v2\/types\/product"}],"replies":[{"embeddable":true,"href":"https:\/\/desimper.es\/ca\/wp-json\/wp\/v2\/comments?post=4244"}],"version-history":[{"count":1,"href":"https:\/\/desimper.es\/ca\/wp-json\/wp\/v2\/product\/4244\/revisions"}],"predecessor-version":[{"id":17302,"href":"https:\/\/desimper.es\/ca\/wp-json\/wp\/v2\/product\/4244\/revisions\/17302"}],"wp:featuredmedia":[{"embeddable":true,"href":"https:\/\/desimper.es\/ca\/wp-json\/wp\/v2\/media\/28312"}],"wp:attachment":[{"href":"https:\/\/desimper.es\/ca\/wp-json\/wp\/v2\/media?parent=4244"}],"wp:term":[{"taxonomy":"product_brand","embeddable":true,"href":"https:\/\/desimper.es\/ca\/wp-json\/wp\/v2\/product_brand?post=4244"},{"taxonomy":"product_cat","embeddable":true,"href":"https:\/\/desimper.es\/ca\/wp-json\/wp\/v2\/product_cat?post=4244"},{"taxonomy":"product_tag","embeddable":true,"href":"https:\/\/desimper.es\/ca\/wp-json\/wp\/v2\/product_tag?post=4244"}],"curies":[{"name":"wp","href":"https:\/\/api.w.org\/{rel}","templated":true}]}}