{"id":4247,"date":"2023-07-27T10:11:53","date_gmt":"2023-07-27T10:11:53","guid":{"rendered":"https:\/\/desimper.es\/?post_type=product&#038;p=4247"},"modified":"2026-03-04T09:40:47","modified_gmt":"2026-03-04T09:40:47","slug":"fregasuelos-con-bioalcohol-fresh","status":"publish","type":"product","link":"https:\/\/desimper.es\/ca\/tienda\/bano\/fregasuelos-con-bioalcohol-fresh\/","title":{"rendered":"L\u00cdQUID DE FREGAR AMB BIOALCOHOL FRESH 5L"},"content":{"rendered":"<p>EUH208 Cont\u00e9 d-limoneno, Massa de reacci\u00f3 de 5-clor-2-metil-2H-*isotiazol-3-*ona i 2-metil-2 H-isotiazol-3-*ona (3:1). Pot provocar una reacci\u00f3 al\u00b7l\u00e8rgica.<\/p>\n<p><a href=\"https:\/\/desimper.es\/wp-content\/uploads\/2023\/07\/LI_PF0251_FREGASUELOSFRESH-1.pdf\">LI_PF0251_FREGASUELOSFRESH<\/a><\/p>","protected":false},"excerpt":{"rendered":"<p>Producte formulat per a la neteja de tota mena de superf\u00edcies. Deixa un fresc i agradable aroma residual.<\/p>","protected":false},"featured_media":70098,"comment_status":"open","ping_status":"closed","template":"","meta":{"_crdt_document":"","_kad_post_transparent":"default","_kad_post_title":"","_kad_post_layout":"default","_kad_post_sidebar_id":"","_kad_post_content_style":"default","_kad_post_vertical_padding":"default","_kad_post_feature":"","_kad_post_feature_position":"","_kad_post_header":false,"_kad_post_footer":false,"_kad_post_classname":"","_joinchat":[]},"product_brand":[],"product_cat":[89,88,70],"product_tag":[],"class_list":{"0":"post-4247","1":"product","2":"type-product","3":"status-publish","4":"has-post-thumbnail","6":"product_cat-bano","7":"product_cat-cocina","8":"product_cat-superficies","10":"first","11":"instock","12":"taxable","13":"shipping-taxable","14":"purchasable","15":"product-type-simple","16":"entry","17":"content-bg","18":"loop-entry"},"jetpack-related-posts":[{"id":4232,"url":"https:\/\/desimper.es\/ca\/tienda\/bano\/fregasuelos-aloe-vera-1l\/","url_meta":{"origin":4247,"position":0},"title":"L\u00cdQUID DE FREGAR ALOE VERA 1L","author":"lauracelisb","date":"juliol 27, 2023","format":false,"excerpt":"Producte d'aspecte l\u00edquid refor\u00e7at amb tensioactius per a optimitzar el seu poder netejador i desgreixador. Actiu detergent en tota mena de superf\u00edcies rentables. Afegir 3-4 taps sobre mitja galleda d'aigua i aplicar amb pal de fregar. No necessita aclarit.","rel":"","context":"Entrada similar","block_context":{"text":"Entrada similar","link":""},"img":{"alt_text":"Fregasuelos con Aloe Vera 1L","src":"https:\/\/i0.wp.com\/desimper.es\/wp-content\/uploads\/2023\/07\/28.png?fit=700%2C700&ssl=1&resize=350%2C200","width":350,"height":200,"srcset":"https:\/\/i0.wp.com\/desimper.es\/wp-content\/uploads\/2023\/07\/28.png?fit=700%2C700&ssl=1&resize=350%2C200 1x, https:\/\/i0.wp.com\/desimper.es\/wp-content\/uploads\/2023\/07\/28.png?fit=700%2C700&ssl=1&resize=525%2C300 1.5x, https:\/\/i0.wp.com\/desimper.es\/wp-content\/uploads\/2023\/07\/28.png?fit=700%2C700&ssl=1&resize=700%2C400 2x"},"classes":[]},{"id":4278,"url":"https:\/\/desimper.es\/ca\/tienda\/bano\/fregasuelos-aloe-vera\/","url_meta":{"origin":4247,"position":1},"title":"L\u00cdQUID DE FREGAR ALOE VERA 5L","author":"lauracelisb","date":"agost 1, 2023","format":false,"excerpt":"Producte d'aspecte l\u00edquid refor\u00e7at amb tensioactius per a optimitzar el seu poder netejador i desgreixador. Actiu detergent en tota mena de superf\u00edcies rentables. Afegir 3-4 taps sobre mitja galleda d'aigua i aplicar amb pal de fregar. No necessita aclarit.","rel":"","context":"Entrada similar","block_context":{"text":"Entrada similar","link":""},"img":{"alt_text":"Fregasuelos con Aloe Vera 5L","src":"https:\/\/i0.wp.com\/desimper.es\/wp-content\/uploads\/2023\/08\/26.png?fit=700%2C700&ssl=1&resize=350%2C200","width":350,"height":200,"srcset":"https:\/\/i0.wp.com\/desimper.es\/wp-content\/uploads\/2023\/08\/26.png?fit=700%2C700&ssl=1&resize=350%2C200 1x, https:\/\/i0.wp.com\/desimper.es\/wp-content\/uploads\/2023\/08\/26.png?fit=700%2C700&ssl=1&resize=525%2C300 1.5x, https:\/\/i0.wp.com\/desimper.es\/wp-content\/uploads\/2023\/08\/26.png?fit=700%2C700&ssl=1&resize=700%2C400 2x"},"classes":[]},{"id":1953,"url":"https:\/\/desimper.es\/ca\/tienda\/textil\/suavizante-con-capsulas-de-perfume-2\/","url_meta":{"origin":4247,"position":2},"title":"SUAVITZANT ENCAPSULAT PERSISTENT","author":"AndreuSerra","date":"abril 28, 2021","format":false,"excerpt":"Suavizante para la ropa con c\u00e1psulas de perfume. Las c\u00e1psulas de perfume permiten que la ropa\u00a0desprenda lentamente\u00a0su caracter\u00edstico\u00a0perfume\u00a0con la fricci\u00f3n normal del uso de la ropa.","rel":"","context":"Entrada similar","block_context":{"text":"Entrada similar","link":""},"img":{"alt_text":"","src":"https:\/\/i0.wp.com\/desimper.es\/wp-content\/uploads\/2021\/04\/63.png?fit=700%2C700&ssl=1&resize=350%2C200","width":350,"height":200,"srcset":"https:\/\/i0.wp.com\/desimper.es\/wp-content\/uploads\/2021\/04\/63.png?fit=700%2C700&ssl=1&resize=350%2C200 1x, https:\/\/i0.wp.com\/desimper.es\/wp-content\/uploads\/2021\/04\/63.png?fit=700%2C700&ssl=1&resize=525%2C300 1.5x, https:\/\/i0.wp.com\/desimper.es\/wp-content\/uploads\/2021\/04\/63.png?fit=700%2C700&ssl=1&resize=700%2C400 2x"},"classes":[]},{"id":42969,"url":"https:\/\/desimper.es\/ca\/tienda\/textil\/suavizante-concentrado-3l\/","url_meta":{"origin":4247,"position":3},"title":"SUAVIZANTE CONCENTRADO 3L","author":"Laura Celis","date":"agost 28, 2025","format":false,"excerpt":"Suavizante para la ropa con c\u00e1psulas de perfume. Las c\u00e1psulas de perfume permiten que la ropa\u00a0desprenda lentamente\u00a0su caracter\u00edstico\u00a0perfume con la fricci\u00f3n normal del uso de la ropa.","rel":"","context":"Entrada similar","block_context":{"text":"Entrada similar","link":""},"img":{"alt_text":"Suavizante Concentrado 3L","src":"https:\/\/i0.wp.com\/desimper.es\/wp-content\/uploads\/2025\/08\/suavizanteConcentrado_3L.png?fit=700%2C700&ssl=1&resize=350%2C200","width":350,"height":200,"srcset":"https:\/\/i0.wp.com\/desimper.es\/wp-content\/uploads\/2025\/08\/suavizanteConcentrado_3L.png?fit=700%2C700&ssl=1&resize=350%2C200 1x, https:\/\/i0.wp.com\/desimper.es\/wp-content\/uploads\/2025\/08\/suavizanteConcentrado_3L.png?fit=700%2C700&ssl=1&resize=525%2C300 1.5x, https:\/\/i0.wp.com\/desimper.es\/wp-content\/uploads\/2025\/08\/suavizanteConcentrado_3L.png?fit=700%2C700&ssl=1&resize=700%2C400 2x"},"classes":[]},{"id":4244,"url":"https:\/\/desimper.es\/ca\/tienda\/textil\/suavizante-con-encapsulado-persistente-500ml\/","url_meta":{"origin":4247,"position":4},"title":"SUAVITZANT CONCENTRAT 500ml","author":"lauracelisb","date":"juliol 27, 2023","format":false,"excerpt":"Suavizante para la ropa con c\u00e1psulas de perfume. Las c\u00e1psulas de perfume permiten que la ropa\u00a0desprenda lentamente\u00a0su caracter\u00edstico\u00a0perfume\u00a0con la fricci\u00f3n normal del uso de la ropa.","rel":"","context":"Entrada similar","block_context":{"text":"Entrada similar","link":""},"img":{"alt_text":"Detergente concentrado Desimper","src":"https:\/\/i0.wp.com\/desimper.es\/wp-content\/uploads\/2023\/07\/19.png?fit=700%2C700&ssl=1&resize=350%2C200","width":350,"height":200,"srcset":"https:\/\/i0.wp.com\/desimper.es\/wp-content\/uploads\/2023\/07\/19.png?fit=700%2C700&ssl=1&resize=350%2C200 1x, https:\/\/i0.wp.com\/desimper.es\/wp-content\/uploads\/2023\/07\/19.png?fit=700%2C700&ssl=1&resize=525%2C300 1.5x, https:\/\/i0.wp.com\/desimper.es\/wp-content\/uploads\/2023\/07\/19.png?fit=700%2C700&ssl=1&resize=700%2C400 2x"},"classes":[]},{"id":2085,"url":"https:\/\/desimper.es\/ca\/tienda\/textil\/suavizante-encapsulado-persistente\/","url_meta":{"origin":4247,"position":5},"title":"SUAVITZANT CONCENTRAT 5L","author":"Carmen Bard\u00f3n Blanco","date":"juny 22, 2021","format":false,"excerpt":"Suavizante para la ropa con c\u00e1psulas de perfume. Las c\u00e1psulas de perfume permiten que la ropa\u00a0desprenda lentamente\u00a0su caracter\u00edstico\u00a0perfume\u00a0con la fricci\u00f3n normal del uso de la ropa.","rel":"","context":"Entrada similar","block_context":{"text":"Entrada similar","link":""},"img":{"alt_text":"","src":"https:\/\/i0.wp.com\/desimper.es\/wp-content\/uploads\/2021\/06\/61.png?fit=700%2C700&ssl=1&resize=350%2C200","width":350,"height":200,"srcset":"https:\/\/i0.wp.com\/desimper.es\/wp-content\/uploads\/2021\/06\/61.png?fit=700%2C700&ssl=1&resize=350%2C200 1x, https:\/\/i0.wp.com\/desimper.es\/wp-content\/uploads\/2021\/06\/61.png?fit=700%2C700&ssl=1&resize=525%2C300 1.5x, https:\/\/i0.wp.com\/desimper.es\/wp-content\/uploads\/2021\/06\/61.png?fit=700%2C700&ssl=1&resize=700%2C400 2x"},"classes":[]}],"jetpack_sharing_enabled":true,"_links":{"self":[{"href":"https:\/\/desimper.es\/ca\/wp-json\/wp\/v2\/product\/4247","targetHints":{"allow":["GET"]}}],"collection":[{"href":"https:\/\/desimper.es\/ca\/wp-json\/wp\/v2\/product"}],"about":[{"href":"https:\/\/desimper.es\/ca\/wp-json\/wp\/v2\/types\/product"}],"replies":[{"embeddable":true,"href":"https:\/\/desimper.es\/ca\/wp-json\/wp\/v2\/comments?post=4247"}],"version-history":[{"count":1,"href":"https:\/\/desimper.es\/ca\/wp-json\/wp\/v2\/product\/4247\/revisions"}],"predecessor-version":[{"id":17308,"href":"https:\/\/desimper.es\/ca\/wp-json\/wp\/v2\/product\/4247\/revisions\/17308"}],"wp:featuredmedia":[{"embeddable":true,"href":"https:\/\/desimper.es\/ca\/wp-json\/wp\/v2\/media\/70098"}],"wp:attachment":[{"href":"https:\/\/desimper.es\/ca\/wp-json\/wp\/v2\/media?parent=4247"}],"wp:term":[{"taxonomy":"product_brand","embeddable":true,"href":"https:\/\/desimper.es\/ca\/wp-json\/wp\/v2\/product_brand?post=4247"},{"taxonomy":"product_cat","embeddable":true,"href":"https:\/\/desimper.es\/ca\/wp-json\/wp\/v2\/product_cat?post=4247"},{"taxonomy":"product_tag","embeddable":true,"href":"https:\/\/desimper.es\/ca\/wp-json\/wp\/v2\/product_tag?post=4247"}],"curies":[{"name":"wp","href":"https:\/\/api.w.org\/{rel}","templated":true}]}}