{"id":4249,"date":"2023-07-27T10:04:19","date_gmt":"2023-07-27T10:04:19","guid":{"rendered":"https:\/\/desimper.es\/?post_type=product&#038;p=4249"},"modified":"2026-02-09T10:13:39","modified_gmt":"2026-02-09T10:13:39","slug":"antical","status":"publish","type":"product","link":"https:\/\/desimper.es\/ca\/tienda\/bano\/antical\/","title":{"rendered":"ANTICAL\u00c7"},"content":{"rendered":"<p>Producte formulat per a la neteja i desincrustaci\u00f3 dels dip\u00f2sits de cal\u00e7 m\u00e9s dif\u00edcils, restes de sab\u00f3, taques d'\u00f2xid i moltes altres.<br \/>\nProvar pr\u00e8viament en una petita zona no visible de la superf\u00edcie a netejar. Posteriorment polvoritzar directament, estendre i deixar actuar durant un minut. Aclarir abundantment amb aigua.<\/p>\n<p>Skin Irrit. 2: H315 \u2013 Provoca irritaci\u00f3 cut\u00e0nia. Eye Dam. 1: H318 \u2013 Provoca lesions oculars greus.<br \/>\nP101 Si es necessita consell m\u00e8dic, tenir a m\u00e0 l'env\u00e0s o l'etiqueta. P102 Mantenir fora de l'abast dels nens. P264 Rentar-se a consci\u00e8ncia despr\u00e9s de la manipulaci\u00f3. P280 Portar guants\/prenguis\/portes mala sort\/m\u00e0scara de protecci\u00f3. P302+P352 EN CAS DE CONTACTE AMB LA PELL: Rentar amb abundant aigua. P305+P351+P338 EN CAS DE CONTACTE AMB ELS ULLS: Esbandir amb aigua acuradament durant diversos minuts. Llevar les lents de contacte quan siguin presents i pugui fer-se amb facilitat. Prosseguir amb la rentada. P310 Cridar immediatament a un CENTRE DE TOXICOLOG\u013aA\/m\u00e8dic. P501 Eliminar el contingut\/el recipient mitjan\u00e7ant el sistema de recollida selectiva habilitat en el seu municipi.<br \/>\nSubst\u00e0ncies que contribueixen a la classificaci\u00f3: Alcohols, C12-13- ramificats i lineals, etoxilados (&gt; 5 \u2013 &lt; 15 EO); \u00c0cid f\u00f2rmic.<\/p>\n<p><a href=\"https:\/\/desimper.es\/wp-content\/uploads\/2023\/07\/LI_PF0400_ANTICAL.pdf\">LI_PF0400_ANTICAL<\/a><\/p>","protected":false},"excerpt":{"rendered":"<p>Producte formulat per a la neteja i desincrustaci\u00f3 dels dip\u00f2sits de cal\u00e7 m\u00e9s dif\u00edcils, restes de sab\u00f3, taques d'\u00f2xid i moltes altres.<br \/>\nProvar pr\u00e8viament en una petita zona no visible de la superf\u00edcie a netejar. Posteriorment polvoritzar directament, estendre i deixar actuar durant un minut. Aclarir abundantment amb aigua.<\/p>","protected":false},"featured_media":70221,"comment_status":"open","ping_status":"closed","template":"","meta":{"_crdt_document":"","_kad_post_transparent":"","_kad_post_title":"","_kad_post_layout":"","_kad_post_sidebar_id":"","_kad_post_content_style":"","_kad_post_vertical_padding":"","_kad_post_feature":"","_kad_post_feature_position":"","_kad_post_header":false,"_kad_post_footer":false,"_kad_post_classname":"","_joinchat":[]},"product_brand":[],"product_cat":[89,88,70],"product_tag":[],"class_list":{"0":"post-4249","1":"product","2":"type-product","3":"status-publish","4":"has-post-thumbnail","6":"product_cat-bano","7":"product_cat-cocina","8":"product_cat-superficies","10":"first","11":"instock","12":"taxable","13":"shipping-taxable","14":"purchasable","15":"product-type-simple","16":"entry","17":"content-bg","18":"loop-entry"},"jetpack-related-posts":[{"id":586,"url":"https:\/\/desimper.es\/ca\/tienda\/bano\/antical-desimper\/","url_meta":{"origin":4249,"position":0},"title":"ANTICAL\u00c7 DESIMPER 500ML","author":"Laura Celis","date":"juliol 7, 2020","format":false,"excerpt":"Producto formulado para la limpieza y desincrustaci\u00f3n de los dep\u00f3sitos de cal m\u00e1s dif\u00edciles, restos de jab\u00f3n, manchas de \u00f3xido y muchas otras. Probar previamente en una peque\u00f1a zona no visible de la superficie a limpiar. Posteriormente pulverizar directamente, extender y dejar actuar durante un minuto. Aclarar abundantemente con agua.","rel":"","context":"Entrada similar","block_context":{"text":"Entrada similar","link":""},"img":{"alt_text":"Antical Desimper","src":"https:\/\/i0.wp.com\/desimper.es\/wp-content\/uploads\/2020\/07\/9.png?fit=700%2C700&ssl=1&resize=350%2C200","width":350,"height":200,"srcset":"https:\/\/i0.wp.com\/desimper.es\/wp-content\/uploads\/2020\/07\/9.png?fit=700%2C700&ssl=1&resize=350%2C200 1x, https:\/\/i0.wp.com\/desimper.es\/wp-content\/uploads\/2020\/07\/9.png?fit=700%2C700&ssl=1&resize=525%2C300 1.5x, https:\/\/i0.wp.com\/desimper.es\/wp-content\/uploads\/2020\/07\/9.png?fit=700%2C700&ssl=1&resize=700%2C400 2x"},"classes":[]},{"id":4236,"url":"https:\/\/desimper.es\/ca\/tienda\/bano\/vinagre-de-limpieza-1l\/","url_meta":{"origin":4249,"position":1},"title":"VINAGRE DE NETEJA 1L","author":"lauracelisb","date":"juliol 27, 2023","format":false,"excerpt":"Producto formulado para la limpieza y desincrustaci\u00f3n de cualquier superficie, de los dep\u00f3sitos de cal m\u00e1s dif\u00edciles, restos de jab\u00f3n, manchas de \u00f3xido y muchas otras. Antical con vinagre ECOL\u00d3GICO.","rel":"","context":"Entrada similar","block_context":{"text":"Entrada similar","link":""},"img":{"alt_text":"","src":"https:\/\/i0.wp.com\/desimper.es\/wp-content\/uploads\/2023\/07\/38.png?fit=700%2C700&ssl=1&resize=350%2C200","width":350,"height":200,"srcset":"https:\/\/i0.wp.com\/desimper.es\/wp-content\/uploads\/2023\/07\/38.png?fit=700%2C700&ssl=1&resize=350%2C200 1x, https:\/\/i0.wp.com\/desimper.es\/wp-content\/uploads\/2023\/07\/38.png?fit=700%2C700&ssl=1&resize=525%2C300 1.5x, https:\/\/i0.wp.com\/desimper.es\/wp-content\/uploads\/2023\/07\/38.png?fit=700%2C700&ssl=1&resize=700%2C400 2x"},"classes":[]},{"id":4292,"url":"https:\/\/desimper.es\/ca\/tienda\/bano\/multiusos-banos\/","url_meta":{"origin":4249,"position":2},"title":"MULTIUSOS BANY 1L","author":"lauracelisb","date":"agost 2, 2023","format":false,"excerpt":"Producto formulado para la limpieza y desincrustaci\u00f3n de restos de jab\u00f3n, manchas de \u00f3xido.","rel":"","context":"Entrada similar","block_context":{"text":"Entrada similar","link":""},"img":{"alt_text":"Multiusos ba\u00f1o","src":"https:\/\/i0.wp.com\/desimper.es\/wp-content\/uploads\/2023\/08\/46.png?fit=700%2C700&ssl=1&resize=350%2C200","width":350,"height":200,"srcset":"https:\/\/i0.wp.com\/desimper.es\/wp-content\/uploads\/2023\/08\/46.png?fit=700%2C700&ssl=1&resize=350%2C200 1x, https:\/\/i0.wp.com\/desimper.es\/wp-content\/uploads\/2023\/08\/46.png?fit=700%2C700&ssl=1&resize=525%2C300 1.5x, https:\/\/i0.wp.com\/desimper.es\/wp-content\/uploads\/2023\/08\/46.png?fit=700%2C700&ssl=1&resize=700%2C400 2x"},"classes":[]},{"id":1943,"url":"https:\/\/desimper.es\/ca\/tienda\/bano\/antical-ecologico-con-vinagre-2\/","url_meta":{"origin":4249,"position":3},"title":"VINAGRE DE NETEJA Multiusos i Ecol\u00f2gic 5L","author":"AndreuSerra","date":"abril 28, 2021","format":false,"excerpt":"Producto formulado para la limpieza y desincrustaci\u00f3n de cualquier superficie, de los dep\u00f3sitos de cal m\u00e1s dif\u00edciles, restos de jab\u00f3n, manchas de \u00f3xido y muchas otras. Antical con vinagre ECOL\u00d3GICO.","rel":"","context":"Amb 1 comentari","block_context":{"text":"Amb 1 comentari","link":"https:\/\/desimper.es\/ca\/tienda\/bano\/antical-ecologico-con-vinagre-2\/#comments"},"img":{"alt_text":"","src":"https:\/\/i0.wp.com\/desimper.es\/wp-content\/uploads\/2021\/04\/36.png?fit=700%2C700&ssl=1&resize=350%2C200","width":350,"height":200,"srcset":"https:\/\/i0.wp.com\/desimper.es\/wp-content\/uploads\/2021\/04\/36.png?fit=700%2C700&ssl=1&resize=350%2C200 1x, https:\/\/i0.wp.com\/desimper.es\/wp-content\/uploads\/2021\/04\/36.png?fit=700%2C700&ssl=1&resize=525%2C300 1.5x, https:\/\/i0.wp.com\/desimper.es\/wp-content\/uploads\/2021\/04\/36.png?fit=700%2C700&ssl=1&resize=700%2C400 2x"},"classes":[]},{"id":4251,"url":"https:\/\/desimper.es\/ca\/tienda\/piscinas\/limpiajuntas\/","url_meta":{"origin":4249,"position":4},"title":"NETEJAJUNTES 5L","author":"lauracelisb","date":"juliol 27, 2023","format":false,"excerpt":"Producte l\u00edquid fortament \u00e0cid i concentrat, usat per a eliminar taques d'\u00f2xid i cal\u00e7 en juntes i rajoles. Especial per a piscines i final d'obra.","rel":"","context":"Entrada similar","block_context":{"text":"Entrada similar","link":""},"img":{"alt_text":"","src":"https:\/\/i0.wp.com\/desimper.es\/wp-content\/uploads\/2023\/07\/69.png?fit=700%2C700&ssl=1&resize=350%2C200","width":350,"height":200,"srcset":"https:\/\/i0.wp.com\/desimper.es\/wp-content\/uploads\/2023\/07\/69.png?fit=700%2C700&ssl=1&resize=350%2C200 1x, https:\/\/i0.wp.com\/desimper.es\/wp-content\/uploads\/2023\/07\/69.png?fit=700%2C700&ssl=1&resize=525%2C300 1.5x, https:\/\/i0.wp.com\/desimper.es\/wp-content\/uploads\/2023\/07\/69.png?fit=700%2C700&ssl=1&resize=700%2C400 2x"},"classes":[]},{"id":745,"url":"https:\/\/desimper.es\/ca\/tienda\/piscinas\/aminorador-ph\/","url_meta":{"origin":4249,"position":5},"title":"MINORADOR PH 5L","author":"Laura Celis","date":"juliol 16, 2020","format":false,"excerpt":"Minorador de pH, utilitzar per a regular el pH de la piscina entre 7,2 i 8,0. \u00c9s indispensable, per a un \u00f2ptim tractament de l'aigua i per a evitar les mol\u00e8sties que pot produir en la pell dels banyistes, un desequilibri del pH.","rel":"","context":"Entrada similar","block_context":{"text":"Entrada similar","link":""},"img":{"alt_text":"","src":"https:\/\/i0.wp.com\/desimper.es\/wp-content\/uploads\/2020\/07\/75.png?fit=700%2C700&ssl=1&resize=350%2C200","width":350,"height":200,"srcset":"https:\/\/i0.wp.com\/desimper.es\/wp-content\/uploads\/2020\/07\/75.png?fit=700%2C700&ssl=1&resize=350%2C200 1x, https:\/\/i0.wp.com\/desimper.es\/wp-content\/uploads\/2020\/07\/75.png?fit=700%2C700&ssl=1&resize=525%2C300 1.5x, https:\/\/i0.wp.com\/desimper.es\/wp-content\/uploads\/2020\/07\/75.png?fit=700%2C700&ssl=1&resize=700%2C400 2x"},"classes":[]}],"jetpack_sharing_enabled":true,"_links":{"self":[{"href":"https:\/\/desimper.es\/ca\/wp-json\/wp\/v2\/product\/4249","targetHints":{"allow":["GET"]}}],"collection":[{"href":"https:\/\/desimper.es\/ca\/wp-json\/wp\/v2\/product"}],"about":[{"href":"https:\/\/desimper.es\/ca\/wp-json\/wp\/v2\/types\/product"}],"replies":[{"embeddable":true,"href":"https:\/\/desimper.es\/ca\/wp-json\/wp\/v2\/comments?post=4249"}],"version-history":[{"count":1,"href":"https:\/\/desimper.es\/ca\/wp-json\/wp\/v2\/product\/4249\/revisions"}],"predecessor-version":[{"id":17314,"href":"https:\/\/desimper.es\/ca\/wp-json\/wp\/v2\/product\/4249\/revisions\/17314"}],"wp:featuredmedia":[{"embeddable":true,"href":"https:\/\/desimper.es\/ca\/wp-json\/wp\/v2\/media\/70221"}],"wp:attachment":[{"href":"https:\/\/desimper.es\/ca\/wp-json\/wp\/v2\/media?parent=4249"}],"wp:term":[{"taxonomy":"product_brand","embeddable":true,"href":"https:\/\/desimper.es\/ca\/wp-json\/wp\/v2\/product_brand?post=4249"},{"taxonomy":"product_cat","embeddable":true,"href":"https:\/\/desimper.es\/ca\/wp-json\/wp\/v2\/product_cat?post=4249"},{"taxonomy":"product_tag","embeddable":true,"href":"https:\/\/desimper.es\/ca\/wp-json\/wp\/v2\/product_tag?post=4249"}],"curies":[{"name":"wp","href":"https:\/\/api.w.org\/{rel}","templated":true}]}}