{"id":4251,"date":"2023-07-27T10:11:26","date_gmt":"2023-07-27T10:11:26","guid":{"rendered":"https:\/\/desimper.es\/?post_type=product&#038;p=4251"},"modified":"2026-02-05T13:24:04","modified_gmt":"2026-02-05T13:24:04","slug":"limpiajuntas","status":"publish","type":"product","link":"https:\/\/desimper.es\/ca\/tienda\/piscinas\/limpiajuntas\/","title":{"rendered":"NETEJAJUNTES 5L"},"content":{"rendered":"<p>Eye Irrit. 2: H319 \u2013 Provoca irritaci\u00f3 ocular greu. Skin Irrit. 2: H315 \u2013 Provoca irritaci\u00f3 cut\u00e0nia. STOT ES 3: H335 \u2013 Pot irritar les vies respirat\u00f2ries<\/p>\n<p>P264 Rentar-se a consci\u00e8ncia despr\u00e9s de la manipulaci\u00f3. P271 Utilitzar \u00fanicament en exteriors o en un lloc ben ventilat. P280 Portar guants\/prenguis\/portes mala sort\/m\u00e0scara de protecci\u00f3. P302+P352 EN CAS DE CONTACTE AMB LA PELL: Rentar amb abundant aigua. P304+P340 EN CAS D'INHALACI\u00d3: Transportar a la persona a l'aire lliure i mantenir-la en una posici\u00f3 que li faciliti la respiraci\u00f3. P305+P351+P338 EN CAS DE CONTACTE AMB ELS ULLS: Esbandir amb aigua acuradament durant diversos minuts. Llevar les lents de contacte quan siguin presents i pugui fer-se amb facilitat. Prosseguir amb la rentada. P403+P233 Emmagatzemar en un lloc ben ventilat. Mantenir el recipient tancat herm\u00e8ticament. P501 Eliminar el contingut\/el recipient d'acord amb la normativa sobre residus perillosos o envasos i residus d'envasos respectivament.<\/p>\n<p>Subst\u00e0ncies que contribueixen a la classificaci\u00f3: \u00c0cid clorh\u00eddric<\/p>\n<p><a href=\"https:\/\/desimper.es\/wp-content\/uploads\/2023\/07\/LI_PF0146_LIMPIAJUNTAS.pdf\">LI_PF0146_LIMPIAJUNTAS<\/a><\/p>","protected":false},"excerpt":{"rendered":"<p>Producte l\u00edquid fortament \u00e0cid i concentrat, usat per a eliminar taques d'\u00f2xid i cal\u00e7 en juntes i rajoles. Especial per a piscines i final d'obra.<\/p>","protected":false},"featured_media":70209,"comment_status":"open","ping_status":"closed","template":"","meta":{"_crdt_document":"","_kad_post_transparent":"","_kad_post_title":"","_kad_post_layout":"","_kad_post_sidebar_id":"","_kad_post_content_style":"","_kad_post_vertical_padding":"","_kad_post_feature":"","_kad_post_feature_position":"","_kad_post_header":false,"_kad_post_footer":false,"_kad_post_classname":"","_joinchat":[]},"product_brand":[],"product_cat":[67],"product_tag":[],"class_list":{"0":"post-4251","1":"product","2":"type-product","3":"status-publish","4":"has-post-thumbnail","6":"product_cat-piscinas","8":"first","9":"instock","10":"taxable","11":"shipping-taxable","12":"purchasable","13":"product-type-simple","14":"entry","15":"content-bg","16":"loop-entry"},"jetpack-related-posts":[{"id":745,"url":"https:\/\/desimper.es\/ca\/tienda\/piscinas\/aminorador-ph\/","url_meta":{"origin":4251,"position":0},"title":"MINORADOR PH 5L","author":"Laura Celis","date":"juliol 16, 2020","format":false,"excerpt":"Minorador de pH, utilitzar per a regular el pH de la piscina entre 7,2 i 8,0. \u00c9s indispensable, per a un \u00f2ptim tractament de l'aigua i per a evitar les mol\u00e8sties que pot produir en la pell dels banyistes, un desequilibri del pH.","rel":"","context":"Entrada similar","block_context":{"text":"Entrada similar","link":""},"img":{"alt_text":"","src":"https:\/\/i0.wp.com\/desimper.es\/wp-content\/uploads\/2020\/07\/75.png?fit=700%2C700&ssl=1&resize=350%2C200","width":350,"height":200,"srcset":"https:\/\/i0.wp.com\/desimper.es\/wp-content\/uploads\/2020\/07\/75.png?fit=700%2C700&ssl=1&resize=350%2C200 1x, https:\/\/i0.wp.com\/desimper.es\/wp-content\/uploads\/2020\/07\/75.png?fit=700%2C700&ssl=1&resize=525%2C300 1.5x, https:\/\/i0.wp.com\/desimper.es\/wp-content\/uploads\/2020\/07\/75.png?fit=700%2C700&ssl=1&resize=700%2C400 2x"},"classes":[]},{"id":4292,"url":"https:\/\/desimper.es\/ca\/tienda\/bano\/multiusos-banos\/","url_meta":{"origin":4251,"position":1},"title":"MULTIUSOS BANY 1L","author":"lauracelisb","date":"agost 2, 2023","format":false,"excerpt":"Producto formulado para la limpieza y desincrustaci\u00f3n de restos de jab\u00f3n, manchas de \u00f3xido.","rel":"","context":"Entrada similar","block_context":{"text":"Entrada similar","link":""},"img":{"alt_text":"Multiusos ba\u00f1o","src":"https:\/\/i0.wp.com\/desimper.es\/wp-content\/uploads\/2023\/08\/46.png?fit=700%2C700&ssl=1&resize=350%2C200","width":350,"height":200,"srcset":"https:\/\/i0.wp.com\/desimper.es\/wp-content\/uploads\/2023\/08\/46.png?fit=700%2C700&ssl=1&resize=350%2C200 1x, https:\/\/i0.wp.com\/desimper.es\/wp-content\/uploads\/2023\/08\/46.png?fit=700%2C700&ssl=1&resize=525%2C300 1.5x, https:\/\/i0.wp.com\/desimper.es\/wp-content\/uploads\/2023\/08\/46.png?fit=700%2C700&ssl=1&resize=700%2C400 2x"},"classes":[]},{"id":1417,"url":"https:\/\/desimper.es\/ca\/tienda\/bano\/desinfectante-hidroalcoholico-gel-limpieza-de-manos-y-superficies\/","url_meta":{"origin":4251,"position":2},"title":"GELBAC HIDROALCOH\u00d2LIC 5L","author":"Laura Celis","date":"agost 31, 2020","format":false,"excerpt":"Garrafa 5 litros hidroalcoh\u00f3lico para\u00a0todo tipo de\u00a0superficies\u00a0lavables, especialmente indicado para todas aquellas de contacto habitual como mesas, puertas, empu\u00f1aduras...","rel":"","context":"Entrada similar","block_context":{"text":"Entrada similar","link":""},"img":{"alt_text":"","src":"https:\/\/i0.wp.com\/desimper.es\/wp-content\/uploads\/2020\/08\/81.png?fit=700%2C700&ssl=1&resize=350%2C200","width":350,"height":200,"srcset":"https:\/\/i0.wp.com\/desimper.es\/wp-content\/uploads\/2020\/08\/81.png?fit=700%2C700&ssl=1&resize=350%2C200 1x, https:\/\/i0.wp.com\/desimper.es\/wp-content\/uploads\/2020\/08\/81.png?fit=700%2C700&ssl=1&resize=525%2C300 1.5x, https:\/\/i0.wp.com\/desimper.es\/wp-content\/uploads\/2020\/08\/81.png?fit=700%2C700&ssl=1&resize=700%2C400 2x"},"classes":[]},{"id":1419,"url":"https:\/\/desimper.es\/ca\/tienda\/bano\/hidroalcoholico-liquido\/","url_meta":{"origin":4251,"position":3},"title":"GELBAC HIDROALCOH\u00d2LIC 1L","author":"Laura Celis","date":"agost 31, 2020","format":false,"excerpt":"Botella 1 litro hidroalcoh\u00f3lico \u00a0todo tipo de\u00a0superficies\u00a0lavables, especialmente indicado para todas aquellas de contacto habitual como mesas, puertas, empu\u00f1aduras...","rel":"","context":"Entrada similar","block_context":{"text":"Entrada similar","link":""},"img":{"alt_text":"","src":"https:\/\/i0.wp.com\/desimper.es\/wp-content\/uploads\/2020\/08\/83.png?fit=700%2C700&ssl=1&resize=350%2C200","width":350,"height":200,"srcset":"https:\/\/i0.wp.com\/desimper.es\/wp-content\/uploads\/2020\/08\/83.png?fit=700%2C700&ssl=1&resize=350%2C200 1x, https:\/\/i0.wp.com\/desimper.es\/wp-content\/uploads\/2020\/08\/83.png?fit=700%2C700&ssl=1&resize=525%2C300 1.5x, https:\/\/i0.wp.com\/desimper.es\/wp-content\/uploads\/2020\/08\/83.png?fit=700%2C700&ssl=1&resize=700%2C400 2x"},"classes":[]},{"id":1945,"url":"https:\/\/desimper.es\/ca\/tienda\/bano\/desincrustante-desimper-inodoros-2\/","url_meta":{"origin":4251,"position":4},"title":"DESINCRUSTANT DESIMPER WC 1L","author":"AndreuSerra","date":"abril 28, 2021","format":false,"excerpt":"Producto formulado para la limpieza, desodorizaci\u00f3n, desincrustado y abrillantado de inodoros. Proporciona un agradable olor a limpio. Para la desincrustaci\u00f3n y limpieza de inodoros y\u00a0 urinarios. Para un correcto uso, verter el producto sin disoluci\u00f3n alguna en la parte superior del inodoro. Dejar actuar y posteriormente aclarar con el agua\u2026","rel":"","context":"Entrada similar","block_context":{"text":"Entrada similar","link":""},"img":{"alt_text":"","src":"https:\/\/i0.wp.com\/desimper.es\/wp-content\/uploads\/2021\/04\/44.png?fit=700%2C700&ssl=1&resize=350%2C200","width":350,"height":200,"srcset":"https:\/\/i0.wp.com\/desimper.es\/wp-content\/uploads\/2021\/04\/44.png?fit=700%2C700&ssl=1&resize=350%2C200 1x, https:\/\/i0.wp.com\/desimper.es\/wp-content\/uploads\/2021\/04\/44.png?fit=700%2C700&ssl=1&resize=525%2C300 1.5x, https:\/\/i0.wp.com\/desimper.es\/wp-content\/uploads\/2021\/04\/44.png?fit=700%2C700&ssl=1&resize=700%2C400 2x"},"classes":[]},{"id":4249,"url":"https:\/\/desimper.es\/ca\/tienda\/bano\/antical\/","url_meta":{"origin":4251,"position":5},"title":"ANTICAL\u00c7","author":"lauracelisb","date":"juliol 27, 2023","format":false,"excerpt":"Producto formulado para la limpieza y desincrustaci\u00f3n de los dep\u00f3sitos de cal m\u00e1s dif\u00edciles, restos de jab\u00f3n, manchas de \u00f3xido y muchas otras. Probar previamente en una peque\u00f1a zona no visible de la superficie a limpiar. Posteriormente pulverizar directamente, extender y dejar actuar durante un minuto. Aclarar abundantemente con agua.","rel":"","context":"Amb 1 comentari","block_context":{"text":"Amb 1 comentari","link":"https:\/\/desimper.es\/ca\/tienda\/bano\/antical\/#comments"},"img":{"alt_text":"","src":"https:\/\/i0.wp.com\/desimper.es\/wp-content\/uploads\/2023\/07\/32.png?fit=700%2C700&ssl=1&resize=350%2C200","width":350,"height":200,"srcset":"https:\/\/i0.wp.com\/desimper.es\/wp-content\/uploads\/2023\/07\/32.png?fit=700%2C700&ssl=1&resize=350%2C200 1x, https:\/\/i0.wp.com\/desimper.es\/wp-content\/uploads\/2023\/07\/32.png?fit=700%2C700&ssl=1&resize=525%2C300 1.5x, https:\/\/i0.wp.com\/desimper.es\/wp-content\/uploads\/2023\/07\/32.png?fit=700%2C700&ssl=1&resize=700%2C400 2x"},"classes":[]}],"jetpack_sharing_enabled":true,"_links":{"self":[{"href":"https:\/\/desimper.es\/ca\/wp-json\/wp\/v2\/product\/4251","targetHints":{"allow":["GET"]}}],"collection":[{"href":"https:\/\/desimper.es\/ca\/wp-json\/wp\/v2\/product"}],"about":[{"href":"https:\/\/desimper.es\/ca\/wp-json\/wp\/v2\/types\/product"}],"replies":[{"embeddable":true,"href":"https:\/\/desimper.es\/ca\/wp-json\/wp\/v2\/comments?post=4251"}],"version-history":[{"count":1,"href":"https:\/\/desimper.es\/ca\/wp-json\/wp\/v2\/product\/4251\/revisions"}],"predecessor-version":[{"id":17311,"href":"https:\/\/desimper.es\/ca\/wp-json\/wp\/v2\/product\/4251\/revisions\/17311"}],"wp:featuredmedia":[{"embeddable":true,"href":"https:\/\/desimper.es\/ca\/wp-json\/wp\/v2\/media\/70209"}],"wp:attachment":[{"href":"https:\/\/desimper.es\/ca\/wp-json\/wp\/v2\/media?parent=4251"}],"wp:term":[{"taxonomy":"product_brand","embeddable":true,"href":"https:\/\/desimper.es\/ca\/wp-json\/wp\/v2\/product_brand?post=4251"},{"taxonomy":"product_cat","embeddable":true,"href":"https:\/\/desimper.es\/ca\/wp-json\/wp\/v2\/product_cat?post=4251"},{"taxonomy":"product_tag","embeddable":true,"href":"https:\/\/desimper.es\/ca\/wp-json\/wp\/v2\/product_tag?post=4251"}],"curies":[{"name":"wp","href":"https:\/\/api.w.org\/{rel}","templated":true}]}}