{"id":4278,"date":"2023-08-01T09:45:53","date_gmt":"2023-08-01T09:45:53","guid":{"rendered":"https:\/\/desimper.es\/?post_type=product&#038;p=4278"},"modified":"2026-03-04T09:39:55","modified_gmt":"2026-03-04T09:39:55","slug":"fregasuelos-aloe-vera","status":"publish","type":"product","link":"https:\/\/desimper.es\/ca\/tienda\/bano\/fregasuelos-aloe-vera\/","title":{"rendered":"L\u00cdQUID DE FREGAR ALOE VERA 5L"},"content":{"rendered":"<p>\u00c0loe vera l\u00edquid de fregar: EUH208 Cont\u00e9 Massa de reacci\u00f3 de 5-clor-2-metil-2H-*isotiazol-3-*ona i 2-metil-2 H-isotiazol-3-*ona (3:1). Pot provocar una reacci\u00f3 al\u00b7l\u00e8rgica. EUH210 Pot sol\u00b7licitar-se la fitxa de dades de seguretat.<\/p>\n<p>Cont\u00e9: Tensioactius no i\u00f2nics (% (p\/p) &lt; 5), Perfums; Agents conservants: Massa de reacci\u00f3 de 5-clor-2-metil-2H-*isotiazol-3-*ona i 2-metil-2 H-isotiazol-3-*ona (3:1) (METHYLCHLOROISOTHIAZOLINONE \/ METHYLISOTHIAZOLINONE).<br \/>\nFrag\u00e0ncies al\u00b7lerg\u00f2genes: d-limoneno (LIMONENE).<\/p>\n<p>Mantenir fora de l'abast dels nens. No Ingerir. En cas d'accident consultar al Servei M\u00e8dic d'Informaci\u00f3 Toxicol\u00f2gica, tel\u00e8fon 91 562 04 20.<\/p>\n<p><a href=\"https:\/\/desimper.es\/wp-content\/uploads\/2023\/08\/LI_PF0683_FREGASUELOSALOE.pdf\">LI_PF0683_FREGASUELOSALOE<\/a><\/p>","protected":false},"excerpt":{"rendered":"<p>Producte d'aspecte l\u00edquid refor\u00e7at amb tensioactius per a optimitzar el seu poder netejador i desgreixador. Actiu detergent en tota mena de superf\u00edcies rentables. Afegir 3-4 taps sobre mitja galleda d'aigua i aplicar amb pal de fregar. No necessita aclarit.<\/p>","protected":false},"featured_media":70134,"comment_status":"open","ping_status":"closed","template":"","meta":{"_crdt_document":"","_kad_post_transparent":"default","_kad_post_title":"","_kad_post_layout":"default","_kad_post_sidebar_id":"","_kad_post_content_style":"default","_kad_post_vertical_padding":"default","_kad_post_feature":"","_kad_post_feature_position":"","_kad_post_header":false,"_kad_post_footer":false,"_kad_post_classname":"","_joinchat":[]},"product_brand":[],"product_cat":[89,88,70],"product_tag":[],"class_list":{"0":"post-4278","1":"product","2":"type-product","3":"status-publish","4":"has-post-thumbnail","6":"product_cat-bano","7":"product_cat-cocina","8":"product_cat-superficies","10":"first","11":"instock","12":"taxable","13":"shipping-taxable","14":"purchasable","15":"product-type-simple","16":"entry","17":"content-bg","18":"loop-entry"},"jetpack-related-posts":[{"id":4232,"url":"https:\/\/desimper.es\/ca\/tienda\/bano\/fregasuelos-aloe-vera-1l\/","url_meta":{"origin":4278,"position":0},"title":"L\u00cdQUID DE FREGAR ALOE VERA 1L","author":"lauracelisb","date":"juliol 27, 2023","format":false,"excerpt":"Producte d'aspecte l\u00edquid refor\u00e7at amb tensioactius per a optimitzar el seu poder netejador i desgreixador. Actiu detergent en tota mena de superf\u00edcies rentables. Afegir 3-4 taps sobre mitja galleda d'aigua i aplicar amb pal de fregar. No necessita aclarit.","rel":"","context":"Entrada similar","block_context":{"text":"Entrada similar","link":""},"img":{"alt_text":"Fregasuelos con Aloe Vera 1L","src":"https:\/\/i0.wp.com\/desimper.es\/wp-content\/uploads\/2023\/07\/28.png?fit=700%2C700&ssl=1&resize=350%2C200","width":350,"height":200,"srcset":"https:\/\/i0.wp.com\/desimper.es\/wp-content\/uploads\/2023\/07\/28.png?fit=700%2C700&ssl=1&resize=350%2C200 1x, https:\/\/i0.wp.com\/desimper.es\/wp-content\/uploads\/2023\/07\/28.png?fit=700%2C700&ssl=1&resize=525%2C300 1.5x, https:\/\/i0.wp.com\/desimper.es\/wp-content\/uploads\/2023\/07\/28.png?fit=700%2C700&ssl=1&resize=700%2C400 2x"},"classes":[]},{"id":4247,"url":"https:\/\/desimper.es\/ca\/tienda\/bano\/fregasuelos-con-bioalcohol-fresh\/","url_meta":{"origin":4278,"position":1},"title":"L\u00cdQUID DE FREGAR AMB BIOALCOHOL FRESH 5L","author":"lauracelisb","date":"juliol 27, 2023","format":false,"excerpt":"Producte formulat per a la neteja de tota mena de superf\u00edcies. Deixa un fresc i agradable aroma residual.","rel":"","context":"Entrada similar","block_context":{"text":"Entrada similar","link":""},"img":{"alt_text":"","src":"https:\/\/i0.wp.com\/desimper.es\/wp-content\/uploads\/2023\/07\/30.png?fit=700%2C700&ssl=1&resize=350%2C200","width":350,"height":200,"srcset":"https:\/\/i0.wp.com\/desimper.es\/wp-content\/uploads\/2023\/07\/30.png?fit=700%2C700&ssl=1&resize=350%2C200 1x, https:\/\/i0.wp.com\/desimper.es\/wp-content\/uploads\/2023\/07\/30.png?fit=700%2C700&ssl=1&resize=525%2C300 1.5x, https:\/\/i0.wp.com\/desimper.es\/wp-content\/uploads\/2023\/07\/30.png?fit=700%2C700&ssl=1&resize=700%2C400 2x"},"classes":[]},{"id":1939,"url":"https:\/\/desimper.es\/ca\/tienda\/bano\/fregasuelos-con-bioalcohol-apple-2\/","url_meta":{"origin":4278,"position":2},"title":"L\u00cdQUID DE FREGAR APPLE 5L","author":"AndreuSerra","date":"abril 28, 2021","format":false,"excerpt":"Producto l\u00edquido, limpiador de superficies incluso si est\u00e1n enceradas.\u00a0No ataca ni matiza dichas superficies,\u00a0destacando su brillo original. Act\u00faa frente a las suciedades y manchas de aceite.\u00a0Suavemente perfumado deja un agradable aroma residual. Contiene alcohol, que facilita la limpieza de las superficies.","rel":"","context":"Entrada similar","block_context":{"text":"Entrada similar","link":""},"img":{"alt_text":"","src":"https:\/\/i0.wp.com\/desimper.es\/wp-content\/uploads\/2021\/04\/15.png?fit=700%2C700&ssl=1&resize=350%2C200","width":350,"height":200,"srcset":"https:\/\/i0.wp.com\/desimper.es\/wp-content\/uploads\/2021\/04\/15.png?fit=700%2C700&ssl=1&resize=350%2C200 1x, https:\/\/i0.wp.com\/desimper.es\/wp-content\/uploads\/2021\/04\/15.png?fit=700%2C700&ssl=1&resize=525%2C300 1.5x, https:\/\/i0.wp.com\/desimper.es\/wp-content\/uploads\/2021\/04\/15.png?fit=700%2C700&ssl=1&resize=700%2C400 2x"},"classes":[]},{"id":2069,"url":"https:\/\/desimper.es\/ca\/tienda\/cocina\/lavavajillas-dermoprotector-desimper-3\/","url_meta":{"origin":4278,"position":3},"title":"RENTAVAIXELLA MANUAL DESIMPER 1L","author":"Carmen Bard\u00f3n Blanco","date":"juny 22, 2021","format":false,"excerpt":"Lavavajillas para lavar a mano. Tiene una gran duraci\u00f3n porque\u00a0est\u00e1\u00a0muy concentrado. No contiene ni disolventes ni abrasivos, por lo que es\u00a0delicado\u00a0con las ollas, sartenes, cer\u00e1micas, cristales,... Permite altas diluciones y\u00a0gran econom\u00eda. Eficaz contra todo tipo de suciedades org\u00e1nicas e inorg\u00e1nicas. Contiene amidas que protegen la piel. No afecta a las\u2026","rel":"","context":"Entrada similar","block_context":{"text":"Entrada similar","link":""},"img":{"alt_text":"","src":"https:\/\/i0.wp.com\/desimper.es\/wp-content\/uploads\/2021\/06\/13.png?fit=700%2C700&ssl=1&resize=350%2C200","width":350,"height":200,"srcset":"https:\/\/i0.wp.com\/desimper.es\/wp-content\/uploads\/2021\/06\/13.png?fit=700%2C700&ssl=1&resize=350%2C200 1x, https:\/\/i0.wp.com\/desimper.es\/wp-content\/uploads\/2021\/06\/13.png?fit=700%2C700&ssl=1&resize=525%2C300 1.5x, https:\/\/i0.wp.com\/desimper.es\/wp-content\/uploads\/2021\/06\/13.png?fit=700%2C700&ssl=1&resize=700%2C400 2x"},"classes":[]},{"id":42969,"url":"https:\/\/desimper.es\/ca\/tienda\/textil\/suavizante-concentrado-3l\/","url_meta":{"origin":4278,"position":4},"title":"SUAVIZANTE CONCENTRADO 3L","author":"Laura Celis","date":"agost 28, 2025","format":false,"excerpt":"Suavizante para la ropa con c\u00e1psulas de perfume. Las c\u00e1psulas de perfume permiten que la ropa\u00a0desprenda lentamente\u00a0su caracter\u00edstico\u00a0perfume con la fricci\u00f3n normal del uso de la ropa.","rel":"","context":"Entrada similar","block_context":{"text":"Entrada similar","link":""},"img":{"alt_text":"Suavizante Concentrado 3L","src":"https:\/\/i0.wp.com\/desimper.es\/wp-content\/uploads\/2025\/08\/suavizanteConcentrado_3L.png?fit=700%2C700&ssl=1&resize=350%2C200","width":350,"height":200,"srcset":"https:\/\/i0.wp.com\/desimper.es\/wp-content\/uploads\/2025\/08\/suavizanteConcentrado_3L.png?fit=700%2C700&ssl=1&resize=350%2C200 1x, https:\/\/i0.wp.com\/desimper.es\/wp-content\/uploads\/2025\/08\/suavizanteConcentrado_3L.png?fit=700%2C700&ssl=1&resize=525%2C300 1.5x, https:\/\/i0.wp.com\/desimper.es\/wp-content\/uploads\/2025\/08\/suavizanteConcentrado_3L.png?fit=700%2C700&ssl=1&resize=700%2C400 2x"},"classes":[]},{"id":1953,"url":"https:\/\/desimper.es\/ca\/tienda\/textil\/suavizante-con-capsulas-de-perfume-2\/","url_meta":{"origin":4278,"position":5},"title":"SUAVITZANT ENCAPSULAT PERSISTENT","author":"AndreuSerra","date":"abril 28, 2021","format":false,"excerpt":"Suavizante para la ropa con c\u00e1psulas de perfume. Las c\u00e1psulas de perfume permiten que la ropa\u00a0desprenda lentamente\u00a0su caracter\u00edstico\u00a0perfume\u00a0con la fricci\u00f3n normal del uso de la ropa.","rel":"","context":"Entrada similar","block_context":{"text":"Entrada similar","link":""},"img":{"alt_text":"","src":"https:\/\/i0.wp.com\/desimper.es\/wp-content\/uploads\/2021\/04\/63.png?fit=700%2C700&ssl=1&resize=350%2C200","width":350,"height":200,"srcset":"https:\/\/i0.wp.com\/desimper.es\/wp-content\/uploads\/2021\/04\/63.png?fit=700%2C700&ssl=1&resize=350%2C200 1x, https:\/\/i0.wp.com\/desimper.es\/wp-content\/uploads\/2021\/04\/63.png?fit=700%2C700&ssl=1&resize=525%2C300 1.5x, https:\/\/i0.wp.com\/desimper.es\/wp-content\/uploads\/2021\/04\/63.png?fit=700%2C700&ssl=1&resize=700%2C400 2x"},"classes":[]}],"jetpack_sharing_enabled":true,"_links":{"self":[{"href":"https:\/\/desimper.es\/ca\/wp-json\/wp\/v2\/product\/4278","targetHints":{"allow":["GET"]}}],"collection":[{"href":"https:\/\/desimper.es\/ca\/wp-json\/wp\/v2\/product"}],"about":[{"href":"https:\/\/desimper.es\/ca\/wp-json\/wp\/v2\/types\/product"}],"replies":[{"embeddable":true,"href":"https:\/\/desimper.es\/ca\/wp-json\/wp\/v2\/comments?post=4278"}],"version-history":[{"count":1,"href":"https:\/\/desimper.es\/ca\/wp-json\/wp\/v2\/product\/4278\/revisions"}],"predecessor-version":[{"id":17250,"href":"https:\/\/desimper.es\/ca\/wp-json\/wp\/v2\/product\/4278\/revisions\/17250"}],"wp:featuredmedia":[{"embeddable":true,"href":"https:\/\/desimper.es\/ca\/wp-json\/wp\/v2\/media\/70134"}],"wp:attachment":[{"href":"https:\/\/desimper.es\/ca\/wp-json\/wp\/v2\/media?parent=4278"}],"wp:term":[{"taxonomy":"product_brand","embeddable":true,"href":"https:\/\/desimper.es\/ca\/wp-json\/wp\/v2\/product_brand?post=4278"},{"taxonomy":"product_cat","embeddable":true,"href":"https:\/\/desimper.es\/ca\/wp-json\/wp\/v2\/product_cat?post=4278"},{"taxonomy":"product_tag","embeddable":true,"href":"https:\/\/desimper.es\/ca\/wp-json\/wp\/v2\/product_tag?post=4278"}],"curies":[{"name":"wp","href":"https:\/\/api.w.org\/{rel}","templated":true}]}}