{"id":4292,"date":"2023-08-02T09:59:40","date_gmt":"2023-08-02T09:59:40","guid":{"rendered":"https:\/\/desimper.es\/?post_type=product&#038;p=4292"},"modified":"2026-02-23T15:42:48","modified_gmt":"2026-02-23T15:42:48","slug":"multiusos-banos","status":"publish","type":"product","link":"https:\/\/desimper.es\/ca\/tienda\/bano\/multiusos-banos\/","title":{"rendered":"MULTIUSOS BANY 1L"},"content":{"rendered":"<p>Producto formulado para la limpieza y desincrustaci\u00f3n de restos de jab\u00f3n, manchas de \u00f3xido. Eye Irrit. 2: H319 &#8211; Provoca irritaci\u00f3n ocular grave. Skin Irrit. 2: H315 &#8211; Provoca irritaci\u00f3n cut\u00e1nea.<\/p>\n<p>P101 Si se necesita consejo m\u00e9dico, tener a mano el envase o la etiqueta. P102 Mantener fuera del alcance de los ni\u00f1os. P264 Lavarse concienzudamente tras la manipulaci\u00f3n. P280 Llevar guantes\/prendas\/gafas\/m\u00e1scara de protecci\u00f3n. P302+P352 EN CASO DE CONTACTO CON LA PIEL: Lavar con abundante agua. P305+P351+P338 EN CASO DE CONTACTO CON LOS OJOS: Enjuagar con agua cuidadosamente durante varios minutos. Quitar las lentes de contacto cuando est\u00e9n presentes y pueda hacerse con facilidad. Proseguir con el lavado. P337+P313 Si persiste la irritaci\u00f3n ocular: Consultar a un m\u00e9dico. P501 Eliminar el contenido\/el recipiente mediante el sistema de recogida selectiva habilitado en su municipio.<\/p>\n<p><a href=\"https:\/\/desimper.es\/wp-content\/uploads\/2023\/08\/LI_PF0368_MULTIUSOSBANO.pdf\">LI_PF0368_MULTIUSOSBA\u00d1O<\/a><\/p>","protected":false},"excerpt":{"rendered":"<p>Producto formulado para la limpieza y desincrustaci\u00f3n de restos de jab\u00f3n, manchas de \u00f3xido.<\/p>","protected":false},"featured_media":70140,"comment_status":"open","ping_status":"closed","template":"","meta":{"_crdt_document":"","_kad_post_transparent":"","_kad_post_title":"","_kad_post_layout":"","_kad_post_sidebar_id":"","_kad_post_content_style":"","_kad_post_vertical_padding":"","_kad_post_feature":"","_kad_post_feature_position":"","_kad_post_header":false,"_kad_post_footer":false,"_kad_post_classname":"","_joinchat":[]},"product_brand":[],"product_cat":[89],"product_tag":[],"class_list":{"0":"post-4292","1":"product","2":"type-product","3":"status-publish","4":"has-post-thumbnail","6":"product_cat-bano","8":"first","9":"instock","10":"taxable","11":"shipping-taxable","12":"purchasable","13":"product-type-simple","14":"entry","15":"content-bg","16":"loop-entry"},"jetpack-related-posts":[{"id":4251,"url":"https:\/\/desimper.es\/ca\/tienda\/piscinas\/limpiajuntas\/","url_meta":{"origin":4292,"position":0},"title":"NETEJAJUNTES 5L","author":"lauracelisb","date":"juliol 27, 2023","format":false,"excerpt":"Producte l\u00edquid fortament \u00e0cid i concentrat, usat per a eliminar taques d'\u00f2xid i cal\u00e7 en juntes i rajoles. Especial per a piscines i final d'obra.","rel":"","context":"Entrada similar","block_context":{"text":"Entrada similar","link":""},"img":{"alt_text":"","src":"https:\/\/i0.wp.com\/desimper.es\/wp-content\/uploads\/2023\/07\/69.png?fit=700%2C700&ssl=1&resize=350%2C200","width":350,"height":200,"srcset":"https:\/\/i0.wp.com\/desimper.es\/wp-content\/uploads\/2023\/07\/69.png?fit=700%2C700&ssl=1&resize=350%2C200 1x, https:\/\/i0.wp.com\/desimper.es\/wp-content\/uploads\/2023\/07\/69.png?fit=700%2C700&ssl=1&resize=525%2C300 1.5x, https:\/\/i0.wp.com\/desimper.es\/wp-content\/uploads\/2023\/07\/69.png?fit=700%2C700&ssl=1&resize=700%2C400 2x"},"classes":[]},{"id":2069,"url":"https:\/\/desimper.es\/ca\/tienda\/cocina\/lavavajillas-dermoprotector-desimper-3\/","url_meta":{"origin":4292,"position":1},"title":"RENTAVAIXELLA MANUAL DESIMPER 1L","author":"Carmen Bard\u00f3n Blanco","date":"juny 22, 2021","format":false,"excerpt":"Lavavajillas para lavar a mano. Tiene una gran duraci\u00f3n porque\u00a0est\u00e1\u00a0muy concentrado. No contiene ni disolventes ni abrasivos, por lo que es\u00a0delicado\u00a0con las ollas, sartenes, cer\u00e1micas, cristales,... Permite altas diluciones y\u00a0gran econom\u00eda. Eficaz contra todo tipo de suciedades org\u00e1nicas e inorg\u00e1nicas. Contiene amidas que protegen la piel. No afecta a las\u2026","rel":"","context":"Entrada similar","block_context":{"text":"Entrada similar","link":""},"img":{"alt_text":"","src":"https:\/\/i0.wp.com\/desimper.es\/wp-content\/uploads\/2021\/06\/13.png?fit=700%2C700&ssl=1&resize=350%2C200","width":350,"height":200,"srcset":"https:\/\/i0.wp.com\/desimper.es\/wp-content\/uploads\/2021\/06\/13.png?fit=700%2C700&ssl=1&resize=350%2C200 1x, https:\/\/i0.wp.com\/desimper.es\/wp-content\/uploads\/2021\/06\/13.png?fit=700%2C700&ssl=1&resize=525%2C300 1.5x, https:\/\/i0.wp.com\/desimper.es\/wp-content\/uploads\/2021\/06\/13.png?fit=700%2C700&ssl=1&resize=700%2C400 2x"},"classes":[]},{"id":2619,"url":"https:\/\/desimper.es\/ca\/tienda\/cocina\/lavavajillas-dermoprotector-desimper-4\/","url_meta":{"origin":4292,"position":2},"title":"RENTAVAIXELLA MANUAL DESIMPER 5L","author":"Laura Celis","date":"mar\u00e7 20, 2023","format":false,"excerpt":"Lavavajillas para lavar a mano. Tiene una gran duraci\u00f3n porque\u00a0est\u00e1\u00a0muy concentrado. No contiene ni disolventes ni abrasivos, por lo que es\u00a0delicado\u00a0con las ollas, sartenes, cer\u00e1micas, cristales,... Permite altas diluciones y\u00a0gran econom\u00eda. Eficaz contra todo tipo de suciedades org\u00e1nicas e inorg\u00e1nicas. Contiene amidas que protegen la piel. No afecta a las\u2026","rel":"","context":"Entrada similar","block_context":{"text":"Entrada similar","link":""},"img":{"alt_text":"Lavavajillas manual 5L","src":"https:\/\/i0.wp.com\/desimper.es\/wp-content\/uploads\/2023\/03\/11.png?fit=700%2C700&ssl=1&resize=350%2C200","width":350,"height":200,"srcset":"https:\/\/i0.wp.com\/desimper.es\/wp-content\/uploads\/2023\/03\/11.png?fit=700%2C700&ssl=1&resize=350%2C200 1x, https:\/\/i0.wp.com\/desimper.es\/wp-content\/uploads\/2023\/03\/11.png?fit=700%2C700&ssl=1&resize=525%2C300 1.5x, https:\/\/i0.wp.com\/desimper.es\/wp-content\/uploads\/2023\/03\/11.png?fit=700%2C700&ssl=1&resize=700%2C400 2x"},"classes":[]},{"id":745,"url":"https:\/\/desimper.es\/ca\/tienda\/piscinas\/aminorador-ph\/","url_meta":{"origin":4292,"position":3},"title":"MINORADOR PH 5L","author":"Laura Celis","date":"juliol 16, 2020","format":false,"excerpt":"Minorador de pH, utilitzar per a regular el pH de la piscina entre 7,2 i 8,0. \u00c9s indispensable, per a un \u00f2ptim tractament de l'aigua i per a evitar les mol\u00e8sties que pot produir en la pell dels banyistes, un desequilibri del pH.","rel":"","context":"Entrada similar","block_context":{"text":"Entrada similar","link":""},"img":{"alt_text":"","src":"https:\/\/i0.wp.com\/desimper.es\/wp-content\/uploads\/2020\/07\/75.png?fit=700%2C700&ssl=1&resize=350%2C200","width":350,"height":200,"srcset":"https:\/\/i0.wp.com\/desimper.es\/wp-content\/uploads\/2020\/07\/75.png?fit=700%2C700&ssl=1&resize=350%2C200 1x, https:\/\/i0.wp.com\/desimper.es\/wp-content\/uploads\/2020\/07\/75.png?fit=700%2C700&ssl=1&resize=525%2C300 1.5x, https:\/\/i0.wp.com\/desimper.es\/wp-content\/uploads\/2020\/07\/75.png?fit=700%2C700&ssl=1&resize=700%2C400 2x"},"classes":[]},{"id":1925,"url":"https:\/\/desimper.es\/ca\/tienda\/bano\/higienizante-uso-general-2\/","url_meta":{"origin":4292,"position":4},"title":"NETEJADOR GENERAL MULTI\u00daS 5L","author":"AndreuSerra","date":"abril 28, 2021","format":false,"excerpt":"Limpiador de uso general. L\u00edquido reforzado con tensioactivos para optimizar su poder\u00a0limpiador y desengrasante, tambi\u00e9n se puede usar como\u00a0antivaho en azulejos y mamparas de ducha. Su\u00a0pH neutro\u00a0hace que sea un excelente limpiador general para todo tipo de materiales y suelos. Detergente ideal para todo tipo de superficies lavables en medio\u2026","rel":"","context":"Entrada similar","block_context":{"text":"Entrada similar","link":""},"img":{"alt_text":"","src":"https:\/\/i0.wp.com\/desimper.es\/wp-content\/uploads\/2021\/04\/46.png?fit=700%2C700&ssl=1&resize=350%2C200","width":350,"height":200,"srcset":"https:\/\/i0.wp.com\/desimper.es\/wp-content\/uploads\/2021\/04\/46.png?fit=700%2C700&ssl=1&resize=350%2C200 1x, https:\/\/i0.wp.com\/desimper.es\/wp-content\/uploads\/2021\/04\/46.png?fit=700%2C700&ssl=1&resize=525%2C300 1.5x, https:\/\/i0.wp.com\/desimper.es\/wp-content\/uploads\/2021\/04\/46.png?fit=700%2C700&ssl=1&resize=700%2C400 2x"},"classes":[]},{"id":4240,"url":"https:\/\/desimper.es\/ca\/tienda\/bano\/limpiador-uso-general-1l\/","url_meta":{"origin":4292,"position":5},"title":"NETEJADOR GENERAL MULTI\u00daS 1L","author":"lauracelisb","date":"juliol 27, 2023","format":false,"excerpt":"Limpiador de uso general. L\u00edquido reforzado con tensioactivos para optimizar su poder\u00a0limpiador y desengrasante, tambi\u00e9n se puede usar como\u00a0antivaho en azulejos y mamparas de ducha. Su\u00a0pH neutro\u00a0hace que sea un excelente limpiador general para todo tipo de materiales y suelos. Detergente ideal para todo tipo de superficies lavables en medio\u2026","rel":"","context":"Entrada similar","block_context":{"text":"Entrada similar","link":""},"img":{"alt_text":"Limpiador General Multiusos","src":"https:\/\/i0.wp.com\/desimper.es\/wp-content\/uploads\/2023\/07\/53-1.png?fit=1200%2C1200&ssl=1&resize=350%2C200","width":350,"height":200,"srcset":"https:\/\/i0.wp.com\/desimper.es\/wp-content\/uploads\/2023\/07\/53-1.png?fit=1200%2C1200&ssl=1&resize=350%2C200 1x, https:\/\/i0.wp.com\/desimper.es\/wp-content\/uploads\/2023\/07\/53-1.png?fit=1200%2C1200&ssl=1&resize=525%2C300 1.5x, https:\/\/i0.wp.com\/desimper.es\/wp-content\/uploads\/2023\/07\/53-1.png?fit=1200%2C1200&ssl=1&resize=700%2C400 2x, https:\/\/i0.wp.com\/desimper.es\/wp-content\/uploads\/2023\/07\/53-1.png?fit=1200%2C1200&ssl=1&resize=1050%2C600 3x"},"classes":[]}],"jetpack_sharing_enabled":true,"_links":{"self":[{"href":"https:\/\/desimper.es\/ca\/wp-json\/wp\/v2\/product\/4292","targetHints":{"allow":["GET"]}}],"collection":[{"href":"https:\/\/desimper.es\/ca\/wp-json\/wp\/v2\/product"}],"about":[{"href":"https:\/\/desimper.es\/ca\/wp-json\/wp\/v2\/types\/product"}],"replies":[{"embeddable":true,"href":"https:\/\/desimper.es\/ca\/wp-json\/wp\/v2\/comments?post=4292"}],"version-history":[{"count":1,"href":"https:\/\/desimper.es\/ca\/wp-json\/wp\/v2\/product\/4292\/revisions"}],"predecessor-version":[{"id":16731,"href":"https:\/\/desimper.es\/ca\/wp-json\/wp\/v2\/product\/4292\/revisions\/16731"}],"wp:featuredmedia":[{"embeddable":true,"href":"https:\/\/desimper.es\/ca\/wp-json\/wp\/v2\/media\/70140"}],"wp:attachment":[{"href":"https:\/\/desimper.es\/ca\/wp-json\/wp\/v2\/media?parent=4292"}],"wp:term":[{"taxonomy":"product_brand","embeddable":true,"href":"https:\/\/desimper.es\/ca\/wp-json\/wp\/v2\/product_brand?post=4292"},{"taxonomy":"product_cat","embeddable":true,"href":"https:\/\/desimper.es\/ca\/wp-json\/wp\/v2\/product_cat?post=4292"},{"taxonomy":"product_tag","embeddable":true,"href":"https:\/\/desimper.es\/ca\/wp-json\/wp\/v2\/product_tag?post=4292"}],"curies":[{"name":"wp","href":"https:\/\/api.w.org\/{rel}","templated":true}]}}