{"id":42992,"date":"2025-08-28T05:49:50","date_gmt":"2025-08-28T05:49:50","guid":{"rendered":"https:\/\/desimper.es\/?post_type=product&#038;p=42992"},"modified":"2026-02-23T15:28:13","modified_gmt":"2026-02-23T15:28:13","slug":"pack-textil-esencial","status":"publish","type":"product","link":"https:\/\/desimper.es\/ca\/tienda\/packs-ahorro\/pack-textil-esencial\/","title":{"rendered":"PACK TEXTIL ESENCIAL"},"content":{"rendered":"<p>El pack inclou:<br \/>\n1ud. Pasta Blanca Desmanchante 500g<br \/>\n1ud. Quitamanchas\u00a0 1L<br \/>\n1ud. Detergente Textil con Ox\u00edgeno Activo 5L<br \/>\n1ud. Suavizante Encapsulado Persistente 5L<br \/>\n1ud. Detergente Ropa Blanca y Color 5L<\/p>","protected":false},"excerpt":{"rendered":"<p>Cuida tu ropa como se merece!<br \/>\nIncluye potentes quitamanchas, detergentes con ox\u00edgeno activo y un suavizante encapsulado de larga duraci\u00f3n. Ideal para mantener tus prendas limpias, frescas y como nuevas.<\/p>\n<p>*Env\u00edo gratis en Mallorca<\/p>","protected":false},"featured_media":70411,"comment_status":"closed","ping_status":"closed","template":"","meta":{"_crdt_document":"","_kad_post_transparent":"","_kad_post_title":"","_kad_post_layout":"","_kad_post_sidebar_id":"","_kad_post_content_style":"","_kad_post_vertical_padding":"","_kad_post_feature":"","_kad_post_feature_position":"","_kad_post_header":false,"_kad_post_footer":false,"_kad_post_classname":"","_joinchat":[]},"product_brand":[],"product_cat":[66],"product_tag":[],"class_list":{"0":"post-42992","1":"product","2":"type-product","3":"status-publish","4":"has-post-thumbnail","6":"product_cat-packs-ahorro","8":"first","9":"instock","10":"taxable","11":"shipping-taxable","12":"purchasable","13":"product-type-simple","14":"entry","15":"content-bg","16":"loop-entry"},"jetpack-related-posts":[{"id":41885,"url":"https:\/\/desimper.es\/ca\/tienda\/packs-ahorro\/pack-duos\/","url_meta":{"origin":42992,"position":0},"title":"PACK DUO","author":"Laura Celis","date":"agost 20, 2025","format":false,"excerpt":"Con este pack tienes todo lo que necesitas para mantener tu casa impecable y reluciente: Limpia, recarga y ahorra! Todo lo esencial para limpiar, desinfectar y mantener tu espacio impecable en un solo pack. *Env\u00edo gratis en Mallorca","rel":"","context":"Entrada similar","block_context":{"text":"Entrada similar","link":""},"img":{"alt_text":"Pack Duo","src":"https:\/\/i0.wp.com\/desimper.es\/wp-content\/uploads\/2025\/08\/pack-duo-scaled.png?fit=1200%2C1200&ssl=1&resize=350%2C200","width":350,"height":200,"srcset":"https:\/\/i0.wp.com\/desimper.es\/wp-content\/uploads\/2025\/08\/pack-duo-scaled.png?fit=1200%2C1200&ssl=1&resize=350%2C200 1x, https:\/\/i0.wp.com\/desimper.es\/wp-content\/uploads\/2025\/08\/pack-duo-scaled.png?fit=1200%2C1200&ssl=1&resize=525%2C300 1.5x, https:\/\/i0.wp.com\/desimper.es\/wp-content\/uploads\/2025\/08\/pack-duo-scaled.png?fit=1200%2C1200&ssl=1&resize=700%2C400 2x, https:\/\/i0.wp.com\/desimper.es\/wp-content\/uploads\/2025\/08\/pack-duo-scaled.png?fit=1200%2C1200&ssl=1&resize=1050%2C600 3x"},"classes":[]},{"id":2087,"url":"https:\/\/desimper.es\/ca\/tienda\/textil\/detergente-textil-con-oxigeno-activo\/","url_meta":{"origin":42992,"position":1},"title":"DETERGENT T\u00c8XTIL AMB OXIGEN ACTIU 5L","author":"Carmen Bard\u00f3n Blanco","date":"juny 22, 2021","format":false,"excerpt":"Detergente textil oxigenado, perfecto para eliminar todo tipo de manchas oxidantes (sangre, caf\u00e9, chocolate,...) y limpieza\u00a0de la ropa, tanto blanca como de color.\u00a0Delicado con las prendas. Constituye un reforzante y activador, que ayuda al detergente a eliminar las manchas en las prendas m\u00e1s delicadas.","rel":"","context":"Entrada similar","block_context":{"text":"Entrada similar","link":""},"img":{"alt_text":"Detergente textil con oxigeno activo","src":"https:\/\/i0.wp.com\/desimper.es\/wp-content\/uploads\/2021\/06\/57-1.png?fit=700%2C700&ssl=1&resize=350%2C200","width":350,"height":200,"srcset":"https:\/\/i0.wp.com\/desimper.es\/wp-content\/uploads\/2021\/06\/57-1.png?fit=700%2C700&ssl=1&resize=350%2C200 1x, https:\/\/i0.wp.com\/desimper.es\/wp-content\/uploads\/2021\/06\/57-1.png?fit=700%2C700&ssl=1&resize=525%2C300 1.5x, https:\/\/i0.wp.com\/desimper.es\/wp-content\/uploads\/2021\/06\/57-1.png?fit=700%2C700&ssl=1&resize=700%2C400 2x"},"classes":[]},{"id":2085,"url":"https:\/\/desimper.es\/ca\/tienda\/textil\/suavizante-encapsulado-persistente\/","url_meta":{"origin":42992,"position":2},"title":"SUAVITZANT CONCENTRAT 5L","author":"Carmen Bard\u00f3n Blanco","date":"juny 22, 2021","format":false,"excerpt":"Suavizante para la ropa con c\u00e1psulas de perfume. Las c\u00e1psulas de perfume permiten que la ropa\u00a0desprenda lentamente\u00a0su caracter\u00edstico\u00a0perfume\u00a0con la fricci\u00f3n normal del uso de la ropa.","rel":"","context":"Entrada similar","block_context":{"text":"Entrada similar","link":""},"img":{"alt_text":"","src":"https:\/\/i0.wp.com\/desimper.es\/wp-content\/uploads\/2021\/06\/61.png?fit=700%2C700&ssl=1&resize=350%2C200","width":350,"height":200,"srcset":"https:\/\/i0.wp.com\/desimper.es\/wp-content\/uploads\/2021\/06\/61.png?fit=700%2C700&ssl=1&resize=350%2C200 1x, https:\/\/i0.wp.com\/desimper.es\/wp-content\/uploads\/2021\/06\/61.png?fit=700%2C700&ssl=1&resize=525%2C300 1.5x, https:\/\/i0.wp.com\/desimper.es\/wp-content\/uploads\/2021\/06\/61.png?fit=700%2C700&ssl=1&resize=700%2C400 2x"},"classes":[]},{"id":564,"url":"https:\/\/desimper.es\/ca\/tienda\/textil\/suavizante-con-capsulas-de-perfume\/","url_meta":{"origin":42992,"position":3},"title":"LLEVATAQUES GRASSES 1L","author":"Laura Celis","date":"juliol 7, 2020","format":false,"excerpt":"Llevataques per a la roba que actua contra efica\u00e7ment contra les taques d'olis i grasses, SENSE LLEGIU, que penetra en els teixits eliminant qualsevol taques tant en roba blanca com en roba de color. Elimina les taques fins i tot amb aigua freda i en cicles curts i sense fregar!","rel":"","context":"Entrada similar","block_context":{"text":"Entrada similar","link":""},"img":{"alt_text":"","src":"https:\/\/i0.wp.com\/desimper.es\/wp-content\/uploads\/2020\/07\/65.png?fit=700%2C700&ssl=1&resize=350%2C200","width":350,"height":200,"srcset":"https:\/\/i0.wp.com\/desimper.es\/wp-content\/uploads\/2020\/07\/65.png?fit=700%2C700&ssl=1&resize=350%2C200 1x, https:\/\/i0.wp.com\/desimper.es\/wp-content\/uploads\/2020\/07\/65.png?fit=700%2C700&ssl=1&resize=525%2C300 1.5x, https:\/\/i0.wp.com\/desimper.es\/wp-content\/uploads\/2020\/07\/65.png?fit=700%2C700&ssl=1&resize=700%2C400 2x"},"classes":[]},{"id":4244,"url":"https:\/\/desimper.es\/ca\/tienda\/textil\/suavizante-con-encapsulado-persistente-500ml\/","url_meta":{"origin":42992,"position":4},"title":"SUAVITZANT CONCENTRAT 500ml","author":"lauracelisb","date":"juliol 27, 2023","format":false,"excerpt":"Suavizante para la ropa con c\u00e1psulas de perfume. Las c\u00e1psulas de perfume permiten que la ropa\u00a0desprenda lentamente\u00a0su caracter\u00edstico\u00a0perfume\u00a0con la fricci\u00f3n normal del uso de la ropa.","rel":"","context":"Entrada similar","block_context":{"text":"Entrada similar","link":""},"img":{"alt_text":"Detergente concentrado Desimper","src":"https:\/\/i0.wp.com\/desimper.es\/wp-content\/uploads\/2023\/07\/19.png?fit=700%2C700&ssl=1&resize=350%2C200","width":350,"height":200,"srcset":"https:\/\/i0.wp.com\/desimper.es\/wp-content\/uploads\/2023\/07\/19.png?fit=700%2C700&ssl=1&resize=350%2C200 1x, https:\/\/i0.wp.com\/desimper.es\/wp-content\/uploads\/2023\/07\/19.png?fit=700%2C700&ssl=1&resize=525%2C300 1.5x, https:\/\/i0.wp.com\/desimper.es\/wp-content\/uploads\/2023\/07\/19.png?fit=700%2C700&ssl=1&resize=700%2C400 2x"},"classes":[]},{"id":1957,"url":"https:\/\/desimper.es\/ca\/tienda\/textil\/detergente-textil-ropa-blanca-y-de-color\/","url_meta":{"origin":42992,"position":5},"title":"DETERGENT ROBA BLANCA I DE COLOR 5L","author":"AndreuSerra","date":"abril 28, 2021","format":false,"excerpt":"Garrafa de 5 litros de Detergente l\u00edquido especialmente formulado para el lavado de ropa de alta eficacia sobre manchas de origen biol\u00f3gico, sangre, leche, huevos, salsas,\u00a0etc. Puede combinarse durante la fase de blanqueo con cualquier oxidante, dando a los tejidos una elevada blancura y logrando un desmanchando perfecto. Su mezcla\u2026","rel":"","context":"Entrada similar","block_context":{"text":"Entrada similar","link":""},"img":{"alt_text":"","src":"https:\/\/i0.wp.com\/desimper.es\/wp-content\/uploads\/2021\/04\/59.png?fit=700%2C700&ssl=1&resize=350%2C200","width":350,"height":200,"srcset":"https:\/\/i0.wp.com\/desimper.es\/wp-content\/uploads\/2021\/04\/59.png?fit=700%2C700&ssl=1&resize=350%2C200 1x, https:\/\/i0.wp.com\/desimper.es\/wp-content\/uploads\/2021\/04\/59.png?fit=700%2C700&ssl=1&resize=525%2C300 1.5x, https:\/\/i0.wp.com\/desimper.es\/wp-content\/uploads\/2021\/04\/59.png?fit=700%2C700&ssl=1&resize=700%2C400 2x"},"classes":[]}],"jetpack_sharing_enabled":true,"_links":{"self":[{"href":"https:\/\/desimper.es\/ca\/wp-json\/wp\/v2\/product\/42992","targetHints":{"allow":["GET"]}}],"collection":[{"href":"https:\/\/desimper.es\/ca\/wp-json\/wp\/v2\/product"}],"about":[{"href":"https:\/\/desimper.es\/ca\/wp-json\/wp\/v2\/types\/product"}],"replies":[{"embeddable":true,"href":"https:\/\/desimper.es\/ca\/wp-json\/wp\/v2\/comments?post=42992"}],"version-history":[{"count":2,"href":"https:\/\/desimper.es\/ca\/wp-json\/wp\/v2\/product\/42992\/revisions"}],"predecessor-version":[{"id":42995,"href":"https:\/\/desimper.es\/ca\/wp-json\/wp\/v2\/product\/42992\/revisions\/42995"}],"wp:featuredmedia":[{"embeddable":true,"href":"https:\/\/desimper.es\/ca\/wp-json\/wp\/v2\/media\/70411"}],"wp:attachment":[{"href":"https:\/\/desimper.es\/ca\/wp-json\/wp\/v2\/media?parent=42992"}],"wp:term":[{"taxonomy":"product_brand","embeddable":true,"href":"https:\/\/desimper.es\/ca\/wp-json\/wp\/v2\/product_brand?post=42992"},{"taxonomy":"product_cat","embeddable":true,"href":"https:\/\/desimper.es\/ca\/wp-json\/wp\/v2\/product_cat?post=42992"},{"taxonomy":"product_tag","embeddable":true,"href":"https:\/\/desimper.es\/ca\/wp-json\/wp\/v2\/product_tag?post=42992"}],"curies":[{"name":"wp","href":"https:\/\/api.w.org\/{rel}","templated":true}]}}