{"id":564,"date":"2020-07-07T11:16:38","date_gmt":"2020-07-07T11:16:38","guid":{"rendered":"https:\/\/equipodesimper.com\/?post_type=product&#038;p=564"},"modified":"2026-02-05T11:22:26","modified_gmt":"2026-02-05T11:22:26","slug":"suavizante-con-capsulas-de-perfume","status":"publish","type":"product","link":"https:\/\/desimper.es\/ca\/tienda\/textil\/suavizante-con-capsulas-de-perfume\/","title":{"rendered":"LLEVATAQUES GRASSES 1L"},"content":{"rendered":"<p>Llevataques per a la roba que actua contra efica\u00e7ment contra les taques d'olis i grasses, SENSE LLEGIU, que penetra en els teixits eliminant qualsevol taques tant en roba blanca com en roba de color. Elimina les taques fins i tot amb aigua freda i en cicles curts i sense fregar!<\/p>\n<p><a href=\"https:\/\/desimper.es\/wp-content\/uploads\/2020\/07\/LI_PF0474_QUITAMANCHAS.pdf\">LI_PF0474_QUITAMANCHAS<\/a><\/p>","protected":false},"excerpt":{"rendered":"<p>Llevataques per a la roba que actua contra efica\u00e7ment contra les taques d'olis i grasses, SENSE LLEGIU, que penetra en els teixits eliminant qualsevol taques tant en roba blanca com en roba de color. Elimina les taques fins i tot amb aigua freda i en cicles curts i sense fregar!<\/p>","protected":false},"featured_media":70161,"comment_status":"open","ping_status":"closed","template":"","meta":{"_crdt_document":"","_kad_post_transparent":"","_kad_post_title":"","_kad_post_layout":"","_kad_post_sidebar_id":"","_kad_post_content_style":"","_kad_post_vertical_padding":"","_kad_post_feature":"","_kad_post_feature_position":"","_kad_post_header":false,"_kad_post_footer":false,"_kad_post_classname":"","_joinchat":[]},"product_brand":[],"product_cat":[71],"product_tag":[63],"class_list":{"0":"post-564","1":"product","2":"type-product","3":"status-publish","4":"has-post-thumbnail","6":"product_cat-textil","7":"product_tag-garrafa-suavizante-textil","9":"first","10":"instock","11":"taxable","12":"shipping-taxable","13":"purchasable","14":"product-type-simple","15":"entry","16":"content-bg","17":"loop-entry"},"jetpack-related-posts":[{"id":1957,"url":"https:\/\/desimper.es\/ca\/tienda\/textil\/detergente-textil-ropa-blanca-y-de-color\/","url_meta":{"origin":564,"position":0},"title":"DETERGENT ROBA BLANCA I DE COLOR 5L","author":"AndreuSerra","date":"abril 28, 2021","format":false,"excerpt":"Garrafa de 5 litros de Detergente l\u00edquido especialmente formulado para el lavado de ropa de alta eficacia sobre manchas de origen biol\u00f3gico, sangre, leche, huevos, salsas,\u00a0etc. Puede combinarse durante la fase de blanqueo con cualquier oxidante, dando a los tejidos una elevada blancura y logrando un desmanchando perfecto. Su mezcla\u2026","rel":"","context":"Entrada similar","block_context":{"text":"Entrada similar","link":""},"img":{"alt_text":"","src":"https:\/\/i0.wp.com\/desimper.es\/wp-content\/uploads\/2021\/04\/59.png?fit=700%2C700&ssl=1&resize=350%2C200","width":350,"height":200,"srcset":"https:\/\/i0.wp.com\/desimper.es\/wp-content\/uploads\/2021\/04\/59.png?fit=700%2C700&ssl=1&resize=350%2C200 1x, https:\/\/i0.wp.com\/desimper.es\/wp-content\/uploads\/2021\/04\/59.png?fit=700%2C700&ssl=1&resize=525%2C300 1.5x, https:\/\/i0.wp.com\/desimper.es\/wp-content\/uploads\/2021\/04\/59.png?fit=700%2C700&ssl=1&resize=700%2C400 2x"},"classes":[]},{"id":2935,"url":"https:\/\/desimper.es\/ca\/tienda\/textil\/pasta-desmanchante\/","url_meta":{"origin":564,"position":1},"title":"PASTA BLANCA LLEVATAQUES","author":"Laura Celis","date":"abril 20, 2023","format":false,"excerpt":"Pastura llevataques, producte d'elevat contingut actiu que en ser aplicat sobre taques rebels i persistents queden eliminades.","rel":"","context":"Amb 1 comentari","block_context":{"text":"Amb 1 comentari","link":"https:\/\/desimper.es\/ca\/tienda\/textil\/pasta-desmanchante\/#comments"},"img":{"alt_text":"Pasta Blanca Desmanchante","src":"https:\/\/i0.wp.com\/desimper.es\/wp-content\/uploads\/2023\/04\/55.png?fit=700%2C700&ssl=1&resize=350%2C200","width":350,"height":200,"srcset":"https:\/\/i0.wp.com\/desimper.es\/wp-content\/uploads\/2023\/04\/55.png?fit=700%2C700&ssl=1&resize=350%2C200 1x, https:\/\/i0.wp.com\/desimper.es\/wp-content\/uploads\/2023\/04\/55.png?fit=700%2C700&ssl=1&resize=525%2C300 1.5x, https:\/\/i0.wp.com\/desimper.es\/wp-content\/uploads\/2023\/04\/55.png?fit=700%2C700&ssl=1&resize=700%2C400 2x"},"classes":[]},{"id":4242,"url":"https:\/\/desimper.es\/ca\/tienda\/textil\/detergente-ropa-blanca-y-color-500ml\/","url_meta":{"origin":564,"position":2},"title":"DETERGENT CONCENTRAT 500ml","author":"lauracelisb","date":"juliol 27, 2023","format":false,"excerpt":"Detergente l\u00edquido especialmente formulado para el lavado de ropa de alta eficacia sobre manchas de origen biol\u00f3gico, sangre, leche, huevos, salsas,\u00a0etc. Puede combinarse durante la fase de blanqueo con cualquier oxidante, dando a los tejidos una elevada blancura y logrando un desmanchando perfecto. Su mezcla sin\u00e9rgica de componentes no posee\u2026","rel":"","context":"Entrada similar","block_context":{"text":"Entrada similar","link":""},"img":{"alt_text":"","src":"https:\/\/i0.wp.com\/desimper.es\/wp-content\/uploads\/2023\/07\/17.png?fit=700%2C700&ssl=1&resize=350%2C200","width":350,"height":200,"srcset":"https:\/\/i0.wp.com\/desimper.es\/wp-content\/uploads\/2023\/07\/17.png?fit=700%2C700&ssl=1&resize=350%2C200 1x, https:\/\/i0.wp.com\/desimper.es\/wp-content\/uploads\/2023\/07\/17.png?fit=700%2C700&ssl=1&resize=525%2C300 1.5x, https:\/\/i0.wp.com\/desimper.es\/wp-content\/uploads\/2023\/07\/17.png?fit=700%2C700&ssl=1&resize=700%2C400 2x"},"classes":[]},{"id":2087,"url":"https:\/\/desimper.es\/ca\/tienda\/textil\/detergente-textil-con-oxigeno-activo\/","url_meta":{"origin":564,"position":3},"title":"DETERGENT T\u00c8XTIL AMB OXIGEN ACTIU 5L","author":"Carmen Bard\u00f3n Blanco","date":"juny 22, 2021","format":false,"excerpt":"Detergente textil oxigenado, perfecto para eliminar todo tipo de manchas oxidantes (sangre, caf\u00e9, chocolate,...) y limpieza\u00a0de la ropa, tanto blanca como de color.\u00a0Delicado con las prendas. Constituye un reforzante y activador, que ayuda al detergente a eliminar las manchas en las prendas m\u00e1s delicadas.","rel":"","context":"Entrada similar","block_context":{"text":"Entrada similar","link":""},"img":{"alt_text":"Detergente textil con oxigeno activo","src":"https:\/\/i0.wp.com\/desimper.es\/wp-content\/uploads\/2021\/06\/57-1.png?fit=700%2C700&ssl=1&resize=350%2C200","width":350,"height":200,"srcset":"https:\/\/i0.wp.com\/desimper.es\/wp-content\/uploads\/2021\/06\/57-1.png?fit=700%2C700&ssl=1&resize=350%2C200 1x, https:\/\/i0.wp.com\/desimper.es\/wp-content\/uploads\/2021\/06\/57-1.png?fit=700%2C700&ssl=1&resize=525%2C300 1.5x, https:\/\/i0.wp.com\/desimper.es\/wp-content\/uploads\/2021\/06\/57-1.png?fit=700%2C700&ssl=1&resize=700%2C400 2x"},"classes":[]},{"id":42960,"url":"https:\/\/desimper.es\/ca\/tienda\/textil\/detergente-concentrado-3l\/","url_meta":{"origin":564,"position":4},"title":"DETERGENTE CONCENTRADO 3L","author":"Laura Celis","date":"agost 28, 2025","format":false,"excerpt":"Botella de 3 litros de Detergente l\u00edquido especialmente formulado para el lavado de ropa de alta eficacia sobre manchas de origen biol\u00f3gico, sangre, leche, huevos, salsas,\u00a0etc. Puede combinarse durante la fase de blanqueo con cualquier oxidante, dando a los tejidos una elevada blancura y logrando un desmanchando perfecto. Su mezcla\u2026","rel":"","context":"Entrada similar","block_context":{"text":"Entrada similar","link":""},"img":{"alt_text":"Detergente Concentrado 3L","src":"https:\/\/i0.wp.com\/desimper.es\/wp-content\/uploads\/2025\/08\/DetergenteConcentrado_3L.png?fit=700%2C700&ssl=1&resize=350%2C200","width":350,"height":200,"srcset":"https:\/\/i0.wp.com\/desimper.es\/wp-content\/uploads\/2025\/08\/DetergenteConcentrado_3L.png?fit=700%2C700&ssl=1&resize=350%2C200 1x, https:\/\/i0.wp.com\/desimper.es\/wp-content\/uploads\/2025\/08\/DetergenteConcentrado_3L.png?fit=700%2C700&ssl=1&resize=525%2C300 1.5x, https:\/\/i0.wp.com\/desimper.es\/wp-content\/uploads\/2025\/08\/DetergenteConcentrado_3L.png?fit=700%2C700&ssl=1&resize=700%2C400 2x"},"classes":[]},{"id":42992,"url":"https:\/\/desimper.es\/ca\/tienda\/packs-ahorro\/pack-textil-esencial\/","url_meta":{"origin":564,"position":5},"title":"PACK TEXTIL ESENCIAL","author":"Laura Celis","date":"agost 28, 2025","format":false,"excerpt":"Cuida tu ropa como se merece! Incluye potentes quitamanchas, detergentes con ox\u00edgeno activo y un suavizante encapsulado de larga duraci\u00f3n. Ideal para mantener tus prendas limpias, frescas y como nuevas. *Env\u00edo gratis en Mallorca","rel":"","context":"Entrada similar","block_context":{"text":"Entrada similar","link":""},"img":{"alt_text":"Pack Esencial","src":"https:\/\/i0.wp.com\/desimper.es\/wp-content\/uploads\/2025\/08\/PACK-textil-scaled.png?fit=1200%2C1200&ssl=1&resize=350%2C200","width":350,"height":200,"srcset":"https:\/\/i0.wp.com\/desimper.es\/wp-content\/uploads\/2025\/08\/PACK-textil-scaled.png?fit=1200%2C1200&ssl=1&resize=350%2C200 1x, https:\/\/i0.wp.com\/desimper.es\/wp-content\/uploads\/2025\/08\/PACK-textil-scaled.png?fit=1200%2C1200&ssl=1&resize=525%2C300 1.5x, https:\/\/i0.wp.com\/desimper.es\/wp-content\/uploads\/2025\/08\/PACK-textil-scaled.png?fit=1200%2C1200&ssl=1&resize=700%2C400 2x, https:\/\/i0.wp.com\/desimper.es\/wp-content\/uploads\/2025\/08\/PACK-textil-scaled.png?fit=1200%2C1200&ssl=1&resize=1050%2C600 3x"},"classes":[]}],"jetpack_sharing_enabled":true,"_links":{"self":[{"href":"https:\/\/desimper.es\/ca\/wp-json\/wp\/v2\/product\/564","targetHints":{"allow":["GET"]}}],"collection":[{"href":"https:\/\/desimper.es\/ca\/wp-json\/wp\/v2\/product"}],"about":[{"href":"https:\/\/desimper.es\/ca\/wp-json\/wp\/v2\/types\/product"}],"replies":[{"embeddable":true,"href":"https:\/\/desimper.es\/ca\/wp-json\/wp\/v2\/comments?post=564"}],"version-history":[{"count":1,"href":"https:\/\/desimper.es\/ca\/wp-json\/wp\/v2\/product\/564\/revisions"}],"predecessor-version":[{"id":70163,"href":"https:\/\/desimper.es\/ca\/wp-json\/wp\/v2\/product\/564\/revisions\/70163"}],"wp:featuredmedia":[{"embeddable":true,"href":"https:\/\/desimper.es\/ca\/wp-json\/wp\/v2\/media\/70161"}],"wp:attachment":[{"href":"https:\/\/desimper.es\/ca\/wp-json\/wp\/v2\/media?parent=564"}],"wp:term":[{"taxonomy":"product_brand","embeddable":true,"href":"https:\/\/desimper.es\/ca\/wp-json\/wp\/v2\/product_brand?post=564"},{"taxonomy":"product_cat","embeddable":true,"href":"https:\/\/desimper.es\/ca\/wp-json\/wp\/v2\/product_cat?post=564"},{"taxonomy":"product_tag","embeddable":true,"href":"https:\/\/desimper.es\/ca\/wp-json\/wp\/v2\/product_tag?post=564"}],"curies":[{"name":"wp","href":"https:\/\/api.w.org\/{rel}","templated":true}]}}