{"id":575,"date":"2020-07-07T11:35:22","date_gmt":"2020-07-07T11:35:22","guid":{"rendered":"https:\/\/equipodesimper.com\/?post_type=product&#038;p=575"},"modified":"2026-03-04T09:42:37","modified_gmt":"2026-03-04T09:42:37","slug":"triple-desengrasante-desimper-2","status":"publish","type":"product","link":"https:\/\/desimper.es\/ca\/tienda\/cocina\/triple-desengrasante-desimper-2\/","title":{"rendered":"TRIPLE DESGREIXADOR DESIMPER 1L"},"content":{"rendered":"<p>Producto id\u00f3neo para la limpieza de grasas, aceites requemados y suciedades persistentes. Su elevada concentraci\u00f3n y viscosidad permite que el producto se adhiera sobre la suciedad y el desengrase sea m\u00e1s efectivo. Permite uso en fr\u00edo, saponificando de inmediato aceites y grasas animales y vegetales.<br \/>\nDe uso manual, verter una peque\u00f1a cantidad en la plancha de la cocina, horno o superficie a limpiar. Dejar actuar un breve espacio de tiempo, enjuagando seguidamente con un pa\u00f1o h\u00famedo. NO APLICAR sobre hornos con autolimpieza o catal\u00edticos, microondas, hornos calientes, superficies exteriores de aluminio, zinc, cobre, cromo, pl\u00e1stico u otro metal reactivo con productos alcalinos. No aplicar en superficies pintadas o lacadas.<br \/>\nSkin Corr. 1A: H314 &#8211; Provoca quemaduras graves en la piel y lesiones oculares graves.<br \/>\nP260 No respirar el polvo\/el humo\/el gas\/la niebla\/los vapores\/el aerosol. P264 Lavarse concienzudamente tras la manipulaci\u00f3n. P280 Llevar guantes\/prendas\/gafas\/m\u00e1scara de protecci\u00f3n. P301+P330+P331 EN CASO DE INGESTI\u00d3N: Enjuagar la boca. NO provocar el v\u00f3mito. P304+P340 EN CASO DE INHALACI\u00d3N: Transportar a la persona al aire libre y mantenerla en una posici\u00f3n que le facilite la respiraci\u00f3n. P305+P351+P338 EN CASO DE CONTACTO CON LOS OJOS: Enjuagar con agua cuidadosamente durante varios minutos. Quitar las lentes de contacto cuando est\u00e9n presentes y pueda hacerse con facilidad. Proseguir con el lavado. P310 Llamar inmediatamente a un CENTRO DE TOXICOLOG\u013aA\/m\u00e9dico. P501 Eliminar el contenido\/el recipiente conforme a la legislaci\u00f3n vigente de tratamiento de residuos (Ley 22\/2011).<br \/>\nEUH208 Contiene Mezcla de: 5-cloro-2-metil-2H-isotiazol-3-ona [EC no. 247-500-7], 2-metil-2H-isotiazol-3-ona [EC no. 220-239-6] (3:1). Puede provocar una reacci\u00f3n al\u00e9rgica.Sustancias que contribuyen a la clasificaci\u00f3n: Hidroxido de sodio<br \/>\nContiene: Tensioactivos ani\u00f3nicos (5 &lt;= % (p\/p) &lt; 15); Agentes conservantes: Mezcla de: 5-cloro-2-metil-2H-isotiazol-3-ona [EC no. 247-500-7], 2-metil-2H-isotiazol-3-ona [EC no. 220-239-6] (3:1) (METHYLCHLOROISOTHIAZOLINONE \/ METHYLISOTHIAZOLINONE).<\/p>\n<p><a href=\"https:\/\/desimper.es\/wp-content\/uploads\/2023\/02\/LI_PF0229_TRIPLEDES.pdf\">LI_PF0229_TRIPLEDES<\/a><\/p>\n","protected":false},"excerpt":{"rendered":"<p>Producte formulat per a la<strong>\u00a0neteja. Producte idoni per a la neteja de greixos, olis recremats i brut\u00edcies persistents.<\/strong><br \/>\nLa seva elevada concentraci\u00f3 i viscositat permet que el producte s'adhereixi sobre la brut\u00edcia i el desgreixatge sigui m\u00e9s efectiu.<br \/>\n<strong>Permet \u00fas en fred,\u00a0<\/strong>saponificant immediatament olis i grasses animals i vegetals.<\/p>","protected":false},"featured_media":2588,"comment_status":"open","ping_status":"closed","template":"","meta":{"_crdt_document":"","_kad_post_transparent":"default","_kad_post_title":"","_kad_post_layout":"default","_kad_post_sidebar_id":"","_kad_post_content_style":"default","_kad_post_vertical_padding":"default","_kad_post_feature":"","_kad_post_feature_position":"","_kad_post_header":false,"_kad_post_footer":false,"_kad_post_classname":"","_joinchat":[]},"product_brand":[],"product_cat":[88,70],"product_tag":[31],"class_list":{"0":"post-575","1":"product","2":"type-product","3":"status-publish","4":"has-post-thumbnail","6":"product_cat-cocina","7":"product_cat-superficies","8":"product_tag-botella-desengrasante-superficies","10":"first","11":"instock","12":"taxable","13":"shipping-taxable","14":"purchasable","15":"product-type-simple","16":"entry","17":"content-bg","18":"loop-entry"},"jetpack-related-posts":[{"id":2555,"url":"https:\/\/desimper.es\/ca\/tienda\/cocina\/triple-desengrasante-desimper-copia\/","url_meta":{"origin":575,"position":0},"title":"TRIPLE DESGREIXADOR DESIMPER 5L","author":"Laura Celis","date":"febrer 14, 2023","format":false,"excerpt":"Producto id\u00f3neo para la\u00a0limpieza de grasas, aceites requemados y suciedades persistentes. Su elevada concentraci\u00f3n y viscosidad permite que el producto se adhiera sobre la suciedad y el desengrase sea m\u00e1s efectivo. Permite uso en fr\u00edo,\u00a0saponificando de inmediato aceites y grasas animales y vegetales.","rel":"","context":"Entrada similar","block_context":{"text":"Entrada similar","link":""},"img":{"alt_text":"","src":"https:\/\/i0.wp.com\/desimper.es\/wp-content\/uploads\/2023\/02\/7.png?fit=700%2C700&ssl=1&resize=350%2C200","width":350,"height":200,"srcset":"https:\/\/i0.wp.com\/desimper.es\/wp-content\/uploads\/2023\/02\/7.png?fit=700%2C700&ssl=1&resize=350%2C200 1x, https:\/\/i0.wp.com\/desimper.es\/wp-content\/uploads\/2023\/02\/7.png?fit=700%2C700&ssl=1&resize=525%2C300 1.5x, https:\/\/i0.wp.com\/desimper.es\/wp-content\/uploads\/2023\/02\/7.png?fit=700%2C700&ssl=1&resize=700%2C400 2x"},"classes":[]},{"id":755,"url":"https:\/\/desimper.es\/ca\/tienda\/piscinas\/limpiabordes2\/","url_meta":{"origin":575,"position":1},"title":"NETEJA VORES 5 L","author":"Laura Celis","date":"juliol 16, 2020","format":false,"excerpt":"Netejador especial per a l'eliminaci\u00f3 dels c\u00e8rcols de greixos i brut\u00edcia en les vores, parets i zones annexes a les piscines que ho requereixin.","rel":"","context":"Entrada similar","block_context":{"text":"Entrada similar","link":""},"img":{"alt_text":"","src":"https:\/\/i0.wp.com\/desimper.es\/wp-content\/uploads\/2020\/07\/71.png?fit=700%2C700&ssl=1&resize=350%2C200","width":350,"height":200,"srcset":"https:\/\/i0.wp.com\/desimper.es\/wp-content\/uploads\/2020\/07\/71.png?fit=700%2C700&ssl=1&resize=350%2C200 1x, https:\/\/i0.wp.com\/desimper.es\/wp-content\/uploads\/2020\/07\/71.png?fit=700%2C700&ssl=1&resize=525%2C300 1.5x, https:\/\/i0.wp.com\/desimper.es\/wp-content\/uploads\/2020\/07\/71.png?fit=700%2C700&ssl=1&resize=700%2C400 2x"},"classes":[]},{"id":2073,"url":"https:\/\/desimper.es\/ca\/tienda\/bano\/fregasuelos-con-bioalcohol-fresh-3\/","url_meta":{"origin":575,"position":2},"title":"L\u00cdQUID DE FREGAR FREGAFRESH 5L","author":"Carmen Bard\u00f3n Blanco","date":"juny 22, 2021","format":false,"excerpt":"Producto l\u00edquido, limpiador de superficies incluso las que est\u00e1n\u00a0enceradas.\u00a0No ataca ni matiza dichas superficies,\u00a0destacando su brillo\u00a0original. Act\u00faa frente a las suciedades y manchas de aceite.\u00a0Suavemente perfumado deja un agradable aroma residual. Contiene alcohol, que facilita la limpie LIMPIEZA \u00a0de las superficies.","rel":"","context":"Amb 1 comentari","block_context":{"text":"Amb 1 comentari","link":"https:\/\/desimper.es\/ca\/tienda\/bano\/fregasuelos-con-bioalcohol-fresh-3\/#comments"},"img":{"alt_text":"","src":"https:\/\/i0.wp.com\/desimper.es\/wp-content\/uploads\/2021\/06\/192.png?fit=700%2C700&ssl=1&resize=350%2C200","width":350,"height":200,"srcset":"https:\/\/i0.wp.com\/desimper.es\/wp-content\/uploads\/2021\/06\/192.png?fit=700%2C700&ssl=1&resize=350%2C200 1x, https:\/\/i0.wp.com\/desimper.es\/wp-content\/uploads\/2021\/06\/192.png?fit=700%2C700&ssl=1&resize=525%2C300 1.5x, https:\/\/i0.wp.com\/desimper.es\/wp-content\/uploads\/2021\/06\/192.png?fit=700%2C700&ssl=1&resize=700%2C400 2x"},"classes":[]},{"id":1939,"url":"https:\/\/desimper.es\/ca\/tienda\/bano\/fregasuelos-con-bioalcohol-apple-2\/","url_meta":{"origin":575,"position":3},"title":"L\u00cdQUID DE FREGAR APPLE 5L","author":"AndreuSerra","date":"abril 28, 2021","format":false,"excerpt":"Producto l\u00edquido, limpiador de superficies incluso si est\u00e1n enceradas.\u00a0No ataca ni matiza dichas superficies,\u00a0destacando su brillo original. Act\u00faa frente a las suciedades y manchas de aceite.\u00a0Suavemente perfumado deja un agradable aroma residual. Contiene alcohol, que facilita la limpieza de las superficies.","rel":"","context":"Entrada similar","block_context":{"text":"Entrada similar","link":""},"img":{"alt_text":"","src":"https:\/\/i0.wp.com\/desimper.es\/wp-content\/uploads\/2021\/04\/15.png?fit=700%2C700&ssl=1&resize=350%2C200","width":350,"height":200,"srcset":"https:\/\/i0.wp.com\/desimper.es\/wp-content\/uploads\/2021\/04\/15.png?fit=700%2C700&ssl=1&resize=350%2C200 1x, https:\/\/i0.wp.com\/desimper.es\/wp-content\/uploads\/2021\/04\/15.png?fit=700%2C700&ssl=1&resize=525%2C300 1.5x, https:\/\/i0.wp.com\/desimper.es\/wp-content\/uploads\/2021\/04\/15.png?fit=700%2C700&ssl=1&resize=700%2C400 2x"},"classes":[]},{"id":4230,"url":"https:\/\/desimper.es\/ca\/tienda\/bano\/fregasuelos-fregafresh\/","url_meta":{"origin":575,"position":4},"title":"L\u00cdQUID DE FREGAR FREGAFRESH 1L","author":"lauracelisb","date":"juliol 27, 2023","format":false,"excerpt":"Producto l\u00edquido, limpiador de superficies incluso las que est\u00e1n\u00a0enceradas.\u00a0No ataca ni matiza dichas superficies,\u00a0destacando su brillo\u00a0original. Act\u00faa frente a las suciedades y manchas de aceite.\u00a0Suavemente perfumado deja un agradable aroma residual. Contiene alcohol, que facilita la limpie LIMPIEZA \u00a0de las superficies.","rel":"","context":"Entrada similar","block_context":{"text":"Entrada similar","link":""},"img":{"alt_text":"Fregasuelos fregafresh 1L","src":"https:\/\/i0.wp.com\/desimper.es\/wp-content\/uploads\/2023\/07\/24.png?fit=700%2C700&ssl=1&resize=350%2C200","width":350,"height":200,"srcset":"https:\/\/i0.wp.com\/desimper.es\/wp-content\/uploads\/2023\/07\/24.png?fit=700%2C700&ssl=1&resize=350%2C200 1x, https:\/\/i0.wp.com\/desimper.es\/wp-content\/uploads\/2023\/07\/24.png?fit=700%2C700&ssl=1&resize=525%2C300 1.5x, https:\/\/i0.wp.com\/desimper.es\/wp-content\/uploads\/2023\/07\/24.png?fit=700%2C700&ssl=1&resize=700%2C400 2x"},"classes":[]},{"id":1417,"url":"https:\/\/desimper.es\/ca\/tienda\/bano\/desinfectante-hidroalcoholico-gel-limpieza-de-manos-y-superficies\/","url_meta":{"origin":575,"position":5},"title":"GELBAC HIDROALCOH\u00d2LIC 5L","author":"Laura Celis","date":"agost 31, 2020","format":false,"excerpt":"Garrafa 5 litros hidroalcoh\u00f3lico para\u00a0todo tipo de\u00a0superficies\u00a0lavables, especialmente indicado para todas aquellas de contacto habitual como mesas, puertas, empu\u00f1aduras...","rel":"","context":"Entrada similar","block_context":{"text":"Entrada similar","link":""},"img":{"alt_text":"","src":"https:\/\/i0.wp.com\/desimper.es\/wp-content\/uploads\/2020\/08\/81.png?fit=700%2C700&ssl=1&resize=350%2C200","width":350,"height":200,"srcset":"https:\/\/i0.wp.com\/desimper.es\/wp-content\/uploads\/2020\/08\/81.png?fit=700%2C700&ssl=1&resize=350%2C200 1x, https:\/\/i0.wp.com\/desimper.es\/wp-content\/uploads\/2020\/08\/81.png?fit=700%2C700&ssl=1&resize=525%2C300 1.5x, https:\/\/i0.wp.com\/desimper.es\/wp-content\/uploads\/2020\/08\/81.png?fit=700%2C700&ssl=1&resize=700%2C400 2x"},"classes":[]}],"jetpack_sharing_enabled":true,"_links":{"self":[{"href":"https:\/\/desimper.es\/ca\/wp-json\/wp\/v2\/product\/575","targetHints":{"allow":["GET"]}}],"collection":[{"href":"https:\/\/desimper.es\/ca\/wp-json\/wp\/v2\/product"}],"about":[{"href":"https:\/\/desimper.es\/ca\/wp-json\/wp\/v2\/types\/product"}],"replies":[{"embeddable":true,"href":"https:\/\/desimper.es\/ca\/wp-json\/wp\/v2\/comments?post=575"}],"version-history":[{"count":1,"href":"https:\/\/desimper.es\/ca\/wp-json\/wp\/v2\/product\/575\/revisions"}],"predecessor-version":[{"id":16636,"href":"https:\/\/desimper.es\/ca\/wp-json\/wp\/v2\/product\/575\/revisions\/16636"}],"wp:featuredmedia":[{"embeddable":true,"href":"https:\/\/desimper.es\/ca\/wp-json\/wp\/v2\/media\/2588"}],"wp:attachment":[{"href":"https:\/\/desimper.es\/ca\/wp-json\/wp\/v2\/media?parent=575"}],"wp:term":[{"taxonomy":"product_brand","embeddable":true,"href":"https:\/\/desimper.es\/ca\/wp-json\/wp\/v2\/product_brand?post=575"},{"taxonomy":"product_cat","embeddable":true,"href":"https:\/\/desimper.es\/ca\/wp-json\/wp\/v2\/product_cat?post=575"},{"taxonomy":"product_tag","embeddable":true,"href":"https:\/\/desimper.es\/ca\/wp-json\/wp\/v2\/product_tag?post=575"}],"curies":[{"name":"wp","href":"https:\/\/api.w.org\/{rel}","templated":true}]}}