{"id":5964,"date":"2024-01-12T10:39:35","date_gmt":"2024-01-12T10:39:35","guid":{"rendered":"https:\/\/desimper.es\/?post_type=product&#038;p=5964"},"modified":"2026-02-05T11:17:08","modified_gmt":"2026-02-05T11:17:08","slug":"limpiador-multisuperficies","status":"publish","type":"product","link":"https:\/\/desimper.es\/ca\/tienda\/superficies\/limpiador-multisuperficies\/","title":{"rendered":"NETEJADOR MULTISUPERF\u00cdCIES 1L\/Polvoritzador"},"content":{"rendered":"<div data-elementor-type=\"product-post\" data-elementor-id=\"5964\" class=\"elementor elementor-5964\" data-elementor-post-type=\"product\">\n\t\t\t\t\t\t<section class=\"elementor-section elementor-top-section elementor-element elementor-element-205b2332 elementor-section-boxed elementor-section-height-default elementor-section-height-default\" data-id=\"205b2332\" data-element_type=\"section\" data-e-type=\"section\">\n\t\t\t\t\t\t<div class=\"elementor-container elementor-column-gap-default\">\n\t\t\t\t\t<div class=\"elementor-column elementor-col-100 elementor-top-column elementor-element elementor-element-6d011cdf\" data-id=\"6d011cdf\" data-element_type=\"column\" data-e-type=\"column\">\n\t\t\t<div class=\"elementor-widget-wrap elementor-element-populated\">\n\t\t\t\t\t\t<div class=\"elementor-element elementor-element-5833c756 elementor-widget elementor-widget-text-editor\" data-id=\"5833c756\" data-element_type=\"widget\" data-e-type=\"widget\" data-widget_type=\"text-editor.default\">\n\t\t\t\t<div class=\"elementor-widget-container\">\n\t\t\t\t\t\t\t\t\t<p>Producte multiusos, per a neteja de cristalls, miralls i tot tipus de superf\u00edcies rentables. Recomanat per a la neteja habitual de superf\u00edcies amb brut\u00edcia lleugera. Posseeix una gran capacitat acte assecant, a m\u00e9s d'una agradable aroma a maduixa.<\/p><p>Polvoritzar la zona a tractar, fregar suaument amb una baieta o similar repartint el producte homog\u00e8niament per tota la superf\u00edcie. Aclarir amb aigua.<\/p><p>Cont\u00e9: Tensioactius no i\u00f2nics (% (p\/p) &lt; 5), Perfums; Agents conservants: 2-metil-2H-*isotiazol-3-*ona (METHYLISOTHIAZOLINONE), Massa de reacci\u00f3 de 5-clor-2-metil-2H-*isotiazol-3-*ona i 2-metil-2H-*isotiazol-3-*ona (3:1) (METHYLCHLOROISOTHIAZOLINONE \/ METHYLISOTHIAZOLINONE).<\/p><p>Mantenir fora de l'abast dels nens. No Ingerir.<br \/>En cas d'accident consultar al Servei M\u00e8dic d'Informaci\u00f3 Toxicol\u00f2gica, tel\u00e8fon 91 562 04 20.<\/p>\t\t\t\t\t\t\t\t<\/div>\n\t\t\t\t<\/div>\n\t\t\t\t\t<\/div>\n\t\t<\/div>\n\t\t\t\t\t<\/div>\n\t\t<\/section>\n\t\t\t\t<section class=\"elementor-section elementor-top-section elementor-element elementor-element-3e56e23 elementor-section-boxed elementor-section-height-default elementor-section-height-default\" data-id=\"3e56e23\" data-element_type=\"section\" data-e-type=\"section\">\n\t\t\t\t\t\t<div class=\"elementor-container elementor-column-gap-default\">\n\t\t\t\t\t<div class=\"elementor-column elementor-col-100 elementor-top-column elementor-element elementor-element-b04b256\" data-id=\"b04b256\" data-element_type=\"column\" data-e-type=\"column\">\n\t\t\t<div class=\"elementor-widget-wrap elementor-element-populated\">\n\t\t\t\t\t\t<div class=\"elementor-element elementor-element-53591c9 elementor-widget elementor-widget-text-editor\" data-id=\"53591c9\" data-element_type=\"widget\" data-e-type=\"widget\" data-widget_type=\"text-editor.default\">\n\t\t\t\t<div class=\"elementor-widget-container\">\n\t\t\t\t\t\t\t\t\t<p><a href=\"https:\/\/desimper.es\/wp-content\/uploads\/2024\/04\/F0692_V1_Lista-de-Ingredientes-de-F0692-ECOQUIMIC-F692-Multiusos-fresa-Ecoquimic-Balear.pdf\">LI_PF0692_MULTIUSOS<\/a><\/p>\t\t\t\t\t\t\t\t<\/div>\n\t\t\t\t<\/div>\n\t\t\t\t\t<\/div>\n\t\t<\/div>\n\t\t\t\t\t<\/div>\n\t\t<\/section>\n\t\t\t\t<\/div>","protected":false},"excerpt":{"rendered":"<p>Producte multiusos, per a neteja de cristalls, miralls i tot tipus de superf\u00edcies rentables. Recomanat per a la neteja habitual de superf\u00edcies amb brut\u00edcia lleugera. Posseeix una gran capacitat acte assecant, a m\u00e9s d'una agradable aroma a maduixa.<\/p>","protected":false},"featured_media":70154,"comment_status":"open","ping_status":"closed","template":"","meta":{"_crdt_document":"","_kad_post_transparent":"","_kad_post_title":"","_kad_post_layout":"","_kad_post_sidebar_id":"","_kad_post_content_style":"","_kad_post_vertical_padding":"","_kad_post_feature":"","_kad_post_feature_position":"","_kad_post_header":false,"_kad_post_footer":false,"_kad_post_classname":"","_joinchat":[]},"product_brand":[],"product_cat":[70],"product_tag":[],"class_list":{"0":"post-5964","1":"product","2":"type-product","3":"status-publish","4":"has-post-thumbnail","6":"product_cat-superficies","8":"first","9":"instock","10":"taxable","11":"shipping-taxable","12":"purchasable","13":"product-type-simple","14":"entry","15":"content-bg","16":"loop-entry"},"jetpack-related-posts":[{"id":4232,"url":"https:\/\/desimper.es\/ca\/tienda\/bano\/fregasuelos-aloe-vera-1l\/","url_meta":{"origin":5964,"position":0},"title":"L\u00cdQUID DE FREGAR ALOE VERA 1L","author":"lauracelisb","date":"juliol 27, 2023","format":false,"excerpt":"Producte d'aspecte l\u00edquid refor\u00e7at amb tensioactius per a optimitzar el seu poder netejador i desgreixador. Actiu detergent en tota mena de superf\u00edcies rentables. Afegir 3-4 taps sobre mitja galleda d'aigua i aplicar amb pal de fregar. No necessita aclarit.","rel":"","context":"Entrada similar","block_context":{"text":"Entrada similar","link":""},"img":{"alt_text":"Fregasuelos con Aloe Vera 1L","src":"https:\/\/i0.wp.com\/desimper.es\/wp-content\/uploads\/2023\/07\/28.png?fit=700%2C700&ssl=1&resize=350%2C200","width":350,"height":200,"srcset":"https:\/\/i0.wp.com\/desimper.es\/wp-content\/uploads\/2023\/07\/28.png?fit=700%2C700&ssl=1&resize=350%2C200 1x, https:\/\/i0.wp.com\/desimper.es\/wp-content\/uploads\/2023\/07\/28.png?fit=700%2C700&ssl=1&resize=525%2C300 1.5x, https:\/\/i0.wp.com\/desimper.es\/wp-content\/uploads\/2023\/07\/28.png?fit=700%2C700&ssl=1&resize=700%2C400 2x"},"classes":[]},{"id":2069,"url":"https:\/\/desimper.es\/ca\/tienda\/cocina\/lavavajillas-dermoprotector-desimper-3\/","url_meta":{"origin":5964,"position":1},"title":"RENTAVAIXELLA MANUAL DESIMPER 1L","author":"Carmen Bard\u00f3n Blanco","date":"juny 22, 2021","format":false,"excerpt":"Lavavajillas para lavar a mano. Tiene una gran duraci\u00f3n porque\u00a0est\u00e1\u00a0muy concentrado. No contiene ni disolventes ni abrasivos, por lo que es\u00a0delicado\u00a0con las ollas, sartenes, cer\u00e1micas, cristales,... Permite altas diluciones y\u00a0gran econom\u00eda. Eficaz contra todo tipo de suciedades org\u00e1nicas e inorg\u00e1nicas. Contiene amidas que protegen la piel. No afecta a las\u2026","rel":"","context":"Entrada similar","block_context":{"text":"Entrada similar","link":""},"img":{"alt_text":"","src":"https:\/\/i0.wp.com\/desimper.es\/wp-content\/uploads\/2021\/06\/13.png?fit=700%2C700&ssl=1&resize=350%2C200","width":350,"height":200,"srcset":"https:\/\/i0.wp.com\/desimper.es\/wp-content\/uploads\/2021\/06\/13.png?fit=700%2C700&ssl=1&resize=350%2C200 1x, https:\/\/i0.wp.com\/desimper.es\/wp-content\/uploads\/2021\/06\/13.png?fit=700%2C700&ssl=1&resize=525%2C300 1.5x, https:\/\/i0.wp.com\/desimper.es\/wp-content\/uploads\/2021\/06\/13.png?fit=700%2C700&ssl=1&resize=700%2C400 2x"},"classes":[]},{"id":4278,"url":"https:\/\/desimper.es\/ca\/tienda\/bano\/fregasuelos-aloe-vera\/","url_meta":{"origin":5964,"position":2},"title":"L\u00cdQUID DE FREGAR ALOE VERA 5L","author":"lauracelisb","date":"agost 1, 2023","format":false,"excerpt":"Producte d'aspecte l\u00edquid refor\u00e7at amb tensioactius per a optimitzar el seu poder netejador i desgreixador. Actiu detergent en tota mena de superf\u00edcies rentables. Afegir 3-4 taps sobre mitja galleda d'aigua i aplicar amb pal de fregar. No necessita aclarit.","rel":"","context":"Entrada similar","block_context":{"text":"Entrada similar","link":""},"img":{"alt_text":"Fregasuelos con Aloe Vera 5L","src":"https:\/\/i0.wp.com\/desimper.es\/wp-content\/uploads\/2023\/08\/26.png?fit=700%2C700&ssl=1&resize=350%2C200","width":350,"height":200,"srcset":"https:\/\/i0.wp.com\/desimper.es\/wp-content\/uploads\/2023\/08\/26.png?fit=700%2C700&ssl=1&resize=350%2C200 1x, https:\/\/i0.wp.com\/desimper.es\/wp-content\/uploads\/2023\/08\/26.png?fit=700%2C700&ssl=1&resize=525%2C300 1.5x, https:\/\/i0.wp.com\/desimper.es\/wp-content\/uploads\/2023\/08\/26.png?fit=700%2C700&ssl=1&resize=700%2C400 2x"},"classes":[]},{"id":1939,"url":"https:\/\/desimper.es\/ca\/tienda\/bano\/fregasuelos-con-bioalcohol-apple-2\/","url_meta":{"origin":5964,"position":3},"title":"L\u00cdQUID DE FREGAR APPLE 5L","author":"AndreuSerra","date":"abril 28, 2021","format":false,"excerpt":"Producto l\u00edquido, limpiador de superficies incluso si est\u00e1n enceradas.\u00a0No ataca ni matiza dichas superficies,\u00a0destacando su brillo original. Act\u00faa frente a las suciedades y manchas de aceite.\u00a0Suavemente perfumado deja un agradable aroma residual. Contiene alcohol, que facilita la limpieza de las superficies.","rel":"","context":"Entrada similar","block_context":{"text":"Entrada similar","link":""},"img":{"alt_text":"","src":"https:\/\/i0.wp.com\/desimper.es\/wp-content\/uploads\/2021\/04\/15.png?fit=700%2C700&ssl=1&resize=350%2C200","width":350,"height":200,"srcset":"https:\/\/i0.wp.com\/desimper.es\/wp-content\/uploads\/2021\/04\/15.png?fit=700%2C700&ssl=1&resize=350%2C200 1x, https:\/\/i0.wp.com\/desimper.es\/wp-content\/uploads\/2021\/04\/15.png?fit=700%2C700&ssl=1&resize=525%2C300 1.5x, https:\/\/i0.wp.com\/desimper.es\/wp-content\/uploads\/2021\/04\/15.png?fit=700%2C700&ssl=1&resize=700%2C400 2x"},"classes":[]},{"id":2619,"url":"https:\/\/desimper.es\/ca\/tienda\/cocina\/lavavajillas-dermoprotector-desimper-4\/","url_meta":{"origin":5964,"position":4},"title":"RENTAVAIXELLA MANUAL DESIMPER 5L","author":"Laura Celis","date":"mar\u00e7 20, 2023","format":false,"excerpt":"Lavavajillas para lavar a mano. Tiene una gran duraci\u00f3n porque\u00a0est\u00e1\u00a0muy concentrado. No contiene ni disolventes ni abrasivos, por lo que es\u00a0delicado\u00a0con las ollas, sartenes, cer\u00e1micas, cristales,... Permite altas diluciones y\u00a0gran econom\u00eda. Eficaz contra todo tipo de suciedades org\u00e1nicas e inorg\u00e1nicas. Contiene amidas que protegen la piel. No afecta a las\u2026","rel":"","context":"Entrada similar","block_context":{"text":"Entrada similar","link":""},"img":{"alt_text":"Lavavajillas manual 5L","src":"https:\/\/i0.wp.com\/desimper.es\/wp-content\/uploads\/2023\/03\/11.png?fit=700%2C700&ssl=1&resize=350%2C200","width":350,"height":200,"srcset":"https:\/\/i0.wp.com\/desimper.es\/wp-content\/uploads\/2023\/03\/11.png?fit=700%2C700&ssl=1&resize=350%2C200 1x, https:\/\/i0.wp.com\/desimper.es\/wp-content\/uploads\/2023\/03\/11.png?fit=700%2C700&ssl=1&resize=525%2C300 1.5x, https:\/\/i0.wp.com\/desimper.es\/wp-content\/uploads\/2023\/03\/11.png?fit=700%2C700&ssl=1&resize=700%2C400 2x"},"classes":[]},{"id":1953,"url":"https:\/\/desimper.es\/ca\/tienda\/textil\/suavizante-con-capsulas-de-perfume-2\/","url_meta":{"origin":5964,"position":5},"title":"SUAVITZANT ENCAPSULAT PERSISTENT","author":"AndreuSerra","date":"abril 28, 2021","format":false,"excerpt":"Suavizante para la ropa con c\u00e1psulas de perfume. Las c\u00e1psulas de perfume permiten que la ropa\u00a0desprenda lentamente\u00a0su caracter\u00edstico\u00a0perfume\u00a0con la fricci\u00f3n normal del uso de la ropa.","rel":"","context":"Entrada similar","block_context":{"text":"Entrada similar","link":""},"img":{"alt_text":"","src":"https:\/\/i0.wp.com\/desimper.es\/wp-content\/uploads\/2021\/04\/63.png?fit=700%2C700&ssl=1&resize=350%2C200","width":350,"height":200,"srcset":"https:\/\/i0.wp.com\/desimper.es\/wp-content\/uploads\/2021\/04\/63.png?fit=700%2C700&ssl=1&resize=350%2C200 1x, https:\/\/i0.wp.com\/desimper.es\/wp-content\/uploads\/2021\/04\/63.png?fit=700%2C700&ssl=1&resize=525%2C300 1.5x, https:\/\/i0.wp.com\/desimper.es\/wp-content\/uploads\/2021\/04\/63.png?fit=700%2C700&ssl=1&resize=700%2C400 2x"},"classes":[]}],"jetpack_sharing_enabled":true,"_links":{"self":[{"href":"https:\/\/desimper.es\/ca\/wp-json\/wp\/v2\/product\/5964","targetHints":{"allow":["GET"]}}],"collection":[{"href":"https:\/\/desimper.es\/ca\/wp-json\/wp\/v2\/product"}],"about":[{"href":"https:\/\/desimper.es\/ca\/wp-json\/wp\/v2\/types\/product"}],"replies":[{"embeddable":true,"href":"https:\/\/desimper.es\/ca\/wp-json\/wp\/v2\/comments?post=5964"}],"version-history":[{"count":6,"href":"https:\/\/desimper.es\/ca\/wp-json\/wp\/v2\/product\/5964\/revisions"}],"predecessor-version":[{"id":8005,"href":"https:\/\/desimper.es\/ca\/wp-json\/wp\/v2\/product\/5964\/revisions\/8005"}],"wp:featuredmedia":[{"embeddable":true,"href":"https:\/\/desimper.es\/ca\/wp-json\/wp\/v2\/media\/70154"}],"wp:attachment":[{"href":"https:\/\/desimper.es\/ca\/wp-json\/wp\/v2\/media?parent=5964"}],"wp:term":[{"taxonomy":"product_brand","embeddable":true,"href":"https:\/\/desimper.es\/ca\/wp-json\/wp\/v2\/product_brand?post=5964"},{"taxonomy":"product_cat","embeddable":true,"href":"https:\/\/desimper.es\/ca\/wp-json\/wp\/v2\/product_cat?post=5964"},{"taxonomy":"product_tag","embeddable":true,"href":"https:\/\/desimper.es\/ca\/wp-json\/wp\/v2\/product_tag?post=5964"}],"curies":[{"name":"wp","href":"https:\/\/api.w.org\/{rel}","templated":true}]}}