{"id":6216,"date":"2024-04-11T09:09:33","date_gmt":"2024-04-11T09:09:33","guid":{"rendered":"https:\/\/desimper.es\/?post_type=product&#038;p=6216"},"modified":"2026-02-09T15:18:27","modified_gmt":"2026-02-09T15:18:27","slug":"cloro-en-tabletas","status":"publish","type":"product","link":"https:\/\/desimper.es\/ca\/tienda\/piscinas\/cloro-en-tabletas\/","title":{"rendered":"CLOR EN TAULETES"},"content":{"rendered":"<div data-elementor-type=\"product-post\" data-elementor-id=\"6216\" class=\"elementor elementor-6216\" data-elementor-post-type=\"product\">\n\t\t\t\t\t\t<section class=\"elementor-section elementor-top-section elementor-element elementor-element-88eef00 elementor-section-boxed elementor-section-height-default elementor-section-height-default\" data-id=\"88eef00\" data-element_type=\"section\" data-e-type=\"section\">\n\t\t\t\t\t\t<div class=\"elementor-container elementor-column-gap-default\">\n\t\t\t\t\t<div class=\"elementor-column elementor-col-100 elementor-top-column elementor-element elementor-element-dad9a5d\" data-id=\"dad9a5d\" data-element_type=\"column\" data-e-type=\"column\">\n\t\t\t<div class=\"elementor-widget-wrap elementor-element-populated\">\n\t\t\t\t\t\t<div class=\"elementor-element elementor-element-0e65fd8 elementor-widget elementor-widget-text-editor\" data-id=\"0e65fd8\" data-element_type=\"widget\" data-e-type=\"widget\" data-widget_type=\"text-editor.default\">\n\t\t\t\t<div class=\"elementor-widget-container\">\n\t\t\t\t\t\t\t\t\t<p>QUALITATS<\/p><p>Compost s\u00f2lid en tauletes de 200 gr, especialment formulat perqu\u00e8 amb la seva sola aplicaci\u00f3 en l'aigua de la piscina, s'aconsegueixi eliminar els bacteris, virus i microorganismes en general, evitar el desenvolupament de les algues i mantenir l'aigua transparent i cristal\u00b7lina. Especialment formulat sense coure.<\/p><p>PRECAUCIONS<\/p><p>Mantenir el recipient herm\u00e8ticament tancat.<br \/>Portar guants, peces i ulleres de protecci\u00f3. En cas de ventilaci\u00f3 insuficient, portar equip de protecci\u00f3 respirat\u00f2ria.<\/p>\t\t\t\t\t\t\t\t<\/div>\n\t\t\t\t<\/div>\n\t\t\t\t\t<\/div>\n\t\t<\/div>\n\t\t\t\t\t<\/div>\n\t\t<\/section>\n\t\t\t\t<\/div>","protected":false},"excerpt":{"rendered":"<p>Les nostres tauletes de clor de 200g, s\u00f3n una soluci\u00f3 completa per al manteniment i la desinfecci\u00f3 de piscines.<\/p>\n<p>Amb una potent f\u00f3rmula 5 en 1, ofereixen una neteja integral i efica\u00e7 per a mantenir la teva piscina en \u00f2ptimes condicions.<\/p>","protected":false},"featured_media":6219,"comment_status":"closed","ping_status":"closed","template":"","meta":{"_crdt_document":"","_kad_post_transparent":"","_kad_post_title":"","_kad_post_layout":"","_kad_post_sidebar_id":"","_kad_post_content_style":"","_kad_post_vertical_padding":"","_kad_post_feature":"","_kad_post_feature_position":"","_kad_post_header":false,"_kad_post_footer":false,"_kad_post_classname":"","_joinchat":[]},"product_brand":[],"product_cat":[67],"product_tag":[],"class_list":{"0":"post-6216","1":"product","2":"type-product","3":"status-publish","4":"has-post-thumbnail","6":"product_cat-piscinas","8":"first","9":"instock","10":"taxable","11":"shipping-taxable","12":"purchasable","13":"product-type-simple","14":"entry","15":"content-bg","16":"loop-entry"},"jetpack-related-posts":[{"id":748,"url":"https:\/\/desimper.es\/ca\/tienda\/piscinas\/algicida\/","url_meta":{"origin":6216,"position":0},"title":"STOP ALGA PLUS","author":"Laura Celis","date":"juliol 16, 2020","format":false,"excerpt":"Poderoso algicida para el agua de las piscinas, complemento ideal para el tratamiento con cloro s\u00f3lido o l\u00edquido. Evita la formaci\u00f3n de algas y paredes de las piscinas manteniendo tanto las paredes como fondos, sin riesgo de resbalar. Mantiene el agua de la piscina perfectamente limpia y transparente. No ataca\u2026","rel":"","context":"Entrada similar","block_context":{"text":"Entrada similar","link":""},"img":{"alt_text":"","src":"https:\/\/i0.wp.com\/desimper.es\/wp-content\/uploads\/2020\/07\/STOP-ALGA-PLUS_.png?fit=1200%2C1200&ssl=1&resize=350%2C200","width":350,"height":200,"srcset":"https:\/\/i0.wp.com\/desimper.es\/wp-content\/uploads\/2020\/07\/STOP-ALGA-PLUS_.png?fit=1200%2C1200&ssl=1&resize=350%2C200 1x, https:\/\/i0.wp.com\/desimper.es\/wp-content\/uploads\/2020\/07\/STOP-ALGA-PLUS_.png?fit=1200%2C1200&ssl=1&resize=525%2C300 1.5x, https:\/\/i0.wp.com\/desimper.es\/wp-content\/uploads\/2020\/07\/STOP-ALGA-PLUS_.png?fit=1200%2C1200&ssl=1&resize=700%2C400 2x, https:\/\/i0.wp.com\/desimper.es\/wp-content\/uploads\/2020\/07\/STOP-ALGA-PLUS_.png?fit=1200%2C1200&ssl=1&resize=1050%2C600 3x"},"classes":[]},{"id":6228,"url":"https:\/\/desimper.es\/ca\/tienda\/piscinas\/cloro-granulado\/","url_meta":{"origin":6216,"position":1},"title":"CLOR GRANULAT","author":"Laura Celis","date":"abril 11, 2024","format":false,"excerpt":"Compost org\u00e0nic de dissoluci\u00f3 r\u00e0pida, altament estabilitzat i amb un contingut del 60% en clor \u00fatil, per al tractament d'aigua en piscines.","rel":"","context":"Entrada similar","block_context":{"text":"Entrada similar","link":""},"img":{"alt_text":"","src":"https:\/\/i0.wp.com\/desimper.es\/wp-content\/uploads\/2024\/04\/CLORO-GRANULADO_1.png?fit=1200%2C1200&ssl=1&resize=350%2C200","width":350,"height":200,"srcset":"https:\/\/i0.wp.com\/desimper.es\/wp-content\/uploads\/2024\/04\/CLORO-GRANULADO_1.png?fit=1200%2C1200&ssl=1&resize=350%2C200 1x, https:\/\/i0.wp.com\/desimper.es\/wp-content\/uploads\/2024\/04\/CLORO-GRANULADO_1.png?fit=1200%2C1200&ssl=1&resize=525%2C300 1.5x, https:\/\/i0.wp.com\/desimper.es\/wp-content\/uploads\/2024\/04\/CLORO-GRANULADO_1.png?fit=1200%2C1200&ssl=1&resize=700%2C400 2x, https:\/\/i0.wp.com\/desimper.es\/wp-content\/uploads\/2024\/04\/CLORO-GRANULADO_1.png?fit=1200%2C1200&ssl=1&resize=1050%2C600 3x"},"classes":[]},{"id":4251,"url":"https:\/\/desimper.es\/ca\/tienda\/piscinas\/limpiajuntas\/","url_meta":{"origin":6216,"position":2},"title":"NETEJAJUNTES 5L","author":"lauracelisb","date":"juliol 27, 2023","format":false,"excerpt":"Producte l\u00edquid fortament \u00e0cid i concentrat, usat per a eliminar taques d'\u00f2xid i cal\u00e7 en juntes i rajoles. Especial per a piscines i final d'obra.","rel":"","context":"Entrada similar","block_context":{"text":"Entrada similar","link":""},"img":{"alt_text":"","src":"https:\/\/i0.wp.com\/desimper.es\/wp-content\/uploads\/2023\/07\/69.png?fit=700%2C700&ssl=1&resize=350%2C200","width":350,"height":200,"srcset":"https:\/\/i0.wp.com\/desimper.es\/wp-content\/uploads\/2023\/07\/69.png?fit=700%2C700&ssl=1&resize=350%2C200 1x, https:\/\/i0.wp.com\/desimper.es\/wp-content\/uploads\/2023\/07\/69.png?fit=700%2C700&ssl=1&resize=525%2C300 1.5x, https:\/\/i0.wp.com\/desimper.es\/wp-content\/uploads\/2023\/07\/69.png?fit=700%2C700&ssl=1&resize=700%2C400 2x"},"classes":[]},{"id":745,"url":"https:\/\/desimper.es\/ca\/tienda\/piscinas\/aminorador-ph\/","url_meta":{"origin":6216,"position":3},"title":"MINORADOR PH 5L","author":"Laura Celis","date":"juliol 16, 2020","format":false,"excerpt":"Minorador de pH, utilitzar per a regular el pH de la piscina entre 7,2 i 8,0. \u00c9s indispensable, per a un \u00f2ptim tractament de l'aigua i per a evitar les mol\u00e8sties que pot produir en la pell dels banyistes, un desequilibri del pH.","rel":"","context":"Entrada similar","block_context":{"text":"Entrada similar","link":""},"img":{"alt_text":"","src":"https:\/\/i0.wp.com\/desimper.es\/wp-content\/uploads\/2020\/07\/75.png?fit=700%2C700&ssl=1&resize=350%2C200","width":350,"height":200,"srcset":"https:\/\/i0.wp.com\/desimper.es\/wp-content\/uploads\/2020\/07\/75.png?fit=700%2C700&ssl=1&resize=350%2C200 1x, https:\/\/i0.wp.com\/desimper.es\/wp-content\/uploads\/2020\/07\/75.png?fit=700%2C700&ssl=1&resize=525%2C300 1.5x, https:\/\/i0.wp.com\/desimper.es\/wp-content\/uploads\/2020\/07\/75.png?fit=700%2C700&ssl=1&resize=700%2C400 2x"},"classes":[]},{"id":1913,"url":"https:\/\/desimper.es\/ca\/tienda\/piscinas\/cloro-granulado-accion-rapida\/","url_meta":{"origin":6216,"position":4},"title":"CLOR GRANULAT ACCI\u00d3 R\u00c0PIDA","author":"AndreuSerra","date":"abril 28, 2021","format":false,"excerpt":"","rel":"","context":"Entrada similar","block_context":{"text":"Entrada similar","link":""},"img":{"alt_text":"","src":"https:\/\/i0.wp.com\/desimper.es\/wp-content\/uploads\/2024\/04\/CLORO-GRANULADO_1.png?fit=1200%2C1200&ssl=1&resize=350%2C200","width":350,"height":200,"srcset":"https:\/\/i0.wp.com\/desimper.es\/wp-content\/uploads\/2024\/04\/CLORO-GRANULADO_1.png?fit=1200%2C1200&ssl=1&resize=350%2C200 1x, https:\/\/i0.wp.com\/desimper.es\/wp-content\/uploads\/2024\/04\/CLORO-GRANULADO_1.png?fit=1200%2C1200&ssl=1&resize=525%2C300 1.5x, https:\/\/i0.wp.com\/desimper.es\/wp-content\/uploads\/2024\/04\/CLORO-GRANULADO_1.png?fit=1200%2C1200&ssl=1&resize=700%2C400 2x, https:\/\/i0.wp.com\/desimper.es\/wp-content\/uploads\/2024\/04\/CLORO-GRANULADO_1.png?fit=1200%2C1200&ssl=1&resize=1050%2C600 3x"},"classes":[]},{"id":755,"url":"https:\/\/desimper.es\/ca\/tienda\/piscinas\/limpiabordes2\/","url_meta":{"origin":6216,"position":5},"title":"NETEJA VORES 5 L","author":"Laura Celis","date":"juliol 16, 2020","format":false,"excerpt":"Netejador especial per a l'eliminaci\u00f3 dels c\u00e8rcols de greixos i brut\u00edcia en les vores, parets i zones annexes a les piscines que ho requereixin.","rel":"","context":"Entrada similar","block_context":{"text":"Entrada similar","link":""},"img":{"alt_text":"","src":"https:\/\/i0.wp.com\/desimper.es\/wp-content\/uploads\/2020\/07\/71.png?fit=700%2C700&ssl=1&resize=350%2C200","width":350,"height":200,"srcset":"https:\/\/i0.wp.com\/desimper.es\/wp-content\/uploads\/2020\/07\/71.png?fit=700%2C700&ssl=1&resize=350%2C200 1x, https:\/\/i0.wp.com\/desimper.es\/wp-content\/uploads\/2020\/07\/71.png?fit=700%2C700&ssl=1&resize=525%2C300 1.5x, https:\/\/i0.wp.com\/desimper.es\/wp-content\/uploads\/2020\/07\/71.png?fit=700%2C700&ssl=1&resize=700%2C400 2x"},"classes":[]}],"jetpack_sharing_enabled":true,"_links":{"self":[{"href":"https:\/\/desimper.es\/ca\/wp-json\/wp\/v2\/product\/6216","targetHints":{"allow":["GET"]}}],"collection":[{"href":"https:\/\/desimper.es\/ca\/wp-json\/wp\/v2\/product"}],"about":[{"href":"https:\/\/desimper.es\/ca\/wp-json\/wp\/v2\/types\/product"}],"replies":[{"embeddable":true,"href":"https:\/\/desimper.es\/ca\/wp-json\/wp\/v2\/comments?post=6216"}],"version-history":[{"count":5,"href":"https:\/\/desimper.es\/ca\/wp-json\/wp\/v2\/product\/6216\/revisions"}],"predecessor-version":[{"id":70228,"href":"https:\/\/desimper.es\/ca\/wp-json\/wp\/v2\/product\/6216\/revisions\/70228"}],"wp:featuredmedia":[{"embeddable":true,"href":"https:\/\/desimper.es\/ca\/wp-json\/wp\/v2\/media\/6219"}],"wp:attachment":[{"href":"https:\/\/desimper.es\/ca\/wp-json\/wp\/v2\/media?parent=6216"}],"wp:term":[{"taxonomy":"product_brand","embeddable":true,"href":"https:\/\/desimper.es\/ca\/wp-json\/wp\/v2\/product_brand?post=6216"},{"taxonomy":"product_cat","embeddable":true,"href":"https:\/\/desimper.es\/ca\/wp-json\/wp\/v2\/product_cat?post=6216"},{"taxonomy":"product_tag","embeddable":true,"href":"https:\/\/desimper.es\/ca\/wp-json\/wp\/v2\/product_tag?post=6216"}],"curies":[{"name":"wp","href":"https:\/\/api.w.org\/{rel}","templated":true}]}}