{"id":6228,"date":"2024-04-11T09:42:08","date_gmt":"2024-04-11T09:42:08","guid":{"rendered":"https:\/\/desimper.es\/?post_type=product&#038;p=6228"},"modified":"2026-02-05T13:51:10","modified_gmt":"2026-02-05T13:51:10","slug":"cloro-granulado","status":"publish","type":"product","link":"https:\/\/desimper.es\/ca\/tienda\/piscinas\/cloro-granulado\/","title":{"rendered":"CLOR GRANULAT"},"content":{"rendered":"<div data-elementor-type=\"product-post\" data-elementor-id=\"6228\" class=\"elementor elementor-6228\" data-elementor-post-type=\"product\">\n\t\t\t\t\t\t<section class=\"elementor-section elementor-top-section elementor-element elementor-element-362760c elementor-section-boxed elementor-section-height-default elementor-section-height-default\" data-id=\"362760c\" data-element_type=\"section\" data-e-type=\"section\">\n\t\t\t\t\t\t<div class=\"elementor-container elementor-column-gap-default\">\n\t\t\t\t\t<div class=\"elementor-column elementor-col-100 elementor-top-column elementor-element elementor-element-7efd369\" data-id=\"7efd369\" data-element_type=\"column\" data-e-type=\"column\">\n\t\t\t<div class=\"elementor-widget-wrap elementor-element-populated\">\n\t\t\t\t\t\t<div class=\"elementor-element elementor-element-3ec568e elementor-widget elementor-widget-text-editor\" data-id=\"3ec568e\" data-element_type=\"widget\" data-e-type=\"widget\" data-widget_type=\"text-editor.default\">\n\t\t\t\t<div class=\"elementor-widget-container\">\n\t\t\t\t\t\t\t\t\t<p>QUALITATS<\/p>\n<p>A causa de la seva alta solubilitat, s'obt\u00e9 r\u00e0pidament la quantitat necess\u00e0ria de clor residual que ofereix davant altres productes una major estabilitat enfront dels raigs ultraviolats del sol. No modifica el pH de l'aigua.<\/p>\n<p>FORMA D'\u00daS<\/p>\n<p>Introduir la dosi necess\u00e0ria a l'interior d'un skimmer, posant a continuaci\u00f3 en funcionament l'equip de filtraci\u00f3, per a poder d'aquesta manera ser dissolt el producte, al circular l'aigua a trav\u00e9s d'aquest skimmer.<\/p>\n<p>Tamb\u00e9 es pot repartir la dosi sobre la superf\u00edcie de la piscina per un igual. L'addici\u00f3 es realitzar\u00e0 preferentment al capvespre i sense la pres\u00e8ncia de banyistes en l'aigua de la piscina.<\/p>\n<p>El clor residual lliure haur\u00e0 d'estar situat entre 0,5-2 mg\/l valor que es mesurar\u00e0 f\u00e0cilment utilitzant un estoig analitzador de clor i pH. Aquest control haur\u00e0 d'efectuar-se un m\u00ednim de dues vegades al dia.<\/p>\t\t\t\t\t\t\t\t<\/div>\n\t\t\t\t<\/div>\n\t\t\t\t\t<\/div>\n\t\t<\/div>\n\t\t\t\t\t<\/div>\n\t\t<\/section>\n\t\t\t\t<\/div>","protected":false},"excerpt":{"rendered":"<p>Compost org\u00e0nic de dissoluci\u00f3 r\u00e0pida, altament estabilitzat i amb un contingut del 60% en clor \u00fatil, per al tractament d'aigua en piscines.<\/p>","protected":false},"featured_media":70223,"comment_status":"closed","ping_status":"closed","template":"","meta":{"_crdt_document":"","_kad_post_transparent":"","_kad_post_title":"","_kad_post_layout":"","_kad_post_sidebar_id":"","_kad_post_content_style":"","_kad_post_vertical_padding":"","_kad_post_feature":"","_kad_post_feature_position":"","_kad_post_header":false,"_kad_post_footer":false,"_kad_post_classname":"","_joinchat":[]},"product_brand":[],"product_cat":[67],"product_tag":[],"class_list":{"0":"post-6228","1":"product","2":"type-product","3":"status-publish","4":"has-post-thumbnail","6":"product_cat-piscinas","8":"first","9":"instock","10":"taxable","11":"shipping-taxable","12":"purchasable","13":"product-type-simple","14":"entry","15":"content-bg","16":"loop-entry"},"jetpack-related-posts":[{"id":748,"url":"https:\/\/desimper.es\/ca\/tienda\/piscinas\/algicida\/","url_meta":{"origin":6228,"position":0},"title":"STOP ALGA PLUS","author":"Laura Celis","date":"juliol 16, 2020","format":false,"excerpt":"Poderoso algicida para el agua de las piscinas, complemento ideal para el tratamiento con cloro s\u00f3lido o l\u00edquido. Evita la formaci\u00f3n de algas y paredes de las piscinas manteniendo tanto las paredes como fondos, sin riesgo de resbalar. Mantiene el agua de la piscina perfectamente limpia y transparente. No ataca\u2026","rel":"","context":"Entrada similar","block_context":{"text":"Entrada similar","link":""},"img":{"alt_text":"","src":"https:\/\/i0.wp.com\/desimper.es\/wp-content\/uploads\/2020\/07\/STOP-ALGA-PLUS_.png?fit=1200%2C1200&ssl=1&resize=350%2C200","width":350,"height":200,"srcset":"https:\/\/i0.wp.com\/desimper.es\/wp-content\/uploads\/2020\/07\/STOP-ALGA-PLUS_.png?fit=1200%2C1200&ssl=1&resize=350%2C200 1x, https:\/\/i0.wp.com\/desimper.es\/wp-content\/uploads\/2020\/07\/STOP-ALGA-PLUS_.png?fit=1200%2C1200&ssl=1&resize=525%2C300 1.5x, https:\/\/i0.wp.com\/desimper.es\/wp-content\/uploads\/2020\/07\/STOP-ALGA-PLUS_.png?fit=1200%2C1200&ssl=1&resize=700%2C400 2x, https:\/\/i0.wp.com\/desimper.es\/wp-content\/uploads\/2020\/07\/STOP-ALGA-PLUS_.png?fit=1200%2C1200&ssl=1&resize=1050%2C600 3x"},"classes":[]},{"id":6216,"url":"https:\/\/desimper.es\/ca\/tienda\/piscinas\/cloro-en-tabletas\/","url_meta":{"origin":6228,"position":1},"title":"CLOR EN TAULETES","author":"Laura Celis","date":"abril 11, 2024","format":false,"excerpt":"Nuestras tabletas de cloro de 200g, son una soluci\u00f3n completa para el mantenimiento y la desinfecci\u00f3n de piscinas. Con una potente f\u00f3rmula 5 en 1, ofrecen una limpieza integral y eficaz para mantener tu piscina en \u00f3ptimas condiciones.","rel":"","context":"Entrada similar","block_context":{"text":"Entrada similar","link":""},"img":{"alt_text":"Cloro en tabletas","src":"https:\/\/i0.wp.com\/desimper.es\/wp-content\/uploads\/2024\/04\/CLORO-TABLETA-5_1.png?fit=1200%2C1200&ssl=1&resize=350%2C200","width":350,"height":200,"srcset":"https:\/\/i0.wp.com\/desimper.es\/wp-content\/uploads\/2024\/04\/CLORO-TABLETA-5_1.png?fit=1200%2C1200&ssl=1&resize=350%2C200 1x, https:\/\/i0.wp.com\/desimper.es\/wp-content\/uploads\/2024\/04\/CLORO-TABLETA-5_1.png?fit=1200%2C1200&ssl=1&resize=525%2C300 1.5x, https:\/\/i0.wp.com\/desimper.es\/wp-content\/uploads\/2024\/04\/CLORO-TABLETA-5_1.png?fit=1200%2C1200&ssl=1&resize=700%2C400 2x, https:\/\/i0.wp.com\/desimper.es\/wp-content\/uploads\/2024\/04\/CLORO-TABLETA-5_1.png?fit=1200%2C1200&ssl=1&resize=1050%2C600 3x"},"classes":[]},{"id":1913,"url":"https:\/\/desimper.es\/ca\/tienda\/piscinas\/cloro-granulado-accion-rapida\/","url_meta":{"origin":6228,"position":2},"title":"CLOR GRANULAT ACCI\u00d3 R\u00c0PIDA","author":"AndreuSerra","date":"abril 28, 2021","format":false,"excerpt":"","rel":"","context":"Entrada similar","block_context":{"text":"Entrada similar","link":""},"img":{"alt_text":"","src":"https:\/\/i0.wp.com\/desimper.es\/wp-content\/uploads\/2024\/04\/CLORO-GRANULADO_1.png?fit=1200%2C1200&ssl=1&resize=350%2C200","width":350,"height":200,"srcset":"https:\/\/i0.wp.com\/desimper.es\/wp-content\/uploads\/2024\/04\/CLORO-GRANULADO_1.png?fit=1200%2C1200&ssl=1&resize=350%2C200 1x, https:\/\/i0.wp.com\/desimper.es\/wp-content\/uploads\/2024\/04\/CLORO-GRANULADO_1.png?fit=1200%2C1200&ssl=1&resize=525%2C300 1.5x, https:\/\/i0.wp.com\/desimper.es\/wp-content\/uploads\/2024\/04\/CLORO-GRANULADO_1.png?fit=1200%2C1200&ssl=1&resize=700%2C400 2x, https:\/\/i0.wp.com\/desimper.es\/wp-content\/uploads\/2024\/04\/CLORO-GRANULADO_1.png?fit=1200%2C1200&ssl=1&resize=1050%2C600 3x"},"classes":[]},{"id":1939,"url":"https:\/\/desimper.es\/ca\/tienda\/bano\/fregasuelos-con-bioalcohol-apple-2\/","url_meta":{"origin":6228,"position":3},"title":"L\u00cdQUID DE FREGAR APPLE 5L","author":"AndreuSerra","date":"abril 28, 2021","format":false,"excerpt":"Producto l\u00edquido, limpiador de superficies incluso si est\u00e1n enceradas.\u00a0No ataca ni matiza dichas superficies,\u00a0destacando su brillo original. Act\u00faa frente a las suciedades y manchas de aceite.\u00a0Suavemente perfumado deja un agradable aroma residual. Contiene alcohol, que facilita la limpieza de las superficies.","rel":"","context":"Entrada similar","block_context":{"text":"Entrada similar","link":""},"img":{"alt_text":"","src":"https:\/\/i0.wp.com\/desimper.es\/wp-content\/uploads\/2021\/04\/15.png?fit=700%2C700&ssl=1&resize=350%2C200","width":350,"height":200,"srcset":"https:\/\/i0.wp.com\/desimper.es\/wp-content\/uploads\/2021\/04\/15.png?fit=700%2C700&ssl=1&resize=350%2C200 1x, https:\/\/i0.wp.com\/desimper.es\/wp-content\/uploads\/2021\/04\/15.png?fit=700%2C700&ssl=1&resize=525%2C300 1.5x, https:\/\/i0.wp.com\/desimper.es\/wp-content\/uploads\/2021\/04\/15.png?fit=700%2C700&ssl=1&resize=700%2C400 2x"},"classes":[]},{"id":4240,"url":"https:\/\/desimper.es\/ca\/tienda\/bano\/limpiador-uso-general-1l\/","url_meta":{"origin":6228,"position":4},"title":"NETEJADOR GENERAL MULTI\u00daS 1L","author":"lauracelisb","date":"juliol 27, 2023","format":false,"excerpt":"Limpiador de uso general. L\u00edquido reforzado con tensioactivos para optimizar su poder\u00a0limpiador y desengrasante, tambi\u00e9n se puede usar como\u00a0antivaho en azulejos y mamparas de ducha. Su\u00a0pH neutro\u00a0hace que sea un excelente limpiador general para todo tipo de materiales y suelos. Detergente ideal para todo tipo de superficies lavables en medio\u2026","rel":"","context":"Entrada similar","block_context":{"text":"Entrada similar","link":""},"img":{"alt_text":"Limpiador General Multiusos","src":"https:\/\/i0.wp.com\/desimper.es\/wp-content\/uploads\/2023\/07\/53-1.png?fit=1200%2C1200&ssl=1&resize=350%2C200","width":350,"height":200,"srcset":"https:\/\/i0.wp.com\/desimper.es\/wp-content\/uploads\/2023\/07\/53-1.png?fit=1200%2C1200&ssl=1&resize=350%2C200 1x, https:\/\/i0.wp.com\/desimper.es\/wp-content\/uploads\/2023\/07\/53-1.png?fit=1200%2C1200&ssl=1&resize=525%2C300 1.5x, https:\/\/i0.wp.com\/desimper.es\/wp-content\/uploads\/2023\/07\/53-1.png?fit=1200%2C1200&ssl=1&resize=700%2C400 2x, https:\/\/i0.wp.com\/desimper.es\/wp-content\/uploads\/2023\/07\/53-1.png?fit=1200%2C1200&ssl=1&resize=1050%2C600 3x"},"classes":[]},{"id":1925,"url":"https:\/\/desimper.es\/ca\/tienda\/bano\/higienizante-uso-general-2\/","url_meta":{"origin":6228,"position":5},"title":"NETEJADOR GENERAL MULTI\u00daS 5L","author":"AndreuSerra","date":"abril 28, 2021","format":false,"excerpt":"Limpiador de uso general. L\u00edquido reforzado con tensioactivos para optimizar su poder\u00a0limpiador y desengrasante, tambi\u00e9n se puede usar como\u00a0antivaho en azulejos y mamparas de ducha. Su\u00a0pH neutro\u00a0hace que sea un excelente limpiador general para todo tipo de materiales y suelos. Detergente ideal para todo tipo de superficies lavables en medio\u2026","rel":"","context":"Entrada similar","block_context":{"text":"Entrada similar","link":""},"img":{"alt_text":"","src":"https:\/\/i0.wp.com\/desimper.es\/wp-content\/uploads\/2021\/04\/46.png?fit=700%2C700&ssl=1&resize=350%2C200","width":350,"height":200,"srcset":"https:\/\/i0.wp.com\/desimper.es\/wp-content\/uploads\/2021\/04\/46.png?fit=700%2C700&ssl=1&resize=350%2C200 1x, https:\/\/i0.wp.com\/desimper.es\/wp-content\/uploads\/2021\/04\/46.png?fit=700%2C700&ssl=1&resize=525%2C300 1.5x, https:\/\/i0.wp.com\/desimper.es\/wp-content\/uploads\/2021\/04\/46.png?fit=700%2C700&ssl=1&resize=700%2C400 2x"},"classes":[]}],"jetpack_sharing_enabled":true,"_links":{"self":[{"href":"https:\/\/desimper.es\/ca\/wp-json\/wp\/v2\/product\/6228","targetHints":{"allow":["GET"]}}],"collection":[{"href":"https:\/\/desimper.es\/ca\/wp-json\/wp\/v2\/product"}],"about":[{"href":"https:\/\/desimper.es\/ca\/wp-json\/wp\/v2\/types\/product"}],"replies":[{"embeddable":true,"href":"https:\/\/desimper.es\/ca\/wp-json\/wp\/v2\/comments?post=6228"}],"version-history":[{"count":8,"href":"https:\/\/desimper.es\/ca\/wp-json\/wp\/v2\/product\/6228\/revisions"}],"predecessor-version":[{"id":70225,"href":"https:\/\/desimper.es\/ca\/wp-json\/wp\/v2\/product\/6228\/revisions\/70225"}],"wp:featuredmedia":[{"embeddable":true,"href":"https:\/\/desimper.es\/ca\/wp-json\/wp\/v2\/media\/70223"}],"wp:attachment":[{"href":"https:\/\/desimper.es\/ca\/wp-json\/wp\/v2\/media?parent=6228"}],"wp:term":[{"taxonomy":"product_brand","embeddable":true,"href":"https:\/\/desimper.es\/ca\/wp-json\/wp\/v2\/product_brand?post=6228"},{"taxonomy":"product_cat","embeddable":true,"href":"https:\/\/desimper.es\/ca\/wp-json\/wp\/v2\/product_cat?post=6228"},{"taxonomy":"product_tag","embeddable":true,"href":"https:\/\/desimper.es\/ca\/wp-json\/wp\/v2\/product_tag?post=6228"}],"curies":[{"name":"wp","href":"https:\/\/api.w.org\/{rel}","templated":true}]}}