{"id":742,"date":"2020-07-16T11:13:10","date_gmt":"2020-07-16T11:13:10","guid":{"rendered":"https:\/\/equipodesimper.com\/?post_type=product&#038;p=742"},"modified":"2026-02-05T14:56:41","modified_gmt":"2026-02-05T14:56:41","slug":"incrementador-ph","status":"publish","type":"product","link":"https:\/\/desimper.es\/ca\/tienda\/piscinas\/incrementador-ph\/","title":{"rendered":"INCREMENTADOR PH 5L"},"content":{"rendered":"<p>QUALITATS<br \/>\nAugmenta el PH de l'aigua en cas que sigui massa baix.<br \/>\nFORMA D'\u00daS<br \/>\nPer a augmentar una d\u00e8cima d'unitat en pH: Afegir en una galleda d'aigua 200 a 250 ml de producte per cada 10 m\u00b3 (10.000 L) d'aigua a regular. Les variacions en la dosi recomanada s\u00f3n degudes a les diferents caracter\u00edstiques de l'aigua a tractar: duresa, pH, salinitat, etc.<br \/>\nLa classificaci\u00f3 d'aquest producte s'ha realitzat conforme el Reglament n\u00ba1272\/2008 (CLP).<br \/>\nEye Dam. 1: Lesions oculars greus, Categoria 1, H318<br \/>\nSkin Corr. 1A: Corrosi\u00f3 cut\u00e0nia, Categoria 1A, H314<\/p>\n<p>Consells de prud\u00e8ncia:<br \/>\nP260: No respirar la pols\/el fum\/el gas\/la boira\/els vapors\/l'aerosol<br \/>\nP264: Rentar-se a consci\u00e8ncia despr\u00e9s de la manipulaci\u00f3 P280: Portar guants\/prenguis\/portes mala sort\/m\u00e0scara de protecci\u00f3 P301+P330+P331: EN CAS D'INGESTI\u00d3: Esbandir la boca. NO provocar el v\u00f2mit P304+P340: EN CAS D'INHALACI\u00d3: Transportar a la persona a l'aire lliure i mantenir-la en una posici\u00f3 que li faciliti la respiraci\u00f3 P305+P351+P338: EN CAS DE CONTACTE AMB ELS ULLS: Esbandir amb aigua acuradament durant diversos minuts. Llevar les lents de contacte quan siguin presents i pugui fer-se amb facilitat. Prosseguir amb la rentada P310: Cridar immediatament a un CENTRE DE TOXICOLOG\u013aA\/m\u00e8dic P501: Eliminar el contingut\/el recipient conforme a la legislaci\u00f3 vigent de tractament de residus (Llei 22\/2011).<\/p>\n<p><a href=\"https:\/\/desimper.es\/wp-content\/uploads\/2020\/07\/LI_PF0162_PH.pdf\">LI_PF0162_PH+<\/a><\/p>","protected":false},"excerpt":{"rendered":"<p>Compost granulat, per a ajustar el pH de l'aigua, quan aquest oscil\u00b7li entre 7,2 i 8,0. \u00c9s indispensable, per a un \u00f2ptim tractament de l'aigua i per a evitar les mol\u00e8sties que pot produir en la pell dels banyistes, un desequilibri del pH.<\/p>","protected":false},"featured_media":70234,"comment_status":"open","ping_status":"closed","template":"","meta":{"_crdt_document":"","_kad_post_transparent":"","_kad_post_title":"","_kad_post_layout":"","_kad_post_sidebar_id":"","_kad_post_content_style":"","_kad_post_vertical_padding":"","_kad_post_feature":"","_kad_post_feature_position":"","_kad_post_header":false,"_kad_post_footer":false,"_kad_post_classname":"","_joinchat":[]},"product_brand":[],"product_cat":[67],"product_tag":[48],"class_list":{"0":"post-742","1":"product","2":"type-product","3":"status-publish","4":"has-post-thumbnail","6":"product_cat-piscinas","7":"product_tag-garrafa-aumentadorph-piscinas","9":"first","10":"instock","11":"taxable","12":"shipping-taxable","13":"purchasable","14":"product-type-simple","15":"entry","16":"content-bg","17":"loop-entry"},"jetpack-related-posts":[{"id":745,"url":"https:\/\/desimper.es\/ca\/tienda\/piscinas\/aminorador-ph\/","url_meta":{"origin":742,"position":0},"title":"MINORADOR PH 5L","author":"Laura Celis","date":"juliol 16, 2020","format":false,"excerpt":"Minorador de pH, utilitzar per a regular el pH de la piscina entre 7,2 i 8,0. \u00c9s indispensable, per a un \u00f2ptim tractament de l'aigua i per a evitar les mol\u00e8sties que pot produir en la pell dels banyistes, un desequilibri del pH.","rel":"","context":"Entrada similar","block_context":{"text":"Entrada similar","link":""},"img":{"alt_text":"","src":"https:\/\/i0.wp.com\/desimper.es\/wp-content\/uploads\/2020\/07\/75.png?fit=700%2C700&ssl=1&resize=350%2C200","width":350,"height":200,"srcset":"https:\/\/i0.wp.com\/desimper.es\/wp-content\/uploads\/2020\/07\/75.png?fit=700%2C700&ssl=1&resize=350%2C200 1x, https:\/\/i0.wp.com\/desimper.es\/wp-content\/uploads\/2020\/07\/75.png?fit=700%2C700&ssl=1&resize=525%2C300 1.5x, https:\/\/i0.wp.com\/desimper.es\/wp-content\/uploads\/2020\/07\/75.png?fit=700%2C700&ssl=1&resize=700%2C400 2x"},"classes":[]},{"id":6228,"url":"https:\/\/desimper.es\/ca\/tienda\/piscinas\/cloro-granulado\/","url_meta":{"origin":742,"position":1},"title":"CLOR GRANULAT","author":"Laura Celis","date":"abril 11, 2024","format":false,"excerpt":"Compost org\u00e0nic de dissoluci\u00f3 r\u00e0pida, altament estabilitzat i amb un contingut del 60% en clor \u00fatil, per al tractament d'aigua en piscines.","rel":"","context":"Entrada similar","block_context":{"text":"Entrada similar","link":""},"img":{"alt_text":"","src":"https:\/\/i0.wp.com\/desimper.es\/wp-content\/uploads\/2024\/04\/CLORO-GRANULADO_1.png?fit=1200%2C1200&ssl=1&resize=350%2C200","width":350,"height":200,"srcset":"https:\/\/i0.wp.com\/desimper.es\/wp-content\/uploads\/2024\/04\/CLORO-GRANULADO_1.png?fit=1200%2C1200&ssl=1&resize=350%2C200 1x, https:\/\/i0.wp.com\/desimper.es\/wp-content\/uploads\/2024\/04\/CLORO-GRANULADO_1.png?fit=1200%2C1200&ssl=1&resize=525%2C300 1.5x, https:\/\/i0.wp.com\/desimper.es\/wp-content\/uploads\/2024\/04\/CLORO-GRANULADO_1.png?fit=1200%2C1200&ssl=1&resize=700%2C400 2x, https:\/\/i0.wp.com\/desimper.es\/wp-content\/uploads\/2024\/04\/CLORO-GRANULADO_1.png?fit=1200%2C1200&ssl=1&resize=1050%2C600 3x"},"classes":[]},{"id":748,"url":"https:\/\/desimper.es\/ca\/tienda\/piscinas\/algicida\/","url_meta":{"origin":742,"position":2},"title":"STOP ALGA PLUS","author":"Laura Celis","date":"juliol 16, 2020","format":false,"excerpt":"Poderoso algicida para el agua de las piscinas, complemento ideal para el tratamiento con cloro s\u00f3lido o l\u00edquido. Evita la formaci\u00f3n de algas y paredes de las piscinas manteniendo tanto las paredes como fondos, sin riesgo de resbalar. Mantiene el agua de la piscina perfectamente limpia y transparente. No ataca\u2026","rel":"","context":"Entrada similar","block_context":{"text":"Entrada similar","link":""},"img":{"alt_text":"","src":"https:\/\/i0.wp.com\/desimper.es\/wp-content\/uploads\/2020\/07\/STOP-ALGA-PLUS_.png?fit=1200%2C1200&ssl=1&resize=350%2C200","width":350,"height":200,"srcset":"https:\/\/i0.wp.com\/desimper.es\/wp-content\/uploads\/2020\/07\/STOP-ALGA-PLUS_.png?fit=1200%2C1200&ssl=1&resize=350%2C200 1x, https:\/\/i0.wp.com\/desimper.es\/wp-content\/uploads\/2020\/07\/STOP-ALGA-PLUS_.png?fit=1200%2C1200&ssl=1&resize=525%2C300 1.5x, https:\/\/i0.wp.com\/desimper.es\/wp-content\/uploads\/2020\/07\/STOP-ALGA-PLUS_.png?fit=1200%2C1200&ssl=1&resize=700%2C400 2x, https:\/\/i0.wp.com\/desimper.es\/wp-content\/uploads\/2020\/07\/STOP-ALGA-PLUS_.png?fit=1200%2C1200&ssl=1&resize=1050%2C600 3x"},"classes":[]},{"id":4240,"url":"https:\/\/desimper.es\/ca\/tienda\/bano\/limpiador-uso-general-1l\/","url_meta":{"origin":742,"position":3},"title":"NETEJADOR GENERAL MULTI\u00daS 1L","author":"lauracelisb","date":"juliol 27, 2023","format":false,"excerpt":"Limpiador de uso general. L\u00edquido reforzado con tensioactivos para optimizar su poder\u00a0limpiador y desengrasante, tambi\u00e9n se puede usar como\u00a0antivaho en azulejos y mamparas de ducha. Su\u00a0pH neutro\u00a0hace que sea un excelente limpiador general para todo tipo de materiales y suelos. Detergente ideal para todo tipo de superficies lavables en medio\u2026","rel":"","context":"Entrada similar","block_context":{"text":"Entrada similar","link":""},"img":{"alt_text":"Limpiador General Multiusos","src":"https:\/\/i0.wp.com\/desimper.es\/wp-content\/uploads\/2023\/07\/53-1.png?fit=1200%2C1200&ssl=1&resize=350%2C200","width":350,"height":200,"srcset":"https:\/\/i0.wp.com\/desimper.es\/wp-content\/uploads\/2023\/07\/53-1.png?fit=1200%2C1200&ssl=1&resize=350%2C200 1x, https:\/\/i0.wp.com\/desimper.es\/wp-content\/uploads\/2023\/07\/53-1.png?fit=1200%2C1200&ssl=1&resize=525%2C300 1.5x, https:\/\/i0.wp.com\/desimper.es\/wp-content\/uploads\/2023\/07\/53-1.png?fit=1200%2C1200&ssl=1&resize=700%2C400 2x, https:\/\/i0.wp.com\/desimper.es\/wp-content\/uploads\/2023\/07\/53-1.png?fit=1200%2C1200&ssl=1&resize=1050%2C600 3x"},"classes":[]},{"id":1925,"url":"https:\/\/desimper.es\/ca\/tienda\/bano\/higienizante-uso-general-2\/","url_meta":{"origin":742,"position":4},"title":"NETEJADOR GENERAL MULTI\u00daS 5L","author":"AndreuSerra","date":"abril 28, 2021","format":false,"excerpt":"Limpiador de uso general. L\u00edquido reforzado con tensioactivos para optimizar su poder\u00a0limpiador y desengrasante, tambi\u00e9n se puede usar como\u00a0antivaho en azulejos y mamparas de ducha. Su\u00a0pH neutro\u00a0hace que sea un excelente limpiador general para todo tipo de materiales y suelos. Detergente ideal para todo tipo de superficies lavables en medio\u2026","rel":"","context":"Entrada similar","block_context":{"text":"Entrada similar","link":""},"img":{"alt_text":"","src":"https:\/\/i0.wp.com\/desimper.es\/wp-content\/uploads\/2021\/04\/46.png?fit=700%2C700&ssl=1&resize=350%2C200","width":350,"height":200,"srcset":"https:\/\/i0.wp.com\/desimper.es\/wp-content\/uploads\/2021\/04\/46.png?fit=700%2C700&ssl=1&resize=350%2C200 1x, https:\/\/i0.wp.com\/desimper.es\/wp-content\/uploads\/2021\/04\/46.png?fit=700%2C700&ssl=1&resize=525%2C300 1.5x, https:\/\/i0.wp.com\/desimper.es\/wp-content\/uploads\/2021\/04\/46.png?fit=700%2C700&ssl=1&resize=700%2C400 2x"},"classes":[]},{"id":755,"url":"https:\/\/desimper.es\/ca\/tienda\/piscinas\/limpiabordes2\/","url_meta":{"origin":742,"position":5},"title":"NETEJA VORES 5 L","author":"Laura Celis","date":"juliol 16, 2020","format":false,"excerpt":"Netejador especial per a l'eliminaci\u00f3 dels c\u00e8rcols de greixos i brut\u00edcia en les vores, parets i zones annexes a les piscines que ho requereixin.","rel":"","context":"Entrada similar","block_context":{"text":"Entrada similar","link":""},"img":{"alt_text":"","src":"https:\/\/i0.wp.com\/desimper.es\/wp-content\/uploads\/2020\/07\/71.png?fit=700%2C700&ssl=1&resize=350%2C200","width":350,"height":200,"srcset":"https:\/\/i0.wp.com\/desimper.es\/wp-content\/uploads\/2020\/07\/71.png?fit=700%2C700&ssl=1&resize=350%2C200 1x, https:\/\/i0.wp.com\/desimper.es\/wp-content\/uploads\/2020\/07\/71.png?fit=700%2C700&ssl=1&resize=525%2C300 1.5x, https:\/\/i0.wp.com\/desimper.es\/wp-content\/uploads\/2020\/07\/71.png?fit=700%2C700&ssl=1&resize=700%2C400 2x"},"classes":[]}],"jetpack_sharing_enabled":true,"_links":{"self":[{"href":"https:\/\/desimper.es\/ca\/wp-json\/wp\/v2\/product\/742","targetHints":{"allow":["GET"]}}],"collection":[{"href":"https:\/\/desimper.es\/ca\/wp-json\/wp\/v2\/product"}],"about":[{"href":"https:\/\/desimper.es\/ca\/wp-json\/wp\/v2\/types\/product"}],"replies":[{"embeddable":true,"href":"https:\/\/desimper.es\/ca\/wp-json\/wp\/v2\/comments?post=742"}],"version-history":[{"count":1,"href":"https:\/\/desimper.es\/ca\/wp-json\/wp\/v2\/product\/742\/revisions"}],"predecessor-version":[{"id":70236,"href":"https:\/\/desimper.es\/ca\/wp-json\/wp\/v2\/product\/742\/revisions\/70236"}],"wp:featuredmedia":[{"embeddable":true,"href":"https:\/\/desimper.es\/ca\/wp-json\/wp\/v2\/media\/70234"}],"wp:attachment":[{"href":"https:\/\/desimper.es\/ca\/wp-json\/wp\/v2\/media?parent=742"}],"wp:term":[{"taxonomy":"product_brand","embeddable":true,"href":"https:\/\/desimper.es\/ca\/wp-json\/wp\/v2\/product_brand?post=742"},{"taxonomy":"product_cat","embeddable":true,"href":"https:\/\/desimper.es\/ca\/wp-json\/wp\/v2\/product_cat?post=742"},{"taxonomy":"product_tag","embeddable":true,"href":"https:\/\/desimper.es\/ca\/wp-json\/wp\/v2\/product_tag?post=742"}],"curies":[{"name":"wp","href":"https:\/\/api.w.org\/{rel}","templated":true}]}}