{"id":748,"date":"2020-07-16T11:06:46","date_gmt":"2020-07-16T11:06:46","guid":{"rendered":"https:\/\/equipodesimper.com\/?post_type=product&#038;p=748"},"modified":"2026-02-05T13:37:52","modified_gmt":"2026-02-05T13:37:52","slug":"algicida","status":"publish","type":"product","link":"https:\/\/desimper.es\/ca\/tienda\/piscinas\/algicida\/","title":{"rendered":"STOP ALGA PLUS"},"content":{"rendered":"<p>QUALITATS<br \/>\nProducte l\u00edquid que elimina les algues. Evita la formaci\u00f3 d'algues en parets i fons de piscines, aix\u00ed evitant el risc a relliscar. Mant\u00e9 l'aigua de les piscines netes i transparents. Respectu\u00f3s amb les pintures de les piscines.<br \/>\nFORMA D'\u00daS<br \/>\nDosi d'arrencada 30 ml\/metre c\u00fabic d'aigua el primer dia. Dosi de manteniment: 10 ml\/metre c\u00fabic d'aigua dues vegades per setmana. Repartir uniformement aquestes dosis per tota la piscina. Comprovar el pH de l'aigua, que ha de mantenir-se entre 7,2 i 7,8.<\/p>\n<p>La classificaci\u00f3 d'aquest producte s'ha realitzat conforme el Reglament n\u00ba1272\/2008 (CLP).<br \/>\nP260: No respirar la pols\/el fum\/el gas\/la boira\/els vapors\/l'aerosol<br \/>\nP264: Rentar-se a consci\u00e8ncia despr\u00e9s de la manipulaci\u00f3 P280: Portar guants\/prenguis\/portes mala sort\/m\u00e0scara de protecci\u00f3 P301+P330+P331: EN CAS D'INGESTI\u00d3: Esbandir la boca. NO provocar el v\u00f2mit P304+P340: EN CAS D'INHALACI\u00d3: Transportar a la persona a l'aire lliure i mantenir-la en una posici\u00f3 que li faciliti la respiraci\u00f3 P305+P351+P338: EN CAS DE CONTACTE AMB ELS ULLS: Esbandir amb aigua acuradament durant diversos minuts. Llevar les lents de contacte quan siguin presents i pugui fer-se amb facilitat. Prosseguir amb la rentada P310: Cridar immediatament a un CENTRE DE TOXICOLOG\u013aA\/m\u00e8dic P501: Eliminar el contingut\/el recipient d'acord amb la normativa sobre residus perillosos o envasos i residus d'envasos respectivament.<\/p>\n<p><a href=\"https:\/\/desimper.es\/wp-content\/uploads\/2020\/07\/LI_PF0670_ALGICIDA.pdf\">LI_PF0670_ALGICIDA<\/a><\/p>","protected":false},"excerpt":{"rendered":"<p>Poder\u00f3s algicida per a l'aigua de les piscines, complement ideal per al tractament amb clor s\u00f2lid o l\u00edquid. Evita la formaci\u00f3 d'algues i parets de les piscines mantenint tant les parets com fons, sense risc de relliscar. Mant\u00e9 l'aigua de la piscina perfectament neta i transparent. No ataca a la pintura de la piscina.<\/p>","protected":false},"featured_media":70216,"comment_status":"open","ping_status":"closed","template":"","meta":{"_crdt_document":"","_kad_post_transparent":"","_kad_post_title":"","_kad_post_layout":"","_kad_post_sidebar_id":"","_kad_post_content_style":"","_kad_post_vertical_padding":"","_kad_post_feature":"","_kad_post_feature_position":"","_kad_post_header":false,"_kad_post_footer":false,"_kad_post_classname":"","_joinchat":[]},"product_brand":[],"product_cat":[67],"product_tag":[46],"class_list":{"0":"post-748","1":"product","2":"type-product","3":"status-publish","4":"has-post-thumbnail","6":"product_cat-piscinas","7":"product_tag-garrafa-algicida-piscinas","9":"first","10":"instock","11":"taxable","12":"shipping-taxable","13":"purchasable","14":"product-type-simple","15":"entry","16":"content-bg","17":"loop-entry"},"jetpack-related-posts":[{"id":6216,"url":"https:\/\/desimper.es\/ca\/tienda\/piscinas\/cloro-en-tabletas\/","url_meta":{"origin":748,"position":0},"title":"CLOR EN TAULETES","author":"Laura Celis","date":"abril 11, 2024","format":false,"excerpt":"Nuestras tabletas de cloro de 200g, son una soluci\u00f3n completa para el mantenimiento y la desinfecci\u00f3n de piscinas. Con una potente f\u00f3rmula 5 en 1, ofrecen una limpieza integral y eficaz para mantener tu piscina en \u00f3ptimas condiciones.","rel":"","context":"Entrada similar","block_context":{"text":"Entrada similar","link":""},"img":{"alt_text":"Cloro en tabletas","src":"https:\/\/i0.wp.com\/desimper.es\/wp-content\/uploads\/2024\/04\/CLORO-TABLETA-5_1.png?fit=1200%2C1200&ssl=1&resize=350%2C200","width":350,"height":200,"srcset":"https:\/\/i0.wp.com\/desimper.es\/wp-content\/uploads\/2024\/04\/CLORO-TABLETA-5_1.png?fit=1200%2C1200&ssl=1&resize=350%2C200 1x, https:\/\/i0.wp.com\/desimper.es\/wp-content\/uploads\/2024\/04\/CLORO-TABLETA-5_1.png?fit=1200%2C1200&ssl=1&resize=525%2C300 1.5x, https:\/\/i0.wp.com\/desimper.es\/wp-content\/uploads\/2024\/04\/CLORO-TABLETA-5_1.png?fit=1200%2C1200&ssl=1&resize=700%2C400 2x, https:\/\/i0.wp.com\/desimper.es\/wp-content\/uploads\/2024\/04\/CLORO-TABLETA-5_1.png?fit=1200%2C1200&ssl=1&resize=1050%2C600 3x"},"classes":[]},{"id":745,"url":"https:\/\/desimper.es\/ca\/tienda\/piscinas\/aminorador-ph\/","url_meta":{"origin":748,"position":1},"title":"MINORADOR PH 5L","author":"Laura Celis","date":"juliol 16, 2020","format":false,"excerpt":"Minorador de pH, utilitzar per a regular el pH de la piscina entre 7,2 i 8,0. \u00c9s indispensable, per a un \u00f2ptim tractament de l'aigua i per a evitar les mol\u00e8sties que pot produir en la pell dels banyistes, un desequilibri del pH.","rel":"","context":"Entrada similar","block_context":{"text":"Entrada similar","link":""},"img":{"alt_text":"","src":"https:\/\/i0.wp.com\/desimper.es\/wp-content\/uploads\/2020\/07\/75.png?fit=700%2C700&ssl=1&resize=350%2C200","width":350,"height":200,"srcset":"https:\/\/i0.wp.com\/desimper.es\/wp-content\/uploads\/2020\/07\/75.png?fit=700%2C700&ssl=1&resize=350%2C200 1x, https:\/\/i0.wp.com\/desimper.es\/wp-content\/uploads\/2020\/07\/75.png?fit=700%2C700&ssl=1&resize=525%2C300 1.5x, https:\/\/i0.wp.com\/desimper.es\/wp-content\/uploads\/2020\/07\/75.png?fit=700%2C700&ssl=1&resize=700%2C400 2x"},"classes":[]},{"id":742,"url":"https:\/\/desimper.es\/ca\/tienda\/piscinas\/incrementador-ph\/","url_meta":{"origin":748,"position":2},"title":"INCREMENTADOR PH 5L","author":"Laura Celis","date":"juliol 16, 2020","format":false,"excerpt":"Compost granulat, per a ajustar el pH de l'aigua, quan aquest oscil\u00b7li entre 7,2 i 8,0. \u00c9s indispensable, per a un \u00f2ptim tractament de l'aigua i per a evitar les mol\u00e8sties que pot produir en la pell dels banyistes, un desequilibri del pH.","rel":"","context":"Entrada similar","block_context":{"text":"Entrada similar","link":""},"img":{"alt_text":"","src":"https:\/\/i0.wp.com\/desimper.es\/wp-content\/uploads\/2020\/07\/73.png?fit=700%2C700&ssl=1&resize=350%2C200","width":350,"height":200,"srcset":"https:\/\/i0.wp.com\/desimper.es\/wp-content\/uploads\/2020\/07\/73.png?fit=700%2C700&ssl=1&resize=350%2C200 1x, https:\/\/i0.wp.com\/desimper.es\/wp-content\/uploads\/2020\/07\/73.png?fit=700%2C700&ssl=1&resize=525%2C300 1.5x, https:\/\/i0.wp.com\/desimper.es\/wp-content\/uploads\/2020\/07\/73.png?fit=700%2C700&ssl=1&resize=700%2C400 2x"},"classes":[]},{"id":752,"url":"https:\/\/desimper.es\/ca\/tienda\/piscinas\/floculante\/","url_meta":{"origin":748,"position":3},"title":"FLOCULANT 5L","author":"Laura Celis","date":"juliol 16, 2020","format":false,"excerpt":"Pol\u00edmer de nova concepci\u00f3, amb un gran poder floculant capa\u00e7 d'eliminar les part\u00edcules col\u00b7loidals que es troben en la piscina.","rel":"","context":"Entrada similar","block_context":{"text":"Entrada similar","link":""},"img":{"alt_text":"","src":"https:\/\/i0.wp.com\/desimper.es\/wp-content\/uploads\/2020\/07\/79.png?fit=700%2C700&ssl=1&resize=350%2C200","width":350,"height":200,"srcset":"https:\/\/i0.wp.com\/desimper.es\/wp-content\/uploads\/2020\/07\/79.png?fit=700%2C700&ssl=1&resize=350%2C200 1x, https:\/\/i0.wp.com\/desimper.es\/wp-content\/uploads\/2020\/07\/79.png?fit=700%2C700&ssl=1&resize=525%2C300 1.5x, https:\/\/i0.wp.com\/desimper.es\/wp-content\/uploads\/2020\/07\/79.png?fit=700%2C700&ssl=1&resize=700%2C400 2x"},"classes":[]},{"id":6228,"url":"https:\/\/desimper.es\/ca\/tienda\/piscinas\/cloro-granulado\/","url_meta":{"origin":748,"position":4},"title":"CLOR GRANULAT","author":"Laura Celis","date":"abril 11, 2024","format":false,"excerpt":"Compost org\u00e0nic de dissoluci\u00f3 r\u00e0pida, altament estabilitzat i amb un contingut del 60% en clor \u00fatil, per al tractament d'aigua en piscines.","rel":"","context":"Entrada similar","block_context":{"text":"Entrada similar","link":""},"img":{"alt_text":"","src":"https:\/\/i0.wp.com\/desimper.es\/wp-content\/uploads\/2024\/04\/CLORO-GRANULADO_1.png?fit=1200%2C1200&ssl=1&resize=350%2C200","width":350,"height":200,"srcset":"https:\/\/i0.wp.com\/desimper.es\/wp-content\/uploads\/2024\/04\/CLORO-GRANULADO_1.png?fit=1200%2C1200&ssl=1&resize=350%2C200 1x, https:\/\/i0.wp.com\/desimper.es\/wp-content\/uploads\/2024\/04\/CLORO-GRANULADO_1.png?fit=1200%2C1200&ssl=1&resize=525%2C300 1.5x, https:\/\/i0.wp.com\/desimper.es\/wp-content\/uploads\/2024\/04\/CLORO-GRANULADO_1.png?fit=1200%2C1200&ssl=1&resize=700%2C400 2x, https:\/\/i0.wp.com\/desimper.es\/wp-content\/uploads\/2024\/04\/CLORO-GRANULADO_1.png?fit=1200%2C1200&ssl=1&resize=1050%2C600 3x"},"classes":[]},{"id":4251,"url":"https:\/\/desimper.es\/ca\/tienda\/piscinas\/limpiajuntas\/","url_meta":{"origin":748,"position":5},"title":"NETEJAJUNTES 5L","author":"lauracelisb","date":"juliol 27, 2023","format":false,"excerpt":"Producte l\u00edquid fortament \u00e0cid i concentrat, usat per a eliminar taques d'\u00f2xid i cal\u00e7 en juntes i rajoles. Especial per a piscines i final d'obra.","rel":"","context":"Entrada similar","block_context":{"text":"Entrada similar","link":""},"img":{"alt_text":"","src":"https:\/\/i0.wp.com\/desimper.es\/wp-content\/uploads\/2023\/07\/69.png?fit=700%2C700&ssl=1&resize=350%2C200","width":350,"height":200,"srcset":"https:\/\/i0.wp.com\/desimper.es\/wp-content\/uploads\/2023\/07\/69.png?fit=700%2C700&ssl=1&resize=350%2C200 1x, https:\/\/i0.wp.com\/desimper.es\/wp-content\/uploads\/2023\/07\/69.png?fit=700%2C700&ssl=1&resize=525%2C300 1.5x, https:\/\/i0.wp.com\/desimper.es\/wp-content\/uploads\/2023\/07\/69.png?fit=700%2C700&ssl=1&resize=700%2C400 2x"},"classes":[]}],"jetpack_sharing_enabled":true,"_links":{"self":[{"href":"https:\/\/desimper.es\/ca\/wp-json\/wp\/v2\/product\/748","targetHints":{"allow":["GET"]}}],"collection":[{"href":"https:\/\/desimper.es\/ca\/wp-json\/wp\/v2\/product"}],"about":[{"href":"https:\/\/desimper.es\/ca\/wp-json\/wp\/v2\/types\/product"}],"replies":[{"embeddable":true,"href":"https:\/\/desimper.es\/ca\/wp-json\/wp\/v2\/comments?post=748"}],"version-history":[{"count":2,"href":"https:\/\/desimper.es\/ca\/wp-json\/wp\/v2\/product\/748\/revisions"}],"predecessor-version":[{"id":17338,"href":"https:\/\/desimper.es\/ca\/wp-json\/wp\/v2\/product\/748\/revisions\/17338"}],"wp:featuredmedia":[{"embeddable":true,"href":"https:\/\/desimper.es\/ca\/wp-json\/wp\/v2\/media\/70216"}],"wp:attachment":[{"href":"https:\/\/desimper.es\/ca\/wp-json\/wp\/v2\/media?parent=748"}],"wp:term":[{"taxonomy":"product_brand","embeddable":true,"href":"https:\/\/desimper.es\/ca\/wp-json\/wp\/v2\/product_brand?post=748"},{"taxonomy":"product_cat","embeddable":true,"href":"https:\/\/desimper.es\/ca\/wp-json\/wp\/v2\/product_cat?post=748"},{"taxonomy":"product_tag","embeddable":true,"href":"https:\/\/desimper.es\/ca\/wp-json\/wp\/v2\/product_tag?post=748"}],"curies":[{"name":"wp","href":"https:\/\/api.w.org\/{rel}","templated":true}]}}