{"id":752,"date":"2020-07-16T11:09:38","date_gmt":"2020-07-16T11:09:38","guid":{"rendered":"https:\/\/equipodesimper.com\/?post_type=product&#038;p=752"},"modified":"2026-02-05T15:00:54","modified_gmt":"2026-02-05T15:00:54","slug":"floculante","status":"publish","type":"product","link":"https:\/\/desimper.es\/ca\/tienda\/piscinas\/floculante\/","title":{"rendered":"FLOCULANT 5L"},"content":{"rendered":"<p>FORMA D'\u00daS<br \/>\nTractament i manteniment: Es pot realitzar per mitj\u00e0 d'una bomba dosificadora, injectant abans del filtre 0,5 ml de producte per cada m\u00b3 d'aigua circulant. Amb l'equip de filtraci\u00f3 parat i sense la pres\u00e8ncia dels banyistes en la piscina afegir 10 ml de producte per cada m\u00b3 d'aigua. Diluir amb aigua i repartir aquesta soluci\u00f3 sobre la superf\u00edcie de la piscina. Transcorregudes unes 8 hores es procedir\u00e0 a recollir i eliminar la capa de fl\u00f2culs dipositada en el fons de la piscina.<\/p>\n<p>D'acord amb el Reglament n \u00ba1272\/2008 (CLP), el producte no \u00e9s classificat com a perill\u00f3s.<\/p>\n<p><a href=\"https:\/\/desimper.es\/wp-content\/uploads\/2020\/07\/LI_PF0671_FLOCULANTE.pdf\">LI_PF0671_FLOCULANTE<\/a><\/p>","protected":false},"excerpt":{"rendered":"<p>Pol\u00edmer de nova concepci\u00f3, amb un gran poder floculant capa\u00e7 d'eliminar les part\u00edcules col\u00b7loidals que es troben en la piscina.<\/p>","protected":false},"featured_media":70231,"comment_status":"open","ping_status":"closed","template":"","meta":{"_crdt_document":"","_kad_post_transparent":"","_kad_post_title":"","_kad_post_layout":"","_kad_post_sidebar_id":"","_kad_post_content_style":"","_kad_post_vertical_padding":"","_kad_post_feature":"","_kad_post_feature_position":"","_kad_post_header":false,"_kad_post_footer":false,"_kad_post_classname":"","_joinchat":[]},"product_brand":[],"product_cat":[67],"product_tag":[54],"class_list":{"0":"post-752","1":"product","2":"type-product","3":"status-publish","4":"has-post-thumbnail","6":"product_cat-piscinas","7":"product_tag-garrafa-floculante-piscinas","9":"first","10":"instock","11":"taxable","12":"shipping-taxable","13":"purchasable","14":"product-type-simple","15":"entry","16":"content-bg","17":"loop-entry"},"jetpack-related-posts":[{"id":742,"url":"https:\/\/desimper.es\/ca\/tienda\/piscinas\/incrementador-ph\/","url_meta":{"origin":752,"position":0},"title":"INCREMENTADOR PH 5L","author":"Laura Celis","date":"juliol 16, 2020","format":false,"excerpt":"Compost granulat, per a ajustar el pH de l'aigua, quan aquest oscil\u00b7li entre 7,2 i 8,0. \u00c9s indispensable, per a un \u00f2ptim tractament de l'aigua i per a evitar les mol\u00e8sties que pot produir en la pell dels banyistes, un desequilibri del pH.","rel":"","context":"Entrada similar","block_context":{"text":"Entrada similar","link":""},"img":{"alt_text":"","src":"https:\/\/i0.wp.com\/desimper.es\/wp-content\/uploads\/2020\/07\/73.png?fit=700%2C700&ssl=1&resize=350%2C200","width":350,"height":200,"srcset":"https:\/\/i0.wp.com\/desimper.es\/wp-content\/uploads\/2020\/07\/73.png?fit=700%2C700&ssl=1&resize=350%2C200 1x, https:\/\/i0.wp.com\/desimper.es\/wp-content\/uploads\/2020\/07\/73.png?fit=700%2C700&ssl=1&resize=525%2C300 1.5x, https:\/\/i0.wp.com\/desimper.es\/wp-content\/uploads\/2020\/07\/73.png?fit=700%2C700&ssl=1&resize=700%2C400 2x"},"classes":[]},{"id":745,"url":"https:\/\/desimper.es\/ca\/tienda\/piscinas\/aminorador-ph\/","url_meta":{"origin":752,"position":1},"title":"MINORADOR PH 5L","author":"Laura Celis","date":"juliol 16, 2020","format":false,"excerpt":"Minorador de pH, utilitzar per a regular el pH de la piscina entre 7,2 i 8,0. \u00c9s indispensable, per a un \u00f2ptim tractament de l'aigua i per a evitar les mol\u00e8sties que pot produir en la pell dels banyistes, un desequilibri del pH.","rel":"","context":"Entrada similar","block_context":{"text":"Entrada similar","link":""},"img":{"alt_text":"","src":"https:\/\/i0.wp.com\/desimper.es\/wp-content\/uploads\/2020\/07\/75.png?fit=700%2C700&ssl=1&resize=350%2C200","width":350,"height":200,"srcset":"https:\/\/i0.wp.com\/desimper.es\/wp-content\/uploads\/2020\/07\/75.png?fit=700%2C700&ssl=1&resize=350%2C200 1x, https:\/\/i0.wp.com\/desimper.es\/wp-content\/uploads\/2020\/07\/75.png?fit=700%2C700&ssl=1&resize=525%2C300 1.5x, https:\/\/i0.wp.com\/desimper.es\/wp-content\/uploads\/2020\/07\/75.png?fit=700%2C700&ssl=1&resize=700%2C400 2x"},"classes":[]},{"id":748,"url":"https:\/\/desimper.es\/ca\/tienda\/piscinas\/algicida\/","url_meta":{"origin":752,"position":2},"title":"STOP ALGA PLUS","author":"Laura Celis","date":"juliol 16, 2020","format":false,"excerpt":"Poderoso algicida para el agua de las piscinas, complemento ideal para el tratamiento con cloro s\u00f3lido o l\u00edquido. Evita la formaci\u00f3n de algas y paredes de las piscinas manteniendo tanto las paredes como fondos, sin riesgo de resbalar. Mantiene el agua de la piscina perfectamente limpia y transparente. No ataca\u2026","rel":"","context":"Entrada similar","block_context":{"text":"Entrada similar","link":""},"img":{"alt_text":"","src":"https:\/\/i0.wp.com\/desimper.es\/wp-content\/uploads\/2020\/07\/STOP-ALGA-PLUS_.png?fit=1200%2C1200&ssl=1&resize=350%2C200","width":350,"height":200,"srcset":"https:\/\/i0.wp.com\/desimper.es\/wp-content\/uploads\/2020\/07\/STOP-ALGA-PLUS_.png?fit=1200%2C1200&ssl=1&resize=350%2C200 1x, https:\/\/i0.wp.com\/desimper.es\/wp-content\/uploads\/2020\/07\/STOP-ALGA-PLUS_.png?fit=1200%2C1200&ssl=1&resize=525%2C300 1.5x, https:\/\/i0.wp.com\/desimper.es\/wp-content\/uploads\/2020\/07\/STOP-ALGA-PLUS_.png?fit=1200%2C1200&ssl=1&resize=700%2C400 2x, https:\/\/i0.wp.com\/desimper.es\/wp-content\/uploads\/2020\/07\/STOP-ALGA-PLUS_.png?fit=1200%2C1200&ssl=1&resize=1050%2C600 3x"},"classes":[]},{"id":6216,"url":"https:\/\/desimper.es\/ca\/tienda\/piscinas\/cloro-en-tabletas\/","url_meta":{"origin":752,"position":3},"title":"CLOR EN TAULETES","author":"Laura Celis","date":"abril 11, 2024","format":false,"excerpt":"Nuestras tabletas de cloro de 200g, son una soluci\u00f3n completa para el mantenimiento y la desinfecci\u00f3n de piscinas. Con una potente f\u00f3rmula 5 en 1, ofrecen una limpieza integral y eficaz para mantener tu piscina en \u00f3ptimas condiciones.","rel":"","context":"Entrada similar","block_context":{"text":"Entrada similar","link":""},"img":{"alt_text":"Cloro en tabletas","src":"https:\/\/i0.wp.com\/desimper.es\/wp-content\/uploads\/2024\/04\/CLORO-TABLETA-5_1.png?fit=1200%2C1200&ssl=1&resize=350%2C200","width":350,"height":200,"srcset":"https:\/\/i0.wp.com\/desimper.es\/wp-content\/uploads\/2024\/04\/CLORO-TABLETA-5_1.png?fit=1200%2C1200&ssl=1&resize=350%2C200 1x, https:\/\/i0.wp.com\/desimper.es\/wp-content\/uploads\/2024\/04\/CLORO-TABLETA-5_1.png?fit=1200%2C1200&ssl=1&resize=525%2C300 1.5x, https:\/\/i0.wp.com\/desimper.es\/wp-content\/uploads\/2024\/04\/CLORO-TABLETA-5_1.png?fit=1200%2C1200&ssl=1&resize=700%2C400 2x, https:\/\/i0.wp.com\/desimper.es\/wp-content\/uploads\/2024\/04\/CLORO-TABLETA-5_1.png?fit=1200%2C1200&ssl=1&resize=1050%2C600 3x"},"classes":[]},{"id":4251,"url":"https:\/\/desimper.es\/ca\/tienda\/piscinas\/limpiajuntas\/","url_meta":{"origin":752,"position":4},"title":"NETEJAJUNTES 5L","author":"lauracelisb","date":"juliol 27, 2023","format":false,"excerpt":"Producte l\u00edquid fortament \u00e0cid i concentrat, usat per a eliminar taques d'\u00f2xid i cal\u00e7 en juntes i rajoles. Especial per a piscines i final d'obra.","rel":"","context":"Entrada similar","block_context":{"text":"Entrada similar","link":""},"img":{"alt_text":"","src":"https:\/\/i0.wp.com\/desimper.es\/wp-content\/uploads\/2023\/07\/69.png?fit=700%2C700&ssl=1&resize=350%2C200","width":350,"height":200,"srcset":"https:\/\/i0.wp.com\/desimper.es\/wp-content\/uploads\/2023\/07\/69.png?fit=700%2C700&ssl=1&resize=350%2C200 1x, https:\/\/i0.wp.com\/desimper.es\/wp-content\/uploads\/2023\/07\/69.png?fit=700%2C700&ssl=1&resize=525%2C300 1.5x, https:\/\/i0.wp.com\/desimper.es\/wp-content\/uploads\/2023\/07\/69.png?fit=700%2C700&ssl=1&resize=700%2C400 2x"},"classes":[]},{"id":755,"url":"https:\/\/desimper.es\/ca\/tienda\/piscinas\/limpiabordes2\/","url_meta":{"origin":752,"position":5},"title":"NETEJA VORES 5 L","author":"Laura Celis","date":"juliol 16, 2020","format":false,"excerpt":"Netejador especial per a l'eliminaci\u00f3 dels c\u00e8rcols de greixos i brut\u00edcia en les vores, parets i zones annexes a les piscines que ho requereixin.","rel":"","context":"Entrada similar","block_context":{"text":"Entrada similar","link":""},"img":{"alt_text":"","src":"https:\/\/i0.wp.com\/desimper.es\/wp-content\/uploads\/2020\/07\/71.png?fit=700%2C700&ssl=1&resize=350%2C200","width":350,"height":200,"srcset":"https:\/\/i0.wp.com\/desimper.es\/wp-content\/uploads\/2020\/07\/71.png?fit=700%2C700&ssl=1&resize=350%2C200 1x, https:\/\/i0.wp.com\/desimper.es\/wp-content\/uploads\/2020\/07\/71.png?fit=700%2C700&ssl=1&resize=525%2C300 1.5x, https:\/\/i0.wp.com\/desimper.es\/wp-content\/uploads\/2020\/07\/71.png?fit=700%2C700&ssl=1&resize=700%2C400 2x"},"classes":[]}],"jetpack_sharing_enabled":true,"_links":{"self":[{"href":"https:\/\/desimper.es\/ca\/wp-json\/wp\/v2\/product\/752","targetHints":{"allow":["GET"]}}],"collection":[{"href":"https:\/\/desimper.es\/ca\/wp-json\/wp\/v2\/product"}],"about":[{"href":"https:\/\/desimper.es\/ca\/wp-json\/wp\/v2\/types\/product"}],"replies":[{"embeddable":true,"href":"https:\/\/desimper.es\/ca\/wp-json\/wp\/v2\/comments?post=752"}],"version-history":[{"count":1,"href":"https:\/\/desimper.es\/ca\/wp-json\/wp\/v2\/product\/752\/revisions"}],"predecessor-version":[{"id":70233,"href":"https:\/\/desimper.es\/ca\/wp-json\/wp\/v2\/product\/752\/revisions\/70233"}],"wp:featuredmedia":[{"embeddable":true,"href":"https:\/\/desimper.es\/ca\/wp-json\/wp\/v2\/media\/70231"}],"wp:attachment":[{"href":"https:\/\/desimper.es\/ca\/wp-json\/wp\/v2\/media?parent=752"}],"wp:term":[{"taxonomy":"product_brand","embeddable":true,"href":"https:\/\/desimper.es\/ca\/wp-json\/wp\/v2\/product_brand?post=752"},{"taxonomy":"product_cat","embeddable":true,"href":"https:\/\/desimper.es\/ca\/wp-json\/wp\/v2\/product_cat?post=752"},{"taxonomy":"product_tag","embeddable":true,"href":"https:\/\/desimper.es\/ca\/wp-json\/wp\/v2\/product_tag?post=752"}],"curies":[{"name":"wp","href":"https:\/\/api.w.org\/{rel}","templated":true}]}}