{"id":755,"date":"2020-07-16T11:23:54","date_gmt":"2020-07-16T11:23:54","guid":{"rendered":"https:\/\/equipodesimper.com\/?post_type=product&#038;p=755"},"modified":"2026-02-05T13:48:04","modified_gmt":"2026-02-05T13:48:04","slug":"limpiabordes2","status":"publish","type":"product","link":"https:\/\/desimper.es\/ca\/tienda\/piscinas\/limpiabordes2\/","title":{"rendered":"NETEJA VORES 5 L"},"content":{"rendered":"<p>QUALITATS<br \/>\nElimina c\u00e8rcols de greixos i brut\u00edcia en vores i zones annexes a les piscines.<br \/>\nFORMA D'\u00daS<br \/>\nD'\u00daS PROFESSIONAL, aplicar el producte sense diluir en un drap o esponja, fregant les zones a netejar, en cas de brut\u00edcia persistent en superf\u00edcies pr\u00f2ximes al nivell d'escuma \u00e9s aconsellable fer descendir aquest nivell per a aconseguir una millor efic\u00e0cia del producte. En el cas que les incrustacions siguin d'origen calcari utilitzar el nostre desincrustant.<\/p>\n<p>La classificaci\u00f3 d'aquest producte s'ha realitzat conforme el Reglament n\u00ba1272\/2008 (CLP).<\/p>\n<p>Indicacions de perill:<br \/>\nSkin Corr. 1A: H314 \u2013 Provoca cremades greus en la pell i lesions oculars greus.<\/p>\n<p>Consells de prud\u00e8ncia:<br \/>\nP 260: No respirar la pols\/el fum\/el gas\/la boira\/els vapors\/l'aerosol P264: Rentar-se a consci\u00e8ncia despr\u00e9s de la manipulaci\u00f3 P280: Portar guants\/prenguis\/portes mala sort\/m\u00e0scara de protecci\u00f3 P301+P330+P331: EN CAS D'INGESTI\u00d3: Esbandir la boca. NO provocar el v\u00f2mit P304+P340: EN CAS D'INHALACI\u00d3: Transportar a la persona a l'aire lliure i mantenir-la en una posici\u00f3 que li faciliti la respiraci\u00f3 P305+P351+P338: EN CAS DE CONTACTE AMB ELS ULLS: Esbandir amb aigua acuradament durant diversos minuts. Llevar les lents de contacte quan siguin presents i pugui fer-se amb facilitat. Prosseguir amb la rentada P310: Cridar immediatament a un CENTRE DE TOXICOLOG\u013aA\/m\u00e8dic P501: Eliminar el contingut\/el recipient conforme a la legislaci\u00f3 vigent de tractament de residus (Llei 22\/2011).<\/p>\n<p><a href=\"https:\/\/desimper.es\/wp-content\/uploads\/2020\/07\/LI_PF0166_LIMPIABORDES.pdf\">LI_PF0166_LIMPIABORDES<\/a><\/p>","protected":false},"excerpt":{"rendered":"<p>Netejador especial per a l'eliminaci\u00f3 dels c\u00e8rcols de greixos i brut\u00edcia en les vores, parets i zones annexes a les piscines que ho requereixin.<\/p>","protected":false},"featured_media":70218,"comment_status":"open","ping_status":"closed","template":"","meta":{"_crdt_document":"","_kad_post_transparent":"","_kad_post_title":"","_kad_post_layout":"","_kad_post_sidebar_id":"","_kad_post_content_style":"","_kad_post_vertical_padding":"","_kad_post_feature":"","_kad_post_feature_position":"","_kad_post_header":false,"_kad_post_footer":false,"_kad_post_classname":"","_joinchat":[]},"product_brand":[],"product_cat":[67],"product_tag":[59],"class_list":{"0":"post-755","1":"product","2":"type-product","3":"status-publish","4":"has-post-thumbnail","6":"product_cat-piscinas","7":"product_tag-garrafa-limpiabordes-piscinas","9":"first","10":"instock","11":"taxable","12":"shipping-taxable","13":"purchasable","14":"product-type-simple","15":"entry","16":"content-bg","17":"loop-entry"},"jetpack-related-posts":[{"id":5964,"url":"https:\/\/desimper.es\/ca\/tienda\/superficies\/limpiador-multisuperficies\/","url_meta":{"origin":755,"position":0},"title":"NETEJADOR MULTISUPERF\u00cdCIES 1L\/Polvoritzador","author":"lauracelisb","date":"gener 12, 2024","format":false,"excerpt":"Producte multiusos, per a neteja de cristalls, miralls i tot tipus de superf\u00edcies rentables. Recomanat per a la neteja habitual de superf\u00edcies amb brut\u00edcia lleugera. Posseeix una gran capacitat acte assecant, a m\u00e9s d'una agradable aroma a maduixa.","rel":"","context":"Entrada similar","block_context":{"text":"Entrada similar","link":""},"img":{"alt_text":"","src":"https:\/\/i0.wp.com\/desimper.es\/wp-content\/uploads\/2024\/01\/limpiador-superficies-1L_2.png?fit=1200%2C1200&ssl=1&resize=350%2C200","width":350,"height":200,"srcset":"https:\/\/i0.wp.com\/desimper.es\/wp-content\/uploads\/2024\/01\/limpiador-superficies-1L_2.png?fit=1200%2C1200&ssl=1&resize=350%2C200 1x, https:\/\/i0.wp.com\/desimper.es\/wp-content\/uploads\/2024\/01\/limpiador-superficies-1L_2.png?fit=1200%2C1200&ssl=1&resize=525%2C300 1.5x, https:\/\/i0.wp.com\/desimper.es\/wp-content\/uploads\/2024\/01\/limpiador-superficies-1L_2.png?fit=1200%2C1200&ssl=1&resize=700%2C400 2x, https:\/\/i0.wp.com\/desimper.es\/wp-content\/uploads\/2024\/01\/limpiador-superficies-1L_2.png?fit=1200%2C1200&ssl=1&resize=1050%2C600 3x"},"classes":[]},{"id":575,"url":"https:\/\/desimper.es\/ca\/tienda\/cocina\/triple-desengrasante-desimper-2\/","url_meta":{"origin":755,"position":1},"title":"TRIPLE DESGREIXADOR DESIMPER 1L","author":"Laura Celis","date":"juliol 7, 2020","format":false,"excerpt":"Producto id\u00f3neo para la\u00a0limpieza de grasas, aceites requemados y suciedades persistentes. Su elevada concentraci\u00f3n y viscosidad permite que el producto se adhiera sobre la suciedad y el desengrase sea m\u00e1s efectivo. Permite uso en fr\u00edo,\u00a0saponificando de inmediato aceites y grasas animales y vegetales.","rel":"","context":"Amb 1 comentari","block_context":{"text":"Amb 1 comentari","link":"https:\/\/desimper.es\/ca\/tienda\/cocina\/triple-desengrasante-desimper-2\/#comments"},"img":{"alt_text":"Triple desengrasante Desimper","src":"https:\/\/i0.wp.com\/desimper.es\/wp-content\/uploads\/2020\/07\/94.png?fit=700%2C700&ssl=1&resize=350%2C200","width":350,"height":200,"srcset":"https:\/\/i0.wp.com\/desimper.es\/wp-content\/uploads\/2020\/07\/94.png?fit=700%2C700&ssl=1&resize=350%2C200 1x, https:\/\/i0.wp.com\/desimper.es\/wp-content\/uploads\/2020\/07\/94.png?fit=700%2C700&ssl=1&resize=525%2C300 1.5x, https:\/\/i0.wp.com\/desimper.es\/wp-content\/uploads\/2020\/07\/94.png?fit=700%2C700&ssl=1&resize=700%2C400 2x"},"classes":[]},{"id":2555,"url":"https:\/\/desimper.es\/ca\/tienda\/cocina\/triple-desengrasante-desimper-copia\/","url_meta":{"origin":755,"position":2},"title":"TRIPLE DESGREIXADOR DESIMPER 5L","author":"Laura Celis","date":"febrer 14, 2023","format":false,"excerpt":"Producto id\u00f3neo para la\u00a0limpieza de grasas, aceites requemados y suciedades persistentes. Su elevada concentraci\u00f3n y viscosidad permite que el producto se adhiera sobre la suciedad y el desengrase sea m\u00e1s efectivo. Permite uso en fr\u00edo,\u00a0saponificando de inmediato aceites y grasas animales y vegetales.","rel":"","context":"Entrada similar","block_context":{"text":"Entrada similar","link":""},"img":{"alt_text":"","src":"https:\/\/i0.wp.com\/desimper.es\/wp-content\/uploads\/2023\/02\/7.png?fit=700%2C700&ssl=1&resize=350%2C200","width":350,"height":200,"srcset":"https:\/\/i0.wp.com\/desimper.es\/wp-content\/uploads\/2023\/02\/7.png?fit=700%2C700&ssl=1&resize=350%2C200 1x, https:\/\/i0.wp.com\/desimper.es\/wp-content\/uploads\/2023\/02\/7.png?fit=700%2C700&ssl=1&resize=525%2C300 1.5x, https:\/\/i0.wp.com\/desimper.es\/wp-content\/uploads\/2023\/02\/7.png?fit=700%2C700&ssl=1&resize=700%2C400 2x"},"classes":[]},{"id":4249,"url":"https:\/\/desimper.es\/ca\/tienda\/bano\/antical\/","url_meta":{"origin":755,"position":3},"title":"ANTICAL\u00c7","author":"lauracelisb","date":"juliol 27, 2023","format":false,"excerpt":"Producto formulado para la limpieza y desincrustaci\u00f3n de los dep\u00f3sitos de cal m\u00e1s dif\u00edciles, restos de jab\u00f3n, manchas de \u00f3xido y muchas otras. Probar previamente en una peque\u00f1a zona no visible de la superficie a limpiar. Posteriormente pulverizar directamente, extender y dejar actuar durante un minuto. Aclarar abundantemente con agua.","rel":"","context":"Amb 1 comentari","block_context":{"text":"Amb 1 comentari","link":"https:\/\/desimper.es\/ca\/tienda\/bano\/antical\/#comments"},"img":{"alt_text":"","src":"https:\/\/i0.wp.com\/desimper.es\/wp-content\/uploads\/2023\/07\/32.png?fit=700%2C700&ssl=1&resize=350%2C200","width":350,"height":200,"srcset":"https:\/\/i0.wp.com\/desimper.es\/wp-content\/uploads\/2023\/07\/32.png?fit=700%2C700&ssl=1&resize=350%2C200 1x, https:\/\/i0.wp.com\/desimper.es\/wp-content\/uploads\/2023\/07\/32.png?fit=700%2C700&ssl=1&resize=525%2C300 1.5x, https:\/\/i0.wp.com\/desimper.es\/wp-content\/uploads\/2023\/07\/32.png?fit=700%2C700&ssl=1&resize=700%2C400 2x"},"classes":[]},{"id":586,"url":"https:\/\/desimper.es\/ca\/tienda\/bano\/antical-desimper\/","url_meta":{"origin":755,"position":4},"title":"ANTICAL\u00c7 DESIMPER 500ML","author":"Laura Celis","date":"juliol 7, 2020","format":false,"excerpt":"Producto formulado para la limpieza y desincrustaci\u00f3n de los dep\u00f3sitos de cal m\u00e1s dif\u00edciles, restos de jab\u00f3n, manchas de \u00f3xido y muchas otras. Probar previamente en una peque\u00f1a zona no visible de la superficie a limpiar. Posteriormente pulverizar directamente, extender y dejar actuar durante un minuto. Aclarar abundantemente con agua.","rel":"","context":"Entrada similar","block_context":{"text":"Entrada similar","link":""},"img":{"alt_text":"Antical Desimper","src":"https:\/\/i0.wp.com\/desimper.es\/wp-content\/uploads\/2020\/07\/9.png?fit=700%2C700&ssl=1&resize=350%2C200","width":350,"height":200,"srcset":"https:\/\/i0.wp.com\/desimper.es\/wp-content\/uploads\/2020\/07\/9.png?fit=700%2C700&ssl=1&resize=350%2C200 1x, https:\/\/i0.wp.com\/desimper.es\/wp-content\/uploads\/2020\/07\/9.png?fit=700%2C700&ssl=1&resize=525%2C300 1.5x, https:\/\/i0.wp.com\/desimper.es\/wp-content\/uploads\/2020\/07\/9.png?fit=700%2C700&ssl=1&resize=700%2C400 2x"},"classes":[]},{"id":4236,"url":"https:\/\/desimper.es\/ca\/tienda\/bano\/vinagre-de-limpieza-1l\/","url_meta":{"origin":755,"position":5},"title":"VINAGRE DE NETEJA 1L","author":"lauracelisb","date":"juliol 27, 2023","format":false,"excerpt":"Producto formulado para la limpieza y desincrustaci\u00f3n de cualquier superficie, de los dep\u00f3sitos de cal m\u00e1s dif\u00edciles, restos de jab\u00f3n, manchas de \u00f3xido y muchas otras. Antical con vinagre ECOL\u00d3GICO.","rel":"","context":"Entrada similar","block_context":{"text":"Entrada similar","link":""},"img":{"alt_text":"","src":"https:\/\/i0.wp.com\/desimper.es\/wp-content\/uploads\/2023\/07\/38.png?fit=700%2C700&ssl=1&resize=350%2C200","width":350,"height":200,"srcset":"https:\/\/i0.wp.com\/desimper.es\/wp-content\/uploads\/2023\/07\/38.png?fit=700%2C700&ssl=1&resize=350%2C200 1x, https:\/\/i0.wp.com\/desimper.es\/wp-content\/uploads\/2023\/07\/38.png?fit=700%2C700&ssl=1&resize=525%2C300 1.5x, https:\/\/i0.wp.com\/desimper.es\/wp-content\/uploads\/2023\/07\/38.png?fit=700%2C700&ssl=1&resize=700%2C400 2x"},"classes":[]}],"jetpack_sharing_enabled":true,"_links":{"self":[{"href":"https:\/\/desimper.es\/ca\/wp-json\/wp\/v2\/product\/755","targetHints":{"allow":["GET"]}}],"collection":[{"href":"https:\/\/desimper.es\/ca\/wp-json\/wp\/v2\/product"}],"about":[{"href":"https:\/\/desimper.es\/ca\/wp-json\/wp\/v2\/types\/product"}],"replies":[{"embeddable":true,"href":"https:\/\/desimper.es\/ca\/wp-json\/wp\/v2\/comments?post=755"}],"version-history":[{"count":1,"href":"https:\/\/desimper.es\/ca\/wp-json\/wp\/v2\/product\/755\/revisions"}],"predecessor-version":[{"id":70220,"href":"https:\/\/desimper.es\/ca\/wp-json\/wp\/v2\/product\/755\/revisions\/70220"}],"wp:featuredmedia":[{"embeddable":true,"href":"https:\/\/desimper.es\/ca\/wp-json\/wp\/v2\/media\/70218"}],"wp:attachment":[{"href":"https:\/\/desimper.es\/ca\/wp-json\/wp\/v2\/media?parent=755"}],"wp:term":[{"taxonomy":"product_brand","embeddable":true,"href":"https:\/\/desimper.es\/ca\/wp-json\/wp\/v2\/product_brand?post=755"},{"taxonomy":"product_cat","embeddable":true,"href":"https:\/\/desimper.es\/ca\/wp-json\/wp\/v2\/product_cat?post=755"},{"taxonomy":"product_tag","embeddable":true,"href":"https:\/\/desimper.es\/ca\/wp-json\/wp\/v2\/product_tag?post=755"}],"curies":[{"name":"wp","href":"https:\/\/api.w.org\/{rel}","templated":true}]}}